{"id":3484,"date":"2015-09-07T09:03:20","date_gmt":"2015-09-07T08:03:20","guid":{"rendered":"http:\/\/www.itkommando.hu\/site\/?page_id=3484"},"modified":"2021-07-30T16:48:46","modified_gmt":"2021-07-30T15:48:46","slug":"a-titkositasi-eljarasok-a-gyakorlatban","status":"publish","type":"page","link":"https:\/\/www.itkommando.hu\/site\/a-titkositasi-eljarasok-a-gyakorlatban\/","title":{"rendered":"A titkos\u00edt\u00e1si elj\u00e1r\u00e1sok biztons\u00e1ga a gyakorlatban"},"content":{"rendered":"<p>A titkos\u00edt\u00e1si elj\u00e1r\u00e1sok, technik\u00e1k (<a href=\"http:\/\/www.itkommando.hu\/site\/a_halozat_szolgalataban\/tanulmanyok\/a-tor-hasznalata-2\/\">TOR<\/a>, <a href=\"http:\/\/www.itkommando.hu\/site\/a_halozat_szolgalataban\/tanulmanyok\/hogyan-tegyuk-e-mailjeinket-hitelesse-es-bizalmassa-bevezeto\/\">e-mail titkos\u00edt\u00e1s<\/a>) ismertet\u00e9sekor mindig hozz\u00e1tessz\u00fck, hogy a hat\u00f3s\u00e1gok kij\u00e1tsz\u00e1s\u00e1ra nem aj\u00e1nljuk.<\/p>\n<p><tt>Ez nem egyszer\u0171 sz\u00f3lam !<a href=\"http:\/\/www.itkommando.hu\/site\/wp-content\/uploads\/lakat.jpg\"><img loading=\"lazy\" decoding=\"async\" class=\"alignright size-full wp-image-3447\" src=\"http:\/\/www.itkommando.hu\/site\/wp-content\/uploads\/lakat.jpg\" alt=\"Programok biztons\u00e1gos be\u00e1ll\u00edt\u00e1sa\" width=\"150\" height=\"150\" srcset=\"https:\/\/www.itkommando.hu\/site\/wp-content\/uploads\/lakat.jpg 150w, https:\/\/www.itkommando.hu\/site\/wp-content\/uploads\/lakat-100x100.jpg 100w\" sizes=\"auto, (max-width: 150px) 100vw, 150px\" \/><\/a><\/tt><\/p>\n<h3>Alapvet\u00e9sek<\/h3>\n<p>A korszer\u0171 titkos\u00edt\u00e1si elj\u00e1r\u00e1sokr\u00f3l olyanokat szoktak mondani, hogy a jelenlegi ismereteink szerint a naprendszer \u00e9lettartama alatt nem felt\u00f6rhet\u0151ek, vagy ehhez hasonl\u00f3, hangzatosan hossz\u00fa id\u0151ket emlegetnek.<\/p>\n<p>Ezek a sz\u00f3lamok tartalmaznak n\u00e9h\u00e1ny implicit felt\u00e9telez\u00e9st:<\/p>\n<ul>\n<li>Nem t\u00f6rt\u00e9nik a k\u00f6zeli j\u00f6v\u0151ben nagy matematikai \u00e1tt\u00f6r\u00e9s az oszthat\u00f3s\u00e1ggal kapcsolatban.<\/li>\n<li>Az informatik\u00e1ban nem k\u00f6vetkezik be ugr\u00e1sszer\u0171 \u00e1tt\u00f6r\u00e9s.<\/li>\n<li>A titkos\u00edt\u00e1si elj\u00e1r\u00e1s biztons\u00e1g\u00e1t bizony\u00edt\u00f3 bizony\u00edt\u00e1s korrekt.<\/li>\n<li>A megval\u00f3s\u00edt\u00e1s hib\u00e1tlans\u00e1ga<\/li>\n<li>A hum\u00e1n t\u00e9nyez\u0151<\/li>\n<\/ul>\n<h3>Matematikai \u00e1tt\u00f6r\u00e9s<\/h3>\n<p>A most \u00e1ltal\u00e1nosan haszn\u00e1lt titkos\u00edt\u00e1si elj\u00e1r\u00e1sok nagy r\u00e9sze azon az elven m\u0171k\u00f6dik, hogy nagy pr\u00edmsz\u00e1mokat sokkal (nagyon sokkal) k\u00f6nnyebb \u00f6sszeszorozni, mint a szorzatb\u00f3l meg\u00e1llap\u00edtani, mely sz\u00e1mok szorzata. A matematika mai \u00e1ll\u00e1sa szerint a\u00a012 709 189 sz\u00e1m pr\u00edmt\u00e9nyez\u0151re bont\u00e1sa legal\u00e1bb 499 pr\u00f3b\u00e1lkoz\u00e1st k\u00f6vetel. M\u00edg a szorz\u00e1s egy pillanat alatt elv\u00e9gezhet\u0151 volt 3559X3571 (a 499. \u00e9s 500. pr\u00edmsz\u00e1m). A titkos\u00edt\u00e1si elj\u00e1r\u00e1sok enn\u00e9l j\u00f3val nagyobb sz\u00e1mokat haszn\u00e1lnak.<\/p>\n<p>Ha a szorzatok pr\u00edmt\u00e9nyez\u0151kre bont\u00e1sa egyszer\u0171v\u00e9 v\u00e1lik, ezek a titkos\u00edt\u00e1si m\u00f3dszerek elavultt\u00e1 v\u00e1lnak.<\/p>\n<h2>Informatikai \u00e1tt\u00f6r\u00e9s<\/h2>\n<figure style=\"width: 160px\" class=\"wp-caption alignright\"><a href=\"https:\/\/upload.wikimedia.org\/wikipedia\/commons\/e\/ef\/Bundesarchiv_Bild_101I-241-2173-06%2C_Russland%2C_Verschl%C3%BCsselungsger%C3%A4t_Enigma.jpg\"><img loading=\"lazy\" decoding=\"async\" class=\"\" src=\"https:\/\/upload.wikimedia.org\/wikipedia\/commons\/thumb\/e\/ef\/Bundesarchiv_Bild_101I-241-2173-06%2C_Russland%2C_Verschl%C3%BCsselungsger%C3%A4t_Enigma.jpg\/160px-Bundesarchiv_Bild_101I-241-2173-06%2C_Russland%2C_Verschl%C3%BCsselungsger%C3%A4t_Enigma.jpg\" alt=\"Enigma a titkos\u00edt\u00e1s\" width=\"160\" height=\"240\" \/><\/a><figcaption class=\"wp-caption-text\">Enigma haszn\u00e1lat k\u00f6zben<br \/>A k\u00e9p forr\u00e1sa:<a href=\"https:\/\/commons.wikimedia.org\/wiki\/File:Bundesarchiv_Bild_101I-241-2173-06,_Russland,_Verschl%C3%BCsselungsger%C3%A4t_Enigma.jpg\">Wikip\u00e9dia<\/a><\/figcaption><\/figure>\n<p>A felt\u00f6r\u00e9shez sz\u00fcks\u00e9ges id\u0151t az informatikai eszk\u00f6z\u00f6k aktu\u00e1lis teljes\u00edtm\u00e9nye alapj\u00e1n becs\u00fclik.<\/p>\n<p>Ha a megl\u00e9v\u0151 (algoritmus alap\u00fa) sz\u00e1m\u00edt\u00f3g\u00e9pek teljes\u00edtm\u00e9nye ugr\u00e1sszer\u0171en megn\u0151, a titkos\u00edt\u00e1si elj\u00e1r\u00e1sok biztons\u00e1ga ezzel ar\u00e1nyban cs\u00f6kken.<\/p>\n<p>Most a kvantum alap\u00fa sz\u00e1m\u00edt\u00e1stechnika t\u00e9rh\u00f3d\u00edt\u00e1sa v\u00e1rhat\u00f3. K\u00eds\u00e9rleti \u00e9s demo k\u00e9sz\u00fcl\u00e9kek m\u00e1r l\u00e9teznek (P\u00e9ld\u00e1ul a D-wave).<\/p>\n<p>A II. Vil\u00e1gh\u00e1bor\u00fas k\u00f3dfejt\u0151k siker\u00e9nek az egyik titka az els\u0151 (r\u00e9szben) elektronikus sz\u00e1m\u00edt\u00f3g\u00e9pek (<a href=\"https:\/\/hu.wikipedia.org\/wiki\/Colossus_(sz%C3%A1m%C3%ADt%C3%B3g%C3%A9p)\">Colossus<\/a>) megjelen\u00e9se volt, amelyekkel az Enigma k\u00f3dokat hetek helyett \u00f3r\u00e1k alatt t\u00f6rt\u00e9k fel, ezzel rengeteg konvoj \u00fatj\u00e1t t\u00e9ve biztons\u00e1gosabb\u00e1.<\/p>\n<h3>A kiindul\u00e1si felt\u00e9telek korrekts\u00e9ge<\/h3>\n<p>A szabv\u00e1nyos titkos\u00edt\u00e1si elj\u00e1r\u00e1sok matematikai alapjait ugyan nyilv\u00e1noss\u00e1gra hozt\u00e1k, de nem lehet tudni, hogy n\u00e9h\u00e1ny fontos aspektust \u00a0mism\u00e1soltak el.<\/p>\n<p>Minden ilyen anal\u00edzis abb\u00f3l indul ki, hogy a t\u00e1mad\u00f3 semmit nem tud a k\u00fcld\u00f6tt \u00fczenet tartalm\u00e1r\u00f3l. Ha sok benne a sablonos formula (annak idej\u00e9n az OBERKOMMANDO, WERMACHT) ez m\u00e1r adhat t\u00e1mpontot a t\u00e1mad\u00f3nak.<\/p>\n<p>A bevezet\u0151ben eml\u00edtett elk\u00e9pzelhetetlen\u00fcl hossz\u00fa visszafejt\u00e9si id\u0151 az \u00fagynevezett titkos\u00edt\u00e1si primit\u00edvekre vonatkozik, amelyek csak n\u00e9h\u00e1ny bit terjedelemben titkos\u00edtanak (DES, 3DES:64 bit, AES:128 bit, ami 4 illetve 16 bet\u0171t jelent), ezt terjesztik ki k\u00fcl\u00f6nb\u00f6z\u0151 elj\u00e1r\u00e1sokkal \u00fagy, hogy tetsz\u0151legesen hossz\u00fa \u00fczenetet k\u00e9pesek legyenek kezelni. Ezek az elj\u00e1r\u00e1sok tov\u00e1bbi kisz\u00e1m\u00edthat\u00f3s\u00e1got visznek a rendszerbe, amik egy esetleges t\u00e1mad\u00f3t seg\u00edthetnek. Azonban amennyiben az alap elj\u00e1r\u00e1s megfelel\u0151 m\u00e9rt\u00e9kben biztons\u00e1gos, ez nem okoz probl\u00e9m\u00e1t.<\/p>\n<h3>A gondos megval\u00f3s\u00edt\u00e1s<\/h3>\n<p>A gyakorlati tapasztalat szerint nem l\u00e9tezik hib\u00e1tlan program. Emiatt kell a fontosabb programokhoz rendszeresen jav\u00edt\u00e1sokat kiadni, illetve ez\u00e9rt van alapja annak, amit a r\u00e9gi sz\u00e1m\u00edt\u00f3g\u00e9p haszn\u00e1l\u00f3k mondanak, hogy a DOS alatt m\u0171k\u00f6d\u0151 programok mennyire stabilan m\u0171k\u00f6dtek. Ennek az egyik oka az volt, hogy a DOS is \u00e9s az alatta fut\u00f3 programok is j\u00f3val kevesebb programsorb\u00f3l \u00e1lltak, mint a Windows (Linux, Unix), \u00edgy rem\u00e9lhet\u0151leg a hib\u00e1k sz\u00e1ma is alacsonyabb volt.<\/p>\n<p>Ezek a szab\u00e1lyok a titkos\u00edt\u00e1si elj\u00e1r\u00e1sokat haszn\u00e1l\u00f3 programokra is igazak. A programok is tartalmaznak hib\u00e1kat. Ezek a hib\u00e1k bizony az adataink biztons\u00e1g\u00e1t vesz\u00e9lyeztetik.<\/p>\n<p>Sajnos a z\u00e1rt forr\u00e1sk\u00f3d\u00fa rendszerek tervez\u00e9sekor gyakran nem veszik figyelembe a Shannon t\u00e9telt, mely szerint: &#8222;Az ellens\u00e9g ismeri a haszn\u00e1lt technol\u00f3gi\u00e1t.&#8221;. Ebb\u0151l ad\u00f3dik, hogy a rendszer biztons\u00e1g\u00e1t kiz\u00e1r\u00f3lag a titkos\u00edt\u00e1s kulcs\u00e1nak kell meghat\u00e1roznia. Ha a titkos\u00edt\u00e1si technol\u00f3gia ellens\u00e9ges megismer\u00e9se cs\u00f6kkenti az elj\u00e1r\u00e1s biztons\u00e1g\u00e1t (itt pontos\u00edtan\u00e9k: a biztons\u00e1gos szint al\u00e1 cs\u00f6kkenten\u00e9), akkor az az elj\u00e1r\u00e1s nem megfelel\u0151.<\/p>\n<h3>A hum\u00e1n t\u00e9nyez\u0151<\/h3>\n<p>Ha valamilyen \u00e9lethelyzetben titkos kommunik\u00e1ci\u00f3t haszn\u00e1lunk, akkor annak a val\u00f3s \u00e9letben is vannak k\u00f6vetkezm\u00e9nyei.<\/p>\n<p>P\u00e9ld\u00e1ul, ha egy titkos\u00edtott csatorn\u00e1n k\u00fcld\u00f6m \u00e1t a bev\u00e1s\u00e1rl\u00f3list\u00e1t, az a v\u00e1s\u00e1rl\u00e1s v\u00e9g\u00e9n kapott blokk alapj\u00e1n visszafejthet\u0151.<\/p>\n<p>Ha titkos csatorn\u00e1k haszn\u00e1lat\u00e1val valaki \u201enagy&#8221; eredm\u00e9nyt \u00e9r el, akkor el\u0151bb-ut\u00f3bb szinte biztos, hogy eldicsekszik vele vagy elsz\u00f3lja mag\u00e1t. A hat\u00f3s\u00e1goknak nem s\u00fcrg\u0151s, \u00e9veket tudnak v\u00e1rni egy-egy eset felder\u00edt\u00e9s\u00e9vel.<\/p>\n<p>Ne felejts\u00fck a titoktart\u00e1s alapszab\u00e1ly\u00e1t: Egy titok \u00fagy \u0151rizhet\u0151 meg, ha k\u00e9t ember ismeri \u00e9s legal\u00e1bb az egyik halott.<\/p>\n<h3>Kapcsol\u00f3d\u00f3 cikkek<\/h3>\n<ul>\n<li><a href=\"http:\/\/www.itkommando.hu\/site\/a_halozat_szolgalataban\/tanulmanyok\/a-tor-rejtett-szolgaltatasai\/\">A TOR rejtett szolg\u00e1tat\u00e1sai<\/a><\/li>\n<li><a href=\"http:\/\/www.itkommando.hu\/site\/a_halozat_szolgalataban\/tanulmanyok\/a-tor-halozat-biztonsaga\/\">A TOR rendszer biztons\u00e1ga<\/a><\/li>\n<li><a href=\"http:\/\/www.itkommando.hu\/site\/a_halozat_szolgalataban\/tanulmanyok\/a-tor-hasznalata\/\">A TOR rendszer r\u00f6vid ismertet\u00e9se<\/a><\/li>\n<\/ul>\n","protected":false},"excerpt":{"rendered":"<p>A titkos\u00edt\u00e1si elj\u00e1r\u00e1sok, technik\u00e1k (TOR, e-mail titkos\u00edt\u00e1s) ismertet\u00e9sekor mindig hozz\u00e1tessz\u00fck, hogy a hat\u00f3s\u00e1gok kij\u00e1tsz\u00e1s\u00e1ra nem aj\u00e1nljuk. Ez nem egyszer\u0171 sz\u00f3lam ! Alapvet\u00e9sek A korszer\u0171 titkos\u00edt\u00e1si elj\u00e1r\u00e1sokr\u00f3l olyanokat szoktak mondani, hogy&hellip;<a href=\"https:\/\/www.itkommando.hu\/site\/a-titkositasi-eljarasok-a-gyakorlatban\/\" class=\"more-link\"><span class=\"more-button\">Tov\u00e1bb a r\u00e9szletekre<span class=\"screen-reader-text\">A titkos\u00edt\u00e1si elj\u00e1r\u00e1sok biztons\u00e1ga a gyakorlatban<\/span><\/span><\/a><\/p>\n","protected":false},"author":1,"featured_media":3447,"parent":0,"menu_order":0,"comment_status":"closed","ping_status":"closed","template":"","meta":{"footnotes":""},"categories":[14,16,66],"tags":[],"class_list":["post-3484","page","type-page","status-publish","has-post-thumbnail","hentry","category-biztonsag","category-tanacsok","category-tor"],"aioseo_notices":[],"_links":{"self":[{"href":"https:\/\/www.itkommando.hu\/site\/wp-json\/wp\/v2\/pages\/3484","targetHints":{"allow":["GET"]}}],"collection":[{"href":"https:\/\/www.itkommando.hu\/site\/wp-json\/wp\/v2\/pages"}],"about":[{"href":"https:\/\/www.itkommando.hu\/site\/wp-json\/wp\/v2\/types\/page"}],"author":[{"embeddable":true,"href":"https:\/\/www.itkommando.hu\/site\/wp-json\/wp\/v2\/users\/1"}],"replies":[{"embeddable":true,"href":"https:\/\/www.itkommando.hu\/site\/wp-json\/wp\/v2\/comments?post=3484"}],"version-history":[{"count":12,"href":"https:\/\/www.itkommando.hu\/site\/wp-json\/wp\/v2\/pages\/3484\/revisions"}],"predecessor-version":[{"id":5685,"href":"https:\/\/www.itkommando.hu\/site\/wp-json\/wp\/v2\/pages\/3484\/revisions\/5685"}],"wp:featuredmedia":[{"embeddable":true,"href":"https:\/\/www.itkommando.hu\/site\/wp-json\/wp\/v2\/media\/3447"}],"wp:attachment":[{"href":"https:\/\/www.itkommando.hu\/site\/wp-json\/wp\/v2\/media?parent=3484"}],"wp:term":[{"taxonomy":"category","embeddable":true,"href":"https:\/\/www.itkommando.hu\/site\/wp-json\/wp\/v2\/categories?post=3484"},{"taxonomy":"post_tag","embeddable":true,"href":"https:\/\/www.itkommando.hu\/site\/wp-json\/wp\/v2\/tags?post=3484"}],"curies":[{"name":"wp","href":"https:\/\/api.w.org\/{rel}","templated":true}]}}