{"id":3516,"date":"2015-10-08T12:23:00","date_gmt":"2015-10-08T11:23:00","guid":{"rendered":"http:\/\/www.itkommando.hu\/site\/?page_id=3516"},"modified":"2021-07-15T07:40:27","modified_gmt":"2021-07-15T06:40:27","slug":"a-titkositasi-eljarasok-betiltasarol","status":"publish","type":"page","link":"https:\/\/www.itkommando.hu\/site\/leirasok\/a-titkositasi-eljarasok-betiltasarol\/","title":{"rendered":"A titkos\u00edt\u00e1si elj\u00e1r\u00e1sok betilt\u00e1s\u00e1r\u00f3l"},"content":{"rendered":"<p>Mostan\u00e1ban el\u0151fordult, hogy titkosszolg\u00e1lati vezet\u0151k\u00a0<sup><a href=\"#footnote_1_3516\" id=\"identifier_1_3516\" class=\"footnote-link footnote-identifier-link\" title=\"A Brit titkosszolg&aacute;lat (MI 5) vezet\u0151j&eacute;nek nyilatkozata  (angolul)\">1<\/a><\/sup> nyilatkozt\u00e1k, hogy a korszer\u0171 titkos\u00edt\u00e1si elj\u00e1r\u00e1sok seg\u00edtik a terrorist\u00e1kat.<\/p>\n<p><a href=\"http:\/\/www.itkommando.hu\/site\/wp-content\/uploads\/telefon_lehallgatas.jpg\"><img loading=\"lazy\" decoding=\"async\" class=\"alignright size-thumbnail wp-image-2111\" src=\"http:\/\/www.itkommando.hu\/site\/wp-content\/uploads\/telefon_lehallgatas-150x150.jpg\" alt=\"Piros telefon\" width=\"150\" height=\"150\" \/><\/a>Ezt az \u00e1ll\u00edt\u00e1st kezelj\u00fck a saj\u00e1t hely\u00e9n. Ennyi er\u0151vel a mos\u00f3port vagy a m\u0171tr\u00e1gy\u00e1t is betilthatn\u00e1k <sup><a href=\"#footnote_2_3516\" id=\"identifier_2_3516\" class=\"footnote-link footnote-identifier-link\" title=\"A terrorist&aacute;k\/gerill&aacute;k\/partiz&aacute;nok &aacute;ltal leggyakrabban haszn&aacute;lt robban&oacute;szer m\u0171tr&aacute;gya, g&aacute;zolaj &eacute;s mos&oacute;por kever&eacute;ke. (A pontos receptet nem r&eacute;szletezn&eacute;nk.)\">2<\/a><\/sup>. Az akkumul\u00e1torsav forgalmaz\u00e1s\u00e1t m\u00e1r korl\u00e1tozt\u00e1k a terrorizmusra hivatkozva.<\/p>\n<p>Ha a titkos\u00edt\u00e1si elj\u00e1r\u00e1sokat korl\u00e1tozz\u00e1k, akkor a titkos\u00edt\u00e1si elj\u00e1r\u00e1sok fejleszt\u00e9se a korl\u00e1toz\u00e1st nem alkalmaz\u00f3 \u00e1llamok ter\u00fclet\u00e9re tev\u0151dik \u00e1t, ez\u00e9rt a korl\u00e1toz\u00e1st alkalmaz\u00f3 \u00e1llamok lemarad\u00e1sba ker\u00fclnek. (Ez t\u00f6rt\u00e9nt, amikor az Egyes\u00fclt \u00e1llamok a PGP titkos\u00edt\u00e1si elj\u00e1r\u00e1st export tilalomal\u00e1 vonta. Az \u00f6nk\u00e9ntesek eur\u00f3pai szervereken folytatt\u00e1k a fejleszt\u00e9st.)<\/p>\n<p>A titkos\u00edt\u00e1si elj\u00e1r\u00e1sok biztons\u00e1g\u00e1t \u00e1ltal\u00e1ban csillag\u00e1szati sz\u00e1mokkal szokt\u00e1k megadni. \u201eEzzel az elj\u00e1r\u00e1ssal titkos\u00edtott dokumentumokat a Naprendszer v\u00e1rhat\u00f3 \u00e9lettartama alatt nem lehet felt\u00f6rni.&#8221;<\/p>\n<p>Ez az \u00e1ll\u00edt\u00e1s t\u00f6bb alapfelt\u00e9telez\u00e9st tartalmaz:<\/p>\n<ul>\n<li>A t\u00e1mad\u00f3nak nincs semmilyen inform\u00e1ci\u00f3ja az elk\u00fcld\u00f6tt \u00fczenetr\u0151l<\/li>\n<li>A k\u00f6rnyezet, amelyben az adott titkos\u00edt\u00e1si elj\u00e1r\u00e1st haszn\u00e1lj\u00e1k, teljes m\u00e9rt\u00e9kben hibamentes<\/li>\n<li>A haszn\u00e1lat m\u00f3dja megfelel az elv\u00e1r\u00e1soknak (nem tartalmaz sablonos r\u00e9szeket)<\/li>\n<\/ul>\n<p>Ezek a felt\u00e9telek nem mindig teljes\u00fclnek, ez\u00e9rt a visszafejt\u00e9shez sz\u00fcks\u00e9ges id\u0151 is az optim\u00e1lis t\u00f6red\u00e9ke (az\u00e9rt a gyakorlatban m\u00e9g \u00edgy is visszafejthetetlennek tekinthet\u0151 a legt\u00f6bb elj\u00e1r\u00e1s), ez\u00e9rt van sz\u00fcks\u00e9g ilyen er\u0151s algoritmusokra.<\/p>\n<p>Ha az elj\u00e1r\u00e1sokat korl\u00e1tozz\u00e1k, vajon egy b\u0171ncselekm\u00e9nyre vagy terrort\u00e1mad\u00e1sra k\u00e9sz\u00fcl\u0151 csoport pont a titkos\u00edt\u00e1si elj\u00e1r\u00e1sokat korl\u00e1toz\u00f3 rendeletekt\u0151l fog megijedni? Egy One Time Pad t\u00edpus\u00fa titkos\u00edt\u00e1st ak\u00e1r egy k\u00f6zepes programoz\u00f3 is l\u00e9tre tud hozni, \u00e9s az eredm\u00e9ny teljesen biztons\u00e1gos (perfectly secure), vagy ilyen a m\u00e1r az els\u0151 vil\u00e1gh\u00e1bor\u00fa el\u0151tt is haszn\u00e1lt \u201ek\u00f6nyv k\u00f3d&#8221; (amikor az adott bet\u0171 helyett azt adjuk meg, hogy egy el\u0151re megadott k\u00f6nyvben az adott bet\u0171 h\u00e1nyadik), amely a konkr\u00e9t k\u00f6nyv n\u00e9lk\u00fcl szint\u00e9n nem visszafejthet\u0151.<\/p>\n<p>A titkos\u00edt\u00e1si elj\u00e1r\u00e1sokat azonban a gazdas\u00e1gi \u00e9let sz\u00e1mtalan ter\u00fclet\u00e9n haszn\u00e1lj\u00e1k, ide \u00e9rtve a bankk\u00e1rtya tranzakci\u00f3kat, web\u00e1ruh\u00e1zakat, VPN \u00e9s egy\u00e9b c\u00e9ges kommunik\u00e1ci\u00f3kat, \u00e9s felsorolhatatlanul sok egy\u00e9b ter\u00fcletet. Ha ezeket korl\u00e1tozz\u00e1k, akkor ezek a szolg\u00e1ltat\u00e1sok elvesztik az \u00e9letk\u00e9pess\u00e9g\u00fcket.<\/p>\n<p>Ha a titkosszolg\u00e1latok megakad\u00e1lyozz\u00e1k, hogy a b\u0171n\u00f6z\u0151k szabv\u00e1nyos titkos\u00edt\u00e1si elj\u00e1r\u00e1sokat haszn\u00e1ljanak, akkor m\u00e9g mindig rendelkez\u00e9s\u00fckre \u00e1llnak az adatrejt\u00e9si elj\u00e1r\u00e1sok. Ebben az esetben a titkos \u00fczenetet egy ny\u00edlt \u00fczenetben rejtj\u00fck el. <a href=\"http:\/\/www.itkommando.hu\/site\/a_halozat_szolgalataban\/tanulmanyok\/a-titkositasi-eljarasokrol\/\" target=\"_blank\" rel=\"noopener\">A titkos\u00edt\u00e1si \u00e9s adatrejt\u00e9si alapokr\u00f3l<\/a> m\u00e1r van cikk\u00fcnk. Arr\u00f3l nem is besz\u00e9lve, hogy amennyiben a<\/p>\n<p><b>\u0150sz h\u00farja zsong,<br \/>\nJajong, busong<br \/>\nA t\u00e1jon<\/b><sup><a href=\"#footnote_3_3516\" id=\"identifier_3_3516\" class=\"footnote-link footnote-identifier-link\" title=\"A r&aacute;di&oacute;ban ennek az id&eacute;zetnek a beolvas&aacute;s&aacute;val &eacute;rtes&iacute;tett&eacute;k a francia ellen&aacute;ll&oacute;kat, hogy kezd\u0151dik a normandiai partrasz&aacute;ll&aacute;s\">3<\/a><\/sup><\/p>\n<p>id\u00e9zet elhangzik, vajon mi a teend\u0151?<\/p>\n<p>Bizony a b\u0171n\u00f6z\u0151k kit\u0171n\u0151en tudtak inform\u00e1ci\u00f3t cser\u00e9lni a ma korszer\u0171nek tekintett titkos\u00edt\u00e1si elj\u00e1r\u00e1sok elterjed\u00e9se el\u0151tt is. Egy-egy ablakba kitett vir\u00e1gcser\u00e9p, egy kalapemel\u00e9s <sup><a href=\"#footnote_4_3516\" id=\"identifier_4_3516\" class=\"footnote-link footnote-identifier-link\" title=\"A legend&aacute;k szerint Richard Sorge a kalapj&aacute;nak megfelel\u0151 pillanatban val&oacute; megemel&eacute;s&eacute;vel\/igaz&iacute;t&aacute;s&aacute;val jelezte, hogy a jap&aacute;n csapatok nem tervezik a Szovjetuni&oacute; megt&aacute;mad&aacute;s&aacute;t, a keleten lek&ouml;t&ouml;tt csapatok mehetnek Moszkva felment&eacute;s&eacute;re\">4<\/a><\/sup> a beavatottaknak eg\u00e9sz m\u00e1st jelenthet, mint a k\u00fcls\u0151 szeml\u00e9l\u0151knek.<\/p>\n<p>A v\u00e9lem\u00e9ny\u00fcnk szerint a titkos\u00edt\u00e1si elj\u00e1r\u00e1sok haszn\u00e1lat\u00e1t legk\u00e9s\u0151bb a k\u00f6z\u00e9piskol\u00e1ban tan\u00edtani k\u00e9ne, a korl\u00e1toz\u00e1s \u00e9s d\u00e9moniz\u00e1l\u00e1s helyett. Egy tininek milyen \u00f6r\u00f6m, ha a frissen megismert kedves\u00e9vel <a href=\"http:\/\/www.itkommando.hu\/site\/a_halozat_szolgalataban\/tanulmanyok\/hogyan-tegyuk-e-mailjeinket-hitelesse-es-bizalmassa-bevezeto\/\" target=\"_blank\" rel=\"noopener\">titkos\u00edtott e-maileket<\/a> tud v\u00e1ltani. Ezut\u00e1n m\u00e1r az is term\u00e9szetes lesz a sz\u00e1m\u00e1ra, hogy a bizalmas c\u00e9ges levelez\u00e9sek eset\u00e9n is megk\u00f6vetelje a titkos\u00edt\u00e1st, ezzel a c\u00e9g\u00e9t sok kellemetlens\u00e9gt\u0151l meg\u00f3vva.<\/p>\n<h3>Kapcsol\u00f3d\u00f3 cikkek<\/h3>\n<ul>\n<li><a href=\"http:\/\/www.itkommando.hu\/site\/a_halozat_szolgalataban\/tanulmanyok\/a-tor-rejtett-szolgaltatasai\/\">A TOR rejtett szolg\u00e1tat\u00e1sai<\/a><\/li>\n<li><a href=\"http:\/\/www.itkommando.hu\/site\/a_halozat_szolgalataban\/tanulmanyok\/a-tor-halozat-biztonsaga\/\">A TOR rendszer biztons\u00e1ga<\/a><\/li>\n<li><a href=\"http:\/\/www.itkommando.hu\/site\/a_halozat_szolgalataban\/tanulmanyok\/a-tor-hasznalata\/\">A TOR rendszer r\u00f6vid ismertet\u00e9se<\/a><\/li>\n<li><a href=\"http:\/\/www.itkommando.hu\/site\/a-titkositasi-eljarasok-a-gyakorlatban\/\">A titkos\u00edt\u00e1si elj\u00e1r\u00e1sok a gyakorlatban<\/a><\/li>\n<\/ul>\n<ol class=\"footnotes\"><li id=\"footnote_1_3516\" class=\"footnote\"><a href=\"http:\/\/www.bbc.com\/news\/uk-34276525\" target=\"_blank\" rel=\"noopener\">A Brit titkosszolg\u00e1lat (MI 5) vezet\u0151j\u00e9nek nyilatkozata <\/a> (angolul)<span class=\"footnote-back-link-wrapper\">[<a href=\"#identifier_1_3516\" class=\"footnote-link footnote-back-link\">&#8617;<\/a>]<\/span><\/li><li id=\"footnote_2_3516\" class=\"footnote\">A terrorist\u00e1k\/gerill\u00e1k\/partiz\u00e1nok \u00e1ltal leggyakrabban haszn\u00e1lt robban\u00f3szer m\u0171tr\u00e1gya, g\u00e1zolaj \u00e9s mos\u00f3por kever\u00e9ke. (A pontos receptet nem r\u00e9szletezn\u00e9nk.)<span class=\"footnote-back-link-wrapper\">[<a href=\"#identifier_2_3516\" class=\"footnote-link footnote-back-link\">&#8617;<\/a>]<\/span><\/li><li id=\"footnote_3_3516\" class=\"footnote\">A r\u00e1di\u00f3ban ennek az id\u00e9zetnek a beolvas\u00e1s\u00e1val \u00e9rtes\u00edtett\u00e9k a francia ellen\u00e1ll\u00f3kat, hogy kezd\u0151dik a normandiai partrasz\u00e1ll\u00e1s<span class=\"footnote-back-link-wrapper\">[<a href=\"#identifier_3_3516\" class=\"footnote-link footnote-back-link\">&#8617;<\/a>]<\/span><\/li><li id=\"footnote_4_3516\" class=\"footnote\">A legend\u00e1k szerint Richard Sorge a kalapj\u00e1nak megfelel\u0151 pillanatban val\u00f3 megemel\u00e9s\u00e9vel\/igaz\u00edt\u00e1s\u00e1val jelezte, hogy a jap\u00e1n csapatok nem tervezik a Szovjetuni\u00f3 megt\u00e1mad\u00e1s\u00e1t, a keleten lek\u00f6t\u00f6tt csapatok mehetnek Moszkva felment\u00e9s\u00e9re <span class=\"footnote-back-link-wrapper\">[<a href=\"#identifier_4_3516\" class=\"footnote-link footnote-back-link\">&#8617;<\/a>]<\/span><\/li><\/ol>","protected":false},"excerpt":{"rendered":"<p>Mostan\u00e1ban el\u0151fordult, hogy titkosszolg\u00e1lati vezet\u0151k\u00a01 nyilatkozt\u00e1k, hogy a korszer\u0171 titkos\u00edt\u00e1si elj\u00e1r\u00e1sok seg\u00edtik a terrorist\u00e1kat. Ezt az \u00e1ll\u00edt\u00e1st kezelj\u00fck a saj\u00e1t hely\u00e9n. Ennyi er\u0151vel a mos\u00f3port vagy a m\u0171tr\u00e1gy\u00e1t is betilthatn\u00e1k&hellip;<a href=\"https:\/\/www.itkommando.hu\/site\/leirasok\/a-titkositasi-eljarasok-betiltasarol\/\" class=\"more-link\"><span class=\"more-button\">Tov\u00e1bb a r\u00e9szletekre<span class=\"screen-reader-text\">A titkos\u00edt\u00e1si elj\u00e1r\u00e1sok betilt\u00e1s\u00e1r\u00f3l<\/span><\/span><\/a><\/p>\n","protected":false},"author":1,"featured_media":3447,"parent":2921,"menu_order":0,"comment_status":"closed","ping_status":"closed","template":"","meta":{"footnotes":""},"categories":[75,70,13,16,15],"tags":[],"class_list":["post-3516","page","type-page","status-publish","has-post-thumbnail","hentry","category-e-mail","category-internet","category-szoftver","category-tanacsok","category-uzembiztonsag"],"aioseo_notices":[],"_links":{"self":[{"href":"https:\/\/www.itkommando.hu\/site\/wp-json\/wp\/v2\/pages\/3516","targetHints":{"allow":["GET"]}}],"collection":[{"href":"https:\/\/www.itkommando.hu\/site\/wp-json\/wp\/v2\/pages"}],"about":[{"href":"https:\/\/www.itkommando.hu\/site\/wp-json\/wp\/v2\/types\/page"}],"author":[{"embeddable":true,"href":"https:\/\/www.itkommando.hu\/site\/wp-json\/wp\/v2\/users\/1"}],"replies":[{"embeddable":true,"href":"https:\/\/www.itkommando.hu\/site\/wp-json\/wp\/v2\/comments?post=3516"}],"version-history":[{"count":10,"href":"https:\/\/www.itkommando.hu\/site\/wp-json\/wp\/v2\/pages\/3516\/revisions"}],"predecessor-version":[{"id":5529,"href":"https:\/\/www.itkommando.hu\/site\/wp-json\/wp\/v2\/pages\/3516\/revisions\/5529"}],"up":[{"embeddable":true,"href":"https:\/\/www.itkommando.hu\/site\/wp-json\/wp\/v2\/pages\/2921"}],"wp:featuredmedia":[{"embeddable":true,"href":"https:\/\/www.itkommando.hu\/site\/wp-json\/wp\/v2\/media\/3447"}],"wp:attachment":[{"href":"https:\/\/www.itkommando.hu\/site\/wp-json\/wp\/v2\/media?parent=3516"}],"wp:term":[{"taxonomy":"category","embeddable":true,"href":"https:\/\/www.itkommando.hu\/site\/wp-json\/wp\/v2\/categories?post=3516"},{"taxonomy":"post_tag","embeddable":true,"href":"https:\/\/www.itkommando.hu\/site\/wp-json\/wp\/v2\/tags?post=3516"}],"curies":[{"name":"wp","href":"https:\/\/api.w.org\/{rel}","templated":true}]}}