{"id":3539,"date":"2015-10-25T16:58:05","date_gmt":"2015-10-25T15:58:05","guid":{"rendered":"http:\/\/www.itkommando.hu\/site\/?page_id=3539"},"modified":"2021-07-18T11:54:32","modified_gmt":"2021-07-18T10:54:32","slug":"a-levelszemet","status":"publish","type":"page","link":"https:\/\/www.itkommando.hu\/site\/a_halozat_szolgalataban\/tanulmanyok\/hogyan-tegyuk-e-mailjeinket-hitelesse-es-bizalmassa-bevezeto\/a-levelszemet\/","title":{"rendered":"A lev\u00e9lszem\u00e9t"},"content":{"rendered":"<p>Mivel az e-mail k\u00fcld\u00e9si k\u00f6lts\u00e9ge nagyon alacsony (szinte nulla) nagyon sok c\u00e9g marketing lehet\u0151s\u00e9get l\u00e1t a k\u00e9retlen levelek (spam) k\u00fcld\u00e9s\u00e9ben. Ennek a marketing strat\u00e9gi\u00e1nak az a l\u00e9nyege, hogy rengeteg e-mailt k\u00fcldenek ki, amelynek t\u00falnyom\u00f3 t\u00f6bbs\u00e9ge olvasatlanul ker\u00fcl t\u00f6rl\u00e9sre, de p\u00e1ran v\u00e1rhat\u00f3an v\u00e1s\u00e1rolni fognak (sokban hasonl\u00edt a postal\u00e1d\u00e1kba rakott akci\u00f3s sz\u00f3r\u00f3lapokhoz, azonban ann\u00e1l jelent\u0151sen olcs\u00f3bb).<\/p>\n<figure style=\"width: 253px\" class=\"wp-caption alignright\"><a href=\"https:\/\/upload.wikimedia.org\/wikipedia\/commons\/thumb\/8\/88\/No_Spam_Barnstar_Hires.png\/808px-No_Spam_Barnstar_Hires.png\"><img loading=\"lazy\" decoding=\"async\" src=\"https:\/\/upload.wikimedia.org\/wikipedia\/commons\/thumb\/8\/88\/No_Spam_Barnstar_Hires.png\/253px-No_Spam_Barnstar_Hires.png\" alt=\"No Spam logo\" width=\"253\" height=\"240\" \/><\/a><figcaption class=\"wp-caption-text\">A k\u00e9p forr\u00e1sa <a>Wikip\u00e9dia<\/a><\/figcaption><\/figure>\n<p>A m\u00f3dszer tal\u00e1lati ar\u00e1nya elk\u00e9pzelhetetlen\u00fcl alacsony, azonban mivel az e-mail k\u00fcld\u00e9se nagyon olcs\u00f3, m\u00e9g mindig gazdas\u00e1gos lehet. Hat\u00e1s\u00e1ra a hirdet\u0151 c\u00e9g meg\u00edt\u00e9l\u00e9se \u00e1ltal\u00e1ban nagym\u00e9rt\u00e9kben romlik.<\/p>\n<p>A fentiek miatt a tapasztalatok szerint az e-mail forgalom t\u00falnyom\u00f3 t\u00f6bbs\u00e9ge spam.<\/p>\n<p>Ha az ember az e-mail rendszer\u00e9t els\u0151sorban munk\u00e1ra haszn\u00e1lja, nem engedheti meg mag\u00e1nak, hogy a val\u00f3ban \u00e9rt\u00e9kes \u00fczeneteit a t\u00f6bbsz\u00f6r annyi spam k\u00f6z\u00fcl mazsol\u00e1zza ki.<\/p>\n<p>Ezekre a probl\u00e9m\u00e1kra adnak megold\u00e1st a k\u00fcl\u00f6nb\u00f6z\u0151 spamsz\u0171r\u0151 programok. Term\u00e9szetesen az MI6 Internet Gateway is tartalmaz <a href=\"http:\/\/www.itkommando.hu\/site\/leirasok\/az-mi6-internet-gateway\/\">spamsz\u0171r\u0151ket<\/a> is.<\/p>\n<p>T\u00f6bbf\u00e9le kereskedelmi \u00e9s ingyenes sz\u0171r\u0151program is l\u00e9tezik:<\/p>\n<p>Sajnos manaps\u00e1g a spam olyan m\u00e9reteket \u00f6lt\u00f6tt, hogy val\u00f3ban hat\u00e1sos spam sz\u0171r\u0151t csak a nagy e-mail szolg\u00e1ltat\u00f3k tudnak k\u00e9sz\u00edteni, akik nagyon nagy mint\u00e1n tudnak statisztikai elemz\u00e9st v\u00e9gezni. Ha valaki megpr\u00f3b\u00e1ln\u00e1 saj\u00e1t szab\u00e1lyait, vagy k\u00edv\u00e1ncsi a spam sz\u0171r\u00e9s rejtelmeire, vagy pontos\u00edtani szeretn\u00e9 a nagy szolg\u00e1ltat\u00f3k szolg\u00e1ltat\u00e1s\u00e1t, azoknak j\u00f3 sz\u00edvvel aj\u00e1nlunk n\u00e9h\u00e1ny megold\u00e1st.<\/p>\n<h3>SpamAssain<\/h3>\n<p>A <a href=\"https:\/\/spamassassin.apache.org\/\">SpamAssassin<\/a> &#8211; ami az APACHE programcsal\u00e1d tagja &#8211; egy Perl-ben \u00edrt ny\u00edlt forr\u00e1sk\u00f3d\u00fa spam filter, amelyhez b\u00e1rki k\u00e9sz\u00edthet saj\u00e1t szab\u00e1lyokat. Nagyon szabadon konfigur\u00e1lhat\u00f3, ami nagy el\u0151ny, de tapasztalatot ig\u00e9nyel. Egy\u00fcttm\u0171k\u00f6dik a k\u00fcl\u00f6nb\u00f6z\u0151 online e-mail feketelist\u00e1kkal (dnsrbl, pyzor, razor, DC stb).<\/p>\n<p>K\u00e9pes egy\u00fcttm\u0171k\u00f6dni a legt\u00f6bb e-mail szerverrel, illetve t\u00f6bb e-mail klienssel (p\u00e9ld\u00e1ul outlook).<\/p>\n<h3>ASSP<\/h3>\n<p>Az <a href=\"http:\/\/www.thockar.com\/assp-home\/\">ASSP<\/a> egy automatikus SMTP antispam proxy GNU open licenccel. K\u00e9pes kezelni saj\u00e1t szab\u00e1lyokat, online fekete \u00e9s feh\u00e9r list\u00e1kat kezelni, valamint rendelkezik antiv\u00edrus modullal.<\/p>\n<h3>dspam<\/h3>\n<p>A dspam szint\u00e9n ny\u00edlt forr\u00e1s\u00fa k\u00f6z\u00f6ss\u00e9gi spamsz\u0171r\u0151 szerver, amelyet sok munka\u00e1llom\u00e1sos rendszerekhez terveztek, manaps\u00e1g azonban m\u00e1r nem fejlesztik. K\u00e9pes a k\u00f6zponti szab\u00e1lyokon k\u00edv\u00fcl felhaszn\u00e1l\u00f3nk\u00e9nt val\u00f3 tanul\u00e1sra is. Mivel C-ben \u00edrt\u00e1k, sokkal nagyobb teljes\u00edtm\u00e9nyre k\u00e9pes, mint a PERL vagy Python nyelven \u00edrt alternat\u00edv\u00e1k. M\u0171k\u00f6dhet e-mail szerver r\u00e9szek\u00e9nt, vagy \u00f6n\u00e1ll\u00f3 SMTP relayk\u00e9nt.<\/p>\n<p>Term\u00e9szetesen a lista nem teljes. Ig\u00e9ny eset\u00e9n b\u0151v\u00edtj\u00fck. A legt\u00f6bb v\u00edrusirt\u00f3 c\u00e9g illetve n\u00e9h\u00e1ny erre szakosodott v\u00e1llalat is ny\u00fajt kereskedelmi megold\u00e1sokat a probl\u00e9m\u00e1ra.<\/p>\n","protected":false},"excerpt":{"rendered":"<p>Mivel az e-mail k\u00fcld\u00e9si k\u00f6lts\u00e9ge nagyon alacsony (szinte nulla) nagyon sok c\u00e9g marketing lehet\u0151s\u00e9get l\u00e1t a k\u00e9retlen levelek (spam) k\u00fcld\u00e9s\u00e9ben. Ennek a marketing strat\u00e9gi\u00e1nak az a l\u00e9nyege, hogy rengeteg e-mailt&hellip;<a href=\"https:\/\/www.itkommando.hu\/site\/a_halozat_szolgalataban\/tanulmanyok\/hogyan-tegyuk-e-mailjeinket-hitelesse-es-bizalmassa-bevezeto\/a-levelszemet\/\" class=\"more-link\"><span class=\"more-button\">Tov\u00e1bb a r\u00e9szletekre<span class=\"screen-reader-text\">A lev\u00e9lszem\u00e9t<\/span><\/span><\/a><\/p>\n","protected":false},"author":1,"featured_media":985,"parent":2021,"menu_order":0,"comment_status":"closed","ping_status":"closed","template":"","meta":{"footnotes":""},"categories":[75,70,9,13,16],"tags":[],"class_list":["post-3539","page","type-page","status-publish","has-post-thumbnail","hentry","category-e-mail","category-internet","category-szerver","category-szoftver","category-tanacsok"],"aioseo_notices":[],"_links":{"self":[{"href":"https:\/\/www.itkommando.hu\/site\/wp-json\/wp\/v2\/pages\/3539","targetHints":{"allow":["GET"]}}],"collection":[{"href":"https:\/\/www.itkommando.hu\/site\/wp-json\/wp\/v2\/pages"}],"about":[{"href":"https:\/\/www.itkommando.hu\/site\/wp-json\/wp\/v2\/types\/page"}],"author":[{"embeddable":true,"href":"https:\/\/www.itkommando.hu\/site\/wp-json\/wp\/v2\/users\/1"}],"replies":[{"embeddable":true,"href":"https:\/\/www.itkommando.hu\/site\/wp-json\/wp\/v2\/comments?post=3539"}],"version-history":[{"count":6,"href":"https:\/\/www.itkommando.hu\/site\/wp-json\/wp\/v2\/pages\/3539\/revisions"}],"predecessor-version":[{"id":5638,"href":"https:\/\/www.itkommando.hu\/site\/wp-json\/wp\/v2\/pages\/3539\/revisions\/5638"}],"up":[{"embeddable":true,"href":"https:\/\/www.itkommando.hu\/site\/wp-json\/wp\/v2\/pages\/2021"}],"wp:featuredmedia":[{"embeddable":true,"href":"https:\/\/www.itkommando.hu\/site\/wp-json\/wp\/v2\/media\/985"}],"wp:attachment":[{"href":"https:\/\/www.itkommando.hu\/site\/wp-json\/wp\/v2\/media?parent=3539"}],"wp:term":[{"taxonomy":"category","embeddable":true,"href":"https:\/\/www.itkommando.hu\/site\/wp-json\/wp\/v2\/categories?post=3539"},{"taxonomy":"post_tag","embeddable":true,"href":"https:\/\/www.itkommando.hu\/site\/wp-json\/wp\/v2\/tags?post=3539"}],"curies":[{"name":"wp","href":"https:\/\/api.w.org\/{rel}","templated":true}]}}