{"id":3587,"date":"2015-12-07T10:29:11","date_gmt":"2015-12-07T09:29:11","guid":{"rendered":"http:\/\/www.itkommando.hu\/site\/?page_id=3587"},"modified":"2021-07-15T09:59:58","modified_gmt":"2021-07-15T08:59:58","slug":"kell-e-felni-a-linux-tol","status":"publish","type":"page","link":"https:\/\/www.itkommando.hu\/site\/leirasok\/kell-e-felni-a-linux-tol\/","title":{"rendered":"Kell-e f\u00e9lni a Linux-t\u00f3l?"},"content":{"rendered":"<p>A Windows 10 adatv\u00e9delmi politik\u00e1ja <sup><a href=\"#footnote_1_3587\" id=\"identifier_1_3587\" class=\"footnote-link footnote-identifier-link\" title=\"Az Index cikke a Windows 10 adatv&eacute;delmi be&aacute;ll&iacute;t&aacute;sair&oacute;l\">1<\/a><\/sup> nagyon messze van a c\u00e9ges k\u00f6rnyezetben elv\u00e1rhat\u00f3t\u00f3l. A Linux vagy a BSD esetleg APPLE sz\u00e1m\u00edt\u00f3g\u00e9p j\u00f3 alternat\u00edva lehet.<\/p>\n<figure style=\"width: 200px\" class=\"wp-caption alignright\"><a href=\"https:\/\/upload.wikimedia.org\/wikipedia\/commons\/b\/b0\/NewTux.svg\"><img loading=\"lazy\" decoding=\"async\" class=\"\" src=\"https:\/\/upload.wikimedia.org\/wikipedia\/commons\/thumb\/b\/b0\/NewTux.svg\/200px-NewTux.svg.png\" alt=\"A Linux irodai k\u00f6rnyezetben is lehet j\u00f3 v\u00e1laszt\u00e1s\" width=\"200\" height=\"240\" \/><\/a><figcaption class=\"wp-caption-text\">A k\u00e9p forr\u00e1sa: <a href=\"https:\/\/commons.wikimedia.org\/wiki\/File:NewTux.svg\"> Wikip\u00e9dia<\/a><\/figcaption><\/figure>\n<p>Sajnos egyik esetben sem \u00e1ll fent a teljes kompatibilit\u00e1s, azonban a legt\u00f6bb esetben az \u00e1t\u00e1ll\u00e1s biztons\u00e1gosan megtehet\u0151. Ezt demonstr\u00e1lja, hogy az \u00e1llamigazgat\u00e1s egyes r\u00e9szien is folyamatban van az \u00e1t\u00e1ll\u00e1s.<\/p>\n<p>A Linux a Windows 10-hez hasonl\u00f3an ingyenesen haszn\u00e1lhat\u00f3 oper\u00e1ci\u00f3s rendszer, azonban a bevezet\u00e9s k\u00f6lts\u00e9gei Windows 10 \u00e9s Linux eset\u00e9n sem elhanyagolhat\u00f3ak.<\/p>\n<p>A Linux haszn\u00e1lata eset\u00e9n a Windows alatt megszokott programok haszn\u00e1lata korl\u00e1tozott. A lehet\u0151s\u00e9gek a k\u00f6vetkez\u0151ek:<\/p>\n<ul>\n<li>Van Linux alatt futtathat\u00f3 verzi\u00f3ja?<\/li>\n<li>Alternat\u00edv\u00e1ja?<\/li>\n<li>Wine emul\u00e1tor seg\u00edts\u00e9g\u00e9vel futtathat\u00f3-e?<\/li>\n<\/ul>\n<p>A legegyszer\u0171bb eset, amikor az adott programnak van Linux alatt futtathat\u00f3 alternat\u00edv\u00e1ja, vagy maga a program futtathat\u00f3 Linux alatt. Ilyen a GIMP vagy az \u00c1NYK (igen a NAV bevall\u00f3 programja).<\/p>\n<p>Ha van alternat\u00edv\u00e1ja, n\u00e9mi megalkuv\u00e1ssal az \u00e1t\u00e1ll\u00e1s megoldhat\u00f3. Ilyen a Microsoft Office helyett a LibreOffice vagy az OpenOffice.Org. Az Adobe Photoshop helyett a GIMP.<\/p>\n<p>Sok program futtathat\u00f3 a Wine nev\u0171 Windows emul\u00e1ci\u00f3 alatt. A programok licenc meg\u00e1llapod\u00e1sa \u00e9rv\u00e9nyes Wine alatt is, azonban a legt\u00f6bb programhoz Wine alatt csak korl\u00e1tozott t\u00e1mogat\u00e1s j\u00e1r, ennek ellen\u00e9re a fizet\u0151s programok \u00e1r\u00e1t ki kell fizetni. Wine alatt j\u00f3l fut a Microsoft Office, TotalCommander, TeamViewer (a honlapr\u00f3l let\u00f6lt\u00f6tt linuxos verzi\u00f3 Wine alatt fut), \u00e9s rengeteg <a href=\"https:\/\/appdb.winehq.org\/objectManager.php?bIsQueue=false&amp;bIsRejected=false&amp;sClass=application&amp;sTitle=Browse+Applications&amp;iItemsPerPage=25&amp;iPage=1&amp;sOrderBy=appName&amp;bAscending=true\" target=\"_blank\" rel=\"noopener\">egy\u00e9b program<\/a>.<\/p>\n<p>A legnagyobb kih\u00edv\u00e1st gyakran az \u00fcgyviteli programok jelentik. Ezek egy r\u00e9sze elfut Wine alatt, m\u00e1sik r\u00e9sz\u00fck portolhat\u00f3 Linuxra. Az egyik kedves \u00fcgyfel\u00fcnk rakt\u00e1rkezel\u0151 programj\u00e1t hozz\u00e1vet\u0151leg egy \u00f3r\u00e1s munk\u00e1val portoltuk Linuxra.<\/p>\n<p>Ha az \u00e1tt\u00e9r\u00e9s sz\u00f3ba ker\u00fcl, a teend\u0151k a k\u00f6vetkez\u0151k:<\/p>\n<p>K\u00e9sz\u00edts\u00fcnk list\u00e1t a sz\u00fcks\u00e9ges programokr\u00f3l<\/p>\n<ul>\n<li>Vizsg\u00e1ljuk meg, mely programoknak van Linuxos verzi\u00f3ja<\/li>\n<li>Vizsg\u00e1ljuk meg, vannak-alternat\u00edv\u00e1i Linux alatt<\/li>\n<li>Vizsg\u00e1ljuk meg elfut-e Wine alatt<\/li>\n<\/ul>\n<p>\u00c9rtelemszer\u0171en a legjobb az els\u0151 verzi\u00f3, amikor Linux alatt ugyanazt a programot haszn\u00e1lhatjuk, amit megszoktunk.<\/p>\n<p>A legt\u00f6bb programnak l\u00e9tezik alternat\u00edv\u00e1ja, ami Linux alatt ingyenesen haszn\u00e1lhat\u00f3. Ez \u00e1ltal\u00e1ban betan\u00edt\u00e1st, \u00faj megszok\u00e1sokat ig\u00e9nyel.<\/p>\n<p>A programok Wine alatti haszn\u00e1lata szint\u00e9n j\u00f3 v\u00e1laszt\u00e1s lehet, egy emul\u00e1ci\u00f3 megb\u00edzhat\u00f3s\u00e1ga azonban mindig kisebb, mintha nat\u00edv m\u00f3don futtatn\u00e1nk a programot, sok esetben ez azonban nem \u00e9rz\u00e9kelhet\u0151 (a Wine oldalon a Platinum \u00e9s Gold kateg\u00f3ria).<\/p>\n<p>N\u00e9ha meg lehet alkudni, hogy a gy\u00e1rt\u00f3 az adott programot portolja Linux al\u00e1.<\/p>\n<p>A korszer\u0171 Linuxok kezel\u0151fel\u00fclete nagyon hasonl\u00edt a Windowsra, sok esetben ak\u00e1r azonos kin\u00e9zet is el\u00e9rhet\u0151, ez azonban jogi probl\u00e9m\u00e1kat vet fel (a Microsoft rendszeresen fenyegeti perrel a Windows-al azonos kin\u00e9zet\u0171 ablakkezel\u0151ket), azonban nem biztos, hogy az azonos kin\u00e9zet a helyes strat\u00e9gia, a Linux megjelen\u00edt\u00e9si lehet\u0151s\u00e9gei jelent\u0151sen rugalmasabbak, mint a konkurens term\u00e9k\u00e9. Ezt ki lehet haszn\u00e1lni az adott feladatra optimaliz\u00e1lt munkak\u00f6rnyezet kialak\u00edt\u00e1s\u00e1ra.<\/p>\n<h3>Hasonl\u00f3 cikkek<\/h3>\n<ul>\n<li><a href=\"http:\/\/www.itkommando.hu\/site\/a_halozat_szolgalataban\/tanulmanyok\/szamitogep-vasarlasa\/\">Sz\u00e1m\u00edt\u00f3g\u00e9p v\u00e1s\u00e1rl\u00e1sa<\/a><\/li>\n<li><a href=\"http:\/\/www.itkommando.hu\/site\/a_halozat_szolgalataban\/tanulmanyok\/szoftver-valasztasa\/\">Szoftver v\u00e1laszt\u00e1sa<\/a><\/li>\n<\/ul>\n<ol class=\"footnotes\"><li id=\"footnote_1_3587\" class=\"footnote\"><a href=\"http:\/\/index.hu\/tech\/2015\/11\/03\/a_microsoft_megerositette_kikapcsolhatatlan_a_windows_10_kemkedese\/?token=b8a807d387c034f75840317c15bdddce\" target=\"_blank\" rel=\"noopener\">Az Index cikke a <\/a>Windows 10 adatv\u00e9delmi be\u00e1ll\u00edt\u00e1sair\u00f3l<span class=\"footnote-back-link-wrapper\">[<a href=\"#identifier_1_3587\" class=\"footnote-link footnote-back-link\">&#8617;<\/a>]<\/span><\/li><\/ol>","protected":false},"excerpt":{"rendered":"<p>A Windows 10 adatv\u00e9delmi politik\u00e1ja 1 nagyon messze van a c\u00e9ges k\u00f6rnyezetben elv\u00e1rhat\u00f3t\u00f3l. A Linux vagy a BSD esetleg APPLE sz\u00e1m\u00edt\u00f3g\u00e9p j\u00f3 alternat\u00edva lehet. Sajnos egyik esetben sem \u00e1ll fent&hellip;<a href=\"https:\/\/www.itkommando.hu\/site\/leirasok\/kell-e-felni-a-linux-tol\/\" class=\"more-link\"><span class=\"more-button\">Tov\u00e1bb a r\u00e9szletekre<span class=\"screen-reader-text\">Kell-e f\u00e9lni a Linux-t\u00f3l?<\/span><\/span><\/a><\/p>\n","protected":false},"author":1,"featured_media":3172,"parent":2921,"menu_order":0,"comment_status":"closed","ping_status":"closed","template":"","meta":{"footnotes":""},"categories":[11,13,16],"tags":[],"class_list":["post-3587","page","type-page","status-publish","has-post-thumbnail","hentry","category-munkaallomas","category-szoftver","category-tanacsok"],"aioseo_notices":[],"_links":{"self":[{"href":"https:\/\/www.itkommando.hu\/site\/wp-json\/wp\/v2\/pages\/3587","targetHints":{"allow":["GET"]}}],"collection":[{"href":"https:\/\/www.itkommando.hu\/site\/wp-json\/wp\/v2\/pages"}],"about":[{"href":"https:\/\/www.itkommando.hu\/site\/wp-json\/wp\/v2\/types\/page"}],"author":[{"embeddable":true,"href":"https:\/\/www.itkommando.hu\/site\/wp-json\/wp\/v2\/users\/1"}],"replies":[{"embeddable":true,"href":"https:\/\/www.itkommando.hu\/site\/wp-json\/wp\/v2\/comments?post=3587"}],"version-history":[{"count":7,"href":"https:\/\/www.itkommando.hu\/site\/wp-json\/wp\/v2\/pages\/3587\/revisions"}],"predecessor-version":[{"id":5568,"href":"https:\/\/www.itkommando.hu\/site\/wp-json\/wp\/v2\/pages\/3587\/revisions\/5568"}],"up":[{"embeddable":true,"href":"https:\/\/www.itkommando.hu\/site\/wp-json\/wp\/v2\/pages\/2921"}],"wp:featuredmedia":[{"embeddable":true,"href":"https:\/\/www.itkommando.hu\/site\/wp-json\/wp\/v2\/media\/3172"}],"wp:attachment":[{"href":"https:\/\/www.itkommando.hu\/site\/wp-json\/wp\/v2\/media?parent=3587"}],"wp:term":[{"taxonomy":"category","embeddable":true,"href":"https:\/\/www.itkommando.hu\/site\/wp-json\/wp\/v2\/categories?post=3587"},{"taxonomy":"post_tag","embeddable":true,"href":"https:\/\/www.itkommando.hu\/site\/wp-json\/wp\/v2\/tags?post=3587"}],"curies":[{"name":"wp","href":"https:\/\/api.w.org\/{rel}","templated":true}]}}