{"id":3596,"date":"2015-12-14T13:43:03","date_gmt":"2015-12-14T12:43:03","guid":{"rendered":"http:\/\/www.itkommando.hu\/site\/?page_id=3596"},"modified":"2021-07-15T10:48:55","modified_gmt":"2021-07-15T09:48:55","slug":"mergezik-a-kutyakat","status":"publish","type":"page","link":"https:\/\/www.itkommando.hu\/site\/mergezik-a-kutyakat\/","title":{"rendered":"M\u00e9rgezik a kuty\u00e1kat"},"content":{"rendered":"<p>(val\u00f3sz\u00edn\u0171leg nem csak) A k\u00f6rny\u00e9k\u00fcnk\u00f6n m\u00e9rgezik a kuty\u00e1kat. Ennek t\u00f6bb oka lehet, a leg\u00e1ltal\u00e1nosabb az, hogy be akarnak valahova t\u00f6rni.<\/p>\n<p>Ha a kutya rosszul van, m\u00e1r csak az \u00e1llatorvosban b\u00edzhatunk. Sokkal jobb a bajt megel\u0151zni.<\/p>\n<p>A most bemutat\u00e1sra ker\u00fcl\u0151 k\u00e9pek fikt\u00edvek, c\u00e9lunk a tudatosinternethaszn\u00e1lat egy szelet\u00e9nek bemutat\u00e1sa.<\/p>\n<figure style=\"width: 203px\" class=\"wp-caption alignright\"><a href=\"https:\/\/pixabay.com\/static\/uploads\/photo\/2015\/01\/07\/15\/52\/family-591581_960_720.jpg\"><img loading=\"lazy\" decoding=\"async\" class=\"\" src=\"https:\/\/pixabay.com\/static\/uploads\/photo\/2015\/01\/07\/15\/52\/family-591581_960_720.jpg\" alt=\"Egy vesz\u00e9lyes k\u00e9p\" width=\"203\" height=\"135\" \/><\/a><figcaption class=\"wp-caption-text\">Tegnap innen n\u00e9zt\u00fck a naplement\u00e9t<\/figcaption><\/figure>\n<p>Az 1. \u00e1bra, mint Facebook-bejegyz\u00e9s a le\u00edrtakon t\u00fal a hozz\u00e1\u00e9rt\u0151knek azt is elmondja, hogy nem vagyunk otthon. Lehet bet\u00f6rni. Mivel valami dr\u00e1ga helyen k\u00e9sz\u00fclt, val\u00f3sz\u00edn\u0171 \u00e9rdemes is. Az, hogy egy k\u00e9pet priv\u00e1tnak jel\u00f6l\u00fcnk valami fel\u00fcleten, m\u00e9g nem jelenti azt, hogy minim\u00e1lis hozz\u00e1\u00e9rt\u00e9ssel vagy szerencs\u00e9vel nem lehet hozz\u00e1f\u00e9rni.<\/p>\n<p>Ilyen esetben a helyes elj\u00e1r\u00e1s (ha m\u00e1r mindenk\u00e9ppen az interneten szeretn\u00e9nk az \u00e9lm\u00e9nyeinket megosztani), ha haza\u00e9rkez\u00e9s ut\u00e1n tessz\u00fck k\u00f6zz\u00e9 a k\u00e9peket, de sokkal nagyobb buli, ha egy party keret\u00e9ben tartasz \u00e9lm\u00e9nybesz\u00e1mol\u00f3t a bar\u00e1taidnak. Ha valaki nem j\u00f6n el, azt \u00fagy sem \u00e9rdekli.<\/p>\n<figure style=\"width: 221px\" class=\"wp-caption alignright\"><a href=\"http:\/\/mountpleasantgranary.net\/blog\/images\/Digger-birthday-cake.jpg\"><img loading=\"lazy\" decoding=\"async\" class=\"\" src=\"http:\/\/mountpleasantgranary.net\/blog\/images\/Digger-birthday-cake.jpg\" alt=\"Egy egyszer\u0171 k\u00e9p is hordozhat nem k\u00edv\u00e1nt inform\u00e1ci\u00f3t\" width=\"221\" height=\"166\" \/><\/a><figcaption class=\"wp-caption-text\">A Nagypapa sz\u00fclinapi tort\u00e1ja, a fele m\u00e1r el is fogyott<\/figcaption><\/figure>\n<p>A nagypapa sz\u00fclinapi fot\u00f3ja is rejthet \u00e9rt\u00e9kes inform\u00e1ci\u00f3kat a jogosulatlanul bet\u00e9rni k\u00edv\u00e1n\u00f3knak.\u00a0 A 2. \u00e1bra is mutatja a lak\u00e1s st\u00edlus\u00e1t illetve az alaprajz egy r\u00e9sz\u00e9t. Ha a lak\u00e1sunkban k\u00e9sz\u00fclt k\u00e9peket rendszeresen k\u00f6zz\u00e9tessz\u00fck, sokat seg\u00edt\u00fcnk a nemk\u00edv\u00e1nt vend\u00e9geknek a t\u00e1j\u00e9koz\u00f3d\u00e1sban, illetve megk\u00f6nny\u00edtj\u00fck, hogy az \u0151ket \u00e9rdekl\u0151 dolgokat megtal\u00e1lj\u00e1k.<\/p>\n<p>Mindig azt szoktam mondani, hogy amit egy \u00f3ri\u00e1splak\u00e1tra nem tenn\u00e9l fel, azt az internetre se tedd ki. Ez sajnos pontos\u00edt\u00e1sra szorul:<\/p>\n<p><em>Att\u00f3l, hogy valamit \u00f3ri\u00e1splak\u00e1ton hirdetn\u00e9l, m\u00e9g nem biztos, hogy okos dolog az Interneten is nyilv\u00e1noss\u00e1gra hozni.<\/em><\/p>\n<p>R\u00e1ad\u00e1sul a v\u00e9dekez\u00e9sn\u00e9l figyelembe kell venni, hogy az esetleg h\u00edvatlanul bet\u00e9r\u0151 vend\u00e9gnek akkor sem eshet baja, ha tudatm\u00f3dos\u00edt\u00f3kat haszn\u00e1l.<sup><a href=\"#footnote_1_3596\" id=\"identifier_1_3596\" class=\"footnote-link footnote-identifier-link\" title=\"Az V&eacute;dekezni is csak &oacute;vatosan a &bdquo;fagy&aacute;ll&oacute;s gazda&rdquo; &iacute;t&eacute;let&eacute;nek indokl&aacute;s&aacute;r&oacute;l.\">1<\/a><\/sup><\/p>\n<p>Kell\u0151 k\u00f6r\u00fcltekint\u00e9ssel, nem csak a vagyont\u00e1rgyainkat, hanem a kedvenceinket is nagyobb biztons\u00e1gban tudhatjuk.<\/p>\n<ol class=\"footnotes\"><li id=\"footnote_1_3596\" class=\"footnote\">Az <a href=\"http:\/\/index.hu\/belfold\/2015\/11\/11\/emberoles_az_itelet_ezert_kapott_a_fagyallos_gazda_nagyon_sulyos_buntetest\/\" target=\"_blank\" rel=\"noopener\">V\u00e9dekezni is csak \u00f3vatosan<\/a> a \u201efagy\u00e1ll\u00f3s gazda&#8221; \u00edt\u00e9let\u00e9nek indokl\u00e1s\u00e1r\u00f3l.<span class=\"footnote-back-link-wrapper\">[<a href=\"#identifier_1_3596\" class=\"footnote-link footnote-back-link\">&#8617;<\/a>]<\/span><\/li><\/ol>","protected":false},"excerpt":{"rendered":"<p>(val\u00f3sz\u00edn\u0171leg nem csak) A k\u00f6rny\u00e9k\u00fcnk\u00f6n m\u00e9rgezik a kuty\u00e1kat. Ennek t\u00f6bb oka lehet, a leg\u00e1ltal\u00e1nosabb az, hogy be akarnak valahova t\u00f6rni. Ha a kutya rosszul van, m\u00e1r csak az \u00e1llatorvosban b\u00edzhatunk.&hellip;<a href=\"https:\/\/www.itkommando.hu\/site\/mergezik-a-kutyakat\/\" class=\"more-link\"><span class=\"more-button\">Tov\u00e1bb a r\u00e9szletekre<span class=\"screen-reader-text\">M\u00e9rgezik a kuty\u00e1kat<\/span><\/span><\/a><\/p>\n","protected":false},"author":1,"featured_media":894,"parent":0,"menu_order":0,"comment_status":"closed","ping_status":"closed","template":"","meta":{"footnotes":""},"categories":[14,89,11],"tags":[],"class_list":["post-3596","page","type-page","status-publish","has-post-thumbnail","hentry","category-biztonsag","category-felhasznaloknak","category-munkaallomas"],"aioseo_notices":[],"_links":{"self":[{"href":"https:\/\/www.itkommando.hu\/site\/wp-json\/wp\/v2\/pages\/3596","targetHints":{"allow":["GET"]}}],"collection":[{"href":"https:\/\/www.itkommando.hu\/site\/wp-json\/wp\/v2\/pages"}],"about":[{"href":"https:\/\/www.itkommando.hu\/site\/wp-json\/wp\/v2\/types\/page"}],"author":[{"embeddable":true,"href":"https:\/\/www.itkommando.hu\/site\/wp-json\/wp\/v2\/users\/1"}],"replies":[{"embeddable":true,"href":"https:\/\/www.itkommando.hu\/site\/wp-json\/wp\/v2\/comments?post=3596"}],"version-history":[{"count":7,"href":"https:\/\/www.itkommando.hu\/site\/wp-json\/wp\/v2\/pages\/3596\/revisions"}],"predecessor-version":[{"id":5588,"href":"https:\/\/www.itkommando.hu\/site\/wp-json\/wp\/v2\/pages\/3596\/revisions\/5588"}],"wp:featuredmedia":[{"embeddable":true,"href":"https:\/\/www.itkommando.hu\/site\/wp-json\/wp\/v2\/media\/894"}],"wp:attachment":[{"href":"https:\/\/www.itkommando.hu\/site\/wp-json\/wp\/v2\/media?parent=3596"}],"wp:term":[{"taxonomy":"category","embeddable":true,"href":"https:\/\/www.itkommando.hu\/site\/wp-json\/wp\/v2\/categories?post=3596"},{"taxonomy":"post_tag","embeddable":true,"href":"https:\/\/www.itkommando.hu\/site\/wp-json\/wp\/v2\/tags?post=3596"}],"curies":[{"name":"wp","href":"https:\/\/api.w.org\/{rel}","templated":true}]}}