{"id":3617,"date":"2016-01-06T14:23:23","date_gmt":"2016-01-06T13:23:23","guid":{"rendered":"http:\/\/www.itkommando.hu\/site\/?page_id=3617"},"modified":"2021-07-14T18:18:03","modified_gmt":"2021-07-14T17:18:03","slug":"a-banana-pi-r1-banana-pim2-es-a-raspberry-pi-osszehasonlitasa","status":"publish","type":"page","link":"https:\/\/www.itkommando.hu\/site\/leirasok\/a-pi-termekcsalad\/a-banana-pi-r1-banana-pim2-es-a-raspberry-pi-osszehasonlitasa\/","title":{"rendered":"A banana Pi R1, Banana PiM2 \u00e9s a Raspberry PI \u00f6sszehasonl\u00edt\u00e1sa"},"content":{"rendered":"<figure id=\"attachment_894\" aria-describedby=\"caption-attachment-894\" style=\"width: 150px\" class=\"wp-caption alignright\"><a href=\"http:\/\/www.itkommando.hu\/site\/wp-content\/uploads\/a1.jpg\" rel=\"attachment wp-att-894\"><img loading=\"lazy\" decoding=\"async\" class=\"wp-image-894 size-thumbnail\" src=\"http:\/\/www.itkommando.hu\/site\/wp-content\/uploads\/a1-150x150.jpg\" alt=\"Raspberry Pi and Banana Pi\" width=\"150\" height=\"150\" \/><\/a><figcaption id=\"caption-attachment-894\" class=\"wp-caption-text\">Zorr\u00f3 vagyok, aki ismeri a m\u00e1lna PC-t \u00e9s a Banana Pi-t<\/figcaption><\/figure>\n<p>A Gazd\u00e1nak most nincs ideje cikket \u00edrni, ez\u00e9rt \u00e9n ragadtam billenty\u0171zetet. Zorr\u00f3 kutya vagyok. Itt van egy fiatalkori f\u00e9nyk\u00e9pem. Az\u00f3ta m\u00e1r nem csak a pockokat \u00e9s nyulakat ismerem, hanem a gy\u00fcm\u00f6lcs PC-ket is.<\/p>\n<p>Ha a gy\u00fcm\u00f6lcs PC-k k\u00f6z\u00f6tt akarsz v\u00e1lasztani, el\u0151sz\u00f6r a szoftverk\u00edn\u00e1latot n\u00e9zd \u00e1t, hogy melyik k\u00e9sz\u00fcl\u00e9kre van olyan szoftvercsomag, ami az adott feladat frapp\u00e1ns megold\u00e1s\u00e1t seg\u00edti, illetve rendelkezik-e a sz\u00fcks\u00e9ges csatlakoz\u00e1sokkal. P\u00e9ld\u00e1ul a router feladatokra a BPi R1 a legmegfelel\u0151bb (micsoda meglepet\u00e9s: az R1 R bet\u0171je routere utal). Na, szaladjunk neki az \u00f6sszehasonl\u00edt\u00e1snak:<\/p>\n<p>Kezdj\u00fck a csatlakoz\u00f3kkal:<\/p>\n\n<table id=\"wp-table-reloaded-id-12-no-1\" class=\"wp-table-reloaded wp-table-reloaded-id-12\">\n<thead>\n\t<tr class=\"row-1 odd\">\n\t\t<th class=\"column-1\">Csatlakoz\u00f3<\/th><th class=\"column-2\">Raspberry Pi 2<\/th><th class=\"column-3\">Banana Pi M2<\/th><th class=\"column-4\">Banana Pi R1<\/th><th class=\"column-5\"><\/th>\n\t<\/tr>\n<\/thead>\n<tbody>\n\t<tr class=\"row-2 even\">\n\t\t<td class=\"column-1\">USB<\/td><td class=\"column-2\">4XUSB2<\/td><td class=\"column-3\">4XUSB2<\/td><td class=\"column-4\">1XUSB2<\/td><td class=\"column-5\"><\/td>\n\t<\/tr>\n\t<tr class=\"row-3 odd\">\n\t\t<td class=\"column-1\">H\u00e1l\u00f3zat<\/td><td class=\"column-2\">1XRJ45<br \/>\r\n10\/100 MB\/s<\/td><td class=\"column-3\">1XRJ45<br \/>\r\n10\/100\/1000 MB\/s<br \/>\r\nWiFi<\/td><td class=\"column-4\">5XRJ45<br \/>\r\n10\/100\/1000 MB\/s<br \/>\r\nWiFi<\/td><td class=\"column-5\"><\/td>\n\t<\/tr>\n\t<tr class=\"row-4 even\">\n\t\t<td class=\"column-1\">HDMI<\/td><td class=\"column-2\">VAN<\/td><td class=\"column-3\">VAN<\/td><td class=\"column-4\">VAN<\/td><td class=\"column-5\"><\/td>\n\t<\/tr>\n\t<tr class=\"row-5 odd\">\n\t\t<td class=\"column-1\">Composit video<\/td><td class=\"column-2\">VAN<\/td><td class=\"column-3\">NINCS<\/td><td class=\"column-4\">VAN<\/td><td class=\"column-5\"><\/td>\n\t<\/tr>\n\t<tr class=\"row-6 even\">\n\t\t<td class=\"column-1\">Audio kimenet<\/td><td class=\"column-2\">A Composit videoval k\u00f6z\u00f6s JACK \u00e9s HDMI<\/td><td class=\"column-3\">JACK \u00e9s HDMI<\/td><td class=\"column-4\">JACK \u00e9s HDMI<\/td><td class=\"column-5\"><\/td>\n\t<\/tr>\n\t<tr class=\"row-7 odd\">\n\t\t<td class=\"column-1\">T\u00e1rol\u00e1s<\/td><td class=\"column-2\">MicroSD<\/td><td class=\"column-3\">MicroSD<\/td><td class=\"column-4\">MicroSD<br \/>\r\nSATA II HDD 2,5\"<\/td><td class=\"column-5\"><\/td>\n\t<\/tr>\n\t<tr class=\"row-8 even\">\n\t\t<td class=\"column-1\">GPIO<\/td><td class=\"column-2\">VAN<\/td><td class=\"column-3\">VAN<\/td><td class=\"column-4\">VAN<\/td><td class=\"column-5\"><\/td>\n\t<\/tr>\n\t<tr class=\"row-9 odd\">\n\t\t<td class=\"column-1\">T\u00e1p<\/td><td class=\"column-2\">Micro USB<br \/>\r\nvagy GPIO-n kereszt\u00fcl<\/td><td class=\"column-3\">MicroUSB<\/td><td class=\"column-4\">MicroUSB<\/td><td class=\"column-5\"><\/td>\n\t<\/tr>\n\t<tr class=\"row-10 even\">\n\t\t<td class=\"column-1\">CSI vide\u00f3 csatlakoz\u00f3 <\/td><td class=\"column-2\">VAN<\/td><td class=\"column-3\">VAN<\/td><td class=\"column-4\">VAN<\/td><td class=\"column-5\"><\/td>\n\t<\/tr>\n\t<tr class=\"row-11 odd\">\n\t\t<td class=\"column-1\">USB OTG<\/td><td class=\"column-2\">NINCS<\/td><td class=\"column-3\">VAN<\/td><td class=\"column-4\">VAN<\/td><td class=\"column-5\"><\/td>\n\t<\/tr>\n\t<tr class=\"row-12 even\">\n\t\t<td class=\"column-1\">DSI Display port<\/td><td class=\"column-2\">VAN<\/td><td class=\"column-3\">NINCS<\/td><td class=\"column-4\">NINCS<\/td><td class=\"column-5\"><\/td>\n\t<\/tr>\n\t<tr class=\"row-13 odd\">\n\t\t<td class=\"column-1\"> LVDS\/RGB<\/td><td class=\"column-2\">NINCS<\/td><td class=\"column-3\">VAN<\/td><td class=\"column-4\">VAN<\/td><td class=\"column-5\"><\/td>\n\t<\/tr>\n\t<tr class=\"row-14 even\">\n\t\t<td class=\"column-1\">Infrav\u00f6r\u00f6s<\/td><td class=\"column-2\">NINCS<\/td><td class=\"column-3\">Opcion\u00e1lis<\/td><td class=\"column-4\">VAN<\/td><td class=\"column-5\"><\/td>\n\t<\/tr>\n<\/tbody>\n<\/table>\n\n<p>A <a href=\"http:\/\/www.itkommando.hu\/site\/leirasok\/a-pi-termekcsalad\/a-raspberry-pi-2-valamint-a-banana-pi-r1-es-m1-osszehasonlitasa-benchmarkokon\/\">sz\u00e1m\u00edt\u00e1si teljes\u00edtm\u00e9nyeket<\/a> m\u00e1r \u00f6sszevetett\u00fck.<\/p>\n<p>Pillanatnyilag megsz\u00e1ml\u00e1lhatatlan k\u00fcl\u00f6nb\u00f6z\u0151 szoftvercsomag \u00e9rhet\u0151 el, ezek teljes list\u00e1z\u00e1sa rem\u00e9nytelen feladat, mivel el\u00e9g kaotikus a helyzet, de egy Google keres\u00e9s sokat seg\u00edthet.<\/p>\n<p>Az <a href=\"http:\/\/www.itkommando.hu\/site\/leirasok\/mindent-bele-router\/\">OpenWRT-vel<\/a> nem voltak j\u00f3 tapasztalataink, a frissebb verzi\u00f3t k\u00e9s\u0151bb \u00fajra tesztelj\u00fck.<\/p>\n<p>A Raspbian \u00e9s a <a href=\"http:\/\/www.itkommando.hu\/site\/leirasok\/a-pi-termekcsalad\/mindent-bele-router-2-resz\/\">Bananian<\/a> tette a dolg\u00e1t csendesen, rendesen. A friss\u00edt\u00e9sek is j\u00f6nnek hozz\u00e1juk rendesen.<\/p>\n<p>Az <a href=\"https:\/\/www.itkommando.hu\/site\/omsc-telepitese-raspberry-pi-2-re\/\">OSMC stabilan m\u0171k\u00f6dik<\/a>, rengeteg plusz funkci\u00f3 telep\u00edthet\u0151 r\u00e1, r\u00e9szben a grafikus fel\u00fcletr\u0151l, r\u00e9szben a konzolr\u00f3l linuxos m\u00f3dszerekkel. A friss\u00edt\u00e9sek itt is j\u00f6nnek folyamatosan, r\u00e9szben az OSMC fel\u00fcleten kereszt\u00fcl, r\u00e9szben (akinek van r\u00e1 hangulata vacakolni vele).<\/p>\n<p>A <a href=\"https:\/\/libreelec.tv\/\" target=\"_blank\" rel=\"noopener\">LibreELEC<\/a> az OSMC-hez hasonl\u00f3 m\u00e9dia centert var\u00e1zsol a Raspberry Pi boxunb\u00f3l, azonban jelent\u0151sen z\u00e1rtabb rendszer.<\/p>\n<h3>Kapcsol\u00f3d\u00f3 cikkek<\/h3>\n<ul>\n<li>\u00a0<a href=\"http:\/\/www.itkommando.hu\/site\/leirasok\/a-pi-termekcsalad\/a-bananian-frissitese\/\">A bananian friss\u00edt\u00e9se<\/a><\/li>\n<li><a href=\"http:\/\/www.itkommando.hu\/site\/leirasok\/a-pi-termekcsalad\/mindent-bele-router-2-resz\/\">Mindent bele router 2. r\u00e9sz<\/a><\/li>\n<li><a href=\"http:\/\/www.itkommando.hu\/site\/leirasok\/raspberry-pi2-tapasztalatok\/\">RaspBerry Pi2 tapasztalatok<\/a><\/li>\n<\/ul>\n","protected":false},"excerpt":{"rendered":"<p>A Gazd\u00e1nak most nincs ideje cikket \u00edrni, ez\u00e9rt \u00e9n ragadtam billenty\u0171zetet. Zorr\u00f3 kutya vagyok. Itt van egy fiatalkori f\u00e9nyk\u00e9pem. Az\u00f3ta m\u00e1r nem csak a pockokat \u00e9s nyulakat ismerem, hanem a&hellip;<a href=\"https:\/\/www.itkommando.hu\/site\/leirasok\/a-pi-termekcsalad\/a-banana-pi-r1-banana-pim2-es-a-raspberry-pi-osszehasonlitasa\/\" class=\"more-link\"><span class=\"more-button\">Tov\u00e1bb a r\u00e9szletekre<span class=\"screen-reader-text\">A banana Pi R1, Banana PiM2 \u00e9s a Raspberry PI \u00f6sszehasonl\u00edt\u00e1sa<\/span><\/span><\/a><\/p>\n","protected":false},"author":1,"featured_media":3227,"parent":2973,"menu_order":0,"comment_status":"closed","ping_status":"closed","template":"","meta":{"footnotes":""},"categories":[83,12,80,78,13,16],"tags":[],"class_list":["post-3617","page","type-page","status-publish","has-post-thumbnail","hentry","category-bananian","category-hardver","category-raspberry-pi-es-banan-pi","category-routerek","category-szoftver","category-tanacsok"],"aioseo_notices":[],"_links":{"self":[{"href":"https:\/\/www.itkommando.hu\/site\/wp-json\/wp\/v2\/pages\/3617","targetHints":{"allow":["GET"]}}],"collection":[{"href":"https:\/\/www.itkommando.hu\/site\/wp-json\/wp\/v2\/pages"}],"about":[{"href":"https:\/\/www.itkommando.hu\/site\/wp-json\/wp\/v2\/types\/page"}],"author":[{"embeddable":true,"href":"https:\/\/www.itkommando.hu\/site\/wp-json\/wp\/v2\/users\/1"}],"replies":[{"embeddable":true,"href":"https:\/\/www.itkommando.hu\/site\/wp-json\/wp\/v2\/comments?post=3617"}],"version-history":[{"count":8,"href":"https:\/\/www.itkommando.hu\/site\/wp-json\/wp\/v2\/pages\/3617\/revisions"}],"predecessor-version":[{"id":5509,"href":"https:\/\/www.itkommando.hu\/site\/wp-json\/wp\/v2\/pages\/3617\/revisions\/5509"}],"up":[{"embeddable":true,"href":"https:\/\/www.itkommando.hu\/site\/wp-json\/wp\/v2\/pages\/2973"}],"wp:featuredmedia":[{"embeddable":true,"href":"https:\/\/www.itkommando.hu\/site\/wp-json\/wp\/v2\/media\/3227"}],"wp:attachment":[{"href":"https:\/\/www.itkommando.hu\/site\/wp-json\/wp\/v2\/media?parent=3617"}],"wp:term":[{"taxonomy":"category","embeddable":true,"href":"https:\/\/www.itkommando.hu\/site\/wp-json\/wp\/v2\/categories?post=3617"},{"taxonomy":"post_tag","embeddable":true,"href":"https:\/\/www.itkommando.hu\/site\/wp-json\/wp\/v2\/tags?post=3617"}],"curies":[{"name":"wp","href":"https:\/\/api.w.org\/{rel}","templated":true}]}}