{"id":3671,"date":"2016-02-23T09:10:35","date_gmt":"2016-02-23T08:10:35","guid":{"rendered":"http:\/\/www.itkommando.hu\/site\/?page_id=3671"},"modified":"2021-07-13T12:35:52","modified_gmt":"2021-07-13T11:35:52","slug":"tablazatkezeles-alapjai-2","status":"publish","type":"page","link":"https:\/\/www.itkommando.hu\/site\/tablazatkezeles-alapjai-2\/","title":{"rendered":"A t\u00e1bl\u00e1zatkezel\u00e9s alapjai 2"},"content":{"rendered":"<p>Egy t\u00e1bl\u00e1zatban az adatok megfelel\u0151 elrendez\u00e9se m\u00e1r vezeti az ember szem\u00e9t arra vonatkoz\u00f3an, hogy mit szeretn\u00e9nk elmondani. A form\u00e1z\u00e1s alapegys\u00e9ge a cella. Ez igaz a Calc, Excel \u00e9s a GNUMeric eset\u00e9ben is.<\/p>\n<figure id=\"attachment_3674\" aria-describedby=\"caption-attachment-3674\" style=\"width: 150px\" class=\"wp-caption alignright\"><a href=\"http:\/\/www.itkommando.hu\/site\/wp-content\/uploads\/nyers_adatok.png\" rel=\"attachment wp-att-3674\"><img loading=\"lazy\" decoding=\"async\" class=\"size-thumbnail wp-image-3674\" src=\"http:\/\/www.itkommando.hu\/site\/wp-content\/uploads\/nyers_adatok-150x150.png\" alt=\"A LibreOffice Calc-ba beg\u00e9pelt nyers adatok\" width=\"150\" height=\"150\" \/><\/a><figcaption id=\"caption-attachment-3674\" class=\"wp-caption-text\">1. \u00c1bra<br \/>L\u00e1tszik, hogy beg\u00e9peltem az adatokat, \u00e9s beillesztettem a k\u00e9pletet az \u00f6sszegz\u00e9shez.<\/figcaption><\/figure>\n<p>Jel\u00f6lj\u00fck ki a cell\u00e1t\/cell\u00e1kat \u00e9s jobb gomb, majd a men\u00fcb\u0151l v\u00e1lasszuk ki a cellaform\u00e1z\u00e1st (GNUMeric eset\u00e9n Format 4 cells ). Sajnos m\u00e1r itt l\u00e1tszik, hogy a GNUMeric magyar ford\u00edt\u00e1sa k\u00f6zel sem teljes. Haszn\u00e1lat\u00e1t csak azoknak tudjuk aj\u00e1nlani, akit ez nem zavar.<\/p>\n<p>A GNUMeric el\u0151nye a m\u00e1sik k\u00e9t konkurens\u00e9vel szemben a j\u00f3val kisebb m\u00e9ret \u00e9s a nagyon gyors m\u0171k\u00f6d\u00e9s.<\/p>\n<p>A bemutat\u00e1st a LibreOffice Calc-al folytatom, de ahol elt\u00e9r\u00e9s van, ott mutatom az Excel-t is (ezen a szinten sok elt\u00e9r\u00e9s nincs).<\/p>\n<p>Az els\u0151 p\u00e9lda, amit feldolgozunk, hogy adjuk \u00f6ssze:<\/p>\n<p>1,1111<br \/>\n11,111<br \/>\n111,11<br \/>\n1111,1<br \/>\n11111<br \/>\nAz eredm\u00e9ny nem meglep\u0151 m\u00f3don:\u00a012345,4321<\/p>\n<figure id=\"attachment_3678\" aria-describedby=\"caption-attachment-3678\" style=\"width: 150px\" class=\"wp-caption alignright\"><a href=\"http:\/\/www.itkommando.hu\/site\/wp-content\/uploads\/Szam_formatum.png\" rel=\"attachment wp-att-3678\"><img loading=\"lazy\" decoding=\"async\" class=\"size-thumbnail wp-image-3678\" src=\"http:\/\/www.itkommando.hu\/site\/wp-content\/uploads\/Szam_formatum-150x150.png\" alt=\"A sz\u00e1mok form\u00e1z\u00e1sa LibreOffice\" width=\"150\" height=\"150\" \/><\/a><figcaption id=\"caption-attachment-3678\" class=\"wp-caption-text\">2. \u00c1bra<br \/>A sz\u00e1m form\u00e1tum megjelen\u00edt\u00e9si be\u00e1ll\u00edt\u00e1sai.<\/figcaption><\/figure>\n<p>Az 1. \u00e1br\u00e1n l\u00e1tszik, hogy az \u00edr\u00e1sk\u00e9p \u00a0el\u00e9gg\u00e9 nehezen \u00e9rtelmezhet\u0151. Az alap be\u00e1ll\u00edt\u00e1s nem igaz\u00e1n seg\u00edti a t\u00e1bl\u00e1zat meg\u00e9rt\u00e9s\u00e9t. A fent m\u00e1r eml\u00edtett m\u00f3don kijel\u00f6lj\u00fck a ter\u00fcletet \u00e9s az eg\u00e9r jobb gomb men\u00fcj\u00e9ben a cell\u00e1k form\u00e1z\u00e1sa lehet\u0151s\u00e9get v\u00e1lasztjuk. Ekkor a 2. \u00e1bra szerinti men\u00fct kapjuk. A t\u00e1bl\u00e1zatkezel\u0151kn\u00e9l megszokott m\u00f3don itt is a b\u0151s\u00e9g zavara fogad.<\/p>\n<p>A Kateg\u00f3ria oszlopban azonnal 10 lehet\u0151s\u00e9g k\u00f6z\u00fcl v\u00e1laszthatunk (az Excel eset\u00e9ben 12)<\/p>\n<ol>\n<li>Egy\u00e9ni<\/li>\n<li>Sz\u00e1m<\/li>\n<li>Sz\u00e1zal\u00e9k<\/li>\n<li>P\u00e9nznem<\/li>\n<li>d\u00e1tum (Ez vajon mi\u00e9rt kisbet\u0171s, ha a t\u00f6bbi nagy?)<\/li>\n<li>Id\u0151<\/li>\n<li>Tudom\u00e1nyos<\/li>\n<li>t\u00f6rt_nevez\u0151<\/li>\n<li>Logikai \u00e9rt\u00e9k<\/li>\n<li>Sz\u00f6veg<\/li>\n<\/ol>\n<figure id=\"attachment_3680\" aria-describedby=\"caption-attachment-3680\" style=\"width: 150px\" class=\"wp-caption alignright\"><a href=\"http:\/\/www.itkommando.hu\/site\/wp-content\/uploads\/rendezett_szamok.png\" rel=\"attachment wp-att-3680\"><img loading=\"lazy\" decoding=\"async\" class=\"size-thumbnail wp-image-3680\" src=\"http:\/\/www.itkommando.hu\/site\/wp-content\/uploads\/rendezett_szamok-150x150.png\" alt=\"A form\u00e1zott t\u00e1bl\u00e1zat\" width=\"150\" height=\"150\" \/><\/a><figcaption id=\"caption-attachment-3680\" class=\"wp-caption-text\">A form\u00e1z\u00e1s ut\u00e1n egy ilyen egyszer\u0171 t\u00e1bl\u00e1zat is jobban olvashat\u00f3<\/figcaption><\/figure>\n<p>A form\u00e1tum \u00e9s a be\u00e1ll\u00edt\u00e1sok mez\u0151ben az adott form\u00e1tumcsal\u00e1dhoz tartoz\u00f3 be\u00e1ll\u00edt\u00e1si lehet\u0151s\u00e9gek jelennek meg. Az a tapasztalat, hogy a nagyon gyakran haszn\u00e1lt form\u00e1tumokhoz az ember \u00fagyis megtanulja a form\u00e1tumk\u00f3dokat. Ezekkel a k\u00f3dokkal p\u00e1r gombnyom\u00e1ssal meg lehet adni a k\u00e9rt form\u00e1tumot, s\u0151t olyan form\u00e1tumokat is be lehet \u00e1ll\u00edtani, ami a men\u00fcrendszerb\u0151l nem el\u00e9rhet\u0151.<\/p>\n<p>Az adott feladat a \u201e<code>sz\u00e1m<\/code>&#8221; form\u00e1tumok haszn\u00e1lat\u00e1t indokolja. A be\u00e1ll\u00edt\u00e1sok el\u00e9gg\u00e9 maguk\u00e9rt besz\u00e9lnek. A legfontosabb a tizedesjegyek sz\u00e1ma illetve a vezet\u0151 null\u00e1k.<\/p>\n<p>T\u00e9telezz\u00fck fel, hogy a t\u00e1bl\u00e1zat Eur\u00f3ban fel\u00edrt p\u00e9nz\u00f6sszegeket tartalmaz. A tizedes jegyek sz\u00e1m\u00e1t ez\u00e9rt \u00e1ll\u00edtsuk 2-re. Ha a negat\u00edv \u00e9rt\u00e9kek kiemelt fontoss\u00e1g\u00faak, akkor \u00e9rdemes lehet a Negat\u00edv sz\u00e1mok pirossal n\u00e9gyzetbe is pip\u00e1t tenni.<\/p>\n<p>Az <code>ezres elv\u00e1laszt\u00f3<\/code> bepip\u00e1l\u00e1s\u00e1val a sokjegy\u0171 sz\u00e1mok k\u00f6nnyebben olvashat\u00f3v\u00e1 v\u00e1llnak.<\/p>\n<h2>Kapcsol\u00f3d\u00f3 cikkek<\/h2>\n<ul>\n<li><a href=\"http:\/\/www.itkommando.hu\/site\/leirasok\/az-office-programcsomagok\/a-tablazatkezeles-alapjai\/\">A t\u00e1bl\u00e1zatkezel\u00e9s alapjai<\/a><\/li>\n<li><a href=\"http:\/\/www.itkommando.hu\/site\/a-tablazatkezeles-alapjai-3\/\">A t\u00e1bl\u00e1zatkezel\u00e9s alapjai 3<\/a><\/li>\n<li><a href=\"http:\/\/www.itkommando.hu\/site\/leirasok\/a-szovegszerkesztes-alapjai-1\/\">A sz\u00f6vegszerkeszt\u00e9s alapjai 1<\/a><\/li>\n<li><a href=\"http:\/\/www.itkommando.hu\/site\/leirasok\/a-szovegszerkesztes-alapjai-2\/\">A sz\u00f6vegszerkeszt\u00e9s alapjai 2<\/a><\/li>\n<\/ul>\n","protected":false},"excerpt":{"rendered":"<p>Egy t\u00e1bl\u00e1zatban az adatok megfelel\u0151 elrendez\u00e9se m\u00e1r vezeti az ember szem\u00e9t arra vonatkoz\u00f3an, hogy mit szeretn\u00e9nk elmondani. A form\u00e1z\u00e1s alapegys\u00e9ge a cella. Ez igaz a Calc, Excel \u00e9s a GNUMeric&hellip;<a href=\"https:\/\/www.itkommando.hu\/site\/tablazatkezeles-alapjai-2\/\" class=\"more-link\"><span class=\"more-button\">Tov\u00e1bb a r\u00e9szletekre<span class=\"screen-reader-text\">A t\u00e1bl\u00e1zatkezel\u00e9s alapjai 2<\/span><\/span><\/a><\/p>\n","protected":false},"author":1,"featured_media":0,"parent":0,"menu_order":0,"comment_status":"closed","ping_status":"closed","template":"","meta":{"footnotes":""},"categories":[13],"tags":[],"class_list":["post-3671","page","type-page","status-publish","hentry","category-szoftver"],"aioseo_notices":[],"_links":{"self":[{"href":"https:\/\/www.itkommando.hu\/site\/wp-json\/wp\/v2\/pages\/3671","targetHints":{"allow":["GET"]}}],"collection":[{"href":"https:\/\/www.itkommando.hu\/site\/wp-json\/wp\/v2\/pages"}],"about":[{"href":"https:\/\/www.itkommando.hu\/site\/wp-json\/wp\/v2\/types\/page"}],"author":[{"embeddable":true,"href":"https:\/\/www.itkommando.hu\/site\/wp-json\/wp\/v2\/users\/1"}],"replies":[{"embeddable":true,"href":"https:\/\/www.itkommando.hu\/site\/wp-json\/wp\/v2\/comments?post=3671"}],"version-history":[{"count":13,"href":"https:\/\/www.itkommando.hu\/site\/wp-json\/wp\/v2\/pages\/3671\/revisions"}],"predecessor-version":[{"id":5386,"href":"https:\/\/www.itkommando.hu\/site\/wp-json\/wp\/v2\/pages\/3671\/revisions\/5386"}],"wp:attachment":[{"href":"https:\/\/www.itkommando.hu\/site\/wp-json\/wp\/v2\/media?parent=3671"}],"wp:term":[{"taxonomy":"category","embeddable":true,"href":"https:\/\/www.itkommando.hu\/site\/wp-json\/wp\/v2\/categories?post=3671"},{"taxonomy":"post_tag","embeddable":true,"href":"https:\/\/www.itkommando.hu\/site\/wp-json\/wp\/v2\/tags?post=3671"}],"curies":[{"name":"wp","href":"https:\/\/api.w.org\/{rel}","templated":true}]}}