{"id":3773,"date":"2016-04-08T14:24:33","date_gmt":"2016-04-08T13:24:33","guid":{"rendered":"http:\/\/www.itkommando.hu\/site\/?page_id=3773"},"modified":"2021-07-15T10:55:40","modified_gmt":"2021-07-15T09:55:40","slug":"omsc-telepitese-raspberry-pi-2-re","status":"publish","type":"page","link":"https:\/\/www.itkommando.hu\/site\/omsc-telepitese-raspberry-pi-2-re\/","title":{"rendered":"OSMC telep\u00edt\u00e9se Raspberry Pi 2-re"},"content":{"rendered":"<p>FRISS\u00cdT\u00c9S: A Raspberry PI 2 m\u00e1r csak haszn\u00e1ltan kaphat\u00f3. Az itt le\u00edrtak azonban a korszer\u0171bb v\u00e1ltozatokra is igazak.<\/p>\n<p>Az <a href=\"http:\/\/www.itkommando.hu\/site\/leirasok\/a-raspberry-pi-2-mint-medialejatszo\/\">OpenELEC<\/a> ut\u00e1n n\u00e9zz\u00fck meg, mennyiben m\u00e1s a az OSMC (Open Source Media Center).<\/p>\n<figure id=\"attachment_2993\" aria-describedby=\"caption-attachment-2993\" style=\"width: 150px\" class=\"wp-caption alignright\"><a href=\"http:\/\/www.itkommando.hu\/site\/wp-content\/uploads\/Raspberry_Pi_2_Model_B_front.jpg\"><img loading=\"lazy\" decoding=\"async\" class=\"size-thumbnail wp-image-2993\" src=\"http:\/\/www.itkommando.hu\/site\/wp-content\/uploads\/Raspberry_Pi_2_Model_B_front-150x150.jpg\" alt=\"RaspBerry Pi 2\" width=\"150\" height=\"150\" \/><\/a><figcaption id=\"caption-attachment-2993\" class=\"wp-caption-text\">A Raspberry Pi 2 egyk\u00e1rty\u00e1nyi n\u00e9gymagos processzorral szerelt mikroPC<\/figcaption><\/figure>\n<p>Az OSMC egy Debian alap\u00fa m\u00e9diacenter Kodival. Ebben hasonl\u00edt az OpenELEChez. Ugyan nem rendelkezik olyan gazdag programgy\u0171jtem\u00e9nnyel, mint az OpenELEC, de azzal ellent\u00e9tben haszn\u00e1lhatjuk a Debian szinte kimer\u00edthetetlen alkalmaz\u00e1sgy\u0171jtem\u00e9ny\u00e9t. Ehhez azonban a parancssoros fel\u00fclet\u00e9t kell haszn\u00e1lni.<\/p>\n<h1>Az SD k\u00e1rtya el\u0151k\u00e9sz\u00edt\u00e9se<\/h1>\n<p>Egy \u00fcres (vagy form\u00e1zhat\u00f3) mikro SD k\u00e1rty\u00e1t helyezz\u00fcnk bele egy k\u00e1rtyaolvas\u00f3ba.<\/p>\n<p>A telep\u00edt\u0151anyag az <a title=\"OSMC let\u00f6lt\u00e9s\" href=\"https:\/\/osmc.tv\/download\/images\/\">osmc.tv<\/a> oldalr\u00f3l t\u00f6lthet\u0151 le. Figyelj\u00fcnk oda, hogy a megfelel\u0151 RaspBerry Pi verzi\u00f3hoz val\u00f3 image-t t\u00f6lts\u00fck le. A megfelel\u0151 image telep\u00edt\u00e9s\u00e9t, m\u00e1r a kor\u00e1bbi cikkekben le\u00edrtuk, az\u00e9rt itt is megism\u00e9telj\u00fck, Linuxis munka\u00e1llom\u00e1st felt\u00e9telezve:<\/p>\n<p>sudo dd if=OSMC_TGT_rbp2_20150519.img.gz of=\/dev\/mmcblk0<\/p>\n<p>Ahol:<br \/><code>OSMC_TGT_rbp2_20150519.img.gz<\/code> A let\u00f6lt\u00f6tt image<br \/><code>\/dev\/mmcblk0<\/code> Az SD k\u00e1rtya<\/p>\n<p>\u00a0<\/p>\n<p>Windowsos munka\u00e1llom\u00e1s eset\u00e9n a Win32DiskImager let\u00f6lt\u00e9s\u00e9t \u00e9s telep\u00edt\u00e9s\u00e9t javaslom.<\/p>\n<h2>A haszn\u00e1lat megkezd\u00e9se<\/h2>\n<p>Az SD k\u00e1rty\u00e1t tegy\u00fck be a RasberryPi-be \u00e9s adjunk neki t\u00e1pot.<\/p>\n<p>A telep\u00edt\u00e9s menete v\u00e9szesen hasonl\u00edt az OpenELEC <a title=\"A m\u00e9dialej\u00e1tsz\u00f3 telep\u00edt\u00e9se\" href=\"http:\/\/www.itkommando.hu\/site\/leirasok\/a-raspberry-pi-2-mint-medialejatszo\/\">telep\u00edt\u00e9s\u00e9hez<\/a>, Ez\u00e9rt itt most nem r\u00e9szletezz\u00fck. Ha valaki az eg\u00e9r seg\u00edts\u00e9g\u00e9vel v\u00e9gzi a telep\u00edt\u00e9st, meg fog lep\u0151dni, hogy az eg\u00e9rmutat\u00f3 fels\u0151 sark\u00e1val kell a megfelel\u0151 helyre mutatni (most m\u00e1r a hegy\u00e9vel, a hib\u00e1t jav\u00edtott\u00e1k). A telep\u00edt\u00e9skor ak\u00e1r vezet\u00e9kes, ak\u00e1r vezet\u00e9k n\u00e9lk\u00fcli h\u00e1l\u00f3zatot haszn\u00e1lhatunk (ha van WiFi stick\u00fcnk), illetve ak\u00e1r WiFi megoszt\u00e1st is be\u00e1ll\u00edthatunk.<\/p>\n<p>Az els\u0151 (jelent\u0151s) k\u00fcl\u00f6nbs\u00e9g, hogy a kezel\u0151fel\u00fclet a megszokott s\u00f6t\u00e9t helyett vil\u00e1gosk\u00e9k. A men\u00fcszalag nem v\u00edzszintes, hanem f\u00fcgg\u0151leges. A kezel\u00e9s\u00e9t kicsit neh\u00e9zkesebbnek tal\u00e1ltam, mint a Kodi saj\u00e1t kezel\u0151fel\u00fclet\u00e9t, ez\u00e9rt gyorsan \u00e1t\u00e1ll\u00edtottam.<\/p>\n<p>A Transmission-t ssh-n kereszt\u00fcl parancssoros \u00fczemm\u00f3dban lehet \u00a0telep\u00edteni. Bejelentkez\u00fcnk a k\u00e9sz\u00fcl\u00e9kre, majd:<br \/><code><br \/>\napt-get update<br \/>\napt-get upgrade<br \/>\napt-get install transmission-daemon<br \/>\n<\/code><br \/>A transmission daemon be\u00e1ll\u00edt\u00e1sait a <code>\/etc\/transmission-daemon\/settings.json<\/code> \u00e1llom\u00e1ny szerkeszt\u00e9s\u00e9vel tehetj\u00fck meg, a daemont a be\u00e1ll\u00edt\u00e1sok el\u0151tt le kell \u00e1ll\u00edtani, mivel k\u00fcl\u00f6nben kil\u00e9p\u00e9skor a be\u00e1ll\u00edt\u00e1sainkat fel\u00fcl\u00edrja.<br \/>Az eredeti be\u00e1ll\u00edt\u00e1sokat a biztons\u00e1g kedv\u00e9\u00e9rt elmentj\u00fck<br \/><code><br \/>\nservices transmission-daemon stop<br \/>\ncp \/etc\/transmission-daemon\/settings.json \/etc\/transmission-daemon\/settings.json.ori<br \/>\nnano \/etc\/transmission-daemon\/settings.json<br \/>\nservices transmission-daemon start<br \/>\n<\/code><\/p>\n<p>\u00a0<\/p>\n<p>Innent\u0151l a rendszer haszn\u00e1lat\u00e1t megkezdhetj\u00fck<\/p>\n<p>A bejelentkez\u00e9shez a felhaszn\u00e1l\u00f3n\u00e9v \u00e9s a jelsz\u00f3 is <code>osmc<\/code>.<\/p>\n<p>\u00dajraind\u00edt\u00e1s ut\u00e1n a Transmission daemon el\u00f6bb indul, minthogy az automount a k\u00fcls\u0151 HDD-t a hely\u00e9re csatoln\u00e1, ez\u00e9rt \u00e9rdemes vagy az <code>fstab<\/code>-ban megadni a csatol\u00e1si adatokat, vagy bootol\u00e1s ut\u00e1n a transmission-daemont \u00fajraind\u00edtani, esetleg a kezel\u0151fel\u00fcleten \u00fajraind\u00edtani a let\u00f6lt\u00e9seket \u00e9s megoszt\u00e1sokat.<\/p>\n<h3>Kapcsol\u00f3d\u00f3 cikkek<\/h3>\n<ul>\n<li class=\"entry-title post-title\"><a href=\"http:\/\/www.itkommando.hu\/site\/leirasok\/raspberry-pi2-tapasztalatok\/\">RaspBerry Pi2 tapasztalatok<\/a><\/li>\n<li><a href=\"http:\/\/www.itkommando.hu\/site\/leirasok\/a-pi-termekcsalad\/a-raspberry-pi-2-valamint-a-banana-pi-r1-es-m1-osszehasonlitasa-benchmarkokon\/\" target=\"_blank\" rel=\"noopener\">A Pi-g\u00e9pek teljes\u00edtm\u00e9ny\u00e9r\u0151l<\/a><\/li>\n<li><a href=\"http:\/\/www.itkommando.hu\/site\/leirasok\/a-pi-termekcsalad\/mindent-bele-router-2-resz\/\">Mindent bele router 2. r\u00e9sz<\/a><\/li>\n<\/ul>\n\n\n<p><\/p>\n","protected":false},"excerpt":{"rendered":"<p>FRISS\u00cdT\u00c9S: A Raspberry PI 2 m\u00e1r csak haszn\u00e1ltan kaphat\u00f3. Az itt le\u00edrtak azonban a korszer\u0171bb v\u00e1ltozatokra is igazak. Az OpenELEC ut\u00e1n n\u00e9zz\u00fck meg, mennyiben m\u00e1s a az OSMC (Open Source&hellip;<a href=\"https:\/\/www.itkommando.hu\/site\/omsc-telepitese-raspberry-pi-2-re\/\" class=\"more-link\"><span class=\"more-button\">Tov\u00e1bb a r\u00e9szletekre<span class=\"screen-reader-text\">OSMC telep\u00edt\u00e9se Raspberry Pi 2-re<\/span><\/span><\/a><\/p>\n","protected":false},"author":1,"featured_media":0,"parent":0,"menu_order":0,"comment_status":"closed","ping_status":"closed","template":"","meta":{"footnotes":""},"categories":[91,80],"tags":[],"class_list":["post-3773","page","type-page","status-publish","hentry","category-feketeoveseknek","category-raspberry-pi-es-banan-pi"],"aioseo_notices":[],"_links":{"self":[{"href":"https:\/\/www.itkommando.hu\/site\/wp-json\/wp\/v2\/pages\/3773","targetHints":{"allow":["GET"]}}],"collection":[{"href":"https:\/\/www.itkommando.hu\/site\/wp-json\/wp\/v2\/pages"}],"about":[{"href":"https:\/\/www.itkommando.hu\/site\/wp-json\/wp\/v2\/types\/page"}],"author":[{"embeddable":true,"href":"https:\/\/www.itkommando.hu\/site\/wp-json\/wp\/v2\/users\/1"}],"replies":[{"embeddable":true,"href":"https:\/\/www.itkommando.hu\/site\/wp-json\/wp\/v2\/comments?post=3773"}],"version-history":[{"count":5,"href":"https:\/\/www.itkommando.hu\/site\/wp-json\/wp\/v2\/pages\/3773\/revisions"}],"predecessor-version":[{"id":5594,"href":"https:\/\/www.itkommando.hu\/site\/wp-json\/wp\/v2\/pages\/3773\/revisions\/5594"}],"wp:attachment":[{"href":"https:\/\/www.itkommando.hu\/site\/wp-json\/wp\/v2\/media?parent=3773"}],"wp:term":[{"taxonomy":"category","embeddable":true,"href":"https:\/\/www.itkommando.hu\/site\/wp-json\/wp\/v2\/categories?post=3773"},{"taxonomy":"post_tag","embeddable":true,"href":"https:\/\/www.itkommando.hu\/site\/wp-json\/wp\/v2\/tags?post=3773"}],"curies":[{"name":"wp","href":"https:\/\/api.w.org\/{rel}","templated":true}]}}