{"id":3869,"date":"2016-08-16T09:00:17","date_gmt":"2016-08-16T08:00:17","guid":{"rendered":"http:\/\/www.itkommando.hu\/site\/?page_id=3869"},"modified":"2021-07-15T11:00:00","modified_gmt":"2021-07-15T10:00:00","slug":"segitseg-vettem-egy-raspberry-pi-zero-t-de-nincs-hdmi-kabelem","status":"publish","type":"page","link":"https:\/\/www.itkommando.hu\/site\/segitseg-vettem-egy-raspberry-pi-zero-t-de-nincs-hdmi-kabelem\/","title":{"rendered":"Seg\u00edts\u00e9g, vettem egy Raspberry Pi Zero-t, de nincs HDMI k\u00e1belem!"},"content":{"rendered":"<figure id=\"attachment_3872\" aria-describedby=\"caption-attachment-3872\" style=\"width: 150px\" class=\"wp-caption alignright\"><a href=\"http:\/\/www.itkommando.hu\/site\/wp-content\/uploads\/fail_800.jpg\"><img loading=\"lazy\" decoding=\"async\" class=\"size-thumbnail wp-image-3872\" src=\"http:\/\/www.itkommando.hu\/site\/wp-content\/uploads\/fail_800-150x150.jpg\" alt=\"A HDMI k\u00e1bel miatt nem hasz\u00e1lhat\u00f3 az USB port\" width=\"150\" height=\"150\" \/><\/a><figcaption id=\"caption-attachment-3872\" class=\"wp-caption-text\">A HDMI k\u00e1bel miatt nem hasz\u00e1lhat\u00f3 az USB port<\/figcaption><\/figure>\n<p>Amikor hallottam, hogy megjelent a Raspberry Pi Zero, r\u00f6gt\u00f6n felk\u00e9sz\u00fcltem a sz\u00fcks\u00e9ges adapterekkel, hogy amikor v\u00e9gre k\u00e9zhez kapom (sajnos nem voltam el\u0151fizetve a magazinra, \u00e9s nem is rendeltem el\u0151re, sz\u00f3val v\u00e1rnom kellett) \u00fczembe is helyezhessem. Az USB OTG k\u00e1bel mellett vettem egy mini-HDMI micro-HDMI kombin\u00e1lt adaptert is, amivel azt hittem, fel vagyok k\u00e9sz\u00fclve. T\u00e9vedtem.<\/p>\n<p>A k\u00f6vetkez\u0151kben bemutatok n\u00e9h\u00e1ny tr\u00fckk\u00f6t arra, hogy hogyan lehet a Zero-t HDMI k\u00e1bel n\u00e9lk\u00fcl haszn\u00e1lni.<\/p>\n<h2>Mire van sz\u00fcks\u00e9g\u00fcnk?<\/h2>\n<ol>\n<li>Raspberry Pi Zero.<\/li>\n<li>Egy m\u0171k\u00f6d\u0151 laptop vagy asztali sz\u00e1m\u00edt\u00f3g\u00e9p.<\/li>\n<li>Micro-USB k\u00e1bel vagy t\u00f6lt\u0151 a Pi t\u00e1pell\u00e1t\u00e1s\u00e1nak biztos\u00edt\u00e1s\u00e1ra.<\/li>\n<li>Egy SD-k\u00e1rtya Raspbian oper\u00e1ci\u00f3s rendszerrel. <a title=\"Raspberrry Pi telep\u00edt\u00e9s, az els\u0151 l\u00e9p\u00e9sek\" href=\"http:\/\/pi.rook.hu\/raspberrry-pi-telepites-az-elso-lepesek-2013-06.html\">Ennek elk\u00e9sz\u00edt\u00e9s\u00e9re itt nem t\u00e9rek ki<\/a>.<\/li>\n<\/ol>\n<h2>1. megold\u00e1s: SSH<\/h2>\n<p>Ha rendelkez\u00e9se \u00e1ll egy USB-s Ethernet adapter, vagy ha valami m\u00e1s \u00faton m\u00e1r be\u00e1ll\u00edtottunk egy WiFi adaptert, akkor csak csatlakoztassuk a Zero-t a h\u00e1l\u00f3zatra, \u00e9s jelentkezz\u00fcnk be SSH-n kereszt\u00fcl. Linux alatt ez kifejezetten egyszer\u0171:<\/p>\n<p><code><br \/>\nssh -X pi@raspberrypi.local<br \/>\n<\/code><\/p>\n<p>Bejelentkezni alap\u00e9rtelmez\u00e9sben a <code>raspberry<\/code> jelsz\u00f3val tudunk, s\u0151t, az -X opci\u00f3nak k\u00f6sz\u00f6nhet\u0151en grafikus alkalmaz\u00e1sokat is futtathatunk t\u00e1volr\u00f3l.<\/p>\n<p>Windows alatt egy kicsit nehezebb dolgunk van. Egyr\u00e9szt telep\u00edten\u00fcnk kell a <a title=\"A PuTTY hivatalos oldala (angol)\" href=\"http:\/\/www.chiark.greenend.org.uk\/~sgtatham\/putty\/\">PuTTY<\/a>-ot, m\u00e1sr\u00e9szt, ha nincs telep\u00edtve a <a title=\"Az Apple oldala a Bonjour-r\u00f3l (angol)\" href=\"https:\/\/www.apple.com\/support\/bonjour\/\">Bonjour<\/a>, akkor meg kell hat\u00e1roznunk a Zero IP c\u00edm\u00e9t is. Ez a h\u00e1l\u00f3zatunk saj\u00e1toss\u00e1gait\u00f3l f\u00fcgg, de val\u00f3sz\u00edn\u0171leg router\u00fcnk be\u00e1ll\u00edt\u00f3 oldal\u00e1n a DHCP be\u00e1ll\u00edt\u00e1sok k\u00f6z\u00f6tt megtal\u00e1ljuk a csatlakoztatott g\u00e9pek list\u00e1j\u00e1t IP c\u00edmekkel. A PuTTY az alap\u00e9rtelmezett be\u00e1ll\u00edt\u00e1sokkal tud csatlakozni ehhez az IP c\u00edmhez. A felhaszn\u00e1l\u00f3n\u00e9v alap\u00e9rtelmez\u00e9sben <code>pi<\/code>, a jelsz\u00f3 pedig <code>raspberry<\/code>.<\/p>\n<h2>2. megold\u00e1s: soros adapter<\/h2>\n<p>Megjegyz\u00e9s: ehhez a m\u00f3dszerhez javasolt a Raspberry Pi csatlakoz\u00f3ira felforrasztani egy t\u00fcskesort.<\/p>\n<p>Ma m\u00e1r az \u00faj g\u00e9pekre nem szerelnek soros portot, de ez igaz\u00e1b\u00f3l nem baj, mert a hagyom\u00e1nyos RS232-es port t\u00f6bb okb\u00f3l is haszn\u00e1lhatatlan a Raspberry Pi-vel. Szerencs\u00e9re vannak erre megfelel\u0151 USB-s eszk\u00f6z\u00f6k, mint az al\u00e1bb l\u00e1that\u00f3 CP2102-es k\u00e1rtya.<\/p>\n<figure id=\"attachment_3871\" aria-describedby=\"caption-attachment-3871\" style=\"width: 300px\" class=\"wp-caption aligncenter\"><a href=\"http:\/\/www.itkommando.hu\/site\/wp-content\/uploads\/cp2102_800.jpg\"><img loading=\"lazy\" decoding=\"async\" class=\"size-medium wp-image-3871\" src=\"http:\/\/www.itkommando.hu\/site\/wp-content\/uploads\/cp2102_800-300x225.jpg\" alt=\"CP2102\" width=\"300\" height=\"225\" srcset=\"https:\/\/www.itkommando.hu\/site\/wp-content\/uploads\/cp2102_800-300x225.jpg 300w, https:\/\/www.itkommando.hu\/site\/wp-content\/uploads\/cp2102_800-768x576.jpg 768w, https:\/\/www.itkommando.hu\/site\/wp-content\/uploads\/cp2102_800-100x75.jpg 100w, https:\/\/www.itkommando.hu\/site\/wp-content\/uploads\/cp2102_800-150x113.jpg 150w, https:\/\/www.itkommando.hu\/site\/wp-content\/uploads\/cp2102_800-200x150.jpg 200w, https:\/\/www.itkommando.hu\/site\/wp-content\/uploads\/cp2102_800-450x338.jpg 450w, https:\/\/www.itkommando.hu\/site\/wp-content\/uploads\/cp2102_800-600x450.jpg 600w, https:\/\/www.itkommando.hu\/site\/wp-content\/uploads\/cp2102_800.jpg 800w\" sizes=\"auto, (max-width: 300px) 100vw, 300px\" \/><\/a><figcaption id=\"caption-attachment-3871\" class=\"wp-caption-text\">CP2102<\/figcaption><\/figure>\n<p>Igaz\u00e1b\u00f3l minden olyan USB-s UART adapter megfelel, ami 3.3V-ot haszn\u00e1l, de ki van rajta vezetve az 5V is. Mivel a k\u00fcl\u00f6nb\u00f6z\u0151 adaptereken a driver telep\u00edt\u00e9se elt\u00e9r, ennek a r\u00e9szleteibe nem megyek bele.<\/p>\n<p>Ha a Raspberry Pi Zero k\u00e1rty\u00e1t \u00fagy tartjuk, hogy a microSD k\u00e1rtya fel\u00e9nk n\u00e9z, \u00e9s a k\u00e1rtya tetej\u00e9n van, akkor a jobb oldali oszlop fels\u0151 r\u00e9sz\u00e9t a k\u00f6vetkez\u0151k szerint k\u00f6ss\u00fck be:<\/p>\n<ol>\n<li>Kihagy<\/li>\n<li>5V az UART adapteren<\/li>\n<li>GND az UART adapteren<\/li>\n<li>RXD az UART adapteren<\/li>\n<li>TXD az UART adapteren<\/li>\n<\/ol>\n<p>Ebben egy\u00e9bk\u00e9nt seg\u00edt, ha ismerj\u00fck a Raspberry Pi l\u00e1bkioszt\u00e1s\u00e1t, erre k\u00edv\u00e1l\u00f3 eszk\u00f6z p\u00e9ld\u00e1ul a <a href=\"https:\/\/pinout.xyz\/\">pinout.xyz (angol)<\/a>. Arra kell csak vigy\u00e1znunk, hogy cser\u00e9lj\u00fck fel a TXD-t \u00e9s az RXD-t az adapteren.<\/p>\n<p>Figyelem! Mivel most a Pi-t az adapter t\u00e1pl\u00e1lja, ne csatlakoztassunk m\u00e1s USB-s t\u00e1pegys\u00e9get! Az is fontos, hogy el\u0151sz\u00f6r az adaptert csatlakoztassuk a Pi-hez, \u00e9s ut\u00e1na az adaptert a sz\u00e1m\u00edt\u00f3g\u00e9phez.<\/p>\n<h3>Haszn\u00e1lat Windows alatt<\/h3>\n<p>El\u0151sz\u00f6r keress\u00fck meg az adaptert az eszk\u00f6zkezel\u0151ben, a Portok r\u00e9szn\u00e9l. Itt valami olyasmit fogunk tal\u00e1lni, hogy COM5, ez lesz a soros port azonos\u00edt\u00f3ja. Ezek ut\u00e1n megint a <a title=\"A PuTTY hivatalos oldala (angol)\" href=\"http:\/\/www.chiark.greenend.org.uk\/~sgtatham\/putty\/\">PuTTY<\/a> a bar\u00e1tunk, konfigur\u00e1ljuk az al\u00e1bbiak szerint:<\/p>\n<figure id=\"attachment_3873\" aria-describedby=\"caption-attachment-3873\" style=\"width: 600px\" class=\"wp-caption alignleft\"><a href=\"http:\/\/www.itkommando.hu\/site\/wp-content\/uploads\/putty_serial.png\"><img loading=\"lazy\" decoding=\"async\" class=\"size-full wp-image-3873\" src=\"http:\/\/www.itkommando.hu\/site\/wp-content\/uploads\/putty_serial.png\" alt=\"PuTTY konfigur\u00e1l\u00e1sa UART adapterhez\" width=\"600\" height=\"523\" srcset=\"https:\/\/www.itkommando.hu\/site\/wp-content\/uploads\/putty_serial.png 600w, https:\/\/www.itkommando.hu\/site\/wp-content\/uploads\/putty_serial-300x262.png 300w, https:\/\/www.itkommando.hu\/site\/wp-content\/uploads\/putty_serial-100x87.png 100w, https:\/\/www.itkommando.hu\/site\/wp-content\/uploads\/putty_serial-150x131.png 150w, https:\/\/www.itkommando.hu\/site\/wp-content\/uploads\/putty_serial-200x174.png 200w, https:\/\/www.itkommando.hu\/site\/wp-content\/uploads\/putty_serial-450x392.png 450w\" sizes=\"auto, (max-width: 600px) 100vw, 600px\" \/><\/a><figcaption id=\"caption-attachment-3873\" class=\"wp-caption-text\">PuTTY konfigur\u00e1l\u00e1sa UART adapterhez<\/figcaption><\/figure>\n<p>Ekkor bejelentkezhet\u00fcnk a termin\u00e1lba a <code>pi<\/code> felhaszn\u00e1l\u00f3val \u00e9s <code>raspberry<\/code> jelsz\u00f3val.<\/p>\n<h3>Haszn\u00e1lat Linux alatt<\/h3>\n<p>El\u0151sz\u00f6r gy\u0151z\u0151dj\u00fcnk meg arr\u00f3l, hogy a screen parancs telep\u00edtve van-e a g\u00e9p\u00fcnk\u00f6n. Ha ebben nem vagyunk biztosak, akkor Ubuntu \u00e9s Debian alatt p\u00e9ld\u00e1ul telep\u00edthetj\u00fck a k\u00f6vetkez\u0151 paranccsal:<\/p>\n<p><code><br \/>\napt-get install screen<br \/>\n<\/code><\/p>\n<p>Linux alatt az adapter val\u00f3sz\u00edn\u0171leg a <code>\/dev\/ttyUSB0<\/code> azonos\u00edt\u00f3t kapta. Lehets\u00e9ges emellett m\u00e9g a <code>\/dev\/ttyACM0<\/code>, vagy ezeknek magasabb sz\u00e1m\u00fa megfelel\u0151ik. Ennek megfelel\u0151en az al\u00e1bbi parancs ut\u00e1n m\u00e1r be is jelentkezhet\u00fcnk:<\/p>\n<p><code><br \/>\nscreen \/dev\/ttyUSB0 115200<br \/>\n<\/code><\/p>\n<h2>3. megold\u00e1s: Kompozit vide\u00f3<\/h2>\n<p>Ma m\u00e1r a digit\u00e1lis vide\u00f3 majdnem minden\u00fcnnen kiszor\u00edtotta az anal\u00f3g technik\u00e1kat, \u00e9s a hagyom\u00e1nyos kompozit PAL vagy NTSC vide\u00f3 sem kiv\u00e9tel ez al\u00f3l. Ennek ellen\u00e9re sok TV-n ma is megtal\u00e1lhat\u00f3 a s\u00e1rga kompozit RCA bemenet, \u00e9s ha ilyen TV-nk van, akkor bizony a Raspberry Pi Zero azt is kezelni tudja. Ugyanakkor ehhez a megold\u00e1shoz kell m\u00e9g az USB OTG k\u00e1bel \u00e9s egy USB billenty\u0171zet is.<\/p>\n<p>Figyelem! Ezt a technik\u00e1t csak a tapasztaltabbak pr\u00f3b\u00e1lj\u00e1k ki, mert nem megfelel\u0151 el\u0151vigy\u00e1zatosss\u00e1g mellett a Pi, de ak\u00e1r sz\u00e9ls\u0151 esetben a TV k\u00e9sz\u00fcl\u00e9k is s\u00e9r\u00fclhet.<\/p>\n<p>Ehhez a megold\u00e1shoz \u00e9rdemes beforrasztani k\u00e9t t\u00fcsk\u00e9t a Zero-ba, a TV felirat mellett. Sz\u00fcks\u00e9g\u00fcnk lesz emellett m\u00e9g egy fel\u00e1ldozhat\u00f3 RCA k\u00e1belre, \u00e9s k\u00e9t olyan vezet\u00e9kre, ami illik a t\u00fcskesorra. El\u0151zetesen ehhez \u00e9rdemes tudni, hogy az RCA egy koaxi\u00e1lis k\u00e1bel, ami azt jelenti, hogy a jel egy k\u00f6zponti vezet\u0151n fut, amit egy \u00e1rny\u00e9kol\u00e1s vesz k\u00f6rbe.<\/p>\n<ol>\n<li>El\u0151sz\u00f6r v\u00e1gjuk le az egyzik csatlakoz\u00f3t (vagy v\u00e1gjuk f\u00e9lbe) az RCA k\u00e1belr\u0151l.<\/li>\n<li>1,5-2 cm magass\u00e1gban pucoljuk meg az RCA k\u00e1belt vigy\u00e1zva, hogy ne s\u00e9rts\u00fck meg az \u00e1rny\u00e9kol\u00e1st. A k\u00e1bel min\u0151s\u00e9g\u00e9t\u0151l f\u00fcgg\u0151en ez val\u00f3sz\u00edn\u0171leg n\u00e9h\u00e1ny v\u00e9kony r\u00e9zdr\u00f3t lesz a bels\u0151 szitetel\u00e9s k\u00f6r\u00fcl.<\/li>\n<li>Forrasszuk hozz\u00e1 a dr\u00f3tot az \u00e1rny\u00e9kol\u00e1shoz, ellen\u0151rizz\u00fck a kapcsolatot egy multim\u00e9terrel, majd szigetelj\u00fck szigetel\u0151szalaggal. N\u00e1lam ez lett a fekete dr\u00f3t. Ha a k\u00e9t vezet\u00e9k sz\u00edne egyezik, akkor is fontos megjel\u00f6lni, melyik tartozik az \u00e1rny\u00e9kol\u00e1shoz, \u00e9s melyik a k\u00f6zponti vezet\u0151h\u00f6z.<\/li>\n<li>Pucoljuk meg a bels\u0151 szigetel\u00e9st valahol a k\u00e1bel v\u00e9ge \u00e9s az el\u0151z\u0151 pucol\u00e1s k\u00f6z\u00f6tt f\u00e9l\u00fat t\u00e1j\u00e9k\u00e1n.<\/li>\n<li>A felszabadult k\u00f6zponti k\u00e1belhez forrasszuk hozz\u00e1 a m\u00e1sik vezet\u00e9ket, ellen\u0151rizz\u00fck a kapcsolatot megint, majd ezt is szigetelj\u00fck szigetel\u0151szalaggal. N\u00e1lam ez lett a feh\u00e9r vezet\u00e9k.<\/li>\n<li>Az eg\u00e9sz szerel\u00e9st biztos\u00edtsuk egy kis szigetel\u0151szalaggal. Ha mindent j\u00f3l csin\u00e1ltunk, valami ilyesmi lesz a v\u00e9geredm\u00e9ny:<\/li>\n<\/ol>\n<figure id=\"attachment_3874\" aria-describedby=\"caption-attachment-3874\" style=\"width: 300px\" class=\"wp-caption aligncenter\"><a href=\"http:\/\/www.itkommando.hu\/site\/wp-content\/uploads\/rca_800.jpg\"><img loading=\"lazy\" decoding=\"async\" class=\"size-medium wp-image-3874\" src=\"http:\/\/www.itkommando.hu\/site\/wp-content\/uploads\/rca_800-300x225.jpg\" alt=\"A k\u00e9sz RCA k\u00e1bel\" width=\"300\" height=\"225\" srcset=\"https:\/\/www.itkommando.hu\/site\/wp-content\/uploads\/rca_800-300x225.jpg 300w, https:\/\/www.itkommando.hu\/site\/wp-content\/uploads\/rca_800-768x576.jpg 768w, https:\/\/www.itkommando.hu\/site\/wp-content\/uploads\/rca_800-100x75.jpg 100w, https:\/\/www.itkommando.hu\/site\/wp-content\/uploads\/rca_800-150x113.jpg 150w, https:\/\/www.itkommando.hu\/site\/wp-content\/uploads\/rca_800-200x150.jpg 200w, https:\/\/www.itkommando.hu\/site\/wp-content\/uploads\/rca_800-450x338.jpg 450w, https:\/\/www.itkommando.hu\/site\/wp-content\/uploads\/rca_800-600x450.jpg 600w, https:\/\/www.itkommando.hu\/site\/wp-content\/uploads\/rca_800.jpg 800w\" sizes=\"auto, (max-width: 300px) 100vw, 300px\" \/><\/a><figcaption id=\"caption-attachment-3874\" class=\"wp-caption-text\">A k\u00e9sz RCA k\u00e1bel<\/figcaption><\/figure>\n<p>Ezek ut\u00e1n m\u00e1r csak csatlakoztatni kell ezt a k\u00e1belt. A k\u00f6zponti vezet\u00e9k a TV felirat\u00fa l\u00e1bhoz megy, az \u00e1rny\u00e9kol\u00e1s a mellette l\u00e9v\u0151h\u00f6z. Az RCA-t ezut\u00e1n dugjuk be a TV-n l\u00e9v\u0151 s\u00e1rga RCA aljzatba, dugjuk be az egeret, billenty\u0171zetet \u00e9s t\u00e1pot, \u00e9s k\u00e9szen is vagyunk.<\/p>\n<figure id=\"attachment_3875\" aria-describedby=\"caption-attachment-3875\" style=\"width: 300px\" class=\"wp-caption aligncenter\"><a href=\"http:\/\/www.itkommando.hu\/site\/wp-content\/uploads\/rca_connection_800.jpg\"><img loading=\"lazy\" decoding=\"async\" class=\"size-medium wp-image-3875\" src=\"http:\/\/www.itkommando.hu\/site\/wp-content\/uploads\/rca_connection_800-300x200.jpg\" alt=\"Az RCA k\u00e1bel csatlakoztatva\" width=\"300\" height=\"200\" srcset=\"https:\/\/www.itkommando.hu\/site\/wp-content\/uploads\/rca_connection_800-300x200.jpg 300w, https:\/\/www.itkommando.hu\/site\/wp-content\/uploads\/rca_connection_800-768x512.jpg 768w, https:\/\/www.itkommando.hu\/site\/wp-content\/uploads\/rca_connection_800-100x67.jpg 100w, https:\/\/www.itkommando.hu\/site\/wp-content\/uploads\/rca_connection_800-150x100.jpg 150w, https:\/\/www.itkommando.hu\/site\/wp-content\/uploads\/rca_connection_800-200x133.jpg 200w, https:\/\/www.itkommando.hu\/site\/wp-content\/uploads\/rca_connection_800-450x300.jpg 450w, https:\/\/www.itkommando.hu\/site\/wp-content\/uploads\/rca_connection_800-600x400.jpg 600w, https:\/\/www.itkommando.hu\/site\/wp-content\/uploads\/rca_connection_800.jpg 800w\" sizes=\"auto, (max-width: 300px) 100vw, 300px\" \/><\/a><figcaption id=\"caption-attachment-3875\" class=\"wp-caption-text\">Az RCA k\u00e1bel csatlakoztatva<\/figcaption><\/figure>\n<p>A k\u00e9pmin\u0151s\u00e9g digit\u00e1lis technol\u00f3gi\u00e1hoz szokott szemmel kritik\u00e1n aluli, de legal\u00e1bb nem kell a konzolon p\u00f6ty\u00f6gni.<\/p>\n<p>A cikket k\u00e9sz\u00edtette: Kov\u00e1cs B\u00e1lint egyetemista bar\u00e1tunk<\/p>\n","protected":false},"excerpt":{"rendered":"<p>Amikor hallottam, hogy megjelent a Raspberry Pi Zero, r\u00f6gt\u00f6n felk\u00e9sz\u00fcltem a sz\u00fcks\u00e9ges adapterekkel, hogy amikor v\u00e9gre k\u00e9zhez kapom (sajnos nem voltam el\u0151fizetve a magazinra, \u00e9s nem is rendeltem el\u0151re, sz\u00f3val&hellip;<a href=\"https:\/\/www.itkommando.hu\/site\/segitseg-vettem-egy-raspberry-pi-zero-t-de-nincs-hdmi-kabelem\/\" class=\"more-link\"><span class=\"more-button\">Tov\u00e1bb a r\u00e9szletekre<span class=\"screen-reader-text\">Seg\u00edts\u00e9g, vettem egy Raspberry Pi Zero-t, de nincs HDMI k\u00e1belem!<\/span><\/span><\/a><\/p>\n","protected":false},"author":1,"featured_media":3872,"parent":0,"menu_order":0,"comment_status":"closed","ping_status":"closed","template":"","meta":{"footnotes":""},"categories":[80],"tags":[],"class_list":["post-3869","page","type-page","status-publish","has-post-thumbnail","hentry","category-raspberry-pi-es-banan-pi"],"aioseo_notices":[],"_links":{"self":[{"href":"https:\/\/www.itkommando.hu\/site\/wp-json\/wp\/v2\/pages\/3869","targetHints":{"allow":["GET"]}}],"collection":[{"href":"https:\/\/www.itkommando.hu\/site\/wp-json\/wp\/v2\/pages"}],"about":[{"href":"https:\/\/www.itkommando.hu\/site\/wp-json\/wp\/v2\/types\/page"}],"author":[{"embeddable":true,"href":"https:\/\/www.itkommando.hu\/site\/wp-json\/wp\/v2\/users\/1"}],"replies":[{"embeddable":true,"href":"https:\/\/www.itkommando.hu\/site\/wp-json\/wp\/v2\/comments?post=3869"}],"version-history":[{"count":8,"href":"https:\/\/www.itkommando.hu\/site\/wp-json\/wp\/v2\/pages\/3869\/revisions"}],"predecessor-version":[{"id":5596,"href":"https:\/\/www.itkommando.hu\/site\/wp-json\/wp\/v2\/pages\/3869\/revisions\/5596"}],"wp:featuredmedia":[{"embeddable":true,"href":"https:\/\/www.itkommando.hu\/site\/wp-json\/wp\/v2\/media\/3872"}],"wp:attachment":[{"href":"https:\/\/www.itkommando.hu\/site\/wp-json\/wp\/v2\/media?parent=3869"}],"wp:term":[{"taxonomy":"category","embeddable":true,"href":"https:\/\/www.itkommando.hu\/site\/wp-json\/wp\/v2\/categories?post=3869"},{"taxonomy":"post_tag","embeddable":true,"href":"https:\/\/www.itkommando.hu\/site\/wp-json\/wp\/v2\/tags?post=3869"}],"curies":[{"name":"wp","href":"https:\/\/api.w.org\/{rel}","templated":true}]}}