{"id":3896,"date":"2016-09-03T16:24:35","date_gmt":"2016-09-03T15:24:35","guid":{"rendered":"http:\/\/www.itkommando.hu\/site\/?page_id=3896"},"modified":"2021-07-14T18:23:27","modified_gmt":"2021-07-14T17:23:27","slug":"a-feleseg-radiot-akar-hallgatni","status":"publish","type":"page","link":"https:\/\/www.itkommando.hu\/site\/leirasok\/a-pi-termekcsalad\/a-feleseg-radiot-akar-hallgatni\/","title":{"rendered":"A Feles\u00e9g r\u00e1di\u00f3t akar hallgatni"},"content":{"rendered":"<p>Az egyik nap a Feles\u00e9g r\u00e1mutatott egy r\u00e1di\u00f3ra: \u201eEzen szeretn\u00e9m a Juventust hallgatni!&#8221;<\/p>\n<figure id=\"attachment_3898\" aria-describedby=\"caption-attachment-3898\" style=\"width: 347px\" class=\"wp-caption alignright\"><a href=\"http:\/\/www.itkommando.hu\/site\/wp-content\/uploads\/420A_1.png\"><img loading=\"lazy\" decoding=\"async\" class=\" wp-image-3898\" src=\"http:\/\/www.itkommando.hu\/site\/wp-content\/uploads\/420A_1.png\" alt=\"Feles\u00e9g erre mutatott\" width=\"347\" height=\"240\" srcset=\"https:\/\/www.itkommando.hu\/site\/wp-content\/uploads\/420A_1.png 658w, https:\/\/www.itkommando.hu\/site\/wp-content\/uploads\/420A_1-300x207.png 300w, https:\/\/www.itkommando.hu\/site\/wp-content\/uploads\/420A_1-100x69.png 100w, https:\/\/www.itkommando.hu\/site\/wp-content\/uploads\/420A_1-150x104.png 150w, https:\/\/www.itkommando.hu\/site\/wp-content\/uploads\/420A_1-200x138.png 200w, https:\/\/www.itkommando.hu\/site\/wp-content\/uploads\/420A_1-450x311.png 450w, https:\/\/www.itkommando.hu\/site\/wp-content\/uploads\/420A_1-600x415.png 600w\" sizes=\"auto, (max-width: 347px) 100vw, 347px\" \/><\/a><figcaption id=\"caption-attachment-3898\" class=\"wp-caption-text\">Feles\u00e9g erre mutatott<\/figcaption><\/figure>\n<p>Gyors ut\u00e1nan\u00e9z\u00e9s: A Juventus manaps\u00e1g Sl\u00e1ger FM n\u00e9ven fut. A neve is jelzi, hogy URH-n \u00e9rhet\u0151 el.<\/p>\n<p>A r\u00e1di\u00f3, amire r\u00e1mutatott, egy nagyon j\u00f3 min\u0151s\u00e9g\u0171, 1953-as t\u00edpus (igen, r\u00e1di\u00f3gy\u0171jt\u0151 vagyok). Az Orion 420A hossz\u00fa-, k\u00f6z\u00e9p- \u00e9s r\u00f6vidhull\u00e1m v\u00e9tel\u00e9re alkalmas, de 1953-ban Magyarorsz\u00e1gon az URH \u00e9s az FM ismeretlen fogalom volt.<\/p>\n<p>Ilyenkor fejvakar\u00e1s. A megold\u00e1s keres\u00e9se. Legyen egy URH k\u00e9pes kisszuper. Azok nem el\u00e9g sz\u00e9pek. A Pacsirta t\u00fal nagy. Nincs mese ezzel kell megoldani.<\/p>\n<p>A r\u00e1di\u00f3nak szerencs\u00e9re van lemezj\u00e1tsz\u00f3 (korabeli nev\u00e9n gramophon) bemenete. Erre tetsz\u0151leges jelet lehet adni, \u00e9s a legt\u00f6bb r\u00e1di\u00f3nak van webes ad\u00e1sa (stream).<\/p>\n<p>Innent\u0151l nincs m\u00e1s feladat, mint tal\u00e1lni egy olyan eszk\u00f6zt, amellyel a steam lej\u00e1tszhat\u00f3. Az <a href=\"http:\/\/www.itkommando.hu\/site\/a_halozat_szolgalataban\/tanulmanyok\/a-google-es-a-duckduckgo-kereso-hasznalata\/\">Internetes keres\u0151k<\/a> haszn\u00e1lat\u00e1val eljutottam a RuneAudio programhoz, ami telefonr\u00f3l, PC-r\u0151l, t\u00e1bl\u00e1r\u00f3l is t\u00e1vir\u00e1ny\u00edthat\u00f3, azonban nincs sz\u00fcks\u00e9g saj\u00e1t kijelz\u0151re.<\/p>\n<figure id=\"attachment_2994\" aria-describedby=\"caption-attachment-2994\" style=\"width: 320px\" class=\"wp-caption alignright\"><a href=\"http:\/\/www.itkommando.hu\/site\/wp-content\/uploads\/Raspberry_Pi_2_Model_B_front1.jpg\"><img loading=\"lazy\" decoding=\"async\" class=\"wp-image-2994 size-full\" src=\"http:\/\/www.itkommando.hu\/site\/wp-content\/uploads\/Raspberry_Pi_2_Model_B_front1.jpg\" alt=\"Raspberry_Pi_2_Model_B_front\" width=\"320\" height=\"213\" srcset=\"https:\/\/www.itkommando.hu\/site\/wp-content\/uploads\/Raspberry_Pi_2_Model_B_front1.jpg 320w, https:\/\/www.itkommando.hu\/site\/wp-content\/uploads\/Raspberry_Pi_2_Model_B_front1-300x199.jpg 300w\" sizes=\"auto, (max-width: 320px) 100vw, 320px\" \/><\/a><figcaption id=\"caption-attachment-2994\" class=\"wp-caption-text\">A raspberry Pi a megold\u00e1st<\/figcaption><\/figure>\n<p>A program a k\u00e9pess\u00e9geit r\u00f6viden \u00fagy foglaln\u00e1m \u00f6ssze, hogy a lekv\u00e1ros palacsint\u00e1n k\u00edv\u00fcl b\u00e1rmit lej\u00e1tszik:<\/p>\n<ul>\n<li>Pendrivon\/USB HDD-n t\u00e1rolt zen\u00e9t<\/li>\n<li>H\u00e1l\u00f3zati megosztott mapp\u00e1ban t\u00e1rolt zen\u00e9t (SMB vagy NFS)<\/li>\n<li>Webr\u00e1di\u00f3t<\/li>\n<li>K\u00fcl\u00f6nb\u00f6z\u0151 szabv\u00e1nyos h\u00e1l\u00f3zati protokollokkal megosztott zen\u00e9t<\/li>\n<\/ul>\n<p>A telep\u00edt\u00e9s a m\u00e1r megszokott m\u00f3don megy:<\/p>\n<p>Kezdj\u00fck azzal, hogy <a href=\"http:\/\/www.rpimusicplayer.com\/\">let\u00f6ltj\u00fck<\/a> a megfelel\u0151 image-t \u00e9s kicsomagoljuk:<\/p>\n<pre>\u00a0gzip -d RuneAudio_rpi2_rp3_0.4-beta_20160321_2GB.img.gz<\/pre>\n<p>ezut\u00e1n \u00edrjuk ki az SD k\u00e1rty\u00e1ra:<\/p>\n<pre>sudo dd if=RuneAudio_rpi2_rp3_0.4-beta_20160321_2GB.img of=\/dev\/mmcblk0<\/pre>\n<p>ahol:<\/p>\n<p><em>RuneAudio_rpi2_rp3_0.4-beta_20160321_2GB.img<\/em> az image neve<\/p>\n<p><em>\/dev\/mmcblk0<\/em> Az SD k\u00e1rty\u00e1hoz tartoz\u00f3 linux device file<\/p>\n<p>A meg\u00edrt SD k\u00e1rty\u00e1t behelyezz\u00fck a Raspberry Pi alaplapba \u00e9s bekapcsoljuk. Itt az id\u0151 egy k\u00e1v\u00e9ra. Az els\u0151 bootol\u00e1s el\u00e9g sok\u00e1ig tart.<\/p>\n<p>A be\u00e1ll\u00edt\u00e1sokhoz nincsen sz\u00fcks\u00e9g a Pi eszk\u00f6zh\u00f6z k\u00f6t\u00f6tt monitorra vagy billenty\u0171zetre. Ha ismerj\u00fck az eszk\u00f6z IP c\u00edm\u00e9t, akkor egy b\u00f6ng\u00e9sz\u0151vel kezelhetj\u00fck, ha nem, a <a href=\"https:\/\/play.google.com\/store\/apps\/details?id=com.runeaudio\">RuneAudio remote control<\/a> nev\u0171 program k\u00e9pes megtal\u00e1lni \u00e9s kezelni is az \u00e9rintett eszk\u00f6z\u00f6ket.<\/p>\n<p>Sajnos nincsen a programcsomagnak magyar nyelv\u0171 v\u00e1ltozata, de minim\u00e1lis angol nyelvismerettel a program haszn\u00e1lhat\u00f3.<\/p>\n<p>A webr\u00e1di\u00f3k felprogramoz\u00e1sa egy kis csapd\u00e1t rejt, mert a lista nem friss\u00fcl azonnal, amikor a r\u00e1di\u00f3t felvett\u00fck, csak p\u00e1r perc eltelt\u00e9vel. Ezt a hib\u00e1t rem\u00e9lhet\u0151leg a k\u00e9s\u0151bbi verzi\u00f3kban jav\u00edtj\u00e1k<\/p>\n<p>A hang lej\u00e1tsz\u00e1s\u00e1ra lehet haszn\u00e1lni a k\u00e1rtya hangkimenet\u00e9t, vagy k\u00fcl\u00f6nb\u00f6z\u0151 HiFi hangk\u00e1rty\u00e1kat. Adott esetben a hangot a r\u00e1di\u00f3 er\u0151s\u00edt\u0151j\u00e9n kereszt\u00fcl fogjuk hallgatni.<\/p>\n<h3>Kapcsol\u00f3d\u00f3 cikkek<\/h3>\n<ul>\n<li><a href=\"https:\/\/www.itkommando.hu\/site\/leirasok\/a-pi-termekcsalad\/a-bananian-frissitese\/\">A bananian friss\u00edt\u00e9se<\/a><\/li>\n<li><a href=\"https:\/\/www.itkommando.hu\/site\/leirasok\/raspberry-pi\/\">Raspberry PI 1<\/a><\/li>\n<li><a href=\"https:\/\/www.itkommando.hu\/site\/leirasok\/a-pi-termekcsalad\/mindent-bele-router-2-resz\/\">Mindent bele router<\/a><\/li>\n<\/ul>\n","protected":false},"excerpt":{"rendered":"<p>Az egyik nap a Feles\u00e9g r\u00e1mutatott egy r\u00e1di\u00f3ra: \u201eEzen szeretn\u00e9m a Juventust hallgatni!&#8221; Gyors ut\u00e1nan\u00e9z\u00e9s: A Juventus manaps\u00e1g Sl\u00e1ger FM n\u00e9ven fut. A neve is jelzi, hogy URH-n \u00e9rhet\u0151 el.&hellip;<a href=\"https:\/\/www.itkommando.hu\/site\/leirasok\/a-pi-termekcsalad\/a-feleseg-radiot-akar-hallgatni\/\" class=\"more-link\"><span class=\"more-button\">Tov\u00e1bb a r\u00e9szletekre<span class=\"screen-reader-text\">A Feles\u00e9g r\u00e1di\u00f3t akar hallgatni<\/span><\/span><\/a><\/p>\n","protected":false},"author":1,"featured_media":0,"parent":2973,"menu_order":0,"comment_status":"closed","ping_status":"closed","template":"","meta":{"footnotes":""},"categories":[12,70,72,80,13],"tags":[],"class_list":["post-3896","page","type-page","status-publish","hentry","category-hardver","category-internet","category-linux","category-raspberry-pi-es-banan-pi","category-szoftver"],"aioseo_notices":[],"_links":{"self":[{"href":"https:\/\/www.itkommando.hu\/site\/wp-json\/wp\/v2\/pages\/3896","targetHints":{"allow":["GET"]}}],"collection":[{"href":"https:\/\/www.itkommando.hu\/site\/wp-json\/wp\/v2\/pages"}],"about":[{"href":"https:\/\/www.itkommando.hu\/site\/wp-json\/wp\/v2\/types\/page"}],"author":[{"embeddable":true,"href":"https:\/\/www.itkommando.hu\/site\/wp-json\/wp\/v2\/users\/1"}],"replies":[{"embeddable":true,"href":"https:\/\/www.itkommando.hu\/site\/wp-json\/wp\/v2\/comments?post=3896"}],"version-history":[{"count":8,"href":"https:\/\/www.itkommando.hu\/site\/wp-json\/wp\/v2\/pages\/3896\/revisions"}],"predecessor-version":[{"id":5513,"href":"https:\/\/www.itkommando.hu\/site\/wp-json\/wp\/v2\/pages\/3896\/revisions\/5513"}],"up":[{"embeddable":true,"href":"https:\/\/www.itkommando.hu\/site\/wp-json\/wp\/v2\/pages\/2973"}],"wp:attachment":[{"href":"https:\/\/www.itkommando.hu\/site\/wp-json\/wp\/v2\/media?parent=3896"}],"wp:term":[{"taxonomy":"category","embeddable":true,"href":"https:\/\/www.itkommando.hu\/site\/wp-json\/wp\/v2\/categories?post=3896"},{"taxonomy":"post_tag","embeddable":true,"href":"https:\/\/www.itkommando.hu\/site\/wp-json\/wp\/v2\/tags?post=3896"}],"curies":[{"name":"wp","href":"https:\/\/api.w.org\/{rel}","templated":true}]}}