{"id":3953,"date":"2017-01-04T10:10:51","date_gmt":"2017-01-04T09:10:51","guid":{"rendered":"http:\/\/www.itkommando.hu\/site\/?page_id=3953"},"modified":"2021-07-15T10:04:31","modified_gmt":"2021-07-15T09:04:31","slug":"kinai-telefon","status":"publish","type":"page","link":"https:\/\/www.itkommando.hu\/site\/leirasok\/kinai-telefon\/","title":{"rendered":"K\u00ednai telefon"},"content":{"rendered":"<p><a href=\"http:\/\/www.itkommando.hu\/site\/wp-content\/uploads\/Xiaomi-Redmi-3X.jpg\"><img loading=\"lazy\" decoding=\"async\" class=\"alignright wp-image-3957 size-medium\" src=\"http:\/\/www.itkommando.hu\/site\/wp-content\/uploads\/Xiaomi-Redmi-3X-300x300.jpg\" alt=\"Xiaomi Redmi 3S\" width=\"300\" height=\"300\" srcset=\"https:\/\/www.itkommando.hu\/site\/wp-content\/uploads\/Xiaomi-Redmi-3X-300x300.jpg 300w, https:\/\/www.itkommando.hu\/site\/wp-content\/uploads\/Xiaomi-Redmi-3X-150x150.jpg 150w, https:\/\/www.itkommando.hu\/site\/wp-content\/uploads\/Xiaomi-Redmi-3X-100x100.jpg 100w, https:\/\/www.itkommando.hu\/site\/wp-content\/uploads\/Xiaomi-Redmi-3X-200x200.jpg 200w, https:\/\/www.itkommando.hu\/site\/wp-content\/uploads\/Xiaomi-Redmi-3X-450x451.jpg 450w, https:\/\/www.itkommando.hu\/site\/wp-content\/uploads\/Xiaomi-Redmi-3X-600x601.jpg 600w, https:\/\/www.itkommando.hu\/site\/wp-content\/uploads\/Xiaomi-Redmi-3X.jpg 605w\" sizes=\"auto, (max-width: 300px) 100vw, 300px\" \/><\/a>Egy partner\u00fcnk megjelent egy K\u00edn\u00e1b\u00f3l hozott Xiaomi Redmi 3X telefonnal, mondv\u00e1n elakadt, nem tal\u00e1lja a Google Play \u00e1ruh\u00e1zat. Gyors egyeztet\u00e9s, a k\u00e9sz\u00fcl\u00e9k val\u00f3ban K\u00edn\u00e1b\u00f3l sz\u00e1rmazik \u00e9s nem export kivitel. Ebben az esetben ez \u00edgy van rendben, mivel K\u00edn\u00e1nak \u00e9s a Google-nak m\u00e1s az elk\u00e9pzel\u00e9se a sajt\u00f3szabads\u00e1gr\u00f3l \u00e9s a demokr\u00e1ci\u00e1r\u00f3l. Ezek miatt a helyi kivitel\u0171 k\u00e9sz\u00fcl\u00e9kekr\u0151l minden Google term\u00e9ket lehagynak, a Facebook helyett is a helyi alternat\u00edva van. Kicsit groteszk mindez egy Android k\u00e9sz\u00fcl\u00e9ken.<\/p>\n<h2>A k\u00e9sz\u00fcl\u00e9k fontosabb adatai<\/h2>\n<p>Az adatokat a gy\u00e1rt\u00f3 oldal\u00e1r\u00f3l szerezt\u00fck:<\/p>\n<ul>\n<li>A kibocs\u00e1jt\u00e1s id\u0151pontja: 2016. j\u00fanius<\/li>\n<li>M\u00e9ret:140X70X8,5 mm<\/li>\n<li>Kijelz\u0151 5&#8243; 1280 x 720 felbont\u00e1ssal<\/li>\n<li>T\u00f6meg:144g<br \/>\nSIM:Dual SIM dual standby egy nano- \u00e9s egy mikro k\u00e1rtyahely<\/li>\n<li>Chipset: Snapdragon 430\n<ul>\n<li>Octa-core 1.4 GHz Cortex-A53 64 bit<\/li>\n<li>2G RAM<\/li>\n<li>32G h\u00e1tt\u00e9rt\u00e1r a 2. SIM k\u00e1rtya hely\u00e9re helyezett mikro SD k\u00e1rty\u00e1val 256G-ig b\u0151v\u00edthet\u0151<\/li>\n<\/ul>\n<\/li>\n<li>Els\u0151dleges kamera: 13MP, f\/2.0 LED vaku (zsebl\u00e1mpak\u00e9nt is helyt\u00e1ll)<\/li>\n<li>Szelfi kamera: 5MP, f\/2,2<\/li>\n<li>Be\u00e9p\u00edtett kihangos\u00edt\u00f3<\/li>\n<li>H\u00e1l\u00f3zat:\n<ul>\n<li>2G,3G,4G kapcsolat. A m\u00e1sodlagos SIM csak 2G kapcsolatra k\u00e9pes<\/li>\n<li>WiFi:\u00a0802.11 b\/g\/n, Wi-Fi Direct, hotspot<\/li>\n<li>Bluetooth 4.1<\/li>\n<li>IR blaster<\/li>\n<\/ul>\n<\/li>\n<li>Helymeghat\u00e1roz\u00e1s\n<ul>\n<li><a href=\"https:\/\/hu.wikipedia.org\/wiki\/Global_Positioning_System\">GPS<\/a> <a href=\"https:\/\/hu.wikipedia.org\/wiki\/AGPS\">A-GPS<\/a> t\u00e1mogat\u00e1ssal<\/li>\n<li>GLONASS (Orosz helymeghat\u00e1roz\u00f3 rendszer)<\/li>\n<li>BDS (K\u00ednai alternat\u00edva)<\/li>\n<li>Galileo t\u00e1mogat\u00e1s nem v\u00e1rhat\u00f3<\/li>\n<\/ul>\n<\/li>\n<li>FM r\u00e1di\u00f3<\/li>\n<li>Akkumul\u00e1tor: 4100mAh (a gy\u00e1rt\u00f3 k\u00e9tnapos akkuk\u00e9nt jellemzi)<\/li>\n<\/ul>\n<p><a href=\"http:\/\/www.itkommando.hu\/site\/wp-content\/uploads\/unlock_Xiaomi.png\"><img loading=\"lazy\" decoding=\"async\" class=\"alignright size-medium wp-image-3956\" src=\"http:\/\/www.itkommando.hu\/site\/wp-content\/uploads\/unlock_Xiaomi-300x166.png\" alt=\"\" width=\"300\" height=\"166\" srcset=\"https:\/\/www.itkommando.hu\/site\/wp-content\/uploads\/unlock_Xiaomi-300x166.png 300w, https:\/\/www.itkommando.hu\/site\/wp-content\/uploads\/unlock_Xiaomi-768x424.png 768w, https:\/\/www.itkommando.hu\/site\/wp-content\/uploads\/unlock_Xiaomi-1024x565.png 1024w, https:\/\/www.itkommando.hu\/site\/wp-content\/uploads\/unlock_Xiaomi-100x55.png 100w, https:\/\/www.itkommando.hu\/site\/wp-content\/uploads\/unlock_Xiaomi-150x83.png 150w, https:\/\/www.itkommando.hu\/site\/wp-content\/uploads\/unlock_Xiaomi-200x110.png 200w, https:\/\/www.itkommando.hu\/site\/wp-content\/uploads\/unlock_Xiaomi-450x248.png 450w, https:\/\/www.itkommando.hu\/site\/wp-content\/uploads\/unlock_Xiaomi-600x331.png 600w, https:\/\/www.itkommando.hu\/site\/wp-content\/uploads\/unlock_Xiaomi-900x497.png 900w, https:\/\/www.itkommando.hu\/site\/wp-content\/uploads\/unlock_Xiaomi.png 1848w\" sizes=\"auto, (max-width: 300px) 100vw, 300px\" \/><\/a>Az \u00e1r\u00e1hoz k\u00e9pest a szolg\u00e1ltat\u00e1sai j\u00f3nak mondhat\u00f3ak. Az Eur\u00f3p\u00e1ban megszokott szolg\u00e1ltat\u00e1sok \u00e9s a magyar nyelv hi\u00e1nya azonban megoldand\u00f3 probl\u00e9ma. Az eur\u00f3pai j\u00f3v\u00e1hagy\u00e1sa nincs meg (hiszen k\u00ednai belpiacos k\u00e9sz\u00fcl\u00e9k), b\u00e1r &#8211; a szoftveren k\u00edv\u00fcl &#8211; megegyezik az Eur\u00f3p\u00e1ba sz\u00e1ll\u00edtott 3S modellel.<\/p>\n<h2>A friss\u00edt\u00e9s<\/h2>\n<p>Gyors ut\u00e1naolvas\u00e1s ut\u00e1n a szoftverfriss\u00edt\u00e9s egyszer\u0171:\u00a0 A gy\u00e1rt\u00f3 oldal\u00e1r\u00f3l le kell t\u00f6lteni az aktu\u00e1lis szoftvert, a telefon megfelel\u0151 mapp\u00e1j\u00e1ba m\u00e1solni \u00e9s m\u00e1r szinte k\u00e9sz is vagyunk. Term\u00e9szetesen a dolog ennyire nem egyszer\u0171. Ez a m\u00f3dszer a k\u00ednai verzi\u00f3 nemzetk\u00f6zire cser\u00e9l\u00e9s\u00e9re \u00f6nmag\u00e1ban nem elegend\u0151.<\/p>\n<p>A folyamathoz az angol nyelv alapszint\u0171 ismerete elengedhetetlen, egy, a k\u00ednai nyelvet ismer\u0151 ford\u00edt\u00f3program pedig j\u00f3l j\u00f6het, mert hiba eset\u00e9n k\u00f6nnyen tal\u00e1ljuk magunkat k\u00ednai nyelv\u0171 oldalon.<\/p>\n<p>A verzi\u00f3v\u00e1lt\u00e1shoz regisztr\u00e1lni kell a <a href=\"http:\/\/en.miui.com\/\" target=\"_blank\" rel=\"noopener\">gy\u00e1rt\u00f3 weboldal\u00e1n <\/a>(az oldal angol nyelv\u0171). A regisztr\u00e1ci\u00f3t el lehet v\u00e9gezni telefonsz\u00e1mmal \u00e9s e-mail c\u00edmmel is. (A szok\u00e1sos figyelmeztet\u00e9s: az ilyen regisztr\u00e1ci\u00f3khoz \u00e9rdemes k\u00fcl\u00f6n e-mail c\u00edmet l\u00e9trehozni.) Term\u00e9szetesen az e-mail c\u00edmr\u0151l val\u00f3 regisztr\u00e1ci\u00f3t javasoljuk (kev\u00e9sb\u00e9 szem\u00e9lyhez k\u00f6t\u00f6tt, ha a szolg\u00e1ltat\u00f3 <a href=\"http:\/\/www.itkommando.hu\/site\/a_halozat_szolgalataban\/tanulmanyok\/hogyan-bannak-a-szolgaltatok-az-adatainkkal\/\">rosszul haszn\u00e1lja az adatokat<\/a>), azonban a v\u00e9g\u00e9n \u00fagy is telefonsz\u00e1mra k\u00fcld\u00f6tt SMS-ben kapott ellen\u0151rz\u0151 k\u00f3ddal lehet a fi\u00f3kot regisztr\u00e1lni, amellyel egyben azt is bizony\u00edtjuk (a k\u00f6rzetsz\u00e1mmal), hogy nem K\u00edn\u00e1b\u00f3l k\u00e9rt\u00fck az enged\u00e9lyt.<\/p>\n<p>Regisztr\u00e1ci\u00f3 ut\u00e1n az <a href=\"http:\/\/en.miui.com\/unlock\/\" target=\"_blank\" rel=\"noopener\">unlock<\/a> men\u00fcpontban k\u00e9rv\u00e9nyezhetj\u00fck a telefon felold\u00e1s\u00e1t. A k\u00e9rv\u00e9nyt a visszaigazol\u00f3 \u00fczenet szerint 10 nap alatt b\u00edr\u00e1lj\u00e1k el, vagy nem. Ez ut\u00f3bbi esetben javasolj\u00e1k a f\u00f3rumon val\u00f3 reklam\u00e1l\u00e1st.<\/p>\n<p>Adott esetben 4 nap m\u00falva v\u00e1laszoltak SMS-ben. \u00dajra be kellett jelentkezni az oldalra, ahol le lehetett t\u00f6lteni a &#8222;Mi Unlock Tool&#8221; programot, kiz\u00e1r\u00f3lag Windows-ra. Ebben a programban ugyanazzal a felhaszn\u00e1l\u00f3n\u00e9vvel \u00e9s jelsz\u00f3val kell bejelentkezni, majd a telefon csatlakoztat\u00e1sa ut\u00e1n el\u00e9g megnyomni az &#8222;Unlock&#8221; gombot. Az egy\u00e9rtelm\u0171 meger\u0151s\u00edt\u0151 \u00fczenet ut\u00e1n j\u00f6het a k\u00f6vetkez\u0151 l\u00e9p\u00e9s: a ROM telep\u00edt\u00e9se. Ezt <a href=\"http:\/\/en.miui.com\/a-234.html\" target=\"_blank\" rel=\"noopener\">a MIUI hivatalos, angol nyelv\u0171 instrukci\u00f3i<\/a> alapj\u00e1n v\u00e9gezhetj\u00fck el. A Redmi 3X eset\u00e9n let\u00f6lt\u00f6tt ROM-f\u00e1jlon egy kis m\u00f3dos\u00edt\u00e1st el kellett v\u00e9gezni, mivel elm\u00e9letileg az csak a nemzetk\u00f6zi piacra sz\u00e1nt 3S verzi\u00f3ra telep\u00edthet\u0151: a flash_all.bat file 10. sor\u00e1ban a land sz\u00f3t ki kell cser\u00e9lni landx-re.<\/p>\n<p>Ha siker\u00fclt, a feladat befejez\u00e9se ut\u00e1n c\u00e9lszer\u0171 \u201evisszaz\u00e1rni&#8221; a k\u00e9sz\u00fcl\u00e9ket, mivel nyitott boot loaderrel nagyon kiszolg\u00e1ltatott a rosszindulat\u00fa programoknak. A boot loader ism\u00e9telt kinyit\u00e1s\u00e1ra (unlock) akkor lehet sz\u00fcks\u00e9g, ha ism\u00e9t a belpiacos verzi\u00f3j\u00fa, vagy custom ROM-ot szeretn\u00e9nk r\u00e1t\u00f6lteni. Egy MIUI fi\u00f3kkal havi egy k\u00e9sz\u00fcl\u00e9khez kaphatunk unlock enged\u00e9lyt. de ha m\u00e1r egy k\u00e9sz\u00fcl\u00e9khez a j\u00f3v\u00e1hagy\u00e1s megvan, azt tetsz\u0151legesen sok alkalommal nyithatjuk \u00e9s z\u00e1rhatjuk.<\/p>\n<p>A lez\u00e1r\u00e1s m\u00f3dszere:<\/p>\n<ol>\n<li>Kattintsunk jobb gombbal a &#8222;Mi Unlock Tool&#8221; mapp\u00e1j\u00e1ra<\/li>\n<li>V\u00e1lasszuk a &#8222;Parancsablak nyit\u00e1sa itt&#8221; opci\u00f3t<\/li>\n<li>\u00cdrjuk be a k\u00f6vetkez\u0151t: &#8222;fastboot oem lock&#8221;<\/li>\n<\/ol>\n<p>A nemzetk\u00f6zi (global) programmal ell\u00e1tott telefonok j\u00f3 magyar nyelv t\u00e1mogat\u00e1st is tartalmaznak (nagyon sok m\u00e1s nyelv mellett).<\/p>\n<p>A feladatot Kov\u00e1cs B\u00e1lint bar\u00e1tunk v\u00e9gezte (teh\u00e1t ez\u00fattal idegen tollakkal \u00e9kesked\u00fcnk).<\/p>\n","protected":false},"excerpt":{"rendered":"<p>Egy partner\u00fcnk megjelent egy K\u00edn\u00e1b\u00f3l hozott Xiaomi Redmi 3X telefonnal, mondv\u00e1n elakadt, nem tal\u00e1lja a Google Play \u00e1ruh\u00e1zat. Gyors egyeztet\u00e9s, a k\u00e9sz\u00fcl\u00e9k val\u00f3ban K\u00edn\u00e1b\u00f3l sz\u00e1rmazik \u00e9s nem export kivitel. Ebben&hellip;<a href=\"https:\/\/www.itkommando.hu\/site\/leirasok\/kinai-telefon\/\" class=\"more-link\"><span class=\"more-button\">Tov\u00e1bb a r\u00e9szletekre<span class=\"screen-reader-text\">K\u00ednai telefon<\/span><\/span><\/a><\/p>\n","protected":false},"author":1,"featured_media":3957,"parent":2921,"menu_order":0,"comment_status":"closed","ping_status":"closed","template":"","meta":{"footnotes":""},"categories":[12,63,13,16],"tags":[],"class_list":["post-3953","page","type-page","status-publish","has-post-thumbnail","hentry","category-hardver","category-mobil-eszkozok","category-szoftver","category-tanacsok"],"aioseo_notices":[],"_links":{"self":[{"href":"https:\/\/www.itkommando.hu\/site\/wp-json\/wp\/v2\/pages\/3953","targetHints":{"allow":["GET"]}}],"collection":[{"href":"https:\/\/www.itkommando.hu\/site\/wp-json\/wp\/v2\/pages"}],"about":[{"href":"https:\/\/www.itkommando.hu\/site\/wp-json\/wp\/v2\/types\/page"}],"author":[{"embeddable":true,"href":"https:\/\/www.itkommando.hu\/site\/wp-json\/wp\/v2\/users\/1"}],"replies":[{"embeddable":true,"href":"https:\/\/www.itkommando.hu\/site\/wp-json\/wp\/v2\/comments?post=3953"}],"version-history":[{"count":16,"href":"https:\/\/www.itkommando.hu\/site\/wp-json\/wp\/v2\/pages\/3953\/revisions"}],"predecessor-version":[{"id":5570,"href":"https:\/\/www.itkommando.hu\/site\/wp-json\/wp\/v2\/pages\/3953\/revisions\/5570"}],"up":[{"embeddable":true,"href":"https:\/\/www.itkommando.hu\/site\/wp-json\/wp\/v2\/pages\/2921"}],"wp:featuredmedia":[{"embeddable":true,"href":"https:\/\/www.itkommando.hu\/site\/wp-json\/wp\/v2\/media\/3957"}],"wp:attachment":[{"href":"https:\/\/www.itkommando.hu\/site\/wp-json\/wp\/v2\/media?parent=3953"}],"wp:term":[{"taxonomy":"category","embeddable":true,"href":"https:\/\/www.itkommando.hu\/site\/wp-json\/wp\/v2\/categories?post=3953"},{"taxonomy":"post_tag","embeddable":true,"href":"https:\/\/www.itkommando.hu\/site\/wp-json\/wp\/v2\/tags?post=3953"}],"curies":[{"name":"wp","href":"https:\/\/api.w.org\/{rel}","templated":true}]}}