{"id":397,"date":"2012-11-30T10:32:11","date_gmt":"2012-11-30T09:32:11","guid":{"rendered":"http:\/\/www.itkommando.hu\/site\/?page_id=397"},"modified":"2021-07-09T10:35:19","modified_gmt":"2021-07-09T09:35:19","slug":"tanulmanyok","status":"publish","type":"page","link":"https:\/\/www.itkommando.hu\/site\/a_halozat_szolgalataban\/tanulmanyok\/","title":{"rendered":"Tan\u00e1csok"},"content":{"rendered":"<h4>Kedves Olvas\u00f3nk!<\/h4>\n<p>Ezeken az oldalakon gy\u0171jt\u00f6tt\u00fck \u00f6ssze azokat a hosszabb-r\u00f6videbb tanulm\u00e1nyokat, amelyet munkat\u00e1rsaink, illetve bar\u00e1taink k\u00e9sz\u00edtettek. A sz\u00f6vegek a forr\u00e1s megjel\u00f6l\u00e9s\u00e9vel szabadon felhaszn\u00e1lhat\u00f3ak.<\/p>\n<p>Az itt megjelent \u00edr\u00e1sokkal kapcsolatban v\u00e1rjuk a <a title=\"Javaslatok\" href=\"http:\/\/www.itkommando.hu\/site\/a_halozat_szolgalataban\/tanulmanyok\/javaslatok\/\" target=\"_blank\" rel=\"noopener\">hozz\u00e1sz\u00f3l\u00e1sokat<\/a>.<\/p>\n<h3>Fontosabb t\u00e9m\u00e1ink<\/h3>\n<div class=\"main\" style=\" display: flex; justify-content: center; flex-wrap: wrap;\">\n<figure id=\"attachment_897\" aria-describedby=\"caption-attachment-897\" style=\"width: 150px\" class=\"wp-caption alignleft\"><a href=\"http:\/\/www.itkommando.hu\/site\/category\/biztonsag\/\"><img loading=\"lazy\" decoding=\"async\" class=\"size-thumbnail wp-image-897 \" src=\"https:\/\/www.itkommando.hu\/site\/wp-content\/uploads\/Biztonsag2.png\" alt=\"Biztons\u00e1g\" width=\"150\" height=\"150\"><\/a><figcaption id=\"caption-attachment-897\" class=\"wp-caption-text\">Biztons\u00e1g<\/figcaption><\/figure>\n<figure id=\"attachment_1006\" aria-describedby=\"caption-attachment-1006\" style=\"width: 150px\" class=\"wp-caption alignleft\"><a href=\"http:\/\/www.itkommando.hu\/site\/category\/munkaallomas\/\"><img loading=\"lazy\" decoding=\"async\" class=\"size-thumbnail wp-image-1006 \" title=\"Sz\u00e1m\u00edt\u00f3g\u00e9p\" src=\"https:\/\/www.itkommando.hu\/site\/wp-content\/uploads\/Munka3.png\" alt=\"Munka\u00c1llom\u00e1s\" width=\"150\" height=\"150\"><\/a><figcaption id=\"caption-attachment-1006\" class=\"wp-caption-text\">Munka\u00e1llom\u00e1s<\/figcaption><\/figure>\n<figure id=\"attachment_985\" aria-describedby=\"caption-attachment-985\" style=\"width: 150px\" class=\"wp-caption alignleft\"><a href=\"http:\/\/www.itkommando.hu\/site\/category\/tanacsok\/szerver\/\"><img loading=\"lazy\" decoding=\"async\" class=\"size-thumbnail wp-image-985 \" title=\"Szerver\" src=\"https:\/\/www.itkommando.hu\/site\/wp-content\/uploads\/server.png\" alt=\"file_szerver\" width=\"150\" height=\"150\"><\/a><figcaption id=\"caption-attachment-985\" class=\"wp-caption-text\">Szerver<\/figcaption><\/figure>\n<figure id=\"attachment_2105\" aria-describedby=\"caption-attachment-2105\" style=\"width: 150px\" class=\"wp-caption alignleft\"><a href=\"http:\/\/www.itkommando.hu\/site\/category\/az-informatika-tortenete\/\"><img loading=\"lazy\" decoding=\"async\" class=\"size-thumbnail wp-image-2105 \" title=\"Az Informatika t\u00f6rt\u00e9nelme\" src=\"https:\/\/www.itkommando.hu\/site\/wp-content\/uploads\/history-1.png\" alt=\"T\u00e1blag\u00e9p\" width=\"150\" height=\"150\"><\/a><figcaption id=\"caption-attachment-2105\" class=\"wp-caption-text\">Az informatika t\u00f6rt\u00e9nete<\/figcaption><\/figure>\n<figure id=\"attachment_2245\" aria-describedby=\"caption-attachment-2245\" style=\"width: 150px\" class=\"wp-caption alignleft\"><a href=\"http:\/\/www.itkommando.hu\/site\/category\/tanacsok\/internet\/bitcoin\/\"><img loading=\"lazy\" decoding=\"async\" class=\"size-thumbnail wp-image-2245 \" src=\"https:\/\/www.itkommando.hu\/site\/wp-content\/uploads\/bitcoin.png\" alt=\"Bitcoin\" width=\"150\" height=\"150\"><\/a><figcaption id=\"caption-attachment-2245\" class=\"wp-caption-text\">Bitcoin<\/figcaption><\/figure>\n<figure id=\"attachment_2302\" aria-describedby=\"caption-attachment-2302\" style=\"width: 150px\" class=\"wp-caption alignleft\"><a href=\"http:\/\/www.itkommando.hu\/site\/category\/tanacsok\/bsd\/\"><img loading=\"lazy\" decoding=\"async\" class=\"size-thumbnail wp-image-2302 \" src=\"https:\/\/www.itkommando.hu\/site\/wp-content\/uploads\/freeBSD.png\" alt=\"FreeBSD\" width=\"150\" height=\"150\"><\/a><figcaption id=\"caption-attachment-2302\" class=\"wp-caption-text\">A FreeBSD<\/figcaption><\/figure>\n<figure id=\"attachment_1003\" aria-describedby=\"caption-attachment-1003\" style=\"width: 150px\" class=\"wp-caption alignleft\"><a href=\"http:\/\/www.itkommando.hu\/site\/category\/tanacsok\/internet\/\"><img loading=\"lazy\" decoding=\"async\" class=\"size-thumbnail wp-image-1003 \" src=\"https:\/\/www.itkommando.hu\/site\/wp-content\/uploads\/internet-1.png\" alt=\"Internet logo\" width=\"150\" height=\"150\"><\/a><figcaption id=\"caption-attachment-1003\" class=\"wp-caption-text\">Internet<\/figcaption><\/figure>\n<figure id=\"attachment_3856\" aria-describedby=\"caption-attachment-3856\" style=\"width: 253px\" class=\"wp-caption alignleft\"><a href=\"http:\/\/www.itkommando.hu\/site\/category\/tanacsok\/e-per\/\"><img loading=\"lazy\" decoding=\"async\" class=\"wp-image-3856\" src=\"https:\/\/www.itkommando.hu\/site\/wp-content\/uploads\/e-PER2.png\" alt=\"eper\" width=\"150\" height=\"15\"><\/a><figcaption id=\"caption-attachment-3856\" class=\"wp-caption-text\">Elektronikus per (E-per)<\/figcaption><\/figure>\n<figure id=\"attachment_2993\" aria-describedby=\"caption-attachment-2993\" style=\"width: 150px\" class=\"wp-caption alignleft\"><a href=\"http:\/\/www.itkommando.hu\/site\/category\/tanacsok\/raspberry-pi-es-banan-pi\/\"><img loading=\"lazy\" decoding=\"async\" class=\"size-thumbnail wp-image-2993 \" title=\"RaspBerry Pi \u00e9s Banana Pi\" src=\"https:\/\/www.itkommando.hu\/site\/wp-content\/uploads\/raspberry.png\" alt=\"RaspBerry Pi 2\" width=\"150\" height=\"150\"><\/a><figcaption id=\"caption-attachment-2993\" class=\"wp-caption-text\">A Raspberry Pi 2<\/figcaption><\/figure>\n<figure id=\"attachment_3177\" aria-describedby=\"caption-attachment-3177\" style=\"width: 150px\" class=\"wp-caption alignleft\"><a href=\"http:\/\/www.itkommando.hu\/site\/category\/tanacsok\/office-tanacsok\/\"><img loading=\"lazy\" decoding=\"async\" class=\"size-thumbnail wp-image-3177 \" title=\"Office\" src=\"https:\/\/www.itkommando.hu\/site\/wp-content\/uploads\/Office2.png\" alt=\"A sz\u00f6veg tagol\u00e1sa\" width=\"150\" height=\"150\"><\/a><figcaption id=\"caption-attachment-3177\" class=\"wp-caption-text\">Az office programok haszn\u00e1lata<\/figcaption><\/figure>\n<\/div>\n","protected":false},"excerpt":{"rendered":"<p>Kedves Olvas\u00f3nk! Ezeken az oldalakon gy\u0171jt\u00f6tt\u00fck \u00f6ssze azokat a hosszabb-r\u00f6videbb tanulm\u00e1nyokat, amelyet munkat\u00e1rsaink, illetve bar\u00e1taink k\u00e9sz\u00edtettek. A sz\u00f6vegek a forr\u00e1s megjel\u00f6l\u00e9s\u00e9vel szabadon felhaszn\u00e1lhat\u00f3ak. Az itt megjelent \u00edr\u00e1sokkal kapcsolatban v\u00e1rjuk a&hellip;<a href=\"https:\/\/www.itkommando.hu\/site\/a_halozat_szolgalataban\/tanulmanyok\/\" class=\"more-link\"><span class=\"more-button\">Tov\u00e1bb a r\u00e9szletekre<span class=\"screen-reader-text\">Tan\u00e1csok<\/span><\/span><\/a><\/p>\n","protected":false},"author":1,"featured_media":0,"parent":241,"menu_order":0,"comment_status":"closed","ping_status":"closed","template":"","meta":{"footnotes":""},"categories":[74,14,87,12,70,11,77,80,9,13,16,15,10],"tags":[],"class_list":["post-397","page","type-page","status-publish","hentry","category-bitcoin","category-biztonsag","category-e-per","category-hardver","category-internet","category-munkaallomas","category-operacios-rendserek","category-raspberry-pi-es-banan-pi","category-szerver","category-szoftver","category-tanacsok","category-uzembiztonsag","category-vasarlas"],"aioseo_notices":[],"_links":{"self":[{"href":"https:\/\/www.itkommando.hu\/site\/wp-json\/wp\/v2\/pages\/397","targetHints":{"allow":["GET"]}}],"collection":[{"href":"https:\/\/www.itkommando.hu\/site\/wp-json\/wp\/v2\/pages"}],"about":[{"href":"https:\/\/www.itkommando.hu\/site\/wp-json\/wp\/v2\/types\/page"}],"author":[{"embeddable":true,"href":"https:\/\/www.itkommando.hu\/site\/wp-json\/wp\/v2\/users\/1"}],"replies":[{"embeddable":true,"href":"https:\/\/www.itkommando.hu\/site\/wp-json\/wp\/v2\/comments?post=397"}],"version-history":[{"count":108,"href":"https:\/\/www.itkommando.hu\/site\/wp-json\/wp\/v2\/pages\/397\/revisions"}],"predecessor-version":[{"id":5054,"href":"https:\/\/www.itkommando.hu\/site\/wp-json\/wp\/v2\/pages\/397\/revisions\/5054"}],"up":[{"embeddable":true,"href":"https:\/\/www.itkommando.hu\/site\/wp-json\/wp\/v2\/pages\/241"}],"wp:attachment":[{"href":"https:\/\/www.itkommando.hu\/site\/wp-json\/wp\/v2\/media?parent=397"}],"wp:term":[{"taxonomy":"category","embeddable":true,"href":"https:\/\/www.itkommando.hu\/site\/wp-json\/wp\/v2\/categories?post=397"},{"taxonomy":"post_tag","embeddable":true,"href":"https:\/\/www.itkommando.hu\/site\/wp-json\/wp\/v2\/tags?post=397"}],"curies":[{"name":"wp","href":"https:\/\/api.w.org\/{rel}","templated":true}]}}