{"id":4042,"date":"2017-05-14T13:26:31","date_gmt":"2017-05-14T12:26:31","guid":{"rendered":"http:\/\/www.itkommando.hu\/site\/?page_id=4042"},"modified":"2021-07-13T17:57:16","modified_gmt":"2021-07-13T16:57:16","slug":"egy-virustamadas-margojara","status":"publish","type":"page","link":"https:\/\/www.itkommando.hu\/site\/egy-virustamadas-margojara\/","title":{"rendered":"Egy v\u00edrust\u00e1mad\u00e1s marg\u00f3j\u00e1ra"},"content":{"rendered":"<p>Aki a h\u00e9tv\u00e9g\u00e9n (2017. m\u00e1jus 13-14.) k\u00f6vette a h\u00edreket, az \u00e9rtes\u00fclt r\u00f3la, hogy elszabadult egy Wanna Cry nev\u0171 zsarol\u00f3 v\u00edrus, amely az eg\u00e9sz vil\u00e1ggazdas\u00e1got igen s\u00falyosan \u00e9rintette.<sup><a href=\"#footnote_1_4042\" id=\"identifier_1_4042\" class=\"footnote-link footnote-identifier-link\" title=\"http:\/\/index.hu\/tech\/2017\/05\/12\/kibertamadas_erhetett_angliai_korhazakat\">1<\/a><\/sup> <sup><a href=\"#footnote_2_4042\" id=\"identifier_2_4042\" class=\"footnote-link footnote-identifier-link\" title=\"http:\/\/www.hirado.hu\/2017\/05\/13\/leallt-a-vilagmeretu-kibertamadast-okozo-virus-terjedese\/\">2<\/a><\/sup> Az adatok vissza\u00e1ll\u00edt\u00e1s\u00e1hoz sz\u00fcks\u00e9ges adatok\u00e9rt 300- 500 ezer forintnyi<a href=\"http:\/\/www.itkommando.hu\/site\/category\/tanacsok\/internet\/bitcoin\/\"> BitCoint-k\u00f6vetel<\/a>.<\/p>\n<p><a href=\"http:\/\/www.itkommando.hu\/site\/wp-content\/uploads\/WanaCry_virus.jpg\"><img loading=\"lazy\" decoding=\"async\" class=\"alignright size-medium wp-image-4046\" src=\"http:\/\/www.itkommando.hu\/site\/wp-content\/uploads\/WanaCry_virus-300x223.jpg\" alt=\"\" width=\"300\" height=\"223\" srcset=\"https:\/\/www.itkommando.hu\/site\/wp-content\/uploads\/WanaCry_virus-300x223.jpg 300w, https:\/\/www.itkommando.hu\/site\/wp-content\/uploads\/WanaCry_virus-768x572.jpg 768w, https:\/\/www.itkommando.hu\/site\/wp-content\/uploads\/WanaCry_virus-100x74.jpg 100w, https:\/\/www.itkommando.hu\/site\/wp-content\/uploads\/WanaCry_virus-150x112.jpg 150w, https:\/\/www.itkommando.hu\/site\/wp-content\/uploads\/WanaCry_virus-200x149.jpg 200w, https:\/\/www.itkommando.hu\/site\/wp-content\/uploads\/WanaCry_virus-450x335.jpg 450w, https:\/\/www.itkommando.hu\/site\/wp-content\/uploads\/WanaCry_virus-600x447.jpg 600w, https:\/\/www.itkommando.hu\/site\/wp-content\/uploads\/WanaCry_virus-900x670.jpg 900w, https:\/\/www.itkommando.hu\/site\/wp-content\/uploads\/WanaCry_virus.jpg 960w\" sizes=\"auto, (max-width: 300px) 100vw, 300px\" \/><\/a>Hasonl\u00f3 m\u00e9ret\u0171 \u00e1mokfut\u00e1st tal\u00e1n utolj\u00e1ra a Loveletter nev\u0171 k\u00e1rtev\u0151 v\u00e9gzett, amely 2000. m\u00e1jus 5-\u00e9n szabadult el \u00e9s k\u00e9t napra leb\u00e9n\u00edtotta az internetet. Az\u00f3ta sok v\u00edz lefolyt a Dun\u00e1n.\u00a0 Am\u00edg a Lovelettert egy hib\u00e1san \u00e9rt\u00e9kelt szakdolgozat motiv\u00e1lta, addig a 17 \u00e9vvel k\u00e9s\u0151bbi Wanna Cry v\u00edrust m\u00e1r egy\u00e9rtelm\u0171en az anyagi haszonszerz\u00e9s. Egyes v\u00e9lem\u00e9nyek szerint a terrorizmus is felmer\u00fclhet a motiv\u00e1ci\u00f3k k\u00f6z\u00f6tt, mivel a fert\u0151z\u00e9st eg\u00e9szs\u00e9g\u00fcgyi int\u00e9zm\u00e9nyekben fedezt\u00e9k fel m\u00e9g p\u00e9nteken.<\/p>\n<p>Az eset t\u00f6bb mindenre felh\u00edvja a figyelmet:<\/p>\n<ul>\n<li>A t\u00e1mad\u00e1s olyan Windows hiba seg\u00edts\u00e9g\u00e9vel terjed, amelyet m\u00e1r kor\u00e1bban jav\u00edtottak.<\/li>\n<li>A terjed\u00e9s egyik m\u00f3dja, hogy e-mailk\u00e9nt k\u00fcldi mag\u00e1t tov\u00e1bb. Teh\u00e1t az e-mailek kezel\u00e9s\u00e9n\u00e9l is \u00f3vatosnak kell lenni.<\/li>\n<li>A fert\u0151z\u00e9s Nagy Britanni\u00e1b\u00f3l indult, v\u00e9g\u00fcl t\u00f6bb, mint 70 orsz\u00e1got \u00e9rintett, k\u00f6zte Magyarorsz\u00e1gon m\u0171k\u00f6d\u0151 nagyv\u00e1llalatokat is. Ezek szerint az interneten a t\u00e1vols\u00e1g nem akad\u00e1ly. (Ezt az internetes v\u00e1s\u00e1rl\u00e1sok eset\u00e9n is ki szok\u00e1s haszn\u00e1lni.)<\/li>\n<\/ul>\n<h1>Mi a megold\u00e1s?<\/h1>\n<h2>1., Meg kell el\u0151zni a fert\u0151z\u00e9st<\/h2>\n<ol>\n<li>Az oper\u00e1ci\u00f3s rendszerek folyamatos friss\u00edt\u00e9s\u00e9vel<\/li>\n<li>V\u00edrusirt\u00f3 rendszerek \u00fczemeltet\u00e9s\u00e9vel \u00e9s friss\u00edt\u00e9s\u00e9vel<\/li>\n<li>Kell\u0151 k\u00f6r\u00fcltekint\u00e9ssel<\/li>\n<\/ol>\n<h2>2., Fel kell k\u00e9sz\u00fclni az esetleges fert\u0151z\u00e9sre<\/h2>\n<ul>\n<li>Ment\u00e9sekkel az elveszett adatok b\u00e1rmikor helyre\u00e1ll\u00edthat\u00f3ak<\/li>\n<li>Katasztr\u00f3fatervvel baj eset\u00e9n a reakci\u00f3id\u0151 t\u00f6red\u00e9k\u00e9re cs\u00f6kken<\/li>\n<\/ul>\n<p>A k\u00fcl\u00f6nb\u00f6z\u0151 oper\u00e1ci\u00f3s rendszerek nem egyform\u00e1n vesz\u00e9lyeztetettek a v\u00edrusok szempontj\u00e1b\u00f3l. A legvesz\u00e9lyezettebb a Windows \u00e9s az Android, mivel ezek a legelterjedtebbek.<\/p>\n<p><img loading=\"lazy\" decoding=\"async\" class=\" alignright\" src=\"https:\/\/upload.wikimedia.org\/wikipedia\/commons\/3\/35\/Tux.svg\" width=\"161\" height=\"190\" \/>A <a href=\"http:\/\/www.itkommando.hu\/site\/leirasok\/kell-e-felni-a-linux-tol\/\">Linux \u00e9s a BSD<\/a> is gyakran j\u00f3l haszn\u00e1lhat\u00f3 ak\u00e1r szerver, ak\u00e1r munka\u00e1llom\u00e1s szerepk\u00f6rben. Sajn\u00e1latosan t\u00f6bb program nem, vagy csak kompromisszumokkal haszn\u00e1lhat\u00f3 rajtuk, azonban \u00e1tlagos irodai feladatok ell\u00e1t\u00e1s\u00e1ra t\u00f6k\u00e9letes. (E sorok is egy Linux munka\u00e1llom\u00e1son k\u00e9sz\u00fcltek.)<\/p>\n<p>Az elterjedt szeml\u00e9let ellen\u00e9re minden oper\u00e1ci\u00f3s rendszerre sz\u00fcks\u00e9ges <a href=\"http:\/\/www.itkommando.hu\/site\/terjednek-a-zsarolo-virusok\/\">v\u00edrusirt\u00f3 telep\u00edt\u00e9se<\/a>, mert ugyan a v\u00edrusok j\u00f3val t\u00f6bb, mint 90%-a Windows illetve Android rendszerekre k\u00e9sz\u00fcl, a marad\u00e9k a t\u00f6bbi oper\u00e1ci\u00f3s rendszert veszi c\u00e9lba. Ez a \u201en\u00e9h\u00e1ny&#8221; v\u00edrus is jelent n\u00e9mi fenyegetetts\u00e9get, ami ellen c\u00e9lszer\u0171 v\u00e9dekezni.<\/p>\n<p><img loading=\"lazy\" decoding=\"async\" class=\"alignleft \" src=\"https:\/\/img.wonderhowto.com\/img\/77\/74\/63436046452883\/0\/make-your-internet-run-faster-windows-7.w1456.jpg\" width=\"385\" height=\"285\" \/>Az oper\u00e1ci\u00f3s rendszerek friss\u00edt\u00e9sei a k\u00fcl\u00f6nb\u00f6z\u0151, a kiad\u00e1s \u00f3ta kider\u00fclt programhib\u00e1kat jav\u00edtj\u00e1k, esetleg \u00faj szolg\u00e1ltat\u00e1sokat adnak a rendszerhez. Ha a friss\u00edt\u00e9sek telep\u00edt\u00e9se elmarad, j\u00f3 es\u00e9llyel el\u0151bb-ut\u00f3bb valamely rosszindulat\u00fa program a jav\u00edtatlan hib\u00e1t kihaszn\u00e1lja.<\/p>\n<p>Ha van v\u00edrusv\u00e9delem \u00e9s az oper\u00e1ci\u00f3s rendszer is friss\u00edtve van, akkor a v\u00edrusok nagy r\u00e9sze ellen v\u00e9dve vagyunk. A tapasztalat azt mutatja, hogy a k\u00e1rok nagy r\u00e9sz\u00e9t nem a nagy m\u00e9diavisszhangot kiv\u00e1lt\u00f3 \u00faj, hanem a m\u00e1r ismert v\u00edrusok okozz\u00e1k, ami ellen az itt le\u00edrtak t\u00f6k\u00e9letes v\u00e9delmet jelentenek.<\/p>\n<p>Term\u00e9szetesen minden el\u0151vigy\u00e1zatoss\u00e1g ellen\u00e9re el\u0151fordul, hogy egy rendszert v\u00edrusfert\u0151z\u00e9s \u00e9r. Ilyenkor ker\u00fcl k\u00e9pbe a megl\u00e9v\u0151 <a href=\"http:\/\/www.itkommando.hu\/site\/a_halozat_szolgalataban\/tanulmanyok\/mentesi-backup-rend-valasztasa\/\">ment\u00e9si rend,<\/a> illetve katasztr\u00f3faterv.<\/p>\n<p>Ha a haszn\u00e1lt adatokr\u00f3l rendelkez\u00fcnk ment\u00e9ssel, akkor egy esetleges zsarol\u00f3 v\u00edrus sem tud komoly k\u00e1rokat okozni, hiszen az adatok ment\u00e9sb\u0151l vissza\u00e1ll\u00edthat\u00f3ak, legfeljebb az utols\u00f3 ment\u00e9s \u00f3ta eltelt id\u0151 munk\u00e1j\u00e1t kell p\u00f3tolni.<\/p>\n<p>Ha rendelkez\u00fcnk katasztr\u00f3fatervvel, akkor ilyen esetben ak\u00e1r p\u00e1r \u00f3ra alatt a norm\u00e1l \u00fczletmenet helyre\u00e1ll\u00edthat\u00f3.<\/p>\n<p>Rem\u00e9lhet\u0151leg r\u00f6videsen kiadnak <a href=\"https:\/\/www.google.hu\/search?client=ubuntu&amp;channel=fs&amp;q=wancry+descriptor&amp;ie=utf-8&amp;oe=utf-8&amp;gfe_rd=cr&amp;ei=mEAYWf3mDs-v8wfKp4TACg#newwindow=1&amp;channel=fs&amp;q=wanna+cry+virus+decryptor+\">decrypror (visszafejt\u0151) eszk\u00f6z\u00f6ket<\/a>.<\/p>\n<h1>Kapcsol\u00f3d\u00f3 cikkek<\/h1>\n<ul>\n<li><a href=\"http:\/\/www.itkommando.hu\/site\/sic-vis-pacem-para-bellum\/\">Ha b\u00e9k\u00e9t akarsz k\u00e9sz\u00fclj a h\u00e1bor\u00fara<\/a><\/li>\n<li><a href=\"http:\/\/www.itkommando.hu\/site\/a_halozat_szolgalataban\/tanulmanyok\/virusirto-programok\/\">V\u00edrusirt\u00f3 program v\u00e1laszt\u00e1sa<\/a><\/li>\n<li><a href=\"http:\/\/www.itkommando.hu\/site\/a_halozat_szolgalataban\/tanulmanyok\/mentesi-backup-rend-valasztasa\/\">A ment\u00e9si (Backup) rend v\u00e1laszt\u00e1\u00e1sa<\/a><\/li>\n<\/ul>\n<ol class=\"footnotes\"><li id=\"footnote_1_4042\" class=\"footnote\">http:\/\/index.hu\/tech\/2017\/05\/12\/kibertamadas_erhetett_angliai_korhazakat<span class=\"footnote-back-link-wrapper\">[<a href=\"#identifier_1_4042\" class=\"footnote-link footnote-back-link\">&#8617;<\/a>]<\/span><\/li><li id=\"footnote_2_4042\" class=\"footnote\"> http:\/\/www.hirado.hu\/2017\/05\/13\/leallt-a-vilagmeretu-kibertamadast-okozo-virus-terjedese\/<span class=\"footnote-back-link-wrapper\">[<a href=\"#identifier_2_4042\" class=\"footnote-link footnote-back-link\">&#8617;<\/a>]<\/span><\/li><\/ol>","protected":false},"excerpt":{"rendered":"<p>Aki a h\u00e9tv\u00e9g\u00e9n (2017. m\u00e1jus 13-14.) k\u00f6vette a h\u00edreket, az \u00e9rtes\u00fclt r\u00f3la, hogy elszabadult egy Wanna Cry nev\u0171 zsarol\u00f3 v\u00edrus, amely az eg\u00e9sz vil\u00e1ggazdas\u00e1got igen s\u00falyosan \u00e9rintette.1 2 Az adatok&hellip;<a href=\"https:\/\/www.itkommando.hu\/site\/egy-virustamadas-margojara\/\" class=\"more-link\"><span class=\"more-button\">Tov\u00e1bb a r\u00e9szletekre<span class=\"screen-reader-text\">Egy v\u00edrust\u00e1mad\u00e1s marg\u00f3j\u00e1ra<\/span><\/span><\/a><\/p>\n","protected":false},"author":1,"featured_media":4046,"parent":0,"menu_order":0,"comment_status":"closed","ping_status":"closed","template":"","meta":{"footnotes":""},"categories":[70,72,11,9,13,16],"tags":[],"class_list":["post-4042","page","type-page","status-publish","has-post-thumbnail","hentry","category-internet","category-linux","category-munkaallomas","category-szerver","category-szoftver","category-tanacsok"],"aioseo_notices":[],"_links":{"self":[{"href":"https:\/\/www.itkommando.hu\/site\/wp-json\/wp\/v2\/pages\/4042","targetHints":{"allow":["GET"]}}],"collection":[{"href":"https:\/\/www.itkommando.hu\/site\/wp-json\/wp\/v2\/pages"}],"about":[{"href":"https:\/\/www.itkommando.hu\/site\/wp-json\/wp\/v2\/types\/page"}],"author":[{"embeddable":true,"href":"https:\/\/www.itkommando.hu\/site\/wp-json\/wp\/v2\/users\/1"}],"replies":[{"embeddable":true,"href":"https:\/\/www.itkommando.hu\/site\/wp-json\/wp\/v2\/comments?post=4042"}],"version-history":[{"count":7,"href":"https:\/\/www.itkommando.hu\/site\/wp-json\/wp\/v2\/pages\/4042\/revisions"}],"predecessor-version":[{"id":5418,"href":"https:\/\/www.itkommando.hu\/site\/wp-json\/wp\/v2\/pages\/4042\/revisions\/5418"}],"wp:featuredmedia":[{"embeddable":true,"href":"https:\/\/www.itkommando.hu\/site\/wp-json\/wp\/v2\/media\/4046"}],"wp:attachment":[{"href":"https:\/\/www.itkommando.hu\/site\/wp-json\/wp\/v2\/media?parent=4042"}],"wp:term":[{"taxonomy":"category","embeddable":true,"href":"https:\/\/www.itkommando.hu\/site\/wp-json\/wp\/v2\/categories?post=4042"},{"taxonomy":"post_tag","embeddable":true,"href":"https:\/\/www.itkommando.hu\/site\/wp-json\/wp\/v2\/tags?post=4042"}],"curies":[{"name":"wp","href":"https:\/\/api.w.org\/{rel}","templated":true}]}}