{"id":4056,"date":"2017-05-23T11:58:19","date_gmt":"2017-05-23T10:58:19","guid":{"rendered":"http:\/\/www.itkommando.hu\/site\/?page_id=4056"},"modified":"2021-07-20T16:55:54","modified_gmt":"2021-07-20T15:55:54","slug":"segitseg-tuszul-ejtettek-a-blogomat","status":"publish","type":"page","link":"https:\/\/www.itkommando.hu\/site\/a_halozat_szolgalataban\/tanulmanyok\/segitseg-tuszul-ejtettek-a-blogomat\/","title":{"rendered":"Seg\u00edts\u00e9g t\u00faszul ejtett\u00e9k a blogomat"},"content":{"rendered":"<p>Sajnos t\u00e9nyked\u00e9s\u00fcnk sor\u00e1n t\u00f6bbsz\u00f6r tal\u00e1lkoztunk a probl\u00e9m\u00e1val, hogy azzal fordult hozz\u00e1nk egy-egy rem\u00e9nybeli \u00fcgyf\u00e9l, hogy a fizetett blogger vagy az el\u0151z\u0151 informatikus tov\u00e1bbi el\u0151re nem tiszt\u00e1zott d\u00edjakat szab a sz\u00fcks\u00e9ges jelszavak kiad\u00e1s\u00e1\u00e9rt.<\/p>\n<p>Mint a legt\u00f6bb esetben, itt is a megel\u0151z\u00e9s jelenti a val\u00f3s megold\u00e1st.<\/p>\n<p>A lehet\u0151s\u00e9gek k\u00e9t csoportra oszthat\u00f3ak:<\/p>\n<ul>\n<li>Jogi<\/li>\n<li>M\u0171szaki<\/li>\n<\/ul>\n<p>A cikksorozat k\u00f6vetkez\u0151 r\u00e9sze fog a jogi lehet\u0151s\u00e9gekkel foglalkozni. Most a technikai lehet\u0151s\u00e9geket futjuk \u00e1t.<\/p>\n<h3>El\u0151felt\u00e9telez\u00e9sek<\/h3>\n<p>A c\u00e9gvezet\u0151 vagy egy bizalmi ember nagyon alapszinten tud sz\u00e1m\u00edt\u00f3g\u00e9pet kezelni.<\/p>\n<p>Kezdj\u00fck egy c\u00e9ges Facebook oldallal. Ha c\u00e9get regisztr\u00e1lunk, ahhoz sz\u00fcks\u00e9g van egy szem\u00e9lyes regisztr\u00e1ci\u00f3ra (ez c\u00e9lszer\u0171en nem azonos a \u201epriv\u00e1t&#8221; Facebook fi\u00f3kkal).<\/p>\n<h3>Teend\u0151k<\/h3>\n<p>A v\u00e1llalkot\u00e1s oldal\u00e1t <a href=\"https:\/\/www.facebook.com\/pages\/create\" target=\"_blank\" rel=\"noopener noreferrer\">itt<\/a> lehet l\u00e9trehozni. Az oldal f\u00e9lig angolnyelv\u0171 (na j\u00f3 2\/3-ig) a t\u00f6bbi magyar.<\/p>\n<p>A vonatkoz\u00f3 t\u00edpusra val\u00f3 kattint\u00e1s ut\u00e1n felj\u00f6n egy t\u00e1bl\u00e1zat, amit kit\u00f6ltve, a c\u00e9ges oldal l\u00e9trehozhat\u00f3. Ez egy\u00e9rtelm\u0171en a bizalmi ember feladata.<\/p>\n<p>Ha az oldal k\u00e9sz van, lehet kiosztani a jogosults\u00e1gokat. A c\u00e9ges oldal be\u00e1ll\u00edt\u00e1sok\/szerepk\u00f6r\u00f6k az oldalon r\u00e9szn\u00e9l lehet az erre felhatalmazott szem\u00e9lyeknek a munk\u00e1jukhoz sz\u00fcks\u00e9ges jogosults\u00e1gokat megadni.<\/p>\n<p><a href=\"http:\/\/www.itkommando.hu\/site\/wp-content\/uploads\/facebook_jogok_lista.png\"><img loading=\"lazy\" decoding=\"async\" class=\"alignright size-medium wp-image-4058\" src=\"http:\/\/www.itkommando.hu\/site\/wp-content\/uploads\/facebook_jogok_lista-300x235.png\" alt=\"\" width=\"300\" height=\"235\" srcset=\"https:\/\/www.itkommando.hu\/site\/wp-content\/uploads\/facebook_jogok_lista-300x235.png 300w, https:\/\/www.itkommando.hu\/site\/wp-content\/uploads\/facebook_jogok_lista.png 386w\" sizes=\"auto, (max-width: 300px) 100vw, 300px\" \/><\/a>T\u00f6bbf\u00e9le szerepk\u00f6r l\u00e9tezik, ezek k\u00f6z\u00fcl lehet v\u00e1logatni. Az adminisztr\u00e1tor szerepk\u00f6rt \u00e9rdemes megtartani, mert azzal b\u00e1rkit (ak\u00e1r egy m\u00e1sik adminisztr\u00e1tort is) ki lehet tiltani az oldalr\u00f3l. Az aktu\u00e1lis feladathoz legjobban passzol\u00f3 hat\u00e1sk\u00f6rrel azonban nem l\u0151het\u00fcnk mell\u00e9. Kisebb szervezetn\u00e9l a szerkeszt\u0151 hat\u00e1sk\u00f6r minden (a facebook oldallal foglalkoz\u00f3) munkat\u00e1rsnak el\u00e9g lehet.<\/p>\n<p>Ezzel biztos\u00edtottuk azt, hogy a munkat\u00e1rs, vagy megb\u00edzott k\u00fcls\u0151 szak\u00e9rt\u0151 nem tudja az oldalunkat \u201et\u00faszul ejteni&#8221;.<\/p>\n<p><a href=\"http:\/\/www.itkommando.hu\/site\/wp-content\/uploads\/Facebook_jogok.png\"><img loading=\"lazy\" decoding=\"async\" class=\"size-medium wp-image-4059 alignleft\" src=\"http:\/\/www.itkommando.hu\/site\/wp-content\/uploads\/Facebook_jogok-300x172.png\" alt=\"\" width=\"300\" height=\"172\" srcset=\"https:\/\/www.itkommando.hu\/site\/wp-content\/uploads\/Facebook_jogok-300x172.png 300w, https:\/\/www.itkommando.hu\/site\/wp-content\/uploads\/Facebook_jogok-768x439.png 768w, https:\/\/www.itkommando.hu\/site\/wp-content\/uploads\/Facebook_jogok-1024x586.png 1024w, https:\/\/www.itkommando.hu\/site\/wp-content\/uploads\/Facebook_jogok.png 1301w\" sizes=\"auto, (max-width: 300px) 100vw, 300px\" \/><\/a> <a href=\"http:\/\/www.itkommando.hu\/site\/wp-content\/uploads\/facebook_szerkesztok.png\"><img loading=\"lazy\" decoding=\"async\" class=\"alignright size-medium wp-image-4057\" src=\"http:\/\/www.itkommando.hu\/site\/wp-content\/uploads\/facebook_szerkesztok-300x151.png\" alt=\"\" width=\"300\" height=\"151\" srcset=\"https:\/\/www.itkommando.hu\/site\/wp-content\/uploads\/facebook_szerkesztok-300x151.png 300w, https:\/\/www.itkommando.hu\/site\/wp-content\/uploads\/facebook_szerkesztok-768x387.png 768w, https:\/\/www.itkommando.hu\/site\/wp-content\/uploads\/facebook_szerkesztok.png 795w\" sizes=\"auto, (max-width: 300px) 100vw, 300px\" \/><\/a><\/p>\n<p>A blog.hu-n a helyzet hasonl\u00f3. Ott is lehet k\u00fcl\u00f6nb\u00f6z\u0151 szerepk\u00f6r\u00f6ket osztani a felhaszn\u00e1l\u00f3knak. Megint a szerkeszt\u0151 az \u00e1ltal\u00e1nosan megfelel\u0151 szerepk\u00f6r. Az admin-t itt is saj\u00e1t magunknak \u00e9rdemes megtartani.<\/p>\n<p><a href=\"http:\/\/www.itkommando.hu\/site\/wp-content\/uploads\/blog.hu_szerepkorok.png\"><img loading=\"lazy\" decoding=\"async\" class=\"aligncenter wp-image-4060 size-medium\" src=\"http:\/\/www.itkommando.hu\/site\/wp-content\/uploads\/blog.hu_szerepkorok-300x123.png\" alt=\"\" width=\"300\" height=\"123\" srcset=\"https:\/\/www.itkommando.hu\/site\/wp-content\/uploads\/blog.hu_szerepkorok-300x123.png 300w, https:\/\/www.itkommando.hu\/site\/wp-content\/uploads\/blog.hu_szerepkorok-768x316.png 768w, https:\/\/www.itkommando.hu\/site\/wp-content\/uploads\/blog.hu_szerepkorok-1024x421.png 1024w, https:\/\/www.itkommando.hu\/site\/wp-content\/uploads\/blog.hu_szerepkorok.png 1143w\" sizes=\"auto, (max-width: 300px) 100vw, 300px\" \/><\/a><\/p>\n<p>A t\u00f6bbi hasonl\u00f3 t\u00e9m\u00e1j\u00fa oldalon is \u00e9rtelemszer\u0171en hasonl\u00f3ak a be\u00e1ll\u00edt\u00e1sok.<\/p>\n<p>A szerverek eset\u00e9n az informatikusnak \u00e1ltal\u00e1ban sz\u00fcks\u00e9ge van a rendszergazda (root, administrator, admin&#8230;) szerepk\u00f6rre. Itt az egyetlen megold\u00e1s az, hogy a jelsz\u00f3 kiad\u00e1s\u00e1t szerz\u0151d\u00e9sben kik\u00f6tj\u00fck. Van \u00fcgyfel\u00fcnk, ahol az admin jelszavak lez\u00e1rt \u00e9s mindk\u00e9t f\u00e9l \u00e1ltal al\u00e1\u00edrt bor\u00edt\u00e9kban egy j\u00f3l l\u00e1that\u00f3 k\u00e9pkeretben vannak elhelyezve. \u00cdgy egyb\u0151l l\u00e1tszik, ha felbontott\u00e1k, illetve nincs bizalmi v\u00e1ls\u00e1g. Ehhez hozz\u00e1 tartozik, hogy az \u00fcgyf\u00e9l n\u00e9h\u00e1ny \u00e9vente felbontja a bor\u00edt\u00e9kot \u00e9s ellen\u0151rzi, hogy a jelszavak helyesek-e benne (eddig egy el\u00fct\u00e9st tal\u00e1lt). Az ilyen esetek ut\u00e1n azonnal jelsz\u00f3t v\u00e1ltunk \u00e9s k\u00e9sz\u00fcl az \u00faj bor\u00edt\u00e9k. Ennek a m\u00f3dszernek a h\u00e1tr\u00e1nya, hogy a jelszavakat 30-90 nap eltelt\u00e9vel c\u00e9lszer\u0171 cser\u00e9lni, ennek a k\u00f6vet\u00e9se jelent\u0151s munka lehet (jelszavas oldal elk\u00e9sz\u00edt\u00e9se, bor\u00edt\u00e9kol\u00e1s, mindk\u00e9t f\u00e9l r\u00e9sz\u00e9r\u0151l al\u00e1\u00edr\u00e1s). Enn\u00e9l egyszer\u0171bb szerz\u0151d\u00e9sben kik\u00f6tni, hogy a szolg\u00e1ltat\u00f3 a jelszavakat t\u00e9r\u00edt\u00e9smentesen, vagy el\u0151re tiszt\u00e1zott t\u00e9r\u00edt\u00e9s ellen\u00e9ben (mi az els\u0151 verzi\u00f3t t\u00e1mogatjuk) k\u00e9r\u00e9sre k\u00f6teles a megrendel\u0151 r\u00e9sz\u00e9re kiadni, de ez m\u00e1r a cikksorozat k\u00f6vetkez\u0151 r\u00e9sz\u00e9nek a t\u00e9m\u00e1ja.<\/p>\n","protected":false},"excerpt":{"rendered":"<p>Sajnos t\u00e9nyked\u00e9s\u00fcnk sor\u00e1n t\u00f6bbsz\u00f6r tal\u00e1lkoztunk a probl\u00e9m\u00e1val, hogy azzal fordult hozz\u00e1nk egy-egy rem\u00e9nybeli \u00fcgyf\u00e9l, hogy a fizetett blogger vagy az el\u0151z\u0151 informatikus tov\u00e1bbi el\u0151re nem tiszt\u00e1zott d\u00edjakat szab a sz\u00fcks\u00e9ges&hellip;<a href=\"https:\/\/www.itkommando.hu\/site\/a_halozat_szolgalataban\/tanulmanyok\/segitseg-tuszul-ejtettek-a-blogomat\/\" class=\"more-link\"><span class=\"more-button\">Tov\u00e1bb a r\u00e9szletekre<span class=\"screen-reader-text\">Seg\u00edts\u00e9g t\u00faszul ejtett\u00e9k a blogomat<\/span><\/span><\/a><\/p>\n","protected":false},"author":1,"featured_media":4061,"parent":397,"menu_order":0,"comment_status":"closed","ping_status":"closed","template":"","meta":{"footnotes":""},"categories":[14,70,13,16,64],"tags":[],"class_list":["post-4056","page","type-page","status-publish","has-post-thumbnail","hentry","category-biztonsag","category-internet","category-szoftver","category-tanacsok","category-tarsadalmi-szerepvallalas"],"aioseo_notices":[],"_links":{"self":[{"href":"https:\/\/www.itkommando.hu\/site\/wp-json\/wp\/v2\/pages\/4056","targetHints":{"allow":["GET"]}}],"collection":[{"href":"https:\/\/www.itkommando.hu\/site\/wp-json\/wp\/v2\/pages"}],"about":[{"href":"https:\/\/www.itkommando.hu\/site\/wp-json\/wp\/v2\/types\/page"}],"author":[{"embeddable":true,"href":"https:\/\/www.itkommando.hu\/site\/wp-json\/wp\/v2\/users\/1"}],"replies":[{"embeddable":true,"href":"https:\/\/www.itkommando.hu\/site\/wp-json\/wp\/v2\/comments?post=4056"}],"version-history":[{"count":5,"href":"https:\/\/www.itkommando.hu\/site\/wp-json\/wp\/v2\/pages\/4056\/revisions"}],"predecessor-version":[{"id":5660,"href":"https:\/\/www.itkommando.hu\/site\/wp-json\/wp\/v2\/pages\/4056\/revisions\/5660"}],"up":[{"embeddable":true,"href":"https:\/\/www.itkommando.hu\/site\/wp-json\/wp\/v2\/pages\/397"}],"wp:featuredmedia":[{"embeddable":true,"href":"https:\/\/www.itkommando.hu\/site\/wp-json\/wp\/v2\/media\/4061"}],"wp:attachment":[{"href":"https:\/\/www.itkommando.hu\/site\/wp-json\/wp\/v2\/media?parent=4056"}],"wp:term":[{"taxonomy":"category","embeddable":true,"href":"https:\/\/www.itkommando.hu\/site\/wp-json\/wp\/v2\/categories?post=4056"},{"taxonomy":"post_tag","embeddable":true,"href":"https:\/\/www.itkommando.hu\/site\/wp-json\/wp\/v2\/tags?post=4056"}],"curies":[{"name":"wp","href":"https:\/\/api.w.org\/{rel}","templated":true}]}}