{"id":4134,"date":"2017-10-14T12:20:39","date_gmt":"2017-10-14T11:20:39","guid":{"rendered":"http:\/\/www.itkommando.hu\/site\/?page_id=4134"},"modified":"2021-07-15T08:49:36","modified_gmt":"2021-07-15T07:49:36","slug":"egy-laptop-vasarlasi-kiserlet","status":"publish","type":"page","link":"https:\/\/www.itkommando.hu\/site\/leirasok\/egy-laptop-vasarlasi-kiserlet\/","title":{"rendered":"Egy laptop v\u00e1s\u00e1rl\u00e1si k\u00eds\u00e9rlet"},"content":{"rendered":"<p>Egy kedves bar\u00e1tunk keresett meg, hogy venne egy haszn\u00e1lt laptopot. Mutatott is egy sz\u00e9p oldalt, ahol igen kedvez\u0151 \u00e1rak szerepeltek. Els\u0151 k\u00e9rd\u00e9sem az volt, hogy az \u00e1rak tartalmazz\u00e1k-e az \u00c1FA-t?<\/p>\n<h3>Megn\u00e9zz\u00fck a web\u00e1ruh\u00e1zat<\/h3>\n<p>Megl\u00e1togatjuk az oldalt:<\/p>\n<figure id=\"attachment_4136\" aria-describedby=\"caption-attachment-4136\" style=\"width: 476px\" class=\"wp-caption aligncenter\"><a href=\"http:\/\/www.itkommando.hu\/site\/wp-content\/uploads\/Haasznalt_laptop.png\"><img loading=\"lazy\" decoding=\"async\" class=\"wp-image-4136\" src=\"http:\/\/www.itkommando.hu\/site\/wp-content\/uploads\/Haasznalt_laptop-300x169.png\" alt=\"\" width=\"476\" height=\"268\" srcset=\"https:\/\/www.itkommando.hu\/site\/wp-content\/uploads\/Haasznalt_laptop-300x169.png 300w, https:\/\/www.itkommando.hu\/site\/wp-content\/uploads\/Haasznalt_laptop-768x432.png 768w, https:\/\/www.itkommando.hu\/site\/wp-content\/uploads\/Haasznalt_laptop-1024x576.png 1024w, https:\/\/www.itkommando.hu\/site\/wp-content\/uploads\/Haasznalt_laptop-425x239.png 425w, https:\/\/www.itkommando.hu\/site\/wp-content\/uploads\/Haasznalt_laptop.png 1920w\" sizes=\"auto, (max-width: 476px) 100vw, 476px\" \/><\/a><figcaption id=\"caption-attachment-4136\" class=\"wp-caption-text\">Ha az ad\u00f3kat tartalmazza, akkor az \u00e1rak val\u00f3ban meggy\u0151z\u0151ek.<\/figcaption><\/figure>\n<p>Pr\u00f3b\u00e1ltunk telefon\u00e1lni az elad\u00f3nak. Egy p\u00e1r sz\u00e1z forintos telefonsz\u00e1mla teljesen elfogadhat\u00f3 az\u00e9rt, hogy a felt\u00e9teleket tiszt\u00e1zzuk.<\/p>\n<p>Sem telefonsz\u00e1mot, sem pedig az \u00c1FA tartalomra vonatkoz\u00f3 inform\u00e1ci\u00f3t nem tal\u00e1ltunk az oldalon. K\u00e9rd\u00e9s:<\/p>\n<p>-Honnan szerezted az oldalt?<br \/>\n-Jancsi aj\u00e1nlotta.<br \/>\n-\u0150 m\u00e1r rendelt onnan?<br \/>\n-Igen.<br \/>\n-M\u00e1r megkapta?<br \/>\n-M\u00e9g nem. M\u00e9g csak tegnap rendelt.<\/p>\n<p>A besz\u00e9lget\u00e9s \u00fajabb k\u00e9rd\u00e9st vetett fel. (M\u00e9g Jancsi sem kapta meg a kifizetett \u00e1rut, igaz m\u00e9g nem is j\u00f6tt el az ideje.)<\/p>\n<p>Egy gyors internetes keres\u00e9s a k\u00f6vetkez\u0151 eredm\u00e9nyt hozta:<\/p>\n<p><a href=\"http:\/\/www.itkommando.hu\/site\/wp-content\/uploads\/Haasznalt_laptop1.png\"><img loading=\"lazy\" decoding=\"async\" class=\"aligncenter wp-image-4135\" src=\"http:\/\/www.itkommando.hu\/site\/wp-content\/uploads\/Haasznalt_laptop1-300x169.png\" alt=\"\" width=\"421\" height=\"237\" srcset=\"https:\/\/www.itkommando.hu\/site\/wp-content\/uploads\/Haasznalt_laptop1-300x169.png 300w, https:\/\/www.itkommando.hu\/site\/wp-content\/uploads\/Haasznalt_laptop1-768x432.png 768w, https:\/\/www.itkommando.hu\/site\/wp-content\/uploads\/Haasznalt_laptop1-1024x576.png 1024w, https:\/\/www.itkommando.hu\/site\/wp-content\/uploads\/Haasznalt_laptop1-425x239.png 425w, https:\/\/www.itkommando.hu\/site\/wp-content\/uploads\/Haasznalt_laptop1.png 1920w\" sizes=\"auto, (max-width: 421px) 100vw, 421px\" \/><\/a><\/p>\n<p>Ez nem t\u00fal \u00edg\u00e9retes. Ugyan az \u00e9rt\u00e9kel\u0151 oldalt sem kell t\u00fal komolyan venni, de n\u00e9h\u00e1ny dolog hi\u00e1nyzik az oldalr\u00f3l, aminek alapj\u00e1n egy\u00e9rtelm\u0171en \u00e1tver\u0151s oldalnak tekintem:<\/p>\n<ul>\n<li>Nincs egy iroda\/rakt\u00e1r\/\u00fcgyf\u00e9lszolg\u00e1lat c\u00edm, ahol szem\u00e9lyesen \u00e1t lehet venni vagy megtekinteni az \u00e1rut<\/li>\n<li>Nincs egy telefonsz\u00e1m, a kapcsolatfelv\u00e9telhez<\/li>\n<li>Az egyetlen e-mail c\u00edm egy gmailes c\u00edm.<\/li>\n<\/ul>\n<p>Ha Jancsi megkapja a megrendelt laptopot, term\u00e9szetesen fel\u00fclvizsg\u00e1lom a v\u00e9lem\u00e9nyemet, de nem ez a val\u00f3sz\u00edn\u0171 forgat\u00f3k\u00f6nyv.<\/p>\n<p>Ebb\u0151l a konkr\u00e9t p\u00e9ld\u00e1b\u00f3l is l\u00e1tszik, hogy egy gyors keres\u00e9ssel, kis saj\u00e1t nyomoz\u00e1ssal az ember t\u00f6bb t\u00edzezer forintot (p\u00e1r sz\u00e1z Eurot) sp\u00f3rolhat azzal, hogy nem d\u0151l be egy sz\u00e9pen el\u0151k\u00e9sz\u00edtett \u00e1tver\u00e9snek.<\/p>\n<p>Term\u00e9szetesen az aj\u00e1nl\u00f3t nem Jancsinak h\u00edvj\u00e1k, \u00e9s az\u00f3ta se kapta meg a megrendelt \u00e1rut.<\/p>\n<p>Web\u00e1ruh\u00e1zak eset\u00e9n mindig ellen\u0151rizz\u00fck, hogy:<\/p>\n<ul>\n<li>Van-e iroda\/\u00fczlet, ahol szem\u00e9lyesen megtekinthet\u0151 az \u00e1ru<\/li>\n<li>Vannak-e az \u00fczemeltet\u0151 c\u00e9gre utal\u00f3 inform\u00e1ci\u00f3k (legal\u00e1bb c\u00e9gn\u00e9v \u00e9s ad\u00f3sz\u00e1m)<\/li>\n<li>Tiszt\u00e1zott-e, hogy ki fizeti a sz\u00e1ll\u00edt\u00e1st, \u00e9s a sz\u00e1ll\u00edt\u00e1s d\u00edja mennyi<\/li>\n<li>A ki\u00edrt \u00e1rak tartalmazz\u00e1k-e az \u00c1F\u00c1-t<\/li>\n<li>Mik a garanci\u00e1lis felt\u00e9telek<\/li>\n<\/ul>\n<h3>Friss\u00edt\u00e9s<\/h3>\n<p>Hasonl\u00f3 c\u00e9gek hirdet\u00e9sei a k\u00f6z\u00f6ss\u00e9gi oldalakon is megjelennek.<\/p>\n<h3>Kapcsol\u00f3d\u00f3 oldalak<\/h3>\n<ul>\n<li><a href=\"http:\/\/www.itkommando.hu\/site\/a_halozat_szolgalataban\/tanulmanyok\/javaslatok\/mikor-jo-hasznalt-szamitogepet-venni\/\">Mikor c\u00e9lszer\u0171 haszn\u00e1lt sz\u00e1m\u00edt\u00f3g\u00e9pet v\u00e1lasztani?<\/a><\/li>\n<li><a href=\"http:\/\/www.itkommando.hu\/site\/a_halozat_szolgalataban\/tanulmanyok\/javaslatok\/munka-hasznalt-mini-szamitogepekkel\/\">Munka haszn\u00e1lt sz\u00e1m\u00edt\u00f3g\u00e9pekkel<\/a><\/li>\n<li><a href=\"http:\/\/www.itkommando.hu\/site\/a_halozat_szolgalataban\/tanulmanyok\/szamitogep-vasarlasa\/\">Sz\u00e1m\u00edt\u00f3g\u00e9p v\u00e1s\u00e1rl\u00e1sa<\/a><\/li>\n<\/ul>\n","protected":false},"excerpt":{"rendered":"<p>Egy kedves bar\u00e1tunk keresett meg, hogy venne egy haszn\u00e1lt laptopot. Mutatott is egy sz\u00e9p oldalt, ahol igen kedvez\u0151 \u00e1rak szerepeltek. Els\u0151 k\u00e9rd\u00e9sem az volt, hogy az \u00e1rak tartalmazz\u00e1k-e az \u00c1FA-t?&hellip;<a href=\"https:\/\/www.itkommando.hu\/site\/leirasok\/egy-laptop-vasarlasi-kiserlet\/\" class=\"more-link\"><span class=\"more-button\">Tov\u00e1bb a r\u00e9szletekre<span class=\"screen-reader-text\">Egy laptop v\u00e1s\u00e1rl\u00e1si k\u00eds\u00e9rlet<\/span><\/span><\/a><\/p>\n","protected":false},"author":1,"featured_media":4136,"parent":2921,"menu_order":0,"comment_status":"closed","ping_status":"closed","template":"","meta":{"footnotes":""},"categories":[14,12,16],"tags":[],"class_list":["post-4134","page","type-page","status-publish","has-post-thumbnail","hentry","category-biztonsag","category-hardver","category-tanacsok"],"aioseo_notices":[],"_links":{"self":[{"href":"https:\/\/www.itkommando.hu\/site\/wp-json\/wp\/v2\/pages\/4134","targetHints":{"allow":["GET"]}}],"collection":[{"href":"https:\/\/www.itkommando.hu\/site\/wp-json\/wp\/v2\/pages"}],"about":[{"href":"https:\/\/www.itkommando.hu\/site\/wp-json\/wp\/v2\/types\/page"}],"author":[{"embeddable":true,"href":"https:\/\/www.itkommando.hu\/site\/wp-json\/wp\/v2\/users\/1"}],"replies":[{"embeddable":true,"href":"https:\/\/www.itkommando.hu\/site\/wp-json\/wp\/v2\/comments?post=4134"}],"version-history":[{"count":6,"href":"https:\/\/www.itkommando.hu\/site\/wp-json\/wp\/v2\/pages\/4134\/revisions"}],"predecessor-version":[{"id":5552,"href":"https:\/\/www.itkommando.hu\/site\/wp-json\/wp\/v2\/pages\/4134\/revisions\/5552"}],"up":[{"embeddable":true,"href":"https:\/\/www.itkommando.hu\/site\/wp-json\/wp\/v2\/pages\/2921"}],"wp:featuredmedia":[{"embeddable":true,"href":"https:\/\/www.itkommando.hu\/site\/wp-json\/wp\/v2\/media\/4136"}],"wp:attachment":[{"href":"https:\/\/www.itkommando.hu\/site\/wp-json\/wp\/v2\/media?parent=4134"}],"wp:term":[{"taxonomy":"category","embeddable":true,"href":"https:\/\/www.itkommando.hu\/site\/wp-json\/wp\/v2\/categories?post=4134"},{"taxonomy":"post_tag","embeddable":true,"href":"https:\/\/www.itkommando.hu\/site\/wp-json\/wp\/v2\/tags?post=4134"}],"curies":[{"name":"wp","href":"https:\/\/api.w.org\/{rel}","templated":true}]}}