{"id":4241,"date":"2018-01-25T09:24:24","date_gmt":"2018-01-25T08:24:24","guid":{"rendered":"http:\/\/www.itkommando.hu\/site\/?page_id=4241"},"modified":"2021-07-14T17:56:32","modified_gmt":"2021-07-14T16:56:32","slug":"a-google-authenticator-telepitese-mobilra","status":"publish","type":"page","link":"https:\/\/www.itkommando.hu\/site\/leirasok\/a-google-authenticator-telepitese-mobilra\/","title":{"rendered":"A Google Authenticator telep\u00edt\u00e9se mobilra"},"content":{"rendered":"<p>A<a href=\"http:\/\/www.itkommando.hu\/site\/a-ketlepcsos-hitelesites\/\"> k\u00e9tl\u00e9pcs\u0151s bejelentkez\u00e9s (two factor authentication)<\/a> mibenl\u00e9t\u00e9t az el\u0151z\u0151 cikk\u00fcnkben ismertett\u00fck. Most n\u00e9zz\u00fck meg, hogyan telep\u00edt\u00fcnk egy Google Authenticatort a mobilunkra.<\/p>\n<p>Mint az el\u0151z\u0151 cikk l\u00e1bjegyzet\u00e9ben \u00edrtam, a Google Authenticator program abban az esetben praktikus, ha kev\u00e9s (10-n\u00e9l kevesebb) szerverre szeretn\u00e9nk a haszn\u00e1lat\u00e1val bejelentkezni.<\/p>\n<p>A Google Play term\u00e9szetesen Google hiteles\u00edt\u0151nek h\u00edvja, csak, hogy az embert \u00f6sszezavarja.<\/p>\n<p>Szerintem egyszer\u0171bb a telep\u00edt\u00e9st PC-r\u0151l ind\u00edtani: Keress\u00fck fel a <a href=\"https:\/\/play.google.com\/store\">play.google.com<\/a> oldalt (play \u00e1ruh\u00e1z) \u00e9s keress\u00fcnk r\u00e1 a &#8222;Google Authenticator&#8221; kifejez\u00e9sre. <span style=\"font-size: inherit;\">A keres\u00e9s rengeteg eredm\u00e9nyt ad. A tal\u00e1latok k\u00f6z\u00f6tt van olyan, amihez rootolni kell a k\u00e9sz\u00fcl\u00e9ket, vannak ingyenes \u00e9s fizet\u0151s megold\u00e1sok. Most maradjunk az alap Google hiteles\u00edt\u0151 programn\u00e1l. Ha nincsen sz\u00fcks\u00e9g\u00fcnk k\u00fcl\u00f6nleges szolg\u00e1ltat\u00e1sokra vagy nem csatlakozunk sok szerverhez, akkor ez is t\u00f6k\u00e9letes.<\/span><\/p>\n<figure id=\"attachment_4243\" aria-describedby=\"caption-attachment-4243\" style=\"width: 300px\" class=\"wp-caption aligncenter\"><a href=\"http:\/\/www.itkommando.hu\/site\/wp-content\/uploads\/GoogleAuthenticator_Play.png\"><img loading=\"lazy\" decoding=\"async\" class=\"wp-image-4243 size-medium\" src=\"http:\/\/www.itkommando.hu\/site\/wp-content\/uploads\/GoogleAuthenticator_Play-300x213.png\" alt=\"A Google authenticator a play-en\" width=\"300\" height=\"213\" srcset=\"https:\/\/www.itkommando.hu\/site\/wp-content\/uploads\/GoogleAuthenticator_Play-300x213.png 300w, https:\/\/www.itkommando.hu\/site\/wp-content\/uploads\/GoogleAuthenticator_Play-425x302.png 425w, https:\/\/www.itkommando.hu\/site\/wp-content\/uploads\/GoogleAuthenticator_Play.png 600w\" sizes=\"auto, (max-width: 300px) 100vw, 300px\" \/><\/a><figcaption id=\"caption-attachment-4243\" class=\"wp-caption-text\">Kattintsunk a sz\u00fcrke Google hiteles\u00edt\u0151 k\u00e9pre<\/figcaption><\/figure>\n<figure id=\"attachment_4244\" aria-describedby=\"caption-attachment-4244\" style=\"width: 300px\" class=\"wp-caption aligncenter\"><a href=\"http:\/\/www.itkommando.hu\/site\/wp-content\/uploads\/2FA_telepites.png\"><img loading=\"lazy\" decoding=\"async\" class=\"wp-image-4244 size-medium\" src=\"http:\/\/www.itkommando.hu\/site\/wp-content\/uploads\/2FA_telepites-300x214.png\" alt=\"\" width=\"300\" height=\"214\" srcset=\"https:\/\/www.itkommando.hu\/site\/wp-content\/uploads\/2FA_telepites-300x214.png 300w, https:\/\/www.itkommando.hu\/site\/wp-content\/uploads\/2FA_telepites-425x303.png 425w, https:\/\/www.itkommando.hu\/site\/wp-content\/uploads\/2FA_telepites.png 600w\" sizes=\"auto, (max-width: 300px) 100vw, 300px\" \/><\/a><figcaption id=\"caption-attachment-4244\" class=\"wp-caption-text\">A z\u00f6ld telep\u00edt\u00e9s gombra kattintunk<\/figcaption><\/figure>\n<figure id=\"attachment_4245\" aria-describedby=\"caption-attachment-4245\" style=\"width: 300px\" class=\"wp-caption aligncenter\"><a href=\"http:\/\/www.itkommando.hu\/site\/wp-content\/uploads\/JelentkezzenBe_2Fa.png\"><img loading=\"lazy\" decoding=\"async\" class=\"wp-image-4245 size-medium\" src=\"http:\/\/www.itkommando.hu\/site\/wp-content\/uploads\/JelentkezzenBe_2Fa-300x115.png\" alt=\"\" width=\"300\" height=\"115\" \/><\/a><figcaption id=\"caption-attachment-4245\" class=\"wp-caption-text\">Ha nem vagyunk bejelentkezve a Google fi\u00f3kunkba (ugyanabba, amivel a telefont regisztr\u00e1ltuk), tegy\u00fck meg.<\/figcaption><\/figure>\n<p>Most p\u00e1r k\u00e9pet kihagyok, mert a bejelentkez\u00e9si adatainkat nem szeretn\u00e9m k\u00f6zkinccs\u00e9 tenni, de nem maradtok ki semmimb\u0151l, ez csak egy szok\u00e1sos bejelentkez\u00e9si folyamat.<\/p>\n<p>A bejelentkez\u00e9st k\u00f6vet\u0151en (ha a telefon csatlakozik az internethez) a program telep\u00edt\u00e9se megt\u00f6rt\u00e9nik. Ind\u00edtsuk el az alkalmaz\u00e1st. Egy \u00fcdv\u00f6zl\u0151 k\u00e9perny\u0151 fogad:<\/p>\n<p><a href=\"http:\/\/www.itkommando.hu\/site\/wp-content\/uploads\/G_A_welcome_screen.png\"><img loading=\"lazy\" decoding=\"async\" class=\"size-medium wp-image-4248 aligncenter\" src=\"http:\/\/www.itkommando.hu\/site\/wp-content\/uploads\/G_A_welcome_screen-169x300.png\" alt=\"\" width=\"169\" height=\"300\" srcset=\"https:\/\/www.itkommando.hu\/site\/wp-content\/uploads\/G_A_welcome_screen-169x300.png 169w, https:\/\/www.itkommando.hu\/site\/wp-content\/uploads\/G_A_welcome_screen-309x550.png 309w, https:\/\/www.itkommando.hu\/site\/wp-content\/uploads\/G_A_welcome_screen.png 400w\" sizes=\"auto, (max-width: 169px) 100vw, 169px\" \/><\/a><\/p>\n<p>\u00c9rints\u00fck meg a kezd\u00e9s gombot.<\/p>\n<p><a href=\"http:\/\/www.itkommando.hu\/site\/wp-content\/uploads\/fiok_hozzaadasa_authenticator.png\"><img loading=\"lazy\" decoding=\"async\" class=\"size-medium wp-image-4249 aligncenter\" src=\"http:\/\/www.itkommando.hu\/site\/wp-content\/uploads\/fiok_hozzaadasa_authenticator-169x300.png\" alt=\"\" width=\"169\" height=\"300\" srcset=\"https:\/\/www.itkommando.hu\/site\/wp-content\/uploads\/fiok_hozzaadasa_authenticator-169x300.png 169w, https:\/\/www.itkommando.hu\/site\/wp-content\/uploads\/fiok_hozzaadasa_authenticator-309x550.png 309w, https:\/\/www.itkommando.hu\/site\/wp-content\/uploads\/fiok_hozzaadasa_authenticator.png 400w\" sizes=\"auto, (max-width: 169px) 100vw, 169px\" \/><\/a>A program 2 lehet\u0151s\u00e9get aj\u00e1nl fel. A szerverrel az \u201e\u00f6sszetan\u00edt\u00e1st&#8221; vagy QR k\u00f3ddal, vagy egy karaktersorozattal tehetj\u00fck meg. Mindkett\u0151t a rendszergazd\u00e1t\u00f3l kaphatjuk meg (vagy ha saj\u00e1t szerverhez haszn\u00e1ljuk, akkor saj\u00e1t elhat\u00e1roz\u00e1s szerint). A QR k\u00f3dos megold\u00e1s jelent\u0151sen egyszer\u0171bb, ezt n\u00e9zz\u00fck meg.<\/p>\n<figure id=\"attachment_4250\" aria-describedby=\"caption-attachment-4250\" style=\"width: 169px\" class=\"wp-caption aligncenter\"><a href=\"http:\/\/www.itkommando.hu\/site\/wp-content\/uploads\/Authenticator_engedely.png\"><img loading=\"lazy\" decoding=\"async\" class=\"wp-image-4250 size-medium\" src=\"http:\/\/www.itkommando.hu\/site\/wp-content\/uploads\/Authenticator_engedely-169x300.png\" alt=\"\" width=\"169\" height=\"300\" srcset=\"https:\/\/www.itkommando.hu\/site\/wp-content\/uploads\/Authenticator_engedely-169x300.png 169w, https:\/\/www.itkommando.hu\/site\/wp-content\/uploads\/Authenticator_engedely-309x550.png 309w, https:\/\/www.itkommando.hu\/site\/wp-content\/uploads\/Authenticator_engedely.png 400w\" sizes=\"auto, (max-width: 169px) 100vw, 169px\" \/><\/a><figcaption id=\"caption-attachment-4250\" class=\"wp-caption-text\">Els\u0151 alkalommal a program enged\u00e9lyt k\u00e9r a kamera haszn\u00e1lat\u00e1hoz. Ha haszn\u00e1lni akarjuk, akkor ezt az enged\u00e9lyt meg kell adni.<\/figcaption><\/figure>\n<p>A k\u00f6vetkez\u0151 l\u00e9p\u00e9s a QR k\u00f3d beolvas\u00e1sa:<\/p>\n<p><a href=\"http:\/\/www.itkommando.hu\/site\/wp-content\/uploads\/A_QR_kod_az_hitelesitonek.png\"><img loading=\"lazy\" decoding=\"async\" class=\"size-medium wp-image-4252 aligncenter\" src=\"http:\/\/www.itkommando.hu\/site\/wp-content\/uploads\/A_QR_kod_az_hitelesitonek-300x223.png\" alt=\"\" width=\"300\" height=\"223\" srcset=\"https:\/\/www.itkommando.hu\/site\/wp-content\/uploads\/A_QR_kod_az_hitelesitonek-300x223.png 300w, https:\/\/www.itkommando.hu\/site\/wp-content\/uploads\/A_QR_kod_az_hitelesitonek-425x316.png 425w, https:\/\/www.itkommando.hu\/site\/wp-content\/uploads\/A_QR_kod_az_hitelesitonek.png 600w\" sizes=\"auto, (max-width: 300px) 100vw, 300px\" \/><\/a><\/p>\n<p>Egyszer\u0171bb esetben egy ilyen <a href=\"https:\/\/hu.wikipedia.org\/wiki\/QR-k%C3%B3d\">QR k\u00f3dot<\/a> kell beolvasni. (Nem hom\u00e1lyos\u00edtottam el, mert a k\u00e9p elk\u00e9sz\u00fclte ut\u00e1n azonnal meg is v\u00e1ltoztattam.) Egy egyszer\u0171 QR k\u00f3d olvas\u00f3val leolvasva a telep\u00edt\u00e9s megt\u00f6rt\u00e9nt.<br \/>\nhttps:\/\/www.google.hu\/search?client=ubuntu&#038;hs=0b2&#038;channel=fs&#038;dcr=0&#038;ei=M0tnWo7_F8O3sQH2rbWADQ&#038;q=site%3Awiki.soid.hu+PI-302&#038;oq=site%3Awiki.soid.hu+PI-302&#038;gs_l=psy-ab.3&#8230;4517.6446.0.6938.9.9.0.0.0.0.144.698.8j1.9.0&#8230;.0&#8230;1c.1.64.psy-ab..1.0.0&#8230;.0.vjlXH7h-tdg<br \/>\n\u00c1lljunk meg azonban egy pillanatra, mert ezen az oldalon m\u00e9g vannak \u00e9rdekes \u00e9s fontos dolgok.<\/p>\n<p>Van a \u201e<code>Private key (base32 used by Google Authentcator... <\/code>)&#8221; ami itt JDBVC.. karakterekkel kezd\u0151dik. Ha nem a QR k\u00f3dot v\u00e1lasztjuk a \u201eFi\u00f3k hozz\u00e1ad\u00e1sa&#8221; p\u00e1rbesz\u00e9dablakban, akkor ezt a k\u00f3dot kell be\u00edrnunk az alkalmaz\u00e1sba.<\/p>\n<p>Mind a QR k\u00f3d, mind a Private Key szigor\u00faan titokban tartand\u00f3, hiszen ezek hat\u00e1rozz\u00e1k meg a mobil app m\u0171k\u00f6d\u00e9s\u00e9t. Ha valaki megszerzi a kett\u0151 k\u00f6z\u00fcl az egyiket, az \u00e9pp \u00fagy be tudja olvasni egy authentcator appba \u00e9s haszn\u00e1lni azt. A gyakorlatban ez azt jelenti, hogy ezeket az adatokat egyszer beolvassuk az appba, \u00e9s nem k\u00e9sz\u00edt\u00fcnk r\u00f3la semmilyen ment\u00e9st vagy m\u00e1solatot.<\/p>\n<p>Ezen a k\u00e9pen az \u201e<code>Emergenci Codes<\/code>\u201d (v\u00e9szhelyzeti k\u00f3dok) az van \u00edrva, hogy csak a fizet\u0151s verzi\u00f3ban el\u00e9rhet\u0151ek. Ezek a k\u00f3dok a protokoll r\u00e9sz\u00e9t k\u00e9pezik, \u00e9s \u00e1ltal\u00e1ban 4 darab \u00e1ll rendelkez\u00e9sre. Mind a 4 egy-egy alkalommal haszn\u00e1lhat\u00f3, ha valamilyen okb\u00f3l az authenticator programmal nem tudunk bejelentkezni (lemer\u00fclt\/otthon hagyott telefon stb.). Ha a rendszergazd\u00e1k kiadj\u00e1k ezeket a k\u00f3dokat, akkor azok t\u00e1rol\u00e1sa megfelel\u0151 k\u00f6r\u00fcltekint\u00e9st ig\u00e9nyel. (\u00c9n lemezszekr\u00e9nyben tartom, mert avatatlan kezekben alkalmasak a rendszer kompromitt\u00e1l\u00e1s\u00e1ra.)<\/p>\n<p>\u00c9s az eredm\u00e9ny a mobilunkon:<\/p>\n<p><a href=\"http:\/\/www.itkommando.hu\/site\/wp-content\/uploads\/Keszen_vagyunk_authenticator.png\"><img loading=\"lazy\" decoding=\"async\" class=\"size-medium wp-image-4251 aligncenter\" src=\"http:\/\/www.itkommando.hu\/site\/wp-content\/uploads\/Keszen_vagyunk_authenticator-169x300.png\" alt=\"\" width=\"169\" height=\"300\" srcset=\"https:\/\/www.itkommando.hu\/site\/wp-content\/uploads\/Keszen_vagyunk_authenticator-169x300.png 169w, https:\/\/www.itkommando.hu\/site\/wp-content\/uploads\/Keszen_vagyunk_authenticator-309x550.png 309w, https:\/\/www.itkommando.hu\/site\/wp-content\/uploads\/Keszen_vagyunk_authenticator.png 400w\" sizes=\"auto, (max-width: 169px) 100vw, 169px\" \/><\/a><\/p>\n<p>A bejelentkez\u00e9skor a felhaszn\u00e1l\u00f3nev\u00fcnk\u00f6n \u00e9s a jelszavunkon k\u00edv\u00fcl az app \u00e1ltal mutatott 3 (2&#215;3) jegy\u0171 sz\u00e1mot is meg kell adnunk.<\/p>\n<h3>Kapcsol\u00f3d\u00f3 cikkek<\/h3>\n<ul>\n<li><a href=\"http:\/\/www.itkommando.hu\/site\/a-ketlepcsos-hitelesites\/\">K\u00e9tl\u00e9pcs\u0151s hiteles\u00edt\u00e9s<\/a><\/li>\n<li><a href=\"http:\/\/www.itkommando.hu\/site\/a-routerek-vedelme\/\">A routerek v\u00e9delme<\/a><\/li>\n<\/ul>\n","protected":false},"excerpt":{"rendered":"<p>Ahhoz, hogy a szervereinken haszn\u00e1lni tudjuk a k\u00e9t l\u00e9pcs\u0151s hiteles\u00edt\u00e9st, a mobil eszk\u00f6zre telep\u00edteni kell az app-ot, ami el\u0151\u00e1ll\u00edtja a bejelentkez\u00e9shez sz\u00fcks\u00e9ges k\u00f3dot&hellip;<a href=\"https:\/\/www.itkommando.hu\/site\/leirasok\/a-google-authenticator-telepitese-mobilra\/\" class=\"more-link\"><span class=\"more-button\">Tov\u00e1bb a r\u00e9szletekre<span class=\"screen-reader-text\">A Google Authenticator telep\u00edt\u00e9se mobilra<\/span><\/span><\/a><\/p>\n","protected":false},"author":1,"featured_media":4238,"parent":2921,"menu_order":0,"comment_status":"closed","ping_status":"closed","template":"","meta":{"footnotes":""},"categories":[14,70,63,13,16],"tags":[],"class_list":["post-4241","page","type-page","status-publish","has-post-thumbnail","hentry","category-biztonsag","category-internet","category-mobil-eszkozok","category-szoftver","category-tanacsok"],"aioseo_notices":[],"_links":{"self":[{"href":"https:\/\/www.itkommando.hu\/site\/wp-json\/wp\/v2\/pages\/4241","targetHints":{"allow":["GET"]}}],"collection":[{"href":"https:\/\/www.itkommando.hu\/site\/wp-json\/wp\/v2\/pages"}],"about":[{"href":"https:\/\/www.itkommando.hu\/site\/wp-json\/wp\/v2\/types\/page"}],"author":[{"embeddable":true,"href":"https:\/\/www.itkommando.hu\/site\/wp-json\/wp\/v2\/users\/1"}],"replies":[{"embeddable":true,"href":"https:\/\/www.itkommando.hu\/site\/wp-json\/wp\/v2\/comments?post=4241"}],"version-history":[{"count":13,"href":"https:\/\/www.itkommando.hu\/site\/wp-json\/wp\/v2\/pages\/4241\/revisions"}],"predecessor-version":[{"id":5501,"href":"https:\/\/www.itkommando.hu\/site\/wp-json\/wp\/v2\/pages\/4241\/revisions\/5501"}],"up":[{"embeddable":true,"href":"https:\/\/www.itkommando.hu\/site\/wp-json\/wp\/v2\/pages\/2921"}],"wp:featuredmedia":[{"embeddable":true,"href":"https:\/\/www.itkommando.hu\/site\/wp-json\/wp\/v2\/media\/4238"}],"wp:attachment":[{"href":"https:\/\/www.itkommando.hu\/site\/wp-json\/wp\/v2\/media?parent=4241"}],"wp:term":[{"taxonomy":"category","embeddable":true,"href":"https:\/\/www.itkommando.hu\/site\/wp-json\/wp\/v2\/categories?post=4241"},{"taxonomy":"post_tag","embeddable":true,"href":"https:\/\/www.itkommando.hu\/site\/wp-json\/wp\/v2\/tags?post=4241"}],"curies":[{"name":"wp","href":"https:\/\/api.w.org\/{rel}","templated":true}]}}