{"id":4344,"date":"2018-07-03T09:30:32","date_gmt":"2018-07-03T08:30:32","guid":{"rendered":"https:\/\/www.itkommando.hu\/site\/?page_id=4344"},"modified":"2021-07-15T10:53:02","modified_gmt":"2021-07-15T09:53:02","slug":"office-dokumentumok-jelszavas-vedelme","status":"publish","type":"page","link":"https:\/\/www.itkommando.hu\/site\/office-dokumentumok-jelszavas-vedelme\/","title":{"rendered":"Office dokumentumok jelszavas v\u00e9delme"},"content":{"rendered":"<h3>A feladat<\/h3>\n<p>El\u0151fordul, hogy bizalmas adatokat (ebb\u0151l a szempontb\u00f3l bizalmas minden olyan adat, amit egy \u00f3ri\u00e1splak\u00e1ton nem hirdetn\u00e9nk) szeretn\u00e9nk nyilv\u00e1nos csatorn\u00e1n (e-mail, f\u00e1jl csere mappa) eljuttatni valakihez. Erre a feladatra ad megold\u00e1st az Office (A <a href=\"https:\/\/www.microsoft.com\/hu-hu\/microsoft-365\">Microsoft<\/a>-, <a href=\"https:\/\/hu.libreoffice.org\/\">Libre<\/a>&#8211; \u00e9s <a href=\"https:\/\/www.openoffice.org\/hu\/\">Open<\/a> office egyar\u00e1nt) jelszavas dokumentum v\u00e9delme.<\/p>\n<p>Ez cikk a Microsoft Office \u00e9s LibreOffice verzi\u00f3 haszn\u00e1lat\u00e1t mutatja be.<\/p>\n<p>Oda kell figyelni, hogy a dokumentum \u00e9s a hozz\u00e1 tartoz\u00f3 jelsz\u00f3 csak a c\u00edmzettnek legyen meg egyszerre. Ennek egy m\u00f3dszere, amikor az egyik csatorn\u00e1n (pl. e-mail) elk\u00fcldj\u00fck a v\u00e9dett dokumentumot, a m\u00e1sik csatorn\u00e1n (p\u00e9ld\u00e1ul SMS) elk\u00fcldj\u00fck a jelsz\u00f3t. Akinek nincs meg mind a kett\u0151, nem tudja a dokumentumot olvasni.<\/p>\n<h3>Hogyan csin\u00e1ljuk?<\/h3>\n<p><a href=\"https:\/\/www.itkommando.hu\/site\/leirasok\/a-szovegszerkesztes-alapjai-1\/\">K\u00e9sz\u00edts\u00fck el a dokumentumot<\/a> \u00e9s ments\u00fck el mondjuk <strong>Lorem_Ipsum<\/strong> n\u00e9ven. Majd ment\u00e9s m\u00e1sk\u00e9pp lehet\u0151s\u00e9get v\u00e1lasztva k\u00e9sz\u00edts\u00fcnk bel\u0151le m\u00e1solatot, p\u00e9ld\u00e1ul <strong>Lorem_Ipsum_jelszavas<\/strong> n\u00e9ven. Erre az\u00e9rt van sz\u00fcks\u00e9g, mert ha a jelsz\u00f3t elfelejtj\u00fck, a dokumentum tartalma nem vissza\u00e1ll\u00edthat\u00f3.<\/p>\n<p>\u00a0<\/p>\n<p>a F\u00e1jl\/Inform\u00e1ci\u00f3 men\u00fcpontban a dokumentum v\u00e9delem csemp\u00e9re kattintunk:<\/p>\n<p><a href=\"https:\/\/www.itkommando.hu\/site\/wp-content\/uploads\/1.jpg\"><img loading=\"lazy\" decoding=\"async\" class=\"size-medium wp-image-4345 alignnone\" src=\"https:\/\/www.itkommando.hu\/site\/wp-content\/uploads\/1-300x156.jpg\" alt=\"\" width=\"300\" height=\"156\" srcset=\"https:\/\/www.itkommando.hu\/site\/wp-content\/uploads\/1-300x156.jpg 300w, https:\/\/www.itkommando.hu\/site\/wp-content\/uploads\/1-425x221.jpg 425w, https:\/\/www.itkommando.hu\/site\/wp-content\/uploads\/1.jpg 547w\" sizes=\"auto, (max-width: 300px) 100vw, 300px\" \/><\/a><\/p>\n<p>A leg\u00f6rd\u00fcl\u0151 men\u00fcb\u0151l a Titkost\u00e1s jelsz\u00f3val lehet\u0151s\u00e9get v\u00e1lasztjuk<\/p>\n<p><a href=\"https:\/\/www.itkommando.hu\/site\/wp-content\/uploads\/2.jpg\"><img loading=\"lazy\" decoding=\"async\" class=\"size-medium wp-image-4346 alignnone\" src=\"https:\/\/www.itkommando.hu\/site\/wp-content\/uploads\/2-300x223.jpg\" alt=\"\" width=\"300\" height=\"223\" srcset=\"https:\/\/www.itkommando.hu\/site\/wp-content\/uploads\/2-300x223.jpg 300w, https:\/\/www.itkommando.hu\/site\/wp-content\/uploads\/2.jpg 331w\" sizes=\"auto, (max-width: 300px) 100vw, 300px\" \/><\/a><\/p>\n<p>\u00a0<\/p>\n<p>A felugr\u00f3 ablakban \u00edrjuk be a v\u00e1lasztott jelsz\u00f3t, majd a leok\u00e9z\u00e1s ut\u00e1n ism\u00e9t.<\/p>\n<p><a href=\"https:\/\/www.itkommando.hu\/site\/wp-content\/uploads\/3.jpg\"><img loading=\"lazy\" decoding=\"async\" class=\"size-full wp-image-4347 alignnone\" src=\"https:\/\/www.itkommando.hu\/site\/wp-content\/uploads\/3.jpg\" alt=\"\" width=\"260\" height=\"196\" \/><\/a><\/p>\n<p>A dokumentumot ments\u00fck el.<\/p>\n<h2>LibreOffice<\/h2>\n<p>A <strong>F\u00e1jl\/ment\u00e9s m\u00e1sk\u00e9nt<\/strong> men\u00fcpont seg\u00edts\u00e9g\u00e9vel nyissuk meg a ment\u00e9si p\u00e1rbesz\u00e9dablakot:<\/p>\n<p><a href=\"https:\/\/www.itkommando.hu\/site\/wp-content\/uploads\/librepass.png\"><img loading=\"lazy\" decoding=\"async\" class=\"size-medium wp-image-5132 aligncenter\" src=\"https:\/\/www.itkommando.hu\/site\/wp-content\/uploads\/librepass-300x210.png\" alt=\"\" width=\"300\" height=\"210\" srcset=\"https:\/\/www.itkommando.hu\/site\/wp-content\/uploads\/librepass-300x210.png 300w, https:\/\/www.itkommando.hu\/site\/wp-content\/uploads\/librepass-400x279.png 400w, https:\/\/www.itkommando.hu\/site\/wp-content\/uploads\/librepass.png 600w\" sizes=\"auto, (max-width: 300px) 100vw, 300px\" \/><\/a>A bal als\u00f3 sarokban a <strong>Ment\u00e9s jelsz\u00f3val <\/strong>lehet\u0151s\u00e9get bepip\u00e1lva, a ment\u00e9s gombra kattintva a program k\u00e9ri t\u0151l\u00fcnk a jelsz\u00f3t \u00e9s annak meger\u0151s\u00edt\u00e9s\u00e9t<\/p>\n<p><a href=\"https:\/\/www.itkommando.hu\/site\/wp-content\/uploads\/LIBREPASS-1.png\"><img loading=\"lazy\" decoding=\"async\" class=\"size-medium wp-image-5133 aligncenter\" src=\"https:\/\/www.itkommando.hu\/site\/wp-content\/uploads\/LIBREPASS-1-300x216.png\" alt=\"\" width=\"300\" height=\"216\" srcset=\"https:\/\/www.itkommando.hu\/site\/wp-content\/uploads\/LIBREPASS-1-300x216.png 300w, https:\/\/www.itkommando.hu\/site\/wp-content\/uploads\/LIBREPASS-1-400x288.png 400w, https:\/\/www.itkommando.hu\/site\/wp-content\/uploads\/LIBREPASS-1.png 448w\" sizes=\"auto, (max-width: 300px) 100vw, 300px\" \/><\/a><\/p>\n<p>A feladat teljes\u00edtve. A dokumentum csak jelsz\u00f3val nyithat\u00f3 meg.<\/p>\n<p>A r\u00e9szleteket most nem cizell\u00e1lom, de LibreOffice eset\u00e9n lehet\u0151s\u00e9g van PGP (egy ny\u00edlt forr\u00e1sk\u00f3d\u00fa titkos\u00edt\u00e1si elj\u00e1r\u00e1s) titkos\u00edt\u00e1sra is.<\/p>\n<p>Az \u00edgy titkos\u00edtott dokumentumok nem olvashat\u00f3ak a jelsz\u00f3 ismerete n\u00e9lk\u00fcl. Mivel a titkos\u00edt\u00e1shoz a programcsomagok &#8211; a mai tud\u00e1sunk szerint &#8211; megfelel\u0151 (kriptogr\u00e1fiailag korrekt) m\u00f3dszereket haszn\u00e1lnak, ha a jelsz\u00f3t elvesz\u00edtj\u00fck, a dokumentumot nem fogjuk tudni elolvasni.<\/p>\n<p>A dokumentumot k\u00fcldhetj\u00fck e-mailben, a jelsz\u00f3t pedig SMS-ben\/Viberen\/Messengeren<\/p>\n<h3>Kapcsol\u00f3d\u00f3 cikkek<\/h3>\n<ul>\n<li><a title=\"Az Office programcsomagok\" href=\"http:\/\/www.itkommando.hu\/site\/leirasok\/az-office-programcsomagok\/\">Az Office programcsomagok<\/a><\/li>\n<li><a title=\"A sz\u00f6vegszerkeszt\u00e9s alapjai 1\" href=\"http:\/\/www.itkommando.hu\/site\/leirasok\/a-szovegszerkesztes-alapjai-1\/\">A sz\u00f6vegszerkeszt\u00e9s alapjai 1<\/a><\/li>\n<li><a title=\"A sz\u00f6vegszerkeszt\u00e9s alapjai 2.\" href=\"http:\/\/www.itkommando.hu\/site\/leirasok\/a-szovegszerkesztes-alapjai-2\/\">A sz\u00f6vegszerkeszt\u00e9s alapjai 2<\/a><\/li>\n<li><a href=\"https:\/\/www.itkommando.hu\/site\/excel-oldal-szelesseg-beallitasa\/\">Excel oldal sz\u00e9less\u00e9g be\u00e1ll\u00edt\u00e1sa<\/a><\/li>\n<\/ul>\n\n\n<p><\/p>\n","protected":false},"excerpt":{"rendered":"<p>A feladat El\u0151fordul, hogy bizalmas adatokat (ebb\u0151l a szempontb\u00f3l bizalmas minden olyan adat, amit egy \u00f3ri\u00e1splak\u00e1ton nem hirdetn\u00e9nk) szeretn\u00e9nk nyilv\u00e1nos csatorn\u00e1n (e-mail, f\u00e1jl csere mappa) eljuttatni valakihez. Erre a feladatra&hellip;<a href=\"https:\/\/www.itkommando.hu\/site\/office-dokumentumok-jelszavas-vedelme\/\" class=\"more-link\"><span class=\"more-button\">Tov\u00e1bb a r\u00e9szletekre<span class=\"screen-reader-text\">Office dokumentumok jelszavas v\u00e9delme<\/span><\/span><\/a><\/p>\n","protected":false},"author":1,"featured_media":0,"parent":0,"menu_order":0,"comment_status":"closed","ping_status":"closed","template":"","meta":{"footnotes":""},"categories":[89,13,16],"tags":[],"class_list":["post-4344","page","type-page","status-publish","hentry","category-felhasznaloknak","category-szoftver","category-tanacsok"],"aioseo_notices":[],"_links":{"self":[{"href":"https:\/\/www.itkommando.hu\/site\/wp-json\/wp\/v2\/pages\/4344","targetHints":{"allow":["GET"]}}],"collection":[{"href":"https:\/\/www.itkommando.hu\/site\/wp-json\/wp\/v2\/pages"}],"about":[{"href":"https:\/\/www.itkommando.hu\/site\/wp-json\/wp\/v2\/types\/page"}],"author":[{"embeddable":true,"href":"https:\/\/www.itkommando.hu\/site\/wp-json\/wp\/v2\/users\/1"}],"replies":[{"embeddable":true,"href":"https:\/\/www.itkommando.hu\/site\/wp-json\/wp\/v2\/comments?post=4344"}],"version-history":[{"count":9,"href":"https:\/\/www.itkommando.hu\/site\/wp-json\/wp\/v2\/pages\/4344\/revisions"}],"predecessor-version":[{"id":5592,"href":"https:\/\/www.itkommando.hu\/site\/wp-json\/wp\/v2\/pages\/4344\/revisions\/5592"}],"wp:attachment":[{"href":"https:\/\/www.itkommando.hu\/site\/wp-json\/wp\/v2\/media?parent=4344"}],"wp:term":[{"taxonomy":"category","embeddable":true,"href":"https:\/\/www.itkommando.hu\/site\/wp-json\/wp\/v2\/categories?post=4344"},{"taxonomy":"post_tag","embeddable":true,"href":"https:\/\/www.itkommando.hu\/site\/wp-json\/wp\/v2\/tags?post=4344"}],"curies":[{"name":"wp","href":"https:\/\/api.w.org\/{rel}","templated":true}]}}