{"id":4354,"date":"2018-07-18T13:45:33","date_gmt":"2018-07-18T12:45:33","guid":{"rendered":"https:\/\/www.itkommando.hu\/site\/?page_id=4354"},"modified":"2021-07-13T18:01:44","modified_gmt":"2021-07-13T17:01:44","slug":"excel-oldal-szelesseg-beallitasa","status":"publish","type":"page","link":"https:\/\/www.itkommando.hu\/site\/excel-oldal-szelesseg-beallitasa\/","title":{"rendered":"Excel oldal sz\u00e9less\u00e9g be\u00e1ll\u00edt\u00e1sa"},"content":{"rendered":"<h3>A feladat<\/h3>\n<p>Excelben gyakran k\u00e9sz\u00edt\u00fcnk olyan t\u00e1bl\u00e1zatokat, amelyekr\u0151l tudjuk, hogy egy oldal sz\u00e9less\u00e9gben szeretn\u00e9nk kinyomtatni. Ezt t\u00f6bb helyen is be\u00e1ll\u00edthatjuk<\/p>\n<h3>1., megold\u00e1s a nyomtat\u00e1skor<\/h3>\n<p>Ez akkor c\u00e9lszer\u0171, ha a dokumentumot ritk\u00e1n nyomtatjuk, vagy nyomtat\u00e1skor t\u00f6bbf\u00e9le form\u00e1tumot haszn\u00e1lunk.<\/p>\n<p><code>f\u00e1jl\/nyomtat\u00e1s<\/code><br \/>\n<a href=\"https:\/\/www.itkommando.hu\/site\/wp-content\/uploads\/print1.png\"><img loading=\"lazy\" decoding=\"async\" class=\"size-medium wp-image-4355 aligncenter\" src=\"https:\/\/www.itkommando.hu\/site\/wp-content\/uploads\/print1-300x169.png\" alt=\"\" width=\"300\" height=\"169\" srcset=\"https:\/\/www.itkommando.hu\/site\/wp-content\/uploads\/print1-300x169.png 300w, https:\/\/www.itkommando.hu\/site\/wp-content\/uploads\/print1-425x239.png 425w, https:\/\/www.itkommando.hu\/site\/wp-content\/uploads\/print1.png 600w\" sizes=\"auto, (max-width: 300px) 100vw, 300px\" \/><\/a><\/p>\n<p>A legals\u00f3 csemp\u00e9re kattintva a felugr\u00f3 men\u00fcben v\u00e1lasszuk ki a megfelel\u0151 elrendez\u00e9st:<\/p>\n<ul>\n<li>Nem m\u00e9retezhet\u0151 (eredeti m\u00e9retben nyomtat)<\/li>\n<li>Egy oldalon jelenik meg (a teljes dokumentumot egy oldalra nyomja \u00f6ssze)<\/li>\n<li>Minden oszlop egy oldalon jelenik meg (egy oldal sz\u00e9les)<\/li>\n<li>Minden sor egy oldalra (egy oldal magas)<\/li>\n<li>Egyedi m\u00e9retez\u00e9s<\/li>\n<\/ul>\n<p><a href=\"https:\/\/www.itkommando.hu\/site\/wp-content\/uploads\/print2.png\"><img loading=\"lazy\" decoding=\"async\" class=\"size-medium wp-image-4356 aligncenter\" src=\"https:\/\/www.itkommando.hu\/site\/wp-content\/uploads\/print2-300x169.png\" alt=\"\" width=\"300\" height=\"169\" srcset=\"https:\/\/www.itkommando.hu\/site\/wp-content\/uploads\/print2-300x169.png 300w, https:\/\/www.itkommando.hu\/site\/wp-content\/uploads\/print2-425x239.png 425w, https:\/\/www.itkommando.hu\/site\/wp-content\/uploads\/print2.png 600w\" sizes=\"auto, (max-width: 300px) 100vw, 300px\" \/><\/a><\/p>\n<p>Ebben a p\u00e9ld\u00e1ban az egy oldal sz\u00e9les dokumentum nyomtat\u00e1s\u00e1t mutatom be, teh\u00e1t a minden oszlop egy oldalon jelenik meg lehet\u0151s\u00e9get v\u00e1lasztom.<\/p>\n<p>Ennek hat\u00e1s\u00e1ra a dokumentumot \u00fagy lekicsiny\u00edti, hogy egy oldal sz\u00e9less\u00e9gben tudja nyomtatni. Emiatt a be\u00e1ll\u00edtott bet\u0171m\u00e9retek \u00e9s t\u00e9rk\u00f6z\u00f6k ar\u00e1nyosan kisebbek lesznek,\u00a0 A dokumentum olyan hossz\u00fa lesz, ahogy az ar\u00e1nyaib\u00f3l kij\u00f6n.<\/p>\n<p>Ez a be\u00e1ll\u00edt\u00e1s egy nyomtat\u00e1s idej\u00e9re \u00e9rv\u00e9nyes.<\/p>\n<h3>2., Be\u00e1ll\u00edt\u00e1s a dokumentum tulajdons\u00e1gak\u00e9nt<\/h3>\n<p>Ha a ezt a be\u00e1ll\u00edt\u00e1st a dokumentum minden nyomtat\u00e1sakor meg szeretn\u00e9nk tartani, akkor \u00e9rdemes a be\u00e1ll\u00edt\u00e1st a dokumentum form\u00e1z\u00e1sak\u00e9nt megtenni, a men\u00fcszalag lapelrendez\u00e9s f\u00fcl\u00e9n:<\/p>\n<p><a href=\"https:\/\/www.itkommando.hu\/site\/wp-content\/uploads\/print4.png\"><img loading=\"lazy\" decoding=\"async\" class=\" wp-image-4358 alignnone\" src=\"https:\/\/www.itkommando.hu\/site\/wp-content\/uploads\/print4-300x49.png\" alt=\"\" width=\"386\" height=\"63\" srcset=\"https:\/\/www.itkommando.hu\/site\/wp-content\/uploads\/print4-300x49.png 300w, https:\/\/www.itkommando.hu\/site\/wp-content\/uploads\/print4-425x69.png 425w, https:\/\/www.itkommando.hu\/site\/wp-content\/uploads\/print4.png 600w\" sizes=\"auto, (max-width: 386px) 100vw, 386px\" \/><\/a><\/p>\n<p>A sz\u00e9less\u00e9g leg\u00f6rd\u00fcl\u0151 men\u00fcb\u0151l ki tudjuk v\u00e1lasztani, hogy h\u00e1ny oldal sz\u00e9lesen szeretn\u00e9nk nyomtatni a dokumentumunkat.<\/p>\n<p>El\u0151fordulhat, hogy a dokumentum valahogy \u00edgy fog kin\u00e9zni (A val\u00f3s tartalom nem t\u00f6lti ki az oldalt):<\/p>\n<p>Ennek k\u00e9t oka lehet:<\/p>\n<p>A dokumentum nem tartalmaz annyi adatot, hogy az oldal sz\u00e9less\u00e9g\u00e9t kit\u00f6ltse, vagy (most ez a helyzet) a dokumentum \u00fcresnek t\u0171n\u0151 cell\u00e1iban is van (nem nyomtathat\u00f3) tartalom.<\/p>\n<p>Ilyenkor jel\u00f6lj\u00fck ki az \u00fcresnek gondolt oszlopokat \u00e9s jobbgomb t\u00f6rl\u00e9ssel t\u00f6r\u00f6lj\u00fck ki a tartalmukat.<\/p>\n<h3>Kapcsol\u00f3d\u00f3 cikkek<\/h3>\n<ul>\n<li><a title=\"Az Office programcsomagok\" href=\"http:\/\/www.itkommando.hu\/site\/leirasok\/az-office-programcsomagok\/\">Az Office programcsomagok<\/a><\/li>\n<li><a title=\"A sz\u00f6vegszerkeszt\u00e9s alapjai 1\" href=\"http:\/\/www.itkommando.hu\/site\/leirasok\/a-szovegszerkesztes-alapjai-1\/\">A sz\u00f6vegszerkeszt\u00e9s alapjai 1<\/a><\/li>\n<li><a title=\"A sz\u00f6vegszerkeszt\u00e9s alapjai 2.\" href=\"http:\/\/www.itkommando.hu\/site\/leirasok\/a-szovegszerkesztes-alapjai-2\/\">A sz\u00f6vegszerkeszt\u00e9s alapjai 2<\/a><\/li>\n<li><a href=\"https:\/\/www.itkommando.hu\/site\/office-dokumentumok-jelszavas-vedelme\/\">Office dokumentumok jelszavas v\u00e9delme<\/a><\/li>\n<li><a href=\"https:\/\/www.itkommando.hu\/site\/a-dokumentum-logikai-tagolasa\/\">A dokumentum logikai tagol\u00e1sa<\/a><\/li>\n<\/ul>\n","protected":false},"excerpt":{"rendered":"<p>A feladat Excelben gyakran k\u00e9sz\u00edt\u00fcnk olyan t\u00e1bl\u00e1zatokat, amelyekr\u0151l tudjuk, hogy egy oldal sz\u00e9less\u00e9gben szeretn\u00e9nk kinyomtatni. Ezt t\u00f6bb helyen is be\u00e1ll\u00edthatjuk 1., megold\u00e1s a nyomtat\u00e1skor Ez akkor c\u00e9lszer\u0171, ha a dokumentumot&hellip;<a href=\"https:\/\/www.itkommando.hu\/site\/excel-oldal-szelesseg-beallitasa\/\" class=\"more-link\"><span class=\"more-button\">Tov\u00e1bb a r\u00e9szletekre<span class=\"screen-reader-text\">Excel oldal sz\u00e9less\u00e9g be\u00e1ll\u00edt\u00e1sa<\/span><\/span><\/a><\/p>\n","protected":false},"author":1,"featured_media":0,"parent":0,"menu_order":0,"comment_status":"closed","ping_status":"closed","template":"","meta":{"footnotes":""},"categories":[89,82,13,16],"tags":[],"class_list":["post-4354","page","type-page","status-publish","hentry","category-felhasznaloknak","category-office-tanacsok","category-szoftver","category-tanacsok"],"aioseo_notices":[],"_links":{"self":[{"href":"https:\/\/www.itkommando.hu\/site\/wp-json\/wp\/v2\/pages\/4354","targetHints":{"allow":["GET"]}}],"collection":[{"href":"https:\/\/www.itkommando.hu\/site\/wp-json\/wp\/v2\/pages"}],"about":[{"href":"https:\/\/www.itkommando.hu\/site\/wp-json\/wp\/v2\/types\/page"}],"author":[{"embeddable":true,"href":"https:\/\/www.itkommando.hu\/site\/wp-json\/wp\/v2\/users\/1"}],"replies":[{"embeddable":true,"href":"https:\/\/www.itkommando.hu\/site\/wp-json\/wp\/v2\/comments?post=4354"}],"version-history":[{"count":3,"href":"https:\/\/www.itkommando.hu\/site\/wp-json\/wp\/v2\/pages\/4354\/revisions"}],"predecessor-version":[{"id":5422,"href":"https:\/\/www.itkommando.hu\/site\/wp-json\/wp\/v2\/pages\/4354\/revisions\/5422"}],"wp:attachment":[{"href":"https:\/\/www.itkommando.hu\/site\/wp-json\/wp\/v2\/media?parent=4354"}],"wp:term":[{"taxonomy":"category","embeddable":true,"href":"https:\/\/www.itkommando.hu\/site\/wp-json\/wp\/v2\/categories?post=4354"},{"taxonomy":"post_tag","embeddable":true,"href":"https:\/\/www.itkommando.hu\/site\/wp-json\/wp\/v2\/tags?post=4354"}],"curies":[{"name":"wp","href":"https:\/\/api.w.org\/{rel}","templated":true}]}}