{"id":4448,"date":"2018-10-17T08:15:02","date_gmt":"2018-10-17T07:15:02","guid":{"rendered":"https:\/\/www.itkommando.hu\/site\/?page_id=4448"},"modified":"2021-07-12T18:16:50","modified_gmt":"2021-07-12T17:16:50","slug":"ket-faktoros-azonositas-gmail-ben","status":"publish","type":"page","link":"https:\/\/www.itkommando.hu\/site\/ket-faktoros-azonositas-gmail-ben\/","title":{"rendered":"K\u00e9t faktoros azonos\u00edt\u00e1s Gmail-ben"},"content":{"rendered":"<p>A webhely szok\u00e1sos ellen\u0151rz\u00e9se k\u00f6zben r\u00e1j\u00f6ttem, hogy mindenf\u00e9le furfangos esetre adtunk receptet a Google Authenticator haszn\u00e1lat\u00e1hoz, a Gmail azonban kimaradt. A Gmail eset\u00e9n (ha nem rendelkez\u00fcnk k\u00fcl\u00f6n Google Authenticator eszk\u00f6zzel) a telefonunkra k\u00fcld\u00f6tt nyugt\u00e1z\u00f3 \u00fczenet is hasonl\u00f3 biztons\u00e1got ad, mint az authenticator, azonban jelent\u0151sen egyszer\u0171bb kezelni.<\/p>\n<p>Jelentkezz\u00fcnk be a Gmail fi\u00f3kunkba.<\/p>\n<p>A jobb fels\u0151 sarokban az \u201eaccount photo&#8221;-ra kattintunk (kis karik\u00e1ban a f\u00e9nyk\u00e9p vagy egy bet\u0171).<\/p>\n<p>A Goole-fi\u00f3k-ot v\u00e1lasztjuk<\/p>\n<p><a href=\"https:\/\/www.itkommando.hu\/site\/wp-content\/uploads\/gmail_2fa_login.png\"><img loading=\"lazy\" decoding=\"async\" class=\"aligncenter size-medium wp-image-4449\" src=\"https:\/\/www.itkommando.hu\/site\/wp-content\/uploads\/gmail_2fa_login-300x227.png\" alt=\"\" width=\"300\" height=\"227\" srcset=\"https:\/\/www.itkommando.hu\/site\/wp-content\/uploads\/gmail_2fa_login-300x227.png 300w, https:\/\/www.itkommando.hu\/site\/wp-content\/uploads\/gmail_2fa_login-425x321.png 425w, https:\/\/www.itkommando.hu\/site\/wp-content\/uploads\/gmail_2fa_login.png 446w\" sizes=\"auto, (max-width: 300px) 100vw, 300px\" \/><\/a><\/p>\n<p>&nbsp;<\/p>\n<p>A megjelen\u0151 oldalon a Bejelentkez\u00e9s \u00e9s biztons\u00e1g r\u00e9szre kattintunk<\/p>\n<p><a href=\"https:\/\/www.itkommando.hu\/site\/wp-content\/uploads\/gmail_2fa_biztonsag.png\"><img loading=\"lazy\" decoding=\"async\" class=\"aligncenter size-medium wp-image-4450\" src=\"https:\/\/www.itkommando.hu\/site\/wp-content\/uploads\/gmail_2fa_biztonsag-300x131.png\" alt=\"\" width=\"300\" height=\"131\" srcset=\"https:\/\/www.itkommando.hu\/site\/wp-content\/uploads\/gmail_2fa_biztonsag-300x131.png 300w, https:\/\/www.itkommando.hu\/site\/wp-content\/uploads\/gmail_2fa_biztonsag-425x186.png 425w, https:\/\/www.itkommando.hu\/site\/wp-content\/uploads\/gmail_2fa_biztonsag.png 600w\" sizes=\"auto, (max-width: 300px) 100vw, 300px\" \/><\/a><\/p>\n<p>Az \u00faj oldalon kicsit lejjebb g\u00f6rget\u00fcnk \u00e9s a k\u00e9tl\u00e9pcs\u0151s azonos\u00edt\u00e1st v\u00e1lasztjuk<\/p>\n<p><a href=\"https:\/\/www.itkommando.hu\/site\/wp-content\/uploads\/gmail_2fa_enedelyez.png\"><img loading=\"lazy\" decoding=\"async\" class=\"aligncenter size-medium wp-image-4452\" src=\"https:\/\/www.itkommando.hu\/site\/wp-content\/uploads\/gmail_2fa_enedelyez-300x257.png\" alt=\"\" width=\"300\" height=\"257\" srcset=\"https:\/\/www.itkommando.hu\/site\/wp-content\/uploads\/gmail_2fa_enedelyez-300x257.png 300w, https:\/\/www.itkommando.hu\/site\/wp-content\/uploads\/gmail_2fa_enedelyez-425x363.png 425w, https:\/\/www.itkommando.hu\/site\/wp-content\/uploads\/gmail_2fa_enedelyez.png 600w\" sizes=\"auto, (max-width: 300px) 100vw, 300px\" \/><\/a><\/p>\n<p>Ekkor a Google felsz\u00f3l\u00edt, hogy ism\u00e9t jelentkezz\u00fcnk be.<\/p>\n<p><a href=\"https:\/\/www.itkommando.hu\/site\/wp-content\/uploads\/gmail_2fa_login_again.png\"><img loading=\"lazy\" decoding=\"async\" class=\"aligncenter size-medium wp-image-4453\" src=\"https:\/\/www.itkommando.hu\/site\/wp-content\/uploads\/gmail_2fa_login_again-300x255.png\" alt=\"\" width=\"300\" height=\"255\" srcset=\"https:\/\/www.itkommando.hu\/site\/wp-content\/uploads\/gmail_2fa_login_again-300x255.png 300w, https:\/\/www.itkommando.hu\/site\/wp-content\/uploads\/gmail_2fa_login_again.png 400w\" sizes=\"auto, (max-width: 300px) 100vw, 300px\" \/><\/a><\/p>\n<p>Majd ellen\u0151rzi a telefonunkat egy \u00fczenettel<\/p>\n<p><a href=\"https:\/\/www.itkommando.hu\/site\/wp-content\/uploads\/gmail_2fa_telefon.png\"><img loading=\"lazy\" decoding=\"async\" class=\"aligncenter size-medium wp-image-4454\" src=\"https:\/\/www.itkommando.hu\/site\/wp-content\/uploads\/gmail_2fa_telefon-296x300.png\" alt=\"\" width=\"296\" height=\"300\" srcset=\"https:\/\/www.itkommando.hu\/site\/wp-content\/uploads\/gmail_2fa_telefon-296x300.png 296w, https:\/\/www.itkommando.hu\/site\/wp-content\/uploads\/gmail_2fa_telefon-425x431.png 425w, https:\/\/www.itkommando.hu\/site\/wp-content\/uploads\/gmail_2fa_telefon.png 600w\" sizes=\"auto, (max-width: 296px) 100vw, 296px\" \/><\/a>Ez ut\u00e1n hozz\u00e1 adhatjuk a Google Authenticatort az ellen\u0151rz\u00e9si lehet\u0151s\u00e9gekhez<\/p>\n<p><a href=\"https:\/\/www.itkommando.hu\/site\/wp-content\/uploads\/gmail_2fa_telefon_ell.png\"><img loading=\"lazy\" decoding=\"async\" class=\"aligncenter size-medium wp-image-4455\" src=\"https:\/\/www.itkommando.hu\/site\/wp-content\/uploads\/gmail_2fa_telefon_ell-300x291.png\" alt=\"\" width=\"300\" height=\"291\" srcset=\"https:\/\/www.itkommando.hu\/site\/wp-content\/uploads\/gmail_2fa_telefon_ell-300x291.png 300w, https:\/\/www.itkommando.hu\/site\/wp-content\/uploads\/gmail_2fa_telefon_ell-425x412.png 425w, https:\/\/www.itkommando.hu\/site\/wp-content\/uploads\/gmail_2fa_telefon_ell.png 600w\" sizes=\"auto, (max-width: 300px) 100vw, 300px\" \/><\/a><a href=\"https:\/\/www.itkommando.hu\/site\/wp-content\/uploads\/gmail_2fa_GoogleAuthenticator.png\"><img loading=\"lazy\" decoding=\"async\" class=\"aligncenter size-medium wp-image-4456\" src=\"https:\/\/www.itkommando.hu\/site\/wp-content\/uploads\/gmail_2fa_GoogleAuthenticator-300x253.png\" alt=\"\" width=\"300\" height=\"253\" srcset=\"https:\/\/www.itkommando.hu\/site\/wp-content\/uploads\/gmail_2fa_GoogleAuthenticator-300x253.png 300w, https:\/\/www.itkommando.hu\/site\/wp-content\/uploads\/gmail_2fa_GoogleAuthenticator-768x648.png 768w, https:\/\/www.itkommando.hu\/site\/wp-content\/uploads\/gmail_2fa_GoogleAuthenticator-425x358.png 425w, https:\/\/www.itkommando.hu\/site\/wp-content\/uploads\/gmail_2fa_GoogleAuthenticator.png 843w\" sizes=\"auto, (max-width: 300px) 100vw, 300px\" \/><\/a><\/p>\n<p>Ezzel a be\u00e1ll\u00edt\u00e1ssal alap esetben egy telefonon feltett k\u00e9rd\u00e9ssel ellen\u0151rzi a Google, hogy val\u00f3ban mi jelentkezt\u00fcnk-e be, alternat\u00edvak\u00e9nt az Authenticator is haszn\u00e1lhat\u00f3<\/p>\n","protected":false},"excerpt":{"rendered":"<p>A webhely szok\u00e1sos ellen\u0151rz\u00e9se k\u00f6zben r\u00e1j\u00f6ttem, hogy mindenf\u00e9le furfangos esetre adtunk receptet a Google Authenticator haszn\u00e1lat\u00e1hoz, a Gmail azonban kimaradt. A Gmail eset\u00e9n (ha nem rendelkez\u00fcnk k\u00fcl\u00f6n Google Authenticator eszk\u00f6zzel)&hellip;<a href=\"https:\/\/www.itkommando.hu\/site\/ket-faktoros-azonositas-gmail-ben\/\" class=\"more-link\"><span class=\"more-button\">Tov\u00e1bb a r\u00e9szletekre<span class=\"screen-reader-text\">K\u00e9t faktoros azonos\u00edt\u00e1s Gmail-ben<\/span><\/span><\/a><\/p>\n","protected":false},"author":1,"featured_media":4454,"parent":0,"menu_order":0,"comment_status":"closed","ping_status":"closed","template":"","meta":{"footnotes":""},"categories":[89,12,13,16],"tags":[],"class_list":["post-4448","page","type-page","status-publish","has-post-thumbnail","hentry","category-felhasznaloknak","category-hardver","category-szoftver","category-tanacsok"],"aioseo_notices":[],"_links":{"self":[{"href":"https:\/\/www.itkommando.hu\/site\/wp-json\/wp\/v2\/pages\/4448","targetHints":{"allow":["GET"]}}],"collection":[{"href":"https:\/\/www.itkommando.hu\/site\/wp-json\/wp\/v2\/pages"}],"about":[{"href":"https:\/\/www.itkommando.hu\/site\/wp-json\/wp\/v2\/types\/page"}],"author":[{"embeddable":true,"href":"https:\/\/www.itkommando.hu\/site\/wp-json\/wp\/v2\/users\/1"}],"replies":[{"embeddable":true,"href":"https:\/\/www.itkommando.hu\/site\/wp-json\/wp\/v2\/comments?post=4448"}],"version-history":[{"count":4,"href":"https:\/\/www.itkommando.hu\/site\/wp-json\/wp\/v2\/pages\/4448\/revisions"}],"predecessor-version":[{"id":5267,"href":"https:\/\/www.itkommando.hu\/site\/wp-json\/wp\/v2\/pages\/4448\/revisions\/5267"}],"wp:featuredmedia":[{"embeddable":true,"href":"https:\/\/www.itkommando.hu\/site\/wp-json\/wp\/v2\/media\/4454"}],"wp:attachment":[{"href":"https:\/\/www.itkommando.hu\/site\/wp-json\/wp\/v2\/media?parent=4448"}],"wp:term":[{"taxonomy":"category","embeddable":true,"href":"https:\/\/www.itkommando.hu\/site\/wp-json\/wp\/v2\/categories?post=4448"},{"taxonomy":"post_tag","embeddable":true,"href":"https:\/\/www.itkommando.hu\/site\/wp-json\/wp\/v2\/tags?post=4448"}],"curies":[{"name":"wp","href":"https:\/\/api.w.org\/{rel}","templated":true}]}}