{"id":450,"date":"2012-12-09T13:07:34","date_gmt":"2012-12-09T12:07:34","guid":{"rendered":"http:\/\/www.itkommando.hu\/site\/?page_id=450"},"modified":"2021-12-05T11:41:11","modified_gmt":"2021-12-05T10:41:11","slug":"wikipedia","status":"publish","type":"page","link":"https:\/\/www.itkommando.hu\/site\/a_halozat_szolgalataban\/tanulmanyok\/wikipedia\/","title":{"rendered":"Wikip\u00e9dia"},"content":{"rendered":"<p>A Wikip\u00e9dia egy \u00f6nk\u00e9ntesek \u00e1ltal szerkesztett lexikon, aminek t\u00f6bb, mint&nbsp; 281 nyelvi v\u00e1ltozata van, t\u00f6bbek k\u00f6z\u00f6tt magyar is.<\/p>\n<p>A Wikip\u00e9dia c\u00e9lja (a francia enciklop\u00e9dist\u00e1khoz hasonl\u00f3an), hogy \u00f6sszegy\u0171jtse az el\u00e9rhet\u0151 tud\u00e1st. Vannak inform\u00e1ci\u00f3elm\u00e9leti fejteget\u00e9sek, amelyek eg\u00e9szen egyszer\u0171 logik\u00e1val bemutatj\u00e1k, hogy ez a c\u00e9lkit\u0171z\u00e9s nem val\u00f3s\u00edthat\u00f3 meg, azonban az angol nyelv\u0171 Wikipedia t\u00f6bb, mint 6 milli\u00f3 sz\u00f3cikke bizony\u00edtja, hogy m\u00e1r a r\u00e9szeredm\u00e9nyek is nagyon hasznosak.<\/p>\n<h3>\u00d6sszehasonl\u00edt\u00e1s az \u00daj Magyar Lexikonnal<\/h3>\n<figure id=\"attachment_5761\" aria-describedby=\"caption-attachment-5761\" style=\"width: 150px\" class=\"wp-caption alignright\"><img loading=\"lazy\" decoding=\"async\" class=\"wp-image-5761 size-thumbnail\" src=\"https:\/\/www.itkommando.hu\/site\/wp-content\/uploads\/800px-Wikipedia-logo-v2.svg_-150x150.png\" alt=\"Wikip\u00e9dia logo\" width=\"150\" height=\"150\"><figcaption id=\"caption-attachment-5761\" class=\"wp-caption-text\">A Wikip\u00e9dia logoja<\/figcaption><\/figure>\n<p>Az magyar nyelv\u0171 Wikip\u00e9di\u00e1nak k\u00f6zel 500 000 sz\u00f3cikke van, ami szinte b\u00e1rhol el\u00e9rhet\u0151. Az \u00e1ltal\u00e1nos el\u00e9rhet\u0151s\u00e9g miatt az \u00daj Magyar Lexikonnal &nbsp;hasonl\u00edtjuk \u00f6ssze.<\/p>\n<h2 class=\"wp-table-reloaded-table-name-id-2 wp-table-reloaded-table-name\">\u00d6sszehasonl\u00edt\u00e1s<\/h2>\n\n<table id=\"wp-table-reloaded-id-2-no-1\" class=\"wp-table-reloaded wp-table-reloaded-id-2\">\n<thead>\n\t<tr class=\"row-1 odd\">\n\t\t<th class=\"column-1\"><\/th><th class=\"column-2\">\u00daj Magyar Lexikon<\/th><th class=\"column-3\">Wikip\u00e9dia<\/th>\n\t<\/tr>\n<\/thead>\n<tbody>\n\t<tr class=\"row-2 even\">\n\t\t<td class=\"column-1\">Leghosszabb sz\u00f3cikk<\/td><td class=\"column-2\">Szovjetuni\u00f3<\/td><td class=\"column-3\"><a href=\"https:\/\/hu.wikipedia.org\/wiki\/Pr%C3%ADmsz%C3%A1mok_list%C3%A1ja\">Pr\u00edmsz\u00e1mok list\u00e1ja <\/a> (2020. janu\u00e1r)<\/td>\n\t<\/tr>\n\t<tr class=\"row-3 odd\">\n\t\t<td class=\"column-1\">Szerkeszt\u0151k<\/td><td class=\"column-2\">Akad\u00e9mikusok szerkesztett\u00e9k, szak\u00e9rt\u0151k cikkeib\u0151l<\/td><td class=\"column-3\">\u00d6nk\u00e9ntesek szerkesztik, mindenf\u00e9le el\u0151zetes szelekci\u00f3 n\u00e9lk\u00fcl.<\/td>\n\t<\/tr>\n\t<tr class=\"row-4 even\">\n\t\t<td class=\"column-1\">A szerkeszt\u00e9s lez\u00e1r\u00e1sa<\/td><td class=\"column-2\">1958-ban <\/td><td class=\"column-3\">Folyamatos, nincs lez\u00e1rt cikk<\/td>\n\t<\/tr>\n\t<tr class=\"row-5 odd\">\n\t\t<td class=\"column-1\">A fellelt hib\u00e1k, avul\u00e1sok jav\u00edt\u00e1sa<\/td><td class=\"column-2\">P\u00f3tk\u00f6tetekkel (1972, 1981)<\/td><td class=\"column-3\">A hib\u00e1t vagy hi\u00e1nyoss\u00e1got felfedez\u0151je azonnal jav\u00edthatja<\/td>\n\t<\/tr>\n\t<tr class=\"row-6 even\">\n\t\t<td class=\"column-1\">Terjedelem<\/td><td class=\"column-2\">5300 oldal<\/td><td class=\"column-3\">Korl\u00e1tlan, nincs korl\u00e1t se az egyes cikkek terjedelm\u00e9re, se a sz\u00f3cikkek sz\u00e1m\u00e1ra<br \/>\r\n(T\u00f6bb, mint 460 000 sz\u00f3cikk)<\/td>\n\t<\/tr>\n\t<tr class=\"row-7 odd\">\n\t\t<td class=\"column-1\">Helyig\u00e9ny<\/td><td class=\"column-2\">Hozz\u00e1vet\u0151legesen 36 cm helyet foglal a k\u00f6nyvespolcon<\/td><td class=\"column-3\">B\u00e1rmilyen internet el\u00e9r\u00e9ssel rendelkez\u0151 sz\u00e1m\u00edt\u00f3g\u00e9pen \u00e9s mobileszk\u00f6z\u00f6n megtekinthet\u0151<\/td>\n\t<\/tr>\n<\/tbody>\n<\/table>\n\n<h3>A Wikip\u00e9dia m\u0171k\u00f6d\u00e9se<\/h3>\n<p>A Wikip\u00e9dia szerkeszt\u0151i wikip\u00e9dist\u00e1knak nevezik magukat a <a title=\"Enciklop\u00e9dist\u00e1k\" href=\"http:\/\/hu.wikipedia.org\/wiki\/Enciklop%C3%A9dist%C3%A1k\" target=\"_blank\" rel=\"noopener noreferrer\">francia enciklop\u00e9dist\u00e1k<\/a> mint\u00e1j\u00e1ra.<\/p>\n<p>A wikip\u00e9dist\u00e1k a cikkeket ellenszolg\u00e1ltat\u00e1s n\u00e9lk\u00fcl, a szabadidej\u00fckben k\u00e9sz\u00edtik, b\u00e1r vannak cikk\u00edr\u00f3 versenyek, amikor d\u00edjakat t\u0171znek ki , amely lehet b\u00f6gre, p\u00f3l\u00f3 vagy e-book olvas\u00f3 .<\/p>\n<p>A Wikip\u00e9dia szerkeszt\u00e9se szigor\u00fa szab\u00e1lyok szerint t\u00f6rt\u00e9nik, amelyeket ir\u00e1nyelveknek neveznek. Tal\u00e1n a legfontosabb ir\u00e1nyelvek, hogy <a title=\"T\u00fcntesd fel forr\u00e1saidat!\" href=\"http:\/\/hu.wikipedia.org\/wiki\/Wikip%C3%A9dia:T%C3%BCntesd_fel_forr%C3%A1saidat!\">nevezd meg forr\u00e1saidat<\/a>, illetve a <a title=\"Semleges n\u00e9z\u0151pont\" href=\"http:\/\/hu.wikipedia.org\/wiki\/Wikip%C3%A9dia:Semleges_n%C3%A9z%C5%91pont\">semleges n\u00e9z\u0151pont,<\/a> valamint az egym\u00e1ssal szembeni <a href=\"https:\/\/hu.wikipedia.org\/wiki\/Wikip%C3%A9dia:Civiliz%C3%A1lt_viselked%C3%A9s\">civiliz\u00e1lt viselked\u00e9s<\/a>. Ez azt jelenti, hogy egy cikk minden \u00e1ll\u00edt\u00e1s\u00e1t egy mindenki \u00e1ltal el\u00e9rhet\u0151 forr\u00e1ssal kell al\u00e1t\u00e1masztani. Ilyen forr\u00e1s lehet k\u00f6nyv, foly\u00f3irat, weblap, illetve b\u00e1rmi olyan kiadv\u00e1ny, ami egy\u00e9rtelm\u0171en azonos\u00edthat\u00f3 \u00e9s b\u00e1rki sz\u00e1m\u00e1ra hozz\u00e1f\u00e9rhet\u0151. Ez\u00e9rt a k\u00fcl\u00f6nb\u00f6z\u0151 szervezetek bels\u0151 haszn\u00e1latra sz\u00e1nt dokumentumai, sz\u00f3ban elhangzott inform\u00e1ci\u00f3k a Wikip\u00e9di\u00e1ban nem lehetnek forr\u00e1sok. Az egyik Wikip\u00e9dia-cikket nem lehet egy m\u00e1sik al\u00e1t\u00e1maszt\u00e1s\u00e1ul <a title=\"A wikipedia nem forr\u00e1s\" href=\"http:\/\/hu.wikipedia.org\/wiki\/Wikip%C3%A9dia:T%C3%BCntesd_fel_forr%C3%A1saidat!#A_Wikip.C3.A9dia_.C3.B6nmag.C3.A1ban_nem_forr.C3.A1s\" target=\"_blank\" rel=\"noopener noreferrer\">forr\u00e1sk\u00e9nt megjel\u00f6lni<\/a>.<\/p>\n<p>A semleges n\u00e9z\u0151pont szab\u00e1lya azt mondja ki, hogy amennyiben egy t\u00e9m\u00e1r\u00f3l t\u00f6bb egym\u00e1ssal \u00fctk\u00f6z\u0151 n\u00e9z\u0151pont alakult ki, akkor valamennyit be kell mutatni r\u00e9szrehajl\u00e1s n\u00e9lk\u00fcl, a Wikip\u00e9di\u00e1nak nem feladata ezekben a vit\u00e1kban \u00e1ll\u00e1st foglalni.<\/p>\n<p lang=\"hu\">Az egyes cikkek t\u00e1rgy\u00e1nak minden esetben meg kell felelni\u00fck a <a title=\"Nevezetess\u00e9g\" href=\"http:\/\/hu.wikipedia.org\/wiki\/Wikip%C3%A9dia:Nevezetess%C3%A9g\" target=\"_blank\" rel=\"noopener noreferrer\">nevezetess\u00e9gi ir\u00e1nyelveknek<\/a>, amelyek el\u0151\u00edrj\u00e1k, hogy a cikk t\u00e1rgy\u00e1nak kell\u0151en ismertnek kell lennie annak meg\u00edr\u00e1s\u00e1nak pillanat\u00e1ban.<\/p>\n<p lang=\"hu\">Mivel a Wikip\u00e9di\u00e1nak nincsen semmilyen szerkeszt\u0151bizotts\u00e1ga, a cikkek teljesen esetleges sorrendben \u00e9s alaposs\u00e1ggal k\u00e9sz\u00fclnek el, valamint fontos t\u00e9m\u00e1k hi\u00e1nyozhatnak, illetve m\u00e1sok a fontoss\u00e1gukn\u00e1l nagyobb hangs\u00falyt kaphatnak, ugyanarr\u00f3l a t\u00e9m\u00e1r\u00f3l hasonl\u00f3 c\u00edmmel t\u00f6bb cikk is lehet. Ezek a Wikip\u00e9dia alapelk\u00e9pzel\u00e9seinek a hozad\u00e9kai, az egyenl\u0151tlens\u00e9gek folyamatosan kigyoml\u00e1l\u00e1sra ker\u00fclnek, azonban \u00fajratermel\u0151dnek. Ez a kiegyens\u00falyozatlans\u00e1g nem csak azt jelenti, hogy fontos dolgokr\u00f3l nincs kidolgozott sz\u00f3cikk, hanem azt is, hogy k\u00fcl\u00f6nleges t\u00e9m\u00e1k is szerepelnek.<\/p>\n<p lang=\"hu\">A Wikip\u00e9dia a<a title=\"Wikipedia jogi nyilatkozat\" href=\"http:\/\/hu.wikipedia.org\/wiki\/Wikip%C3%A9dia:Jogi_nyilatkozat\" target=\"_blank\" rel=\"noopener noreferrer\"> saj\u00e1t meghat\u00e1roz\u00e1sa szerint<\/a> sem alkalmas forr\u00e1snak (b\u00e1r ezt egyes szerkeszt\u0151k vitatj\u00e1k), a b\u00e1rki \u00e1ltal szabadon szerkeszthet\u0151 cikkek azonban t\u00f6bb\u00e9-kev\u00e9ss\u00e9 j\u00f3 \u00e1ttekint\u00e9st adnak a t\u00e1rgy\u00e1r\u00f3l, a megjel\u00f6lt forr\u00e1sok &#8211; az am\u00fagy is sz\u00fcks\u00e9ges &#8211; forr\u00e1skritik\u00e1val \u00e1ltal\u00e1ban j\u00f3 alapot ny\u00fajtanak egy kutat\u00f3munk\u00e1hoz.<\/p>\n<p lang=\"hu\">\u00c1ltal\u00e1ban igaz a Wikip\u00e9di\u00e1ra, hogy gyakran nem is napra, hanem \u00f3r\u00e1ra k\u00e9sz, azonban egyes cikkekre ez m\u00e1r nem igaz, p\u00e9ld\u00e1ul a <a title=\"retortasz\u00e9n\" href=\"http:\/\/hu.wikipedia.org\/w\/index.php?title=Retortasz%C3%A9n&amp;oldid=12681884\" target=\"_blank\" rel=\"noopener noreferrer\">retortasz\u00e9n<\/a> sz\u00f3cikk adattartalma er\u0151sen elavult (legal\u00e1bb 100 \u00e9ves inform\u00e1ci\u00f3kat tartalmaz).<\/p>\n<p lang=\"hu\">FRISS\u00cdT\u00c9S: <a title=\"\u201eA Wikip\u00e9dia legnagyobb \u00e1tver\u00e9se\u201d\" href=\"http:\/\/www.itkommando.hu\/site\/a-wikipedia-legnagyobb-atverese\/\">A wikip\u00e9dist\u00e1k lelepleztek egy \u00e1tver\u00e9st<\/a>.<\/p>\n<p><iframe loading=\"lazy\" src=\"https:\/\/www.youtube.com\/embed\/80IOksLICZ8\" title=\"YouTube video player\" allow=\"accelerometer; autoplay; clipboard-write; encrypted-media; gyroscope; picture-in-picture\" allowfullscreen=\"\" width=\"560\" height=\"315\" frameborder=\"0\"><\/iframe><\/p>\n<h3>&nbsp;Kapcsol\u00f3d\u00f3 oldalak<\/h3>\n<ul id=\"menu-tanacsoktanulmanyok\">\n<li id=\"menu-item-2434\"><a href=\"http:\/\/www.itkommando.hu\/site\/a_halozat_szolgalataban\/tanulmanyok\/az-interneten-talalhato-informaciok-hitelessegerol\/\">Az Interneten tal\u00e1lhat\u00f3 inform\u00e1ci\u00f3k hiteless\u00e9g\u00e9r\u0151l<\/a><\/li>\n<li><a href=\"http:\/\/www.itkommando.hu\/site\/a_halozat_szolgalataban\/tanulmanyok\/a-weblapokrol\/\">A weblapokr\u00f3l<\/a><\/li>\n<li><a href=\"https:\/\/www.itkommando.hu\/site\/20-eves-a-wikipedia\/\">20 \u00e9ves a Wikip\u00e9dia<\/a><\/li>\n<li><a href=\"https:\/\/www.itkommando.hu\/site\/a-wikipedia-legnagyobb-atverese\/\">&#8222;<\/a><a href=\"https:\/\/www.itkommando.hu\/site\/a-wikipedia-legnagyobb-atverese\/\">A Wikip\u00e9dia legnagyobb \u00e1rver\u00e9se&#8221;<\/a><\/li>\n<\/ul>\n\n\n<p><\/p>\n","protected":false},"excerpt":{"rendered":"<p>A Wikip\u00e9dia egy \u00f6nk\u00e9ntesek \u00e1ltal szerkesztett lexikon, aminek t\u00f6bb, mint&nbsp; 281 nyelvi v\u00e1ltozata van, t\u00f6bbek k\u00f6z\u00f6tt magyar is. A Wikip\u00e9dia c\u00e9lja (a francia enciklop\u00e9dist\u00e1khoz hasonl\u00f3an), hogy \u00f6sszegy\u0171jtse az el\u00e9rhet\u0151 tud\u00e1st.&hellip;<a href=\"https:\/\/www.itkommando.hu\/site\/a_halozat_szolgalataban\/tanulmanyok\/wikipedia\/\" class=\"more-link\"><span class=\"more-button\">Tov\u00e1bb a r\u00e9szletekre<span class=\"screen-reader-text\">Wikip\u00e9dia<\/span><\/span><\/a><\/p>\n","protected":false},"author":1,"featured_media":1003,"parent":397,"menu_order":0,"comment_status":"closed","ping_status":"closed","template":"","meta":{"footnotes":""},"categories":[13],"tags":[],"class_list":["post-450","page","type-page","status-publish","has-post-thumbnail","hentry","category-szoftver"],"aioseo_notices":[],"_links":{"self":[{"href":"https:\/\/www.itkommando.hu\/site\/wp-json\/wp\/v2\/pages\/450","targetHints":{"allow":["GET"]}}],"collection":[{"href":"https:\/\/www.itkommando.hu\/site\/wp-json\/wp\/v2\/pages"}],"about":[{"href":"https:\/\/www.itkommando.hu\/site\/wp-json\/wp\/v2\/types\/page"}],"author":[{"embeddable":true,"href":"https:\/\/www.itkommando.hu\/site\/wp-json\/wp\/v2\/users\/1"}],"replies":[{"embeddable":true,"href":"https:\/\/www.itkommando.hu\/site\/wp-json\/wp\/v2\/comments?post=450"}],"version-history":[{"count":48,"href":"https:\/\/www.itkommando.hu\/site\/wp-json\/wp\/v2\/pages\/450\/revisions"}],"predecessor-version":[{"id":5765,"href":"https:\/\/www.itkommando.hu\/site\/wp-json\/wp\/v2\/pages\/450\/revisions\/5765"}],"up":[{"embeddable":true,"href":"https:\/\/www.itkommando.hu\/site\/wp-json\/wp\/v2\/pages\/397"}],"wp:featuredmedia":[{"embeddable":true,"href":"https:\/\/www.itkommando.hu\/site\/wp-json\/wp\/v2\/media\/1003"}],"wp:attachment":[{"href":"https:\/\/www.itkommando.hu\/site\/wp-json\/wp\/v2\/media?parent=450"}],"wp:term":[{"taxonomy":"category","embeddable":true,"href":"https:\/\/www.itkommando.hu\/site\/wp-json\/wp\/v2\/categories?post=450"},{"taxonomy":"post_tag","embeddable":true,"href":"https:\/\/www.itkommando.hu\/site\/wp-json\/wp\/v2\/tags?post=450"}],"curies":[{"name":"wp","href":"https:\/\/api.w.org\/{rel}","templated":true}]}}