{"id":4598,"date":"2021-01-16T21:58:09","date_gmt":"2021-01-16T20:58:09","guid":{"rendered":"https:\/\/www.itkommando.hu\/site\/?page_id=4598"},"modified":"2022-02-07T07:58:57","modified_gmt":"2022-02-07T06:58:57","slug":"20-eves-a-wikipedia","status":"publish","type":"page","link":"https:\/\/www.itkommando.hu\/site\/20-eves-a-wikipedia\/","title":{"rendered":"20 \u00e9ves a Wikip\u00e9dia"},"content":{"rendered":"\n<p><img loading=\"lazy\" decoding=\"async\" width=\"150\" height=\"156\" class=\"wp-image-4600\" style=\"width: 150px;\" alt=\"\" src=\"https:\/\/www.itkommando.hu\/site\/wp-content\/uploads\/800px-WP20_HUWiki20_Logo_v2.svg_.png\" srcset=\"https:\/\/www.itkommando.hu\/site\/wp-content\/uploads\/800px-WP20_HUWiki20_Logo_v2.svg_.png 800w, https:\/\/www.itkommando.hu\/site\/wp-content\/uploads\/800px-WP20_HUWiki20_Logo_v2.svg_-288x300.png 288w, https:\/\/www.itkommando.hu\/site\/wp-content\/uploads\/800px-WP20_HUWiki20_Logo_v2.svg_-768x800.png 768w\" sizes=\"auto, (max-width: 150px) 100vw, 150px\" \/><\/p>\n\n\n\n<p>A Wikip\u00e9dia a vil\u00e1g egyik legn\u00e9pszer\u0171bb weboldala. Tal\u00e1n a vil\u00e1g egyik legnagyobb lexikona, 2001 janu\u00e1r 15-\u00e9n alap\u00edtott\u00e1k, 2021 janu\u00e1r 15-\u00e9n \u00fcnnepelte fenn\u00e1ll\u00e1s\u00e1nak 20. \u00e9vfordul\u00f3j\u00e1t . Az \u00e9rdekess\u00e9g, hogy annak ellen\u00e9re, hogy lexikon, magyar nyelven is enciklop\u00e9di\u00e1nak nevezi saj\u00e1t mag\u00e1t. Ez az elnevez\u00e9s angolul teljesen jogos, hiszen az amerikai angolban  az enciklop\u00e9dia egyar\u00e1nt jelent enciklop\u00e9di\u00e1t \u00e9s  lexikont. <\/p>\n\n\n\n<p>Az angol Wikip\u00e9di\u00e1nak t\u00f6bb, mint 6,3 milli\u00f3 sz\u00f3cikke van. Ezek egy r\u00e9sze magyar t\u00e9m\u00e1kkal is foglalkozik. Van sz\u00f3cikke <a href=\"https:\/\/en.wikipedia.org\/wiki\/Gy%C3%B6rgy_B%C3%A1lint\" target=\"_blank\" rel=\"noreferrer noopener\"> B\u00e1lint gazd\u00e1r\u00f3l<\/a>, <a href=\"https:\/\/en.wikipedia.org\/wiki\/K%C3%A1lm%C3%A1n_Kand%C3%B3\" target=\"_blank\" rel=\"noreferrer noopener\">Kand\u00f3 K\u00e1lm\u00e1nr\u00f3l<\/a> \u00e9s m\u00e9g rengeteg magyar emberr\u0151l (<a href=\"https:\/\/en.wikipedia.org\/wiki\/Endre_Ady\" target=\"_blank\" rel=\"noreferrer noopener\">Ady Endr\u00e9t<\/a>, <a href=\"https:\/\/en.wikipedia.org\/wiki\/Mikl%C3%B3s_Radn%C3%B3ti\" target=\"_blank\" rel=\"noreferrer noopener\">Radn\u00f3ti Mikl\u00f3st<\/a> nem is eml\u00edtem). A magyar Wikip\u00e9di\u00e1nak sincsen sz\u00e9gyellnival\u00f3ja a maga k\u00f6zel f\u00e9lmilli\u00f3 sz\u00f3cikk\u00e9vel. <\/p>\n\n\n\n<h2 class=\"wp-block-heading\" id=\"tortenet-es-kihivok\">T\u00f6rt\u00e9net \u00e9s kih\u00edv\u00f3k<\/h2>\n\n\n\n<p>A Wikip\u00e9dia k\u00f6zvetlen el\u0151dje a Nup\u00e9dia volt &#8211; amelynek a weboldala e cikk \u00edr\u00e1sakor m\u00e1r r\u00e9gen nem el\u00e9rhet\u0151 &#8211; , ahol a cikkeket nagyon gondosan kiv\u00e1lasztott szerkeszt\u0151k k\u00e9sz\u00edtett\u00e9k, nagyon komoly min\u0151s\u00e9gbiztos\u00edt\u00e1si rendszereket betartva. A projekt nem hozta az elv\u00e1rt sikert, mivel a cikkek nagyon lassan k\u00e9sz\u00fcltek el. H\u00e1rom \u00e9ves m\u0171k\u00f6d\u00e9se alatt \u00f6sszesen 25 cikket siker\u00fclt befejezni \u00e9s 77 cikk volt k\u00e9sz\u00fcl\u0151ben. Ezt a folyamatot szerett\u00e9k volna felgyors\u00edtani \u00fagy, hogy egy ellen\u0151rizetlen platformon \u00f6nk\u00e9ntesek kezdenek el cikkeket \u00edrni, amit majd a Nupedia szerkeszt\u0151i &#8222;kif\u00e9nyes\u00edtenek&#8221;. Ez lett a Wikip\u00e9dia. Akkora sikere \u00e9s annyi j\u00f3 (elfogadhat\u00f3) sz\u00f3cikke lett, hogy a Nupedia r\u00f6videsen be is sz\u00fcntette a m\u0171k\u00f6d\u00e9s\u00e9t. A Wikip\u00e9dia alap\u00edt\u00f3inak n\u00e9zetelt\u00e9r\u00e9seinek eredm\u00e9nyek\u00e9nt l\u00e9trej\u00f6tt a <a href=\"https:\/\/en.citizendium.org\/\" target=\"_blank\" rel=\"noreferrer noopener\">Citizendium<\/a>, amely a Wikip\u00e9dia \u00e9s a Nupedia tapasztalatit egyes\u00edtette. Az alapelvei annyiban elt\u00e9rnek a Wikip\u00e9di\u00e1t\u00f3l, hogy mindenki k\u00f6teles a saj\u00e1t nev\u00e9vel szerkeszteni, \u00e9s vannak egy-egy t\u00e9m\u00e1hoz \u00e9rt\u0151 szak\u00e9rt\u0151k is. Pillanatnyilag (2021. 07. 08) 154 &#8222;Citable&#8221; \u00e9s 1174 &#8222;Developed&#8221; \u00e1llapot\u00fa sz\u00f3cikke van. Kiz\u00e1r\u00f3lag angol nyelven \u00e9rhet\u0151 el, b\u00e1r a tervekben szerepel, hogy m\u00e1s nyelveken is megjelenjen.<\/p>\n\n\n\n<p>Egyenl\u0151re \u00fagy t\u0171nik a Wikip\u00e9di\u00e1nak kih\u00edv\u00f3i vannak, de ellenfelei nem igaz\u00e1n, annak ellen\u00e9re, hogy sajn\u00e1latos m\u00f3don egyre kevesebb az \u00faj szerkeszt\u0151, mivel az egyre t\u00f6bb szab\u00e1ly (m\u00e9g a szab\u00e1lyok c\u00edm\u00e9nek a v\u00e9gigolvas\u00e1sa is kih\u00edv\u00e1s) sok kezd\u0151 szerkeszt\u0151nek veszi el a kedv\u00e9t. A cikkek min\u0151s\u00e9ge \u00e9s frissess\u00e9ge hatalmas sz\u00f3r\u00e1st mutat, de egyes felm\u00e9r\u00e9sek szerint az &#8222;\u00e1tlagos min\u0151s\u00e9g&#8221; vetekszik a pap\u00edr alap\u00fa lexikonokkal.<\/p>\n\n\n\n<p>Boldog Sz\u00fclet\u00e9snapot Wikip\u00e9dia<\/p>\n\n\n\n<h3 class=\"wp-block-heading\" id=\"kapcsolodo-szocikkek\">Kapcsol\u00f3d\u00f3 sz\u00f3cikkek<\/h3>\n\n\n\n<p><a href=\"https:\/\/www.itkommando.hu\/site\/a_halozat_szolgalataban\/tanulmanyok\/wikipedia\/\" title=\"Wikip\u00e9dia\">Wikip\u00e9dia<\/a><\/p>\n\n\n\n<p><a href=\"https:\/\/www.itkommando.hu\/site\/a-wikipedia-legnagyobb-atverese\/\" title=\"\u201eA Wikip\u00e9dia legnagyobb \u00e1tver\u00e9se\u201d\">A Wikip\u00e9dia legnagyobb \u00e1tver\u00e9se<\/a><\/p>\n\n\n\n<p><\/p>\n","protected":false},"excerpt":{"rendered":"<p>A Wikip\u00e9dia a vil\u00e1g egyik legn\u00e9pszer\u0171bb weboldala. Tal\u00e1n a vil\u00e1g egyik legnagyobb lexikona, 2001 janu\u00e1r 15-\u00e9n alap\u00edtott\u00e1k, 2021 janu\u00e1r 15-\u00e9n \u00fcnnepelte fenn\u00e1ll\u00e1s\u00e1nak 20. \u00e9vfordul\u00f3j\u00e1t . Az \u00e9rdekess\u00e9g, hogy annak ellen\u00e9re,&hellip;<a href=\"https:\/\/www.itkommando.hu\/site\/20-eves-a-wikipedia\/\" class=\"more-link\"><span class=\"more-button\">Tov\u00e1bb a r\u00e9szletekre<span class=\"screen-reader-text\">20 \u00e9ves a Wikip\u00e9dia<\/span><\/span><\/a><\/p>\n","protected":false},"author":1,"featured_media":0,"parent":0,"menu_order":0,"comment_status":"closed","ping_status":"closed","template":"","meta":{"footnotes":""},"categories":[89,71],"tags":[],"class_list":["post-4598","page","type-page","status-publish","hentry","category-felhasznaloknak","category-weblapokrol"],"aioseo_notices":[],"_links":{"self":[{"href":"https:\/\/www.itkommando.hu\/site\/wp-json\/wp\/v2\/pages\/4598","targetHints":{"allow":["GET"]}}],"collection":[{"href":"https:\/\/www.itkommando.hu\/site\/wp-json\/wp\/v2\/pages"}],"about":[{"href":"https:\/\/www.itkommando.hu\/site\/wp-json\/wp\/v2\/types\/page"}],"author":[{"embeddable":true,"href":"https:\/\/www.itkommando.hu\/site\/wp-json\/wp\/v2\/users\/1"}],"replies":[{"embeddable":true,"href":"https:\/\/www.itkommando.hu\/site\/wp-json\/wp\/v2\/comments?post=4598"}],"version-history":[{"count":8,"href":"https:\/\/www.itkommando.hu\/site\/wp-json\/wp\/v2\/pages\/4598\/revisions"}],"predecessor-version":[{"id":5814,"href":"https:\/\/www.itkommando.hu\/site\/wp-json\/wp\/v2\/pages\/4598\/revisions\/5814"}],"wp:attachment":[{"href":"https:\/\/www.itkommando.hu\/site\/wp-json\/wp\/v2\/media?parent=4598"}],"wp:term":[{"taxonomy":"category","embeddable":true,"href":"https:\/\/www.itkommando.hu\/site\/wp-json\/wp\/v2\/categories?post=4598"},{"taxonomy":"post_tag","embeddable":true,"href":"https:\/\/www.itkommando.hu\/site\/wp-json\/wp\/v2\/tags?post=4598"}],"curies":[{"name":"wp","href":"https:\/\/api.w.org\/{rel}","templated":true}]}}