{"id":4681,"date":"2021-06-28T16:00:48","date_gmt":"2021-06-28T15:00:48","guid":{"rendered":"https:\/\/www.itkommando.hu\/site\/?page_id=4681"},"modified":"2021-07-13T18:18:24","modified_gmt":"2021-07-13T17:18:24","slug":"szolgaltatas-halozatvedelem","status":"publish","type":"page","link":"https:\/\/www.itkommando.hu\/site\/szolgaltatas-halozatvedelem\/","title":{"rendered":"H\u00e1l\u00f3zatv\u00e9delem"},"content":{"rendered":"<h4>H\u00e1l\u00f3zatv\u00e9delem<\/h4>\n<p>Biztos\u00edtjuk megb\u00edz\u00f3nk sz\u00e1m\u00e1ra a megb\u00edzhat\u00f3 \u00e9s szab\u00e1lyozott internet-el\u00e9r\u00e9st; gondoskodunk a bej\u00f6v\u0151 adatok v\u00edrus \u00e9s egy\u00e9b rosszindulat\u00fa t\u00e1mad\u00e1s elleni v\u00e9delm\u00e9r\u0151l.<\/p>\n<p>Ig\u00e9ny eset\u00e9n korl\u00e1tozzuk a munkat\u00e1rsak hozz\u00e1f\u00e9r\u00e9s\u00e9t a c\u00e9g m\u0171k\u00f6d\u00e9s\u00e9vel nem \u00f6sszef\u00fcgg\u0151 oldalakhoz (erotikus tartalom, szerencsej\u00e1t\u00e9k, k\u00f6z\u00f6ss\u00e9gi oldalak stb.).<br \/>\n<a href=\"tel:+36 30 629 28 28\">H\u00edvjon minket!<\/a><\/p>\n<p style=\"text-align: center;\"><a href=\"arajanlat-keres\/\"> K\u00e9rjen aj\u00e1nlatot<\/a><\/p>\n","protected":false},"excerpt":{"rendered":"<p>H\u00e1l\u00f3zatv\u00e9delem Biztos\u00edtjuk megb\u00edz\u00f3nk sz\u00e1m\u00e1ra a megb\u00edzhat\u00f3 \u00e9s szab\u00e1lyozott internet-el\u00e9r\u00e9st; gondoskodunk a bej\u00f6v\u0151 adatok v\u00edrus \u00e9s egy\u00e9b rosszindulat\u00fa t\u00e1mad\u00e1s elleni v\u00e9delm\u00e9r\u0151l. Ig\u00e9ny eset\u00e9n korl\u00e1tozzuk a munkat\u00e1rsak hozz\u00e1f\u00e9r\u00e9s\u00e9t a c\u00e9g m\u0171k\u00f6d\u00e9s\u00e9vel nem&hellip;<a href=\"https:\/\/www.itkommando.hu\/site\/szolgaltatas-halozatvedelem\/\" class=\"more-link\"><span class=\"more-button\">Tov\u00e1bb a r\u00e9szletekre<span class=\"screen-reader-text\">H\u00e1l\u00f3zatv\u00e9delem<\/span><\/span><\/a><\/p>\n","protected":false},"author":1,"featured_media":0,"parent":0,"menu_order":0,"comment_status":"closed","ping_status":"closed","template":"","meta":{"footnotes":""},"categories":[92],"tags":[],"class_list":["post-4681","page","type-page","status-publish","hentry","category-szolgaltatasok"],"aioseo_notices":[],"_links":{"self":[{"href":"https:\/\/www.itkommando.hu\/site\/wp-json\/wp\/v2\/pages\/4681","targetHints":{"allow":["GET"]}}],"collection":[{"href":"https:\/\/www.itkommando.hu\/site\/wp-json\/wp\/v2\/pages"}],"about":[{"href":"https:\/\/www.itkommando.hu\/site\/wp-json\/wp\/v2\/types\/page"}],"author":[{"embeddable":true,"href":"https:\/\/www.itkommando.hu\/site\/wp-json\/wp\/v2\/users\/1"}],"replies":[{"embeddable":true,"href":"https:\/\/www.itkommando.hu\/site\/wp-json\/wp\/v2\/comments?post=4681"}],"version-history":[{"count":4,"href":"https:\/\/www.itkommando.hu\/site\/wp-json\/wp\/v2\/pages\/4681\/revisions"}],"predecessor-version":[{"id":5431,"href":"https:\/\/www.itkommando.hu\/site\/wp-json\/wp\/v2\/pages\/4681\/revisions\/5431"}],"wp:attachment":[{"href":"https:\/\/www.itkommando.hu\/site\/wp-json\/wp\/v2\/media?parent=4681"}],"wp:term":[{"taxonomy":"category","embeddable":true,"href":"https:\/\/www.itkommando.hu\/site\/wp-json\/wp\/v2\/categories?post=4681"},{"taxonomy":"post_tag","embeddable":true,"href":"https:\/\/www.itkommando.hu\/site\/wp-json\/wp\/v2\/tags?post=4681"}],"curies":[{"name":"wp","href":"https:\/\/api.w.org\/{rel}","templated":true}]}}