{"id":4717,"date":"2021-06-29T14:31:07","date_gmt":"2021-06-29T13:31:07","guid":{"rendered":"https:\/\/www.itkommando.hu\/site\/?page_id=4717"},"modified":"2021-07-13T13:05:48","modified_gmt":"2021-07-13T12:05:48","slug":"biztonsagi-teszt-2","status":"publish","type":"page","link":"https:\/\/www.itkommando.hu\/site\/biztonsagi-teszt-2\/","title":{"rendered":"Biztons\u00e1gi teszt"},"content":{"rendered":"<h4><strong>Biztons\u00e1gi teszt<\/strong><\/h4>\n<p style=\"text-align: justify; color: #e9c46a;\">Aj\u00e1nljuk minden olyan v\u00e1llalkoz\u00e1snak, amelyeknek Internettel k\u00f6zvetlen kapcsolatban \u00e1ll\u00f3 sz\u00e1m\u00edt\u00f3g\u00e9pe vagy sz\u00e1m\u00edt\u00f3g\u00e9pei vannak.<\/p>\n<p style=\"text-align: justify;\">A teszt sor\u00e1n megvizsg\u00e1ljuk, hogy Internetre k\u00f6t\u00f6tt sz\u00e1m\u00edt\u00f3g\u00e9pe(i) mit mutatnak az Internet fel\u0151l pr\u00f3b\u00e1lkoz\u00f3 \u201e\u00e9rdekl\u0151d\u0151knek&#8221;.<\/p>\n<p style=\"text-align: justify;\">L\u00e1thatj\u00e1k-e az al\u00e1bbi felsorolt t\u00e9nyez\u0151ket:<\/p>\n<ul>\n<li>T\u00e9ves be\u00e1ll\u00edt\u00e1sok<\/li>\n<li>Alap\u00e9rtelmezett\/p\u00e9lda f\u00e1jlok el\u00e9rhet\u0151s\u00e9ge<\/li>\n<li>Biztons\u00e1gi kock\u00e1zatot jelent\u0151 f\u00e1jlok el\u00e9rhet\u0151s\u00e9ge<\/li>\n<li>Elavult programok haszn\u00e1lata<\/li>\n<\/ul>\n<p style=\"text-align: justify; color: #e9c46a;\">A teszt v\u00e1laszt ad arra a k\u00e9rd\u00e9sre, mi l\u00e1tszik a v\u00e1llalkoz\u00e1sr\u00f3l az Internet fel\u0151l, hol van az a a gyenge pont, ahol bizalmas adatokhoz (is) hozz\u00e1 lehet f\u00e9rni, avagy megsemmis\u00edt\u0151 erej\u0171 t\u00e1mad\u00e1st lehet int\u00e9zni a vizsg\u00e1lt munka\u00e1llom\u00e1s\/szerver ellen.<\/p>\n<p><a href=\"tel:+36 30 629 28 28\">H\u00edvjon minket!<\/a><\/p>\n<p style=\"text-align: center;\"><a href=\"arajanlat-keres\/\"> K\u00e9rjen aj\u00e1nlatot<\/a><\/p>\n","protected":false},"excerpt":{"rendered":"<p>Biztons\u00e1gi teszt Aj\u00e1nljuk minden olyan v\u00e1llalkoz\u00e1snak, amelyeknek Internettel k\u00f6zvetlen kapcsolatban \u00e1ll\u00f3 sz\u00e1m\u00edt\u00f3g\u00e9pe vagy sz\u00e1m\u00edt\u00f3g\u00e9pei vannak. A teszt sor\u00e1n megvizsg\u00e1ljuk, hogy Internetre k\u00f6t\u00f6tt sz\u00e1m\u00edt\u00f3g\u00e9pe(i) mit mutatnak az Internet fel\u0151l pr\u00f3b\u00e1lkoz\u00f3 \u201e\u00e9rdekl\u0151d\u0151knek&#8221;.&hellip;<a href=\"https:\/\/www.itkommando.hu\/site\/biztonsagi-teszt-2\/\" class=\"more-link\"><span class=\"more-button\">Tov\u00e1bb a r\u00e9szletekre<span class=\"screen-reader-text\">Biztons\u00e1gi teszt<\/span><\/span><\/a><\/p>\n","protected":false},"author":1,"featured_media":0,"parent":0,"menu_order":0,"comment_status":"closed","ping_status":"closed","template":"","meta":{"footnotes":""},"categories":[92],"tags":[],"class_list":["post-4717","page","type-page","status-publish","hentry","category-szolgaltatasok"],"aioseo_notices":[],"_links":{"self":[{"href":"https:\/\/www.itkommando.hu\/site\/wp-json\/wp\/v2\/pages\/4717","targetHints":{"allow":["GET"]}}],"collection":[{"href":"https:\/\/www.itkommando.hu\/site\/wp-json\/wp\/v2\/pages"}],"about":[{"href":"https:\/\/www.itkommando.hu\/site\/wp-json\/wp\/v2\/types\/page"}],"author":[{"embeddable":true,"href":"https:\/\/www.itkommando.hu\/site\/wp-json\/wp\/v2\/users\/1"}],"replies":[{"embeddable":true,"href":"https:\/\/www.itkommando.hu\/site\/wp-json\/wp\/v2\/comments?post=4717"}],"version-history":[{"count":2,"href":"https:\/\/www.itkommando.hu\/site\/wp-json\/wp\/v2\/pages\/4717\/revisions"}],"predecessor-version":[{"id":5407,"href":"https:\/\/www.itkommando.hu\/site\/wp-json\/wp\/v2\/pages\/4717\/revisions\/5407"}],"wp:attachment":[{"href":"https:\/\/www.itkommando.hu\/site\/wp-json\/wp\/v2\/media?parent=4717"}],"wp:term":[{"taxonomy":"category","embeddable":true,"href":"https:\/\/www.itkommando.hu\/site\/wp-json\/wp\/v2\/categories?post=4717"},{"taxonomy":"post_tag","embeddable":true,"href":"https:\/\/www.itkommando.hu\/site\/wp-json\/wp\/v2\/tags?post=4717"}],"curies":[{"name":"wp","href":"https:\/\/api.w.org\/{rel}","templated":true}]}}