{"id":4780,"date":"2021-06-29T16:23:50","date_gmt":"2021-06-29T15:23:50","guid":{"rendered":"https:\/\/www.itkommando.hu\/site\/?page_id=4780"},"modified":"2021-07-16T09:52:26","modified_gmt":"2021-07-16T08:52:26","slug":"fooldal","status":"publish","type":"page","link":"https:\/\/www.itkommando.hu\/site\/","title":{"rendered":"F\u0151oldal"},"content":{"rendered":"<h2>\u00dcgyfeleink mondt\u00e1k r\u00f3lunk:<\/h2>\n<h3>Duna Prec\u00edzi\u00f3s Kft:<\/h3>\n<p>&#8211; &#8222;J\u00f3 \u00e1r-\u00e9rt\u00e9k ar\u00e1ny\u00fa szolg\u00e1ltat\u00e1s. Gyors reakci\u00f3, nagy szak\u00e9rtelem!&#8221;<\/p>\n","protected":false},"excerpt":{"rendered":"<p>\u00dcgyfeleink mondt\u00e1k r\u00f3lunk: Duna Prec\u00edzi\u00f3s Kft: &#8211; &#8222;J\u00f3 \u00e1r-\u00e9rt\u00e9k ar\u00e1ny\u00fa szolg\u00e1ltat\u00e1s. Gyors reakci\u00f3, nagy szak\u00e9rtelem!&#8221;<\/p>\n","protected":false},"author":1,"featured_media":0,"parent":0,"menu_order":0,"comment_status":"closed","ping_status":"closed","template":"","meta":{"footnotes":""},"categories":[],"tags":[],"class_list":["post-4780","page","type-page","status-publish","hentry"],"aioseo_notices":[],"_links":{"self":[{"href":"https:\/\/www.itkommando.hu\/site\/wp-json\/wp\/v2\/pages\/4780","targetHints":{"allow":["GET"]}}],"collection":[{"href":"https:\/\/www.itkommando.hu\/site\/wp-json\/wp\/v2\/pages"}],"about":[{"href":"https:\/\/www.itkommando.hu\/site\/wp-json\/wp\/v2\/types\/page"}],"author":[{"embeddable":true,"href":"https:\/\/www.itkommando.hu\/site\/wp-json\/wp\/v2\/users\/1"}],"replies":[{"embeddable":true,"href":"https:\/\/www.itkommando.hu\/site\/wp-json\/wp\/v2\/comments?post=4780"}],"version-history":[{"count":7,"href":"https:\/\/www.itkommando.hu\/site\/wp-json\/wp\/v2\/pages\/4780\/revisions"}],"predecessor-version":[{"id":5630,"href":"https:\/\/www.itkommando.hu\/site\/wp-json\/wp\/v2\/pages\/4780\/revisions\/5630"}],"wp:attachment":[{"href":"https:\/\/www.itkommando.hu\/site\/wp-json\/wp\/v2\/media?parent=4780"}],"wp:term":[{"taxonomy":"category","embeddable":true,"href":"https:\/\/www.itkommando.hu\/site\/wp-json\/wp\/v2\/categories?post=4780"},{"taxonomy":"post_tag","embeddable":true,"href":"https:\/\/www.itkommando.hu\/site\/wp-json\/wp\/v2\/tags?post=4780"}],"curies":[{"name":"wp","href":"https:\/\/api.w.org\/{rel}","templated":true}]}}