{"id":513,"date":"2012-12-15T16:14:12","date_gmt":"2012-12-15T15:14:12","guid":{"rendered":"http:\/\/www.itkommando.hu\/site\/?page_id=513"},"modified":"2021-07-13T11:35:33","modified_gmt":"2021-07-13T10:35:33","slug":"szamitogep-vasarlasa","status":"publish","type":"page","link":"https:\/\/www.itkommando.hu\/site\/a_halozat_szolgalataban\/tanulmanyok\/szamitogep-vasarlasa\/","title":{"rendered":"Sz\u00e1m\u00edt\u00f3g\u00e9p v\u00e1s\u00e1rl\u00e1sa"},"content":{"rendered":"<p>Egy sz\u00e1m\u00edt\u00f3g\u00e9p v\u00e1s\u00e1rl\u00e1sa egy csal\u00e1d vagy egy v\u00e1llalkoz\u00e1s \u00e9let\u00e9ben is fontos d\u00f6nt\u00e9s. Ehhez szeretn\u00e9k p\u00e1r szempontot felvonultatni,\u00a0 a d\u00f6nt\u00e9s megk\u00f6nny\u00edt\u00e9s\u00e9nek \u00e9rdek\u00e9ben.<\/p>\n<p><a href=\"http:\/\/www.itkommando.hu\/site\/wp-content\/uploads\/computer_lista.jpg\"><img loading=\"lazy\" decoding=\"async\" class=\"alignright size-medium wp-image-4112\" src=\"http:\/\/www.itkommando.hu\/site\/wp-content\/uploads\/computer_lista-300x200.jpg\" alt=\"\" width=\"300\" height=\"200\" srcset=\"https:\/\/www.itkommando.hu\/site\/wp-content\/uploads\/computer_lista-300x200.jpg 300w, https:\/\/www.itkommando.hu\/site\/wp-content\/uploads\/computer_lista-768x512.jpg 768w, https:\/\/www.itkommando.hu\/site\/wp-content\/uploads\/computer_lista-425x283.jpg 425w, https:\/\/www.itkommando.hu\/site\/wp-content\/uploads\/computer_lista.jpg 960w\" sizes=\"auto, (max-width: 300px) 100vw, 300px\" \/><\/a>Manaps\u00e1g alapvet\u0151en 3 lehet\u0151s\u00e9g szokott sz\u00f3ba j\u00f6nni:<\/p>\n<ol>\n<li>\u00a0Asztali PC<\/li>\n<li>\u00a0Notebook\/Laptop (hordozhat\u00f3 sz\u00e1m\u00edt\u00f3g\u00e9p)<\/li>\n<li>\u00a0T\u00e1bla sz\u00e1m\u00edt\u00f3g\u00e9p<\/li>\n<\/ol>\n<p>Asztali \u00e9s hordozhat\u00f3 kateg\u00f3ri\u00e1ban el\u00e9rhet\u0151ek haszn\u00e1lt, fel\u00faj\u00edtott k\u00e9sz\u00fcl\u00e9kek az eredetivel megegyez\u0151 garanci\u00e1lis felt\u00e9telekkel, jelent\u0151sen kedvez\u0151bb \u00e1ron.<\/p>\n<p>A fentieket \u00f6sszefoglal\u00f3 t\u00e1bl\u00e1zat:<\/p>\n\n<table id=\"wp-table-reloaded-id-3-no-1\" class=\"wp-table-reloaded wp-table-reloaded-id-3\">\n<thead>\n\t<tr class=\"row-1 odd\">\n\t\t<th class=\"column-1\"><\/th><th class=\"column-2\">Asztali PC<\/th><th class=\"column-3\">Notebbok<\/th><th class=\"column-4\">T\u00e1blag\u00e9p<\/th>\n\t<\/tr>\n<\/thead>\n<tbody>\n\t<tr class=\"row-2 even\">\n\t\t<td class=\"column-1\">\u00daj<\/td><td class=\"column-2\"><\/td><td class=\"column-3\"><\/td><td class=\"column-4\"><\/td>\n\t<\/tr>\n\t<tr class=\"row-3 odd\">\n\t\t<td class=\"column-1\">Haszn\u00e1lt<\/td><td class=\"column-2\"><\/td><td class=\"column-3\"><\/td><td class=\"column-4\"><\/td>\n\t<\/tr>\n<\/tbody>\n<\/table>\n\n<p>A dokumentum c\u00e9lja, hogy seg\u00edtsen eld\u00f6nteni, hogy a t\u00e1bl\u00e1zat melyik cell\u00e1j\u00e1ba kell tenni az X-et<\/p>\n<p>Sz\u00e1m\u00edt\u00f3g\u00e9p v\u00e1s\u00e1rl\u00e1skor a legfontosabb szempontok:<a href=\"http:\/\/www.itkommando.hu\/site\/wp-content\/uploads\/sffPC.jpg\"><img loading=\"lazy\" decoding=\"async\" class=\"alignright size-medium wp-image-4086\" src=\"http:\/\/www.itkommando.hu\/site\/wp-content\/uploads\/sffPC-300x169.jpg\" alt=\"\" width=\"300\" height=\"169\" srcset=\"https:\/\/www.itkommando.hu\/site\/wp-content\/uploads\/sffPC-300x169.jpg 300w, https:\/\/www.itkommando.hu\/site\/wp-content\/uploads\/sffPC-768x432.jpg 768w, https:\/\/www.itkommando.hu\/site\/wp-content\/uploads\/sffPC-425x239.jpg 425w, https:\/\/www.itkommando.hu\/site\/wp-content\/uploads\/sffPC.jpg 970w\" sizes=\"auto, (max-width: 300px) 100vw, 300px\" \/><\/a><\/p>\n<ol>\n<li>A haszn\u00e1lat c\u00e9lja<\/li>\n<li>A rendelkez\u00e9sre \u00e1ll\u00f3 p\u00e9nz\u00fcgyi keret<\/li>\n<li>A rendelkez\u00e9sre \u00e1ll\u00f3 hely<\/li>\n<li>Ergon\u00f3miai szempontok<\/li>\n<li>Szem\u00e9lyes preferenci\u00e1k<\/li>\n<\/ol>\n<h4>A haszn\u00e1lat c\u00e9lja szerint val\u00f3 v\u00e1laszt\u00e1si szempontok:<\/h4>\n<p>Milyen <a title=\"Szoftver v\u00e1laszt\u00e1sa\" href=\"http:\/\/www.itkommando.hu\/site\/a_halozat_szolgalataban\/tanulmanyok\/szoftver-valasztasa\/\">programokat<\/a> szeretn\u00e9nk haszn\u00e1lni?<\/p>\n<p>A programok le\u00edr\u00e1sa tartalmazza a sz\u00fcks\u00e9ges hardver jellemz\u0151ket (processzor, mem\u00f3ria, videok\u00e1rtya, t\u00e1rol\u00f3kapacit\u00e1s), ezeket \u00e1ltal\u00e1ban \u00e9rdemes t\u00falteljes\u00edteni.<\/p>\n<p>A felhaszn\u00e1l\u00e1si szok\u00e1sok, el\u0151\u00edr\u00e1sok tov\u00e1bbi szempontokat jelenthetnek (grafikai, CAD\/CAM munk\u00e1n\u00e1l c\u00e9lszer\u0171 lehet nagy m\u00e9ret\u0171 monitor, \u00e9s\/vagy speci\u00e1lis eg\u00e9r haszn\u00e1lata).<\/p>\n<p>Irodai feladatokra \u00e1ltal\u00e1ban asztali sz\u00e1m\u00edt\u00f3g\u00e9p, terepmunk\u00e1ra notebook vagy t\u00e1blag\u00e9p a szok\u00e1sos megold\u00e1s.<\/p>\n<h4>A rendelkez\u00e9sre \u00e1ll\u00f3 p\u00e9nz\u00fcgyi keret:<\/h4>\n<p><a href=\"http:\/\/www.itkommando.hu\/site\/wp-content\/uploads\/notebook.jpg\"><img loading=\"lazy\" decoding=\"async\" class=\"alignright size-medium wp-image-4113\" src=\"http:\/\/www.itkommando.hu\/site\/wp-content\/uploads\/notebook-300x200.jpg\" alt=\"\" width=\"300\" height=\"200\" srcset=\"https:\/\/www.itkommando.hu\/site\/wp-content\/uploads\/notebook-300x200.jpg 300w, https:\/\/www.itkommando.hu\/site\/wp-content\/uploads\/notebook-768x512.jpg 768w, https:\/\/www.itkommando.hu\/site\/wp-content\/uploads\/notebook-1024x683.jpg 1024w, https:\/\/www.itkommando.hu\/site\/wp-content\/uploads\/notebook-425x283.jpg 425w, https:\/\/www.itkommando.hu\/site\/wp-content\/uploads\/notebook.jpg 1920w\" sizes=\"auto, (max-width: 300px) 100vw, 300px\" \/><\/a>A p\u00e9nz\u00fcgyi keret hat\u00e1rt szab az ig\u00e9nyek parttalan elburj\u00e1nz\u00e1s\u00e1nak, \u00e9s tipikus esetben a v\u00e1s\u00e1rl\u00e1st a kompromisszumok m\u0171v\u00e9szet\u00e9v\u00e9 v\u00e1ltoztatja.<\/p>\n<p>Sok esetben azonos p\u00e9nz\u00fcgyi keretb\u0151l jobb eredm\u00e9nyt lehet el\u00e9rni egy haszn\u00e1lt m\u00e1rk\u00e1s sz\u00e1m\u00edt\u00f3g\u00e9ppel, mint egy \u00fajonnan v\u00e1s\u00e1rolt \u00f6sszerakott (noname) k\u00e9sz\u00fcl\u00e9kkel.<\/p>\n<h4>A rendelkez\u00e9sre \u00e1ll\u00f3 hely:<\/h4>\n<p>\u00c1ll\u00f3 h\u00e1zas g\u00e9pet \u00e1ltal\u00e1ban az asztal alatt lehet elhelyezni, illetve egyes b\u00fatorokban ki van alak\u00edtva egy polc vagy\u00a0 szekr\u00e9ny az \u00e1ll\u00f3h\u00e1z r\u00e9sz\u00e9re.<\/p>\n<p>Fekv\u0151 h\u00e1zat gyakran a monitor alatt, vagy a gurul\u00f3s fi\u00f3k tetej\u00e9n szik\u00e1s elhelyezni.<\/p>\n<p>Amennyiben a sz\u00e1m\u00edt\u00f3g\u00e9pnek nincs \u00e1lland\u00f3an fenntarthat\u00f3 hely, akkor optim\u00e1lis d\u00f6nt\u00e9s egy notebook, ami haszn\u00e1laton k\u00edv\u00fcl \u00f6sszecsukott \u00e1llapotban ak\u00e1r egy fi\u00f3kban, t\u00e1sk\u00e1ban vagy egy\u00e9b f\u00e9lrees\u0151 helyen elf\u00e9r.<\/p>\n<h4>Ergon\u00f3miai szempontok:<\/h4>\n<p>Az \u00e1ltal\u00e1nos szempontokat itt nem t\u00e1rgyaljuk, csak a konkr\u00e9tan a sz\u00e1m\u00edt\u00f3g\u00e9p v\u00e1s\u00e1rl\u00e1ssal kapcsolatos szempontokat.<\/p>\n<p>Ha a beszerz\u00e9s t\u00e1rgya a monitor is, az els\u0151 k\u00e9rd\u00e9s annak m\u00e9rete. A rendelkez\u00e9sre \u00e1ll\u00f3 p\u00e9nz \u00e9s hely ezt a k\u00e9rd\u00e9st gyakran eld\u00f6nti. A CRT (\u201ek\u00e9pcs\u00f6ves&#8221;) vagy LCD (\u201elapos&#8221;) monitorok k\u00f6z\u00f6tti v\u00e1laszt\u00e1s csak nagyon al\u00e1rendelt esetekben mer\u00fcl fel, mivel CRT monitorok m\u00e1r csak haszn\u00e1ltan kaphat\u00f3ak, azonban a nagyon j\u00f3 min\u0151s\u00e9g\u0171ek is igen alacsony \u00e1ron, amit a nagy hely \u00e9s energiafogyaszt\u00e1suk is indokol. A gyakorlatban a k\u00e9pcs\u00f6ves monitorok ink\u00e1bb csak t\u00f6rt\u00e9nelmi \u00e9rdekess\u00e9gnek tekinthet\u0151ek.<\/p>\n<p>Monitort olyan helyen \u00e9rdemes v\u00e1lasztani, ahol azt ki is lehet pr\u00f3b\u00e1lni, meg lehet n\u00e9zni, m\u00e1s t\u00edpusokkal \u00f6sszehasonl\u00edtani, itt gyakran kider\u00fcl, hogy a legszebb k\u00e9p\u0171 monitor nem felt\u00e9tlen\u00fcl a legdr\u00e1g\u00e1bb. A v\u00e1logat\u00e1sn\u00e1l azonban figyelembe kell venni, hogy a f\u00e9nyviszonyok elt\u00e9rnek a haszn\u00e1lat hely\u00e9n uralkod\u00f3akt\u00f3l. \u201eF\u00e1tyolos&#8221; bizonytalan k\u00f6rvonalakat mutat\u00f3 monitor nem alkalmas irodai haszn\u00e1latra, mivel a szemet f\u00e1rasztja.<a href=\"http:\/\/www.itkommando.hu\/site\/wp-content\/uploads\/computer.jpg\"><img loading=\"lazy\" decoding=\"async\" class=\"alignright size-medium wp-image-4114\" src=\"http:\/\/www.itkommando.hu\/site\/wp-content\/uploads\/computer-300x210.jpg\" alt=\"\" width=\"300\" height=\"210\" srcset=\"https:\/\/www.itkommando.hu\/site\/wp-content\/uploads\/computer-300x210.jpg 300w, https:\/\/www.itkommando.hu\/site\/wp-content\/uploads\/computer-768x538.jpg 768w, https:\/\/www.itkommando.hu\/site\/wp-content\/uploads\/computer-425x298.jpg 425w, https:\/\/www.itkommando.hu\/site\/wp-content\/uploads\/computer.jpg 960w\" sizes=\"auto, (max-width: 300px) 100vw, 300px\" \/><\/a><\/p>\n<p>Az asztali sz\u00e1m\u00edt\u00f3g\u00e9pekhez szabadon lehet billenty\u0171zetet illetve egeret v\u00e1lasztani. \u00c9rdemes kipr\u00f3b\u00e1lni, hogy a billenty\u0171k lenyom\u00e1s\u00e1hoz azonos er\u0151 legyen sz\u00fcks\u00e9ges, a billenty\u0171k le\u00fct\u00e9s\u00e9nek hat\u00e1rozottnak, nem t\u00fal kem\u00e9nynek\u00a0 vagy t\u00fal puh\u00e1nak kell lennie.<\/p>\n<p>A notebookok billenty\u0171zete folyamatos munkav\u00e9gz\u00e9sre csak bizonyos t\u00edpusokn\u00e1l alkalmas. Irodai k\u00f6rnyezetben c\u00e9lszer\u0171 lehet hozz\u00e1juk k\u00fcls\u0151 billenty\u0171zetet \u00e9s egeret, ak\u00e1r monitort is k\u00f6tni. Ezt megk\u00f6nny\u00edtik a dokkol\u00f3 egys\u00e9gek, ahol a notebookot a dokkol\u00f3 egys\u00e9gre tehetj\u00fck, ezzel azonnal csatlakoztatva a billenty\u0171zetet \u00e9s egeret, esetleg a nagy m\u00e9ret\u0171 k\u00fcls\u0151 monitort.<\/p>\n<p>A t\u00e1blag\u00e9pek kicsik, k\u00f6nnyen hordozhat\u00f3ak, akkumul\u00e1torr\u00f3l az \u00fczemidej\u00fck tipikusan jelent\u0151sen magasabb, mint a notebookoknak. Terepmunk\u00e1ra, m\u00e9dia fogyaszt\u00e1sra optim\u00e1lis lehet. T\u00f6bb t\u00edpushoz csatlakoztathat\u00f3 valamilyen billenty\u0171zet \u00e9s eg\u00e9r, amellyel egyb\u0151l szinte notebookk\u00e1 alak\u00edthat\u00f3ak.<\/p>\n<p>Az \u00e1talak\u00edthat\u00f3 k\u00e9sz\u00fcl\u00e9kek eset\u00e9n a notebookr\u00f3l a \u201emonitor&#8221; lekapcsolhat\u00f3 \u00e9s t\u00e1blag\u00e9pk\u00e9nt haszn\u00e1lhat\u00f3. Ez a megold\u00e1s egyes\u00edti a k\u00e9t megold\u00e1s el\u0151nyeit, azonban ez gyakran az \u00e1ron is megl\u00e1tszik.<\/p>\n<p>Minden esetben igaz, hogy a hordozhat\u00f3 k\u00e9sz\u00fcl\u00e9keken t\u00e1rolt adatok jelent\u0151sen nagyobb vesz\u00e9lyben vannak, mint az asztali k\u00e9sz\u00fcl\u00e9keken t\u00e1roltak. Ezen egy automatikusan m\u0171k\u00f6d\u0151 ment\u00e9si rend be\u00fczemel\u00e9se alapvet\u0151.<\/p>\n<p>A v\u00e1s\u00e1rl\u00e1s eset\u00e9n \u00e9rdemes t\u00f6bb elad\u00f3t is megn\u00e9zni, jelent\u0151s elt\u00e9r\u00e9s lehet az \u00e1rakban.<\/p>\n<h3>Kapcsol\u00f3d\u00f3 cikkek<\/h3>\n<ul>\n<li><a href=\"http:\/\/www.itkommando.hu\/site\/a_halozat_szolgalataban\/tanulmanyok\/szoftver-valasztasa\/\">Szoftver v\u00e1laszt\u00e1sa<\/a><\/li>\n<li><a href=\"http:\/\/www.itkommando.hu\/site\/a_halozat_szolgalataban\/tanulmanyok\/virusirto-programok\/\">V\u00edrusirt\u00f3 programok<\/a><\/li>\n<li><a title=\"Milyen teljes\u00edtm\u00e9ny\u0171 sz\u00e1m\u00edt\u00f3g\u00e9pre van sz\u00fcks\u00e9gem?\" href=\"http:\/\/www.itkommando.hu\/site\/milyen-teljesitmenyu-szamitogepre-van-szuksegem\/\">Milyen sz\u00e1m\u00edt\u00f3g\u00e9pre van sz\u00fcks\u00e9gem?<\/a><\/li>\n<li><a href=\"http:\/\/www.itkommando.hu\/site\/leirasok\/kell-e-felni-a-linux-tol\/\">Kell-e f\u00e9lni a Linux-t\u00f3l?<\/a><\/li>\n<\/ul>\n","protected":false},"excerpt":{"rendered":"<p>Egy sz\u00e1m\u00edt\u00f3g\u00e9p v\u00e1s\u00e1rl\u00e1sa egy csal\u00e1d vagy egy v\u00e1llalkoz\u00e1s \u00e9let\u00e9ben is fontos d\u00f6nt\u00e9s. Ehhez szeretn\u00e9k p\u00e1r szempontot felvonultatni,\u00a0 a d\u00f6nt\u00e9s megk\u00f6nny\u00edt\u00e9s\u00e9nek \u00e9rdek\u00e9ben. Manaps\u00e1g alapvet\u0151en 3 lehet\u0151s\u00e9g szokott sz\u00f3ba j\u00f6nni: \u00a0Asztali PC&hellip;<a href=\"https:\/\/www.itkommando.hu\/site\/a_halozat_szolgalataban\/tanulmanyok\/szamitogep-vasarlasa\/\" class=\"more-link\"><span class=\"more-button\">Tov\u00e1bb a r\u00e9szletekre<span class=\"screen-reader-text\">Sz\u00e1m\u00edt\u00f3g\u00e9p v\u00e1s\u00e1rl\u00e1sa<\/span><\/span><\/a><\/p>\n","protected":false},"author":1,"featured_media":1006,"parent":397,"menu_order":1,"comment_status":"closed","ping_status":"closed","template":"","meta":{"footnotes":""},"categories":[12,11,10],"tags":[],"class_list":["post-513","page","type-page","status-publish","has-post-thumbnail","hentry","category-hardver","category-munkaallomas","category-vasarlas"],"aioseo_notices":[],"_links":{"self":[{"href":"https:\/\/www.itkommando.hu\/site\/wp-json\/wp\/v2\/pages\/513","targetHints":{"allow":["GET"]}}],"collection":[{"href":"https:\/\/www.itkommando.hu\/site\/wp-json\/wp\/v2\/pages"}],"about":[{"href":"https:\/\/www.itkommando.hu\/site\/wp-json\/wp\/v2\/types\/page"}],"author":[{"embeddable":true,"href":"https:\/\/www.itkommando.hu\/site\/wp-json\/wp\/v2\/users\/1"}],"replies":[{"embeddable":true,"href":"https:\/\/www.itkommando.hu\/site\/wp-json\/wp\/v2\/comments?post=513"}],"version-history":[{"count":36,"href":"https:\/\/www.itkommando.hu\/site\/wp-json\/wp\/v2\/pages\/513\/revisions"}],"predecessor-version":[{"id":5369,"href":"https:\/\/www.itkommando.hu\/site\/wp-json\/wp\/v2\/pages\/513\/revisions\/5369"}],"up":[{"embeddable":true,"href":"https:\/\/www.itkommando.hu\/site\/wp-json\/wp\/v2\/pages\/397"}],"wp:featuredmedia":[{"embeddable":true,"href":"https:\/\/www.itkommando.hu\/site\/wp-json\/wp\/v2\/media\/1006"}],"wp:attachment":[{"href":"https:\/\/www.itkommando.hu\/site\/wp-json\/wp\/v2\/media?parent=513"}],"wp:term":[{"taxonomy":"category","embeddable":true,"href":"https:\/\/www.itkommando.hu\/site\/wp-json\/wp\/v2\/categories?post=513"},{"taxonomy":"post_tag","embeddable":true,"href":"https:\/\/www.itkommando.hu\/site\/wp-json\/wp\/v2\/tags?post=513"}],"curies":[{"name":"wp","href":"https:\/\/api.w.org\/{rel}","templated":true}]}}