{"id":528,"date":"2012-12-19T20:34:34","date_gmt":"2012-12-19T19:34:34","guid":{"rendered":"http:\/\/www.itkommando.hu\/site\/?page_id=528"},"modified":"2021-07-28T08:32:49","modified_gmt":"2021-07-28T07:32:49","slug":"szoftver-valasztasa","status":"publish","type":"page","link":"https:\/\/www.itkommando.hu\/site\/a_halozat_szolgalataban\/tanulmanyok\/szoftver-valasztasa\/","title":{"rendered":"Szoftver v\u00e1laszt\u00e1sa"},"content":{"rendered":"<p>A <a title=\"Sz\u00e1m\u00edt\u00f3g\u00e9p v\u00e1s\u00e1rl\u00e1sa\" href=\"http:\/\/www.itkommando.hu\/site\/a_halozat_szolgalataban\/tanulmanyok\/szamitogep-vasarlasa\/\">sz\u00e1m\u00edt\u00f3g\u00e9p kiv\u00e1laszt\u00e1s\u00e1val<\/a> p\u00e1rhuzamosan a haszn\u00e1lni k\u00edv\u00e1nt programok vizsg\u00e1lat\u00e1t is c\u00e9lszer\u0171 elv\u00e9gezni.<\/p>\n<p>Egy \u00e1tlagos sz\u00e1m\u00edt\u00f3g\u00e9pre a k\u00f6vetkez\u0151 programt\u00edpusokat szokt\u00e1k telep\u00edteni:<\/p>\n<h4>Oper\u00e1ci\u00f3s rendszer:<\/h4>\n<p><a title=\"Microsoft Windows\" href=\"http:\/\/windows.microsoft.com\/hu-hu\/windows\/home\">Windows<\/a><\/p>\n<p>\u00c1ltal\u00e1nosan haszn\u00e1lt j\u00f3l ismert oper\u00e1ci\u00f3s rendszer.\u00a0 A felsoroltak k\u00f6z\u00fcl a legjobb szoftver ell\u00e1totts\u00e1ggal rendelkezik, illetve szinte minden hardver alkalmas a Windows futtat\u00e1s\u00e1ra. Ennek azonban \u00e1ra van. A Windows verzi\u00f3t\u00f3l f\u00fcgg\u0151en ak\u00e1r 100 000 Ft-s T\u00e9tel is lehet a beszerz\u00e9se <sup><a href=\"#footnote_1_528\" id=\"identifier_1_528\" class=\"footnote-link footnote-identifier-link\" title=\"Windows for workstations verzi&oacute; eset&eacute;n\">1<\/a><\/sup><\/p>\n<h5><a title=\"Apple OS X\" href=\"https:\/\/www.apple.com\/osx\/\">OS X<\/a><\/h5>\n<p>Az OS X az Apple asztali sz\u00e1m\u00edt\u00f3g\u00e9peinek oper\u00e1ci\u00f3s rendszere, aki Apple sz\u00e1m\u00edt\u00f3g\u00e9pet vagy notebookot v\u00e1s\u00e1rol, OS X a nat\u00edv oper\u00e1ci\u00f3s rendszere. Nagy el\u0151nye az \u00f6sszes t\u00f6bbi felsorolthoz k\u00e9pest, hogy asztali g\u00e9pen, telefonon, tableten is hasonl\u00f3 a megjelen\u00e9se \u00e9s a legjobban integr\u00e1lja a k\u00fcl\u00f6nb\u00f6z\u0151 eszk\u00f6z\u00f6ket.<\/p>\n<h5><a title=\"Linux honlap\" href=\"http:\/\/www.linux.com\/\">Linux<\/a><\/h5>\n<p>\u00c1ltal\u00e1ban ingyenesen hozz\u00e1f\u00e9rhet\u0151 (b\u00e1r vannak fizet\u0151s verzi\u00f3k is, amelyekhez szolg\u00e1ltat\u00e1s, vagy valamely feladatra optimaliz\u00e1lt programcsomag j\u00e1r), UNIX jelleg\u0171 oper\u00e1ci\u00f3s rendszer, a k\u00f6zhiedelemmel ellent\u00e9tben rendelkezik j\u00f3l haszn\u00e1lhat\u00f3 grafikus kezel\u0151fel\u00fclettel. Felhaszn\u00e1l\u00f3i programokkal j\u00f3l ell\u00e1tott, azonban egyes programok telep\u00edt\u00e9se jelent\u0151s kih\u00edv\u00e1st jelent, illetve sok programnak nem jelent meg Linuxos verzi\u00f3ja, ilyenkor <a title=\"N\u00e9h\u00e1ny alternat\u00edva Windows alatt megszokott programokra, ha Linuxra vagy FreeBSD-re v\u00e1ltan\u00e1l\" href=\"https:\/\/www.itkommando.hu\/site\/a_halozat_szolgalataban\/tanulmanyok\/nehany-alternativa-windows-alatt-megszokott-programokra-ha-freebsd-re-valtanal\/\">helyettes\u00edt\u0151 programok<\/a> haszn\u00e1lata lehet a megold\u00e1s. A WINE lehet\u0151v\u00e9 teszi r\u00e9gebbi windowsos programok telep\u00edt\u00e9s\u00e9 \u00e9s haszn\u00e1lat\u00e1t is.<\/p>\n<p>Valamivel kevesebb hardvereszk\u00f6zt t\u00e1mogat, mint a Windows, ez azonban n\u00e9mi odafigyel\u00e9ssel \u00e1thidalhat\u00f3 (a gyakorlatban n\u00e9h\u00e1ny speci\u00e1lis hardver telep\u00edt\u00e9se okozott kih\u00edv\u00e1st).<\/p>\n<p>Nagy el\u0151nye, hogy csak nagyon kev\u00e9s v\u00edrus jelent meg, amely meg tudja fert\u0151zni, ennek ellen\u00e9re javasoljuk v\u00edrusv\u00e9delem haszn\u00e1lat\u00e1t<\/p>\n<h4>Irodai programcsomag<\/h4>\n<h5>Microsoft Office<\/h5>\n<p>\u201eAz irodai programcsomag&#8221;, t\u00f6bbf\u00e9le v\u00e1ltozatban kaphat\u00f3, fizet\u0151s. \u00c1ltal\u00e1nosan elterjedt, azonban igen t\u00e1gan \u00e9rtelmezi a nev\u00e9ben szerepl\u0151 \u201eirodai\u201d kit\u00e9telt. A Word ak\u00e1r k\u00f6nyv k\u00e9sz\u00edt\u00e9s\u00e9re is alkalmas (tipogr\u00e1fiai kompromisszumokkal), az Excelben ak\u00e1r egy egyszer\u0171bb v\u00e1llalatir\u00e1ny\u00edt\u00e1si rendszer is kialak\u00edthat\u00f3.<\/p>\n<p>Otthoni\/kis-irodai haszn\u00e1latra szolg\u00e1ltat\u00e1sai nehezen kihaszn\u00e1lhat\u00f3ak.<\/p>\n<p>Csak Windows\u00a0 \u00e9s Apple Macintosh verzi\u00f3k l\u00e9teznek, valamit van egy egyszer\u0171bb feladatok ell\u00e1t\u00e1s\u00e1ra alkalmas webes verzi\u00f3ja.<\/p>\n<h5><a title=\"Openoffice.org\" href=\"http:\/\/openoffice.org\" target=\"_blank\" rel=\"noopener noreferrer\">OpenOffice<\/a>\/<a title=\"Libreoffice\" href=\"http:\/\/libreoffice.org\" target=\"_blank\" rel=\"noopener noreferrer\">LibreOffice<\/a><\/h5>\n<p>Kin\u00e9zete \u00e9s haszn\u00e1lata n\u00e9h\u00e1ny esetben elt\u00e9r a Microsoft programcsomagj\u00e1t\u00f3l, ami a kisebb (n\u00e9h\u00e1ny 10 oldalas) dokumentumok elk\u00e9sz\u00edt\u00e9s\u00e9t n\u00e9mi megszok\u00e1s ut\u00e1n egyszer\u0171bb\u00e9 teszi, b\u00e1r egyes v\u00e9lem\u00e9nyek szerint k\u00f6nyv k\u00e9sz\u00edt\u00e9s\u00e9re is alkalmasabb.<\/p>\n<p>A helyes\u00edr\u00e1s ellen\u0151rz\u0151je t\u00f6bb felm\u00e9r\u00e9s szerint is hat\u00e1rozottan jobb, mint az MS Office hasonl\u00f3 szolg\u00e1ltat\u00e1sa.<\/p>\n<p>Az Microsoft Office dokumentumok beolvas\u00e1sakor a form\u00e1tum id\u0151nk\u00e9nt sz\u00e9tesik.<\/p>\n<p>Haszn\u00e1lhat\u00f3 az \u00f6sszes fontosabb oper\u00e1ci\u00f3s rendszer alatt.<\/p>\n<h5><a href=\"http:\/\/www.freeoffice.com\/en\/download\" target=\"_blank\" rel=\"noopener noreferrer\">Free Office<\/a><\/h5>\n<p>Magyar nyelven is el\u00e9rhet\u0151, de a helyes\u00edr\u00e1s ellen\u0151rz\u0151t magyar nyelvre k\u00fcl\u00f6n kell let\u00f6lteni. Regisztr\u00e1ci\u00f3 ut\u00e1n ingyenesen haszn\u00e1lhat\u00f3<\/p>\n<h5><a href=\"https:\/\/www.onlyoffice.com\/\">OnlyOffice<\/a><\/h5>\n<p>Az egyik legrugalmasabb office csomag. Futtathat\u00f3 munka\u00e1llom\u00e1son, szerveren (kiszolg\u00e1lja a munka\u00e1llom\u00e1sokat), vagy felh\u0151ben. Kisebb irod\u00e1knak ingyenes verzi\u00f3 is rendelkez\u00e9sre \u00e1ll. A magyar nyelv t\u00e1mogat\u00e1sa egyel\u0151re csak \u00edg\u00e9ret.<\/p>\n<h5><a title=\"Google Docs\" href=\"http:\/\/docs.google.com\" target=\"_blank\" rel=\"noopener noreferrer\">Google docs<\/a><\/h5>\n<p>A Google online Office megold\u00e1sa, el\u0151nye, hogy Google account seg\u00edts\u00e9g\u00e9vel b\u00e1rhonnan el\u00e9rhet\u0151ek a dokumentumok, azonban az a t\u00e9ny, hogy a dokumentumainkat egy olyan c\u00e9g kezeli, amellyel kapcsolatban m\u00e1r t\u00f6bbsz\u00f6r mer\u00fcltek fel<a href=\"http:\/\/www.itkommando.hu\/site\/a_halozat_szolgalataban\/tanulmanyok\/szoftver-valasztasa\/\"> adatkezel\u00e9si k\u00e9telyek<\/a>, elgondolkoztat\u00f3.<\/p>\n<p><a href=\"https:\/\/www.calligra.org\/tour\/calligra-suite\/office-applications\/\" target=\"_blank\" rel=\"noopener noreferrer\">Calligra Office<\/a><\/p>\n<p>Magyar nyelven is j\u00f3l haszn\u00e1lhat\u00f3 szerte\u00e1gaz\u00f3 programcsomag, amely tartalmaz sz\u00f6vegszerkeszt\u0151t, t\u00e1bl\u00e1zatkezel\u0151t, adatb\u00e1zis kezel\u0151t, prezent\u00e1ci\u00f3 k\u00e9sz\u00edt\u0151t, folyamat\u00e1bra szerkeszt\u0151t \u00e9s m\u00e9g sok hasznos dolgot.<\/p>\n<h4>DVD lej\u00e1tsz\u00f3 program<\/h4>\n<p>A DVD-t m\u00e1r tekinthetj\u00fck elavult technik\u00e1nak, azonban m\u00e9g nekem is van egy polcra val\u00f3 zenei CD-m \u00e9s DVD-m\u00a0 T\u00f6bb DVD meghajt\u00f3hoz adnak lej\u00e1tsz\u00f3programot.<\/p>\n<h5>Media player<\/h5>\n<p>A Windows alap\u00e9rtelmezett lej\u00e1tsz\u00f3programja.<\/p>\n<h5><a href=\"http:\/\/www.videolan.org\/vlc\/\" target=\"_blank\" rel=\"noopener noreferrer\"> VLC Player<\/a><\/h5>\n<p>Ingyenesen haszn\u00e1lhat\u00f3, ny\u00edlt forr\u00e1sk\u00f3d\u00fa lej\u00e1tsz\u00f3program, a fontosabb oper\u00e1ci\u00f3s rendszerekre el\u00e9rhet\u0151. Szinte minden form\u00e1tumot korrekt\u00fcl lej\u00e1tszik, s\u0151t a s\u00e9r\u00fclt \u00e1llom\u00e1nyok egy r\u00e9sz\u00e9t is k\u00e9pes megjelen\u00edteni.<\/p>\n<h4>Virtu\u00e1lis CD\/DVD meghat\u00f3<\/h4>\n<p>Ezek a szoftverek lehet\u0151v\u00e9 teszik, hogy egy, a telep\u00edt\u0151 CD jelenl\u00e9t\u00e9t ig\u00e9nyl\u0151 szoftvert a telep\u00edt\u0151 CD .iso form\u00e1tum\u00fa merevlemeze k\u00e9sz\u00edtett biztons\u00e1gi m\u00e1solat\u00e1val haszn\u00e1ljunk, \u00edgy ak\u00e1r a sz\u00e1m\u00edt\u00f3g\u00e9pben l\u00e9v\u0151 val\u00f3di CD meghajt\u00f3k sz\u00e1m\u00e1n\u00e1l nagyobb sz\u00e1m\u00fa ilyen programot futtassunk egyszerre. Kiz\u00e1r\u00f3lag Windows oper\u00e1ci\u00f3s rendszer alatt sz\u00fcks\u00e9ges.<\/p>\n<h5><a title=\"WinCDEmu\" href=\"http:\/\/wincdemu.sysprogs.org\/\" target=\"_blank\" rel=\"noopener noreferrer\"> Daemon tools<\/a><\/h5>\n<p>\u00c1ltal\u00e1nosan haszn\u00e1lt \u00e9s ismert program, l\u00e9tezik ingyenes \u00e9s fizet\u0151s v\u00e1ltozata egyar\u00e1nt. Az ingyenesen haszn\u00e1lhat\u00f3 lite verzi\u00f3 spyware \u00f6sszetev\u0151t tartalmaz, ami a haszn\u00e1lt CD\/DVD adatait k\u00fcldi el a \u201egazd\u00e1j\u00e1nak\u201d.<\/p>\n<h5><a title=\"Virtual CloneDrive\" href=\"http:\/\/www.slysoft.com\/en\/virtual-clonedrive.html\" target=\"_blank\" rel=\"noopener noreferrer\"><br \/>\nVirtual CloneDrive<\/a><\/h5>\n<p>A Daemon tools-hoz hasonl\u00f3 funkci\u00f3k \u00e9s kezel\u00e9s, z\u00e1rt forr\u00e1sk\u00f3d\u00fa, azonban ingyenesen haszn\u00e1lhat\u00f3.<\/p>\n<h5><a title=\"WinCDEmu\" href=\"http:\/\/wincdemu.sysprogs.org\/\" target=\"_blank\" rel=\"noopener noreferrer\"><br \/>\nWinCDEmu<\/a><\/h5>\n<p>Ny\u00edlt forr\u00e1sk\u00f3d\u00fa, ingyenesen haszn\u00e1lhat\u00f3 program, jellegzetess\u00e9ge, hogy l\u00e9tezik bel\u0151le telep\u00edt\u00e9st nem ig\u00e9nyl\u0151 \u201eportable\u201d verzi\u00f3.<\/p>\n<h5>V\u00edrusirt\u00f3<\/h5>\n<p>Teljesen mindegy, hogy milyen oper\u00e1ci\u00f3s rendszert haszn\u00e1ltuk, v\u00edrusirt\u00f3ra sz\u00fcks\u00e9g lesz. Az ingyenes v\u00edrusirt\u00f3k \u00e1ltal\u00e1ban elfogadhat\u00f3 v\u00e9delmet jelentenek. A fizet\u0151sek nagyobb v\u00e9delmet ny\u00fajtanak \u00e9s praktikus kieg\u00e9sz\u00edt\u0151 szolg\u00e1ltat\u00e1sai is vannak.<\/p>\n<p>Mivel a j\u00f3 v\u00edrusirt\u00f3 az, amelyik azt a v\u00edrust ismeri fel, ami holnap pr\u00f3b\u00e1lja a rendszert megfert\u0151zni, konkr\u00e9t m\u00e1rk\u00e1t nem aj\u00e1nlunk, de azt hat\u00e1rozottan kijelenthetj\u00fck, hogy a v\u00edrusirt\u00f3 a v\u00e9delmi rendszer egyik legfontosabb pill\u00e9re.<\/p>\n<h5>K\u00e9pszerkeszt\u0151<\/h5>\n<p>Term\u00e9szetesen Linux alatt a Photoshopnak csak r\u00e9gi verzi\u00f3i m\u0171k\u00f6dnek. Jelent\u0151sen praktikusabb a <a href=\"https:\/\/www.gimp.org\/\" target=\"_blank\" rel=\"noopener\">GIMP<\/a> haszn\u00e1lata. Vektoros rajzokhoz pedig az <a href=\"https:\/\/inkscape.org\/\">Inkscape<\/a> egy j\u00f3l haszn\u00e1lhat\u00f3 egyszer\u0171 program, amely rengeteg <a href=\"https:\/\/inkscape.org\/gallery\/=extension\/\" target=\"_blank\" rel=\"noopener\">kieg\u00e9sz\u00edt\u0151vel<\/a> b\u0151v\u00edthet\u0151.<\/p>\n<h4>CAD program<\/h4>\n<p>A szok\u00e1sos fizet\u0151s CAD programok term\u00e9szetesen csak kiv\u00e9teles esetben m\u0171k\u00f6dnek Linux alatt, azonban egy otthoni tervez\u00e9s eset\u00e9n a fizet\u0151s megold\u00e1s haszn\u00e1lata nem felt\u00e9tlen\u00fcl indokolt, vagy kifizethet\u0151. 2D CAD (AutoCAD helyet): <a href=\"https:\/\/librecad.org\/#about\">LibreCAD<\/a> <a href=\"https:\/\/www.qcad.org\/en\/\">Qcad <\/a>A LibreCad n\u00e9mi CAM lehet\u0151s\u00e9gekkel is rendelkezik, ami otthoni CNC megmunk\u00e1l\u00e1s eset\u00e9n nagy el\u0151nyt jelent (&#8222;K\u00ednai&#8221; oldalakr\u00f3l m\u00e1t 100 000 Ft k\u00f6r\u00fcl haszn\u00e1lhat\u00f3 CNC eszk\u00f6z\u00f6ket lehet venni)<\/p>\n<p>3D CAD programk\u00e9nt a <a href=\"https:\/\/www.freecadweb.org\/index.php\">FreeCAD<\/a> elfogadhat\u00f3 alternat\u00edva.<\/p>\n<p>Mindk\u00e9t term\u00e9kr\u0151l elmondhat\u00f3, hogy a haszn\u00e1lata egyszer\u0171bb, mint a fizet\u0151s term\u00e9kek\u00e9, azonban ipari komplexit\u00e1s\u00fa tervek k\u00e9sz\u00edt\u00e9s\u00e9hez nem praktikusak, azonban egy nem professzion\u00e1lis tervez\u0151 k\u00f6rnyezetben el\u0151fordul\u00f3 ig\u00e9nyeket b\u0151ven kiszolg\u00e1lj\u00e1k.<\/p>\n<h5>Vide\u00f3 v\u00e1g\u00f3 program<\/h5>\n<p>A<a href=\"https:\/\/filmora.wondershare.net\/filmora-video-editor.html?gclid=CjwKCAjwgISIBhBfEiwALE19SXdqL2CmRj1HjTvhvTxI8SaI9kQzkE7YIqkMoVRcETTfJrFieg6LgxoC-lwQAvD_BwE\"> ShotCut<\/a> egy viszonylag egyszer\u0171en kezelhet\u0151 vide\u00f3 v\u00e1g\u00f3 program, amely t\u00e1mogatja a t\u00f6bb audio \u00e9s video\u00a0 r\u00e9teg haszn\u00e1lat\u00e1t, \u00e1tt\u0171n\u00e9seket, k\u00e9p a k\u00e9pben megold\u00e1sokat. Egy Yoututbera sz\u00e1nt, vagy nyaral\u00e1si\u00a0 vide\u00f3 megv\u00e1g\u00e1s\u00e1hoz b\u0151ven t\u00f6bb, mint elegend\u0151.<\/p>\n<h3>Kapcsol\u00f3d\u00f3 cikkek<\/h3>\n<ul>\n<li><a title=\"Az Office programcsomagok\" href=\"http:\/\/www.itkommando.hu\/site\/leirasok\/az-office-programcsomagok\/\">Az Office programcsomagok<\/a><\/li>\n<li><a title=\"Sz\u00e1m\u00edt\u00f3g\u00e9p v\u00e1s\u00e1rl\u00e1sa\" href=\"http:\/\/www.itkommando.hu\/site\/a_halozat_szolgalataban\/tanulmanyok\/szamitogep-vasarlasa\/\">Sz\u00e1m\u00edt\u00f3g\u00e9p v\u00e1s\u00e1rl\u00e1sa<\/a><\/li>\n<li><a href=\"http:\/\/www.itkommando.hu\/site\/leirasok\/kell-e-felni-a-linux-tol\/\">Kell-e f\u00e9lni a Linux-t\u00f3l?<\/a><\/li>\n<\/ul>\n<ol class=\"footnotes\"><li id=\"footnote_1_528\" class=\"footnote\">Windows for workstations verzi\u00f3 eset\u00e9n<span class=\"footnote-back-link-wrapper\">[<a href=\"#identifier_1_528\" class=\"footnote-link footnote-back-link\">&#8617;<\/a>]<\/span><\/li><\/ol>","protected":false},"excerpt":{"rendered":"<p>A sz\u00e1m\u00edt\u00f3g\u00e9p kiv\u00e1laszt\u00e1s\u00e1val p\u00e1rhuzamosan a haszn\u00e1lni k\u00edv\u00e1nt programok vizsg\u00e1lat\u00e1t is c\u00e9lszer\u0171 elv\u00e9gezni. Egy \u00e1tlagos sz\u00e1m\u00edt\u00f3g\u00e9pre a k\u00f6vetkez\u0151 programt\u00edpusokat szokt\u00e1k telep\u00edteni: Oper\u00e1ci\u00f3s rendszer: Windows \u00c1ltal\u00e1nosan haszn\u00e1lt j\u00f3l ismert oper\u00e1ci\u00f3s rendszer.\u00a0 A&hellip;<a href=\"https:\/\/www.itkommando.hu\/site\/a_halozat_szolgalataban\/tanulmanyok\/szoftver-valasztasa\/\" class=\"more-link\"><span class=\"more-button\">Tov\u00e1bb a r\u00e9szletekre<span class=\"screen-reader-text\">Szoftver v\u00e1laszt\u00e1sa<\/span><\/span><\/a><\/p>\n","protected":false},"author":1,"featured_media":995,"parent":397,"menu_order":0,"comment_status":"closed","ping_status":"closed","template":"","meta":{"footnotes":""},"categories":[14,11,9,13,16,15,10],"tags":[],"class_list":["post-528","page","type-page","status-publish","has-post-thumbnail","hentry","category-biztonsag","category-munkaallomas","category-szerver","category-szoftver","category-tanacsok","category-uzembiztonsag","category-vasarlas"],"aioseo_notices":[],"_links":{"self":[{"href":"https:\/\/www.itkommando.hu\/site\/wp-json\/wp\/v2\/pages\/528","targetHints":{"allow":["GET"]}}],"collection":[{"href":"https:\/\/www.itkommando.hu\/site\/wp-json\/wp\/v2\/pages"}],"about":[{"href":"https:\/\/www.itkommando.hu\/site\/wp-json\/wp\/v2\/types\/page"}],"author":[{"embeddable":true,"href":"https:\/\/www.itkommando.hu\/site\/wp-json\/wp\/v2\/users\/1"}],"replies":[{"embeddable":true,"href":"https:\/\/www.itkommando.hu\/site\/wp-json\/wp\/v2\/comments?post=528"}],"version-history":[{"count":51,"href":"https:\/\/www.itkommando.hu\/site\/wp-json\/wp\/v2\/pages\/528\/revisions"}],"predecessor-version":[{"id":5671,"href":"https:\/\/www.itkommando.hu\/site\/wp-json\/wp\/v2\/pages\/528\/revisions\/5671"}],"up":[{"embeddable":true,"href":"https:\/\/www.itkommando.hu\/site\/wp-json\/wp\/v2\/pages\/397"}],"wp:featuredmedia":[{"embeddable":true,"href":"https:\/\/www.itkommando.hu\/site\/wp-json\/wp\/v2\/media\/995"}],"wp:attachment":[{"href":"https:\/\/www.itkommando.hu\/site\/wp-json\/wp\/v2\/media?parent=528"}],"wp:term":[{"taxonomy":"category","embeddable":true,"href":"https:\/\/www.itkommando.hu\/site\/wp-json\/wp\/v2\/categories?post=528"},{"taxonomy":"post_tag","embeddable":true,"href":"https:\/\/www.itkommando.hu\/site\/wp-json\/wp\/v2\/tags?post=528"}],"curies":[{"name":"wp","href":"https:\/\/api.w.org\/{rel}","templated":true}]}}