{"id":768,"date":"2013-01-17T15:52:47","date_gmt":"2013-01-17T14:52:47","guid":{"rendered":"http:\/\/www.itkommando.hu\/site\/?page_id=768"},"modified":"2021-07-09T11:26:33","modified_gmt":"2021-07-09T10:26:33","slug":"a-virusokrol","status":"publish","type":"page","link":"https:\/\/www.itkommando.hu\/site\/a_halozat_szolgalataban\/tanulmanyok\/a-virusokrol\/","title":{"rendered":"A v\u00edrusokr\u00f3l"},"content":{"rendered":"<p>A v\u00edrus fogalm\u00e1t ez\u00fattal a szakmai k\u00f6r\u00f6kben szok\u00e1sosn\u00e1l j\u00f3val t\u00e1gabban \u00e9rtelmezve, az \u00f6sszes rosszindulat\u00fa programot ide sorolom.<\/p>\n<p><a href=\"http:\/\/www.itkommando.hu\/site\/wp-content\/uploads\/virus.png\"><img loading=\"lazy\" decoding=\"async\" class=\"alignright wp-image-983 size-thumbnail\" src=\"http:\/\/www.itkommando.hu\/site\/wp-content\/uploads\/virus-150x150.png\" alt=\"V\u00edrus elleni v\u00e9dekez\u00e9s\" width=\"150\" height=\"150\" srcset=\"https:\/\/www.itkommando.hu\/site\/wp-content\/uploads\/virus-150x150.png 150w, https:\/\/www.itkommando.hu\/site\/wp-content\/uploads\/virus.png 156w\" sizes=\"auto, (max-width: 150px) 100vw, 150px\" \/><\/a><\/p>\n<h3>A v\u00e9dekez\u00e9s alapk\u00f6rei<\/h3>\n<h4>A megfelel\u0151 v\u00edrusv\u00e9delmi rendszer ki\u00e9p\u00edt\u00e9se<\/h4>\n<p>A legt\u00f6bb v\u00edrusirt\u00f3 programot k\u00e9sz\u00edt\u0151 c\u00e9g otthoni felhaszn\u00e1l\u00f3knak k\u00e9sz\u00edt ingyenes verzi\u00f3t, illetve kisv\u00e1llalkoz\u00e1soknak kedvez\u0151 \u00e1ron biztos\u00edt v\u00e9delmet.<\/p>\n<p>Otthoni felhaszn\u00e1l\u00f3knak ingyenes programok (angol nyelv\u0171 oldalak):<\/p>\n<ul>\n<li><a title=\"Avast antiv\u00edrus\" href=\"http:\/\/download.cnet.com\/Avast-Free-Antivirus\/3000-2239_4-10019223.html?part=dl-85737&amp;subj=dl&amp;tag=button\" target=\"_blank\" rel=\"noopener\">Avast<\/a><\/li>\n<li><a title=\"AVG antiv\u00edrus\" href=\"http:\/\/download.cnet.com\/AVG-AntiVirus-Free-2013\/3000-2239_4-10320142.html?part=dl-avg_free_eu&amp;subj=dl&amp;tag=button\" target=\"_blank\" rel=\"noopener\">AVG<\/a><\/li>\n<\/ul>\n<p>Irodai felhaszn\u00e1l\u00e1sra:<\/p>\n<ul>\n<li><a title=\"Avast antiv\u00edrus\" href=\"http:\/\/avast.com\" target=\"_blank\" rel=\"noopener\">Avast<\/a><\/li>\n<li><a title=\"AVG antiv\u00edrus\" href=\"http:\/\/avg.com\" target=\"_blank\" rel=\"noopener\">AVG<\/a><\/li>\n<li><a title=\"Eset Nod32 Antivirus\" href=\"http:\/\/Eset.hu\" target=\"_blank\" rel=\"noopener\">Nod32 (Magyar nyelv\u0171 oldal) <\/a><\/li>\n<\/ul>\n<p>A fenti programok term\u00e9szetesen nem fedik le a teljes piaci k\u00edn\u00e1latot, azonban haszn\u00e1latukkal j\u00f3 tapasztalatokat szerezt\u00fcnk. Tov\u00e1bbi v\u00edrusirt\u00f3kat a <a title=\"virus.lap.hu\" href=\"http:\/\/virus.lap.hu\" target=\"_blank\" rel=\"noopener\">virus.lap.hu<\/a> oldalon \u00e9rdemes keresni.<\/p>\n<p>A Windows rendszerekhez a Microsoft ingyenesen biztos\u00edtja mag\u00e1nszem\u00e9lyeknek a <a title=\"Microsoft Security Essentials\" href=\"http:\/\/windows.microsoft.com\/hu-HU\/windows\/security-essentials-download\" target=\"_blank\" rel=\"noopener\">Security Essentials<\/a> programot. V\u00e1llalkoz\u00e1sok a <a title=\"Microsoft System Center 2012 Endpoint Protection\" href=\"http:\/\/www.microsoft.com\/en-US\/server-cloud\/system-center\/endpoint-protection-2012.aspx\" target=\"_blank\" rel=\"noopener\">Microsoft System Center 2012 Endpoint Protection<\/a> programj\u00e1t v\u00e1s\u00e1rolhatj\u00e1k meg.<\/p>\n<h4>Ami nem kell ne telep\u00edts\u00fck<\/h4>\n<p>Gondoljuk v\u00e9gig (c\u00e9g eset\u00e9n ezzel b\u00edzzuk meg az informatikust), melyek azok a programok, amelyeket val\u00f3ban haszn\u00e1lunk, \u00e9s melyek azok, amelyeket csak feltelep\u00edtett\u00fcnk. A felesleges programokat c\u00e9lszer\u0171 elt\u00e1vol\u00edtani.<\/p>\n<p>Az oper\u00e1ci\u00f3s rendszer minden szolg\u00e1ltat\u00e1s\u00e1t haszn\u00e1ljuk? K\u00e9rj\u00fcnk meg egy hozz\u00e1\u00e9rt\u0151t, n\u00e9zze \u00e1t, \u00e9s a felesleges elemeket t\u00e1vol\u00edtsa el, vagy tiltsa le.<\/p>\n<h4>Haszn\u00e1ljuk az oper\u00e1ci\u00f3s rendszer felhaszn\u00e1l\u00f3 kezel\u00e9si lehet\u0151s\u00e9geit<\/h4>\n<p>A mindennapi munk\u00e1hoz lehet\u0151leg nem szabad rendszergazda jogosults\u00e1got haszn\u00e1lni (szerencs\u00e9re egyre kevesebb az olyan program, ami ezt megk\u00f6veteli), \u00e9rdemes l\u00e9trehozni egy korl\u00e1tozott jog\u00fa felhaszn\u00e1l\u00f3t, \u00e9s azt haszn\u00e1lni.<\/p>\n<p>Amennyiben egy-egy tev\u00e9kenys\u00e9ghez m\u00e9gsem elker\u00fclhet\u0151 a rendszergazdai jog haszn\u00e1lata, Windows alatt rendelkez\u00e9sre \u00e1ll a <code>Futtat\u00e1s mint...<\/code> Linux alatt pedig a <code>sudo<\/code> parancs, amelyekkel egy-egy feladatot rendszergazdak\u00e9nt v\u00e9gezhet\u00fcnk \u00fagy, hogy minden egy\u00e9b feladatot korl\u00e1tozott jogk\u00f6rrel v\u00e9gz\u00fcnk, ami megnehez\u00edti egy v\u00edrus dolg\u00e1t.<\/p>\n<h4>Haszn\u00e1ljuk az automatikus friss\u00edt\u00e9seket<\/h4>\n<p>A rosszindulat\u00fa programok gyakran olyan sebezhet\u0151s\u00e9geket haszn\u00e1lnak ki, amelyekhez m\u00e1r megjelentek a jav\u00edt\u00e1sok. Hat\u00e1rozottan javasoljuk az automatikus friss\u00edt\u00e9sek bekapcsol\u00e1s\u00e1t, az oper\u00e1ci\u00f3s rendszerek \u00e9s az alkalmaz\u00e1sok eset\u00e9n is.<\/p>\n<h4>Crackelt \u00e9s hackelt programok<\/h4>\n<p>Ennek a cikknek nem t\u00e1rgya az ilyen programok haszn\u00e1lat\u00e1nak jogi, erk\u00f6lcsi, gazdas\u00e1gi \u00e9s egy\u00e9b szempontokb\u00f3l val\u00f3 vizsg\u00e1lata, kiz\u00e1r\u00f3lag a rendszer biztons\u00e1gos haszn\u00e1lat\u00e1ra koncentr\u00e1lunk.<\/p>\n<p>Ezeket a programokat egy c\u00e9g elk\u00e9sz\u00edtette \u00e9s valamilyen \u00e1ron \u00e1rulja, egy m\u00e1sik szem\u00e9ly, vagy szervezet a m\u00e1sol\u00e1sv\u00e9delmet elt\u00e1vol\u00edtotta\/hat\u00e1stalan\u00edtotta.<\/p>\n<p>A hat\u00e1stalan\u00edt\u00e1s id\u0151t, munk\u00e1t, hozz\u00e1\u00e9rt\u00e9st k\u00f6vetel.<\/p>\n<ul>\n<li>Vajon teljesen \u00f6nzetlen\u00fcl bocs\u00e1jtj\u00e1k rendelkez\u00e9sre?<\/li>\n<li>Az \u00e1talak\u00edt\u00e1s kell\u0151 k\u00f6r\u00fcltekint\u00e9ssel t\u00f6rt\u00e9nt, nem okozott valamilyen hib\u00e1t?<\/li>\n<\/ul>\n<p>Sajnos sok esetben felmer\u00fcl a gyan\u00fa, hogy az ilyen programba \u201enem k\u00edv\u00e1natos&#8221; szolg\u00e1ltat\u00e1sokat is bele\u00e9p\u00edtettek. Aki komolyan gondolja egy-egy program haszn\u00e1lat\u00e1t, annak az ingyenes verzi\u00f3, vagy a leg\u00e1lisan megv\u00e1s\u00e1rolt p\u00e9ld\u00e1ny haszn\u00e1lat\u00e1t javasoljuk.<\/p>\n<h4>Az ingyen vagy nagyon olcs\u00f3n k\u00edn\u00e1lt szolg\u00e1ltat\u00e1sok<\/h4>\n<p>A szolg\u00e1ltat\u00e1sok minden eseteben p\u00e9nzbe ker\u00fclnek. Az ingyen, vagy m\u00e9lyen a piaci \u00e1r alatt aj\u00e1nlott szolg\u00e1ltat\u00e1sok eset\u00e9n mindig tegy\u00fck fel a k\u00e9rd\u00e9st, hogy ez a szolg\u00e1ltat\u00f3nak mi\u00e9rt \u00e9ri meg! Ha erre a k\u00e9rd\u00e9sre nem tal\u00e1lunk megnyugtat\u00f3 v\u00e1laszt, hagyjuk a dolgot annyiban, mivel val\u00f3sz\u00edn\u0171, hogy \u00e1tver\u00e9sr\u0151l van sz\u00f3.<\/p>\n<h4>Ingyenes programok<\/h4>\n<p>Egy program elk\u00e9sz\u00edt\u00e9se id\u0151be, p\u00e9nzbe ker\u00fcl, ennek ellen\u00e9re vannak programok, amelyeket ingyenesen k\u00edn\u00e1lnak. Ennek t\u00f6bb oka lehet:<\/p>\n<ul>\n<li>Az ingyenes kiad\u00e1s egy korl\u00e1tozott szolg\u00e1ltat\u00e1sokkal, vagy id\u0151korl\u00e1ttal rendelkez\u0151 verzi\u00f3.<\/li>\n<li>A shareware kiad\u00e1s olyan program, amelyet ingyenesen ki lehet pr\u00f3b\u00e1lni, terjeszteni, haszn\u00e1lni azonban csak megv\u00e1s\u00e1rl\u00e1s ut\u00e1n szabad. Ennek a t\u00edpusnak a k\u00e9pvisel\u0151je a TotalCommander.<\/li>\n<li>Az ADware olyan program, ahol a\u00a0 fejleszt\u00e9st a program haszn\u00e1lata k\u00f6zben (el\u0151tt vagy ut\u00e1n) megjelen\u0151 rekl\u00e1mokb\u00f3l finansz\u00edrozz\u00e1k.<\/li>\n<li>A programhoz a t\u00e1mogat\u00e1s p\u00e9nzbe ker\u00fcl.<\/li>\n<\/ul>\n<p>Ingyenes programb\u00f3l csak r\u00e9g\u00f3ta piacon l\u00e9v\u0151, j\u00f3 h\u00edr\u0171 programot szabad haszn\u00e1lni, mivel el\u0151fordul, hogy egy v\u00edrusirt\u00f3k\u00e9nt let\u00f6lthet\u0151 program maga a v\u00edrus, a Daemon Tools ingyenes verzi\u00f3ja pedig <a title=\"Leadja a dr\u00f3tot a Daemon Tools a hamis szoftverekr\u0151l\" href=\"http:\/\/letoltendo.postr.hu\/leadja-a-drotot-a-daemon-tools-a-hamis-szoftverekrol\" target=\"_blank\" rel=\"noopener\">jelent\u00e9st k\u00e9sz\u00edt<\/a>, hogy milyen c\u00e9lra haszn\u00e1lj\u00e1k.<\/p>\n<p><a title=\"V\u00edrusirt\u00f3 programok\" href=\"http:\/\/www.itkommando.hu\/site\/a_halozat_szolgalataban\/tanulmanyok\/virusirto-programok\/\">Folytat\u00e1sa k\u00f6vetkezik<\/a>.<\/p>\n<h3>Kapcsol\u00f3d\u00f3 oldalak<\/h3>\n<ul id=\"menu-tanacsoktanulmanyok\">\n<li id=\"menu-item-1308\"><a href=\"http:\/\/www.itkommando.hu\/site\/a-routerek-vedelme\/\">A routerek v\u00e9delme<\/a><\/li>\n<li id=\"menu-item-1344\"><a href=\"http:\/\/www.itkommando.hu\/site\/mobileszkozok-vedelme\/\">Mobileszk\u00f6z\u00f6k v\u00e9delme<\/a><\/li>\n<li><a href=\"http:\/\/www.itkommando.hu\/site\/hibaznak-az-androidos-virusirtok\/\">Hib\u00e1znak az androidos v\u00edrusirt\u00f3k<\/a><\/li>\n<\/ul>\n","protected":false},"excerpt":{"rendered":"<p>A v\u00edrus fogalm\u00e1t ez\u00fattal a szakmai k\u00f6r\u00f6kben szok\u00e1sosn\u00e1l j\u00f3val t\u00e1gabban \u00e9rtelmezve, az \u00f6sszes rosszindulat\u00fa programot ide sorolom. A v\u00e9dekez\u00e9s alapk\u00f6rei A megfelel\u0151 v\u00edrusv\u00e9delmi rendszer ki\u00e9p\u00edt\u00e9se A legt\u00f6bb v\u00edrusirt\u00f3 programot k\u00e9sz\u00edt\u0151&hellip;<a href=\"https:\/\/www.itkommando.hu\/site\/a_halozat_szolgalataban\/tanulmanyok\/a-virusokrol\/\" class=\"more-link\"><span class=\"more-button\">Tov\u00e1bb a r\u00e9szletekre<span class=\"screen-reader-text\">A v\u00edrusokr\u00f3l<\/span><\/span><\/a><\/p>\n","protected":false},"author":1,"featured_media":983,"parent":397,"menu_order":0,"comment_status":"open","ping_status":"closed","template":"","meta":{"footnotes":""},"categories":[14,11,13,16,15],"tags":[],"class_list":["post-768","page","type-page","status-publish","has-post-thumbnail","hentry","category-biztonsag","category-munkaallomas","category-szoftver","category-tanacsok","category-uzembiztonsag"],"aioseo_notices":[],"_links":{"self":[{"href":"https:\/\/www.itkommando.hu\/site\/wp-json\/wp\/v2\/pages\/768","targetHints":{"allow":["GET"]}}],"collection":[{"href":"https:\/\/www.itkommando.hu\/site\/wp-json\/wp\/v2\/pages"}],"about":[{"href":"https:\/\/www.itkommando.hu\/site\/wp-json\/wp\/v2\/types\/page"}],"author":[{"embeddable":true,"href":"https:\/\/www.itkommando.hu\/site\/wp-json\/wp\/v2\/users\/1"}],"replies":[{"embeddable":true,"href":"https:\/\/www.itkommando.hu\/site\/wp-json\/wp\/v2\/comments?post=768"}],"version-history":[{"count":50,"href":"https:\/\/www.itkommando.hu\/site\/wp-json\/wp\/v2\/pages\/768\/revisions"}],"predecessor-version":[{"id":5072,"href":"https:\/\/www.itkommando.hu\/site\/wp-json\/wp\/v2\/pages\/768\/revisions\/5072"}],"up":[{"embeddable":true,"href":"https:\/\/www.itkommando.hu\/site\/wp-json\/wp\/v2\/pages\/397"}],"wp:featuredmedia":[{"embeddable":true,"href":"https:\/\/www.itkommando.hu\/site\/wp-json\/wp\/v2\/media\/983"}],"wp:attachment":[{"href":"https:\/\/www.itkommando.hu\/site\/wp-json\/wp\/v2\/media?parent=768"}],"wp:term":[{"taxonomy":"category","embeddable":true,"href":"https:\/\/www.itkommando.hu\/site\/wp-json\/wp\/v2\/categories?post=768"},{"taxonomy":"post_tag","embeddable":true,"href":"https:\/\/www.itkommando.hu\/site\/wp-json\/wp\/v2\/tags?post=768"}],"curies":[{"name":"wp","href":"https:\/\/api.w.org\/{rel}","templated":true}]}}