{"id":841,"date":"2013-02-19T11:58:11","date_gmt":"2013-02-19T10:58:11","guid":{"rendered":"http:\/\/www.itkommando.hu\/site\/?page_id=841"},"modified":"2021-07-16T08:42:01","modified_gmt":"2021-07-16T07:42:01","slug":"emg-777","status":"publish","type":"page","link":"https:\/\/www.itkommando.hu\/site\/a_halozat_szolgalataban\/tanulmanyok\/emg-777\/","title":{"rendered":"EMG-777"},"content":{"rendered":"<p>Az EMG-777 egy, az EMG (Elektronikus M\u00e9r\u0151k\u00e9sz\u00fcl\u00e9kek Gy\u00e1ra) \u00e1ltal Sashalmon gy\u00e1rtott \u201eprogramozhat\u00f3 grafikus kalkul\u00e1tor&#8221;, amelyb\u0151l 200-300 darab k\u00e9sz\u00fclt 1983 \u00e9s 1987 k\u00f6z\u00f6tt.<\/p>\n<p>A k\u00e9sz\u00fcl\u00e9k fejleszt\u00e9s\u00e9t &#8211; amely 1977 \u00e9s 1983 k\u00f6z\u00f6tt folyt &#8211; Krizs Vladimir vezette.<\/p>\n<figure id=\"attachment_939\" aria-describedby=\"caption-attachment-939\" style=\"width: 300px\" class=\"wp-caption alignright\"><a href=\"http:\/\/www.itkommando.hu\/site\/a_halozat_szolgalataban\/tanulmanyok\/emg-777\/777d\/\" rel=\"attachment wp-att-939\"><img loading=\"lazy\" decoding=\"async\" class=\"size-medium wp-image-939 \" title=\"EMG 777 D\" src=\"http:\/\/www.itkommando.hu\/site\/wp-content\/uploads\/777d-300x261.jpg\" alt=\"EMG 777 D\" width=\"300\" height=\"261\" srcset=\"https:\/\/www.itkommando.hu\/site\/wp-content\/uploads\/777d-300x261.jpg 300w, https:\/\/www.itkommando.hu\/site\/wp-content\/uploads\/777d.jpg 578w\" sizes=\"auto, (max-width: 300px) 100vw, 300px\" \/><\/a><figcaption id=\"caption-attachment-939\" class=\"wp-caption-text\">EMG 777 D<\/figcaption><\/figure>\n<p>A tervez\u00e9s alapja t\u00f6bb szempontb\u00f3l is a <a href=\"https:\/\/en.wikipedia.org\/wiki\/Tektronix_4050\">Tektronix-4051<\/a> volt. Nem volt c\u00e9l a kompatibilit\u00e1s semmilyen m\u00e1s kor\u00e1bbi, vagy kort\u00e1rs k\u00e9sz\u00fcl\u00e9kkel, azonban az fontos volt, hogy k\u00f6nnyen hozz\u00e1f\u00e9rhet\u0151 elemekb\u0151l \u00e9p\u00fclj\u00f6n fel, \u00e9s ne tartalmazzon embarg\u00f3s elemeket sem. (Ilyen elem volt a&nbsp; Tektronix-4051-ben alkalmazott t\u00e1rol\u00f3k\u00e9pcs\u0151.) Az is elv\u00e1r\u00e1s volt, hogy az \u00faj berendez\u00e9s haszn\u00e1lata illetve \u00fczemeltet\u00e9se ne k\u00f6veteljen meg k\u00fcl\u00f6nleges k\u00e9pzetts\u00e9get, valamint megb\u00edzhat\u00f3an m\u0171k\u00f6dj\u00f6n irodai k\u00f6r\u00fclm\u00e9nyek k\u00f6z\u00f6tt is (ne k\u00f6veteljen pl. l\u00e9gkondicion\u00e1l\u00e1st vagy k\u00fcl\u00f6n kezel\u0151szem\u00e9lyzetet).<\/p>\n<p>A fejleszt\u00e9s eredm\u00e9nye egy 8 nyomtatott \u00e1ramk\u00f6ri lapon kialak\u00edtott, t\u00f6bb processzoros rendszer lett, amely BASIC programoz\u00e1si nyelven volt programozhat\u00f3. A mem\u00f3ria mennyis\u00e9ge az akkor &#8211; k\u00fcl\u00f6n\u00f6sen a Z80 alap\u00fa rendszerek est\u00e9n megszokott 32-64 k kapacit\u00e1s\u00e1hoz k\u00e9pest &#8211; jelent\u0151snek sz\u00e1m\u00edt\u00f3 288 k volt, amelyb\u0151l a felhaszn\u00e1l\u00f3 128k-t haszn\u00e1lhatott. (A h\u00e1rom darab periferi\u00e1lis processzornak volt tov\u00e1bbi 16-24K saj\u00e1t RAM-ja \u201efejenk\u00e9nt&#8221;.) A kort\u00e1rsakhoz k\u00e9pest nagy fejleszt\u00e9s volt, hogy a t\u00f6bbprocesszoros m\u0171k\u00f6d\u00e9st a rendszer \u00e1ltal\u00e1ban elrejtette a felhaszn\u00e1l\u00f3 el\u00f6l, \u00edgy neki nem kellett a processzorok k\u00f6z\u00f6tti feladatmegoszt\u00e1sb\u00f3l ad\u00f3d\u00f3 probl\u00e9m\u00e1kkal foglalkoznia, a rendszer azonban lehet\u0151s\u00e9get adott a feladatkioszt\u00e1s fel\u00fclb\u00edr\u00e1l\u00e1s\u00e1ra.<\/p>\n\n<table id=\"wp-table-reloaded-id-13-no-1\" class=\"wp-table-reloaded wp-table-reloaded-id-13\">\n<thead>\n\t<tr class=\"row-1 odd\">\n\t\t<th class=\"column-1\">Tektronix-4051<\/th><th class=\"column-2\">EMG-777<\/th>\n\t<\/tr>\n<\/thead>\n<tbody>\n\t<tr class=\"row-2 even\">\n\t\t<td class=\"column-1\">T\u00e1rol\u00f3 k\u00e9pcs\u0151<\/td><td class=\"column-2\">Hagyom\u00e1nyos k\u00f6zepes ut\u00e1nvil\u00e1g\u00edt\u00e1s\u00fa k\u00e9pcs\u0151<\/td>\n\t<\/tr>\n\t<tr class=\"row-3 odd\">\n\t\t<td class=\"column-1\">Vektor grafika<\/td><td class=\"column-2\">Raszter grafika<\/td>\n\t<\/tr>\n\t<tr class=\"row-4 even\">\n\t\t<td class=\"column-1\">Kazett\u00e1s h\u00e1tt\u00e9rt\u00e1rol\u00f3<\/td><td class=\"column-2\">8\" Floppy (MOM)<\/td>\n\t<\/tr>\n\t<tr class=\"row-5 odd\">\n\t\t<td class=\"column-1\">Egyprocesszoros fel\u00e9p\u00edt\u00e9s<\/td><td class=\"column-2\">T\u00f6bbprocesszoros fel\u00e9p\u00edt\u00e9s<br \/>\r\n (a processzorok k\u00f6z\u00f6tt automatikus feladat eloszt\u00e1s)<\/td>\n\t<\/tr>\n<\/tbody>\n<\/table>\n\n<p>A f\u0151processzor egy AMD bitszelet technol\u00f3gi\u00e1val fel\u00e9p\u00edtett 16 bites egys\u00e9g volt, a perif\u00e9ri\u00e1lis processzorok pedig 8 bites Intel 8085-\u00f6s t\u00edpus\u00faak.<\/p>\n<p>A nagysz\u00e9ri\u00e1s gy\u00e1rt\u00e1s m\u00e1r val\u00f3sz\u00edn\u0171leg a tervez\u00e9s f\u00e1zis\u00e1ban sem szerepelt szempontk\u00e9nt, mivel a berendez\u00e9s \u00f6sszeszerel\u00e9se rengeteg csavarral, t\u00e1vtart\u00f3val, egy\u00e9b apr\u00f3s\u00e1ggal t\u00f6rt\u00e9nt, illetve a floppy egyik csatlakoz\u00f3j\u00e1t csak bal k\u00e9zzel, vagy a k\u00e9sz\u00fcl\u00e9knek h\u00e1ttal \u00e1llva lehetett a hely\u00e9re tenni, amit a l\u00e1togat\u00f3knak, illetve a friss bel\u00e9p\u0151knek Bori Tibor, a szerel\u00e9st v\u00e9gz\u0151 csoport vezet\u0151je egy kis show keret\u00e9ben mutatott be.<\/p>\n<figure style=\"width: 302px\" class=\"wp-caption alignright\"><a href=\"http:\/\/upload.wikimedia.org\/wikipedia\/commons\/thumb\/f\/f4\/Commodore-64-Computer.jpg\/320px-Commodore-64-Computer.jpg\"><img loading=\"lazy\" decoding=\"async\" class=\" \" src=\"http:\/\/upload.wikimedia.org\/wikipedia\/commons\/thumb\/f\/f4\/Commodore-64-Computer.jpg\/320px-Commodore-64-Computer.jpg\" alt=\"Commodore 64\" width=\"302\" height=\"147\"><\/a><figcaption class=\"wp-caption-text\">Commodore 64<\/figcaption><\/figure>\n<p>A &#8222;grafikus kalkul\u00e1tor&#8221; defin\u00edci\u00f3 ma m\u00e1r nehezen \u00e9rtelmezhet\u0151 kateg\u00f3ria. A 80-as \u00e9vekben a \u201eszem\u00e9lyi sz\u00e1m\u00edt\u00f3g\u00e9p&#8221; fogalma a ZX Spectrum, Comodore 64, Primo illetve egy\u00e9b olyan sz\u00e1m\u00edt\u00f3g\u00e9peket takarta, amelyeket ma ink\u00e1bb a j\u00e1t\u00e9k-, vagy iskolasz\u00e1m\u00edt\u00f3g\u00e9p kateg\u00f3ri\u00e1ba sorolunk. Az EMG-777 magasan ezek felett \u00e1llt mind teljes\u00edtm\u00e9ny\u00e9ben, mind a mechanikai fel\u00e9p\u00edt\u00e9s\u00e9t, \u00e1r\u00e1t \u00e9s teljes\u00edtm\u00e9nyfelv\u00e9tel\u00e9t&nbsp; tekintve, azonban messze \u00e1llt azokt\u00f3l a nagysz\u00e1m\u00edt\u00f3g\u00e9pekt\u0151l, amelyek l\u00e9gkondicion\u00e1lt termet, k\u00fcl\u00f6n kezel\u0151szem\u00e9lyzetet ig\u00e9nyeltek.<\/p>\n<h4>A programozhat\u00f3 grafikus kalkul\u00e1tor fogalm\u00e1nak&nbsp; kialakul\u00e1sa r\u00f6viden<\/h4>\n<h5>Kalkul\u00e1tor<\/h5>\n<p>Nagy pontoss\u00e1g\u00fa sz\u00e1m\u00edt\u00e1sokra m\u00e1r az 1960-as \u00e9vekben k\u00e9sz\u00edtettek olyan berendez\u00e9seket, amelyeket a felhaszn\u00e1l\u00f3 (\u00e9s nem szakszem\u00e9lyzet) kezelt. Ezek voltak mai zsebsz\u00e1mol\u00f3g\u00e9pek \u0151sei, b\u00e1r a m\u00e9ret\u00fck akkor m\u00e9g messze \u00e1llt a zseb m\u00e9rett\u0151l (b\u00e1r lehet, hogy volt akinek volt akkora zsebe).<\/p>\n<h5>Programozhat\u00f3 kalkul\u00e1tor<\/h5>\n<p>El\u0151sz\u00f6r billenty\u0171k\u00f3dokkal, k\u00e9s\u0151bb valamilyen magas szint\u0171 programoz\u00e1si nyelven (APL, ALGOL, BASIC) programozhat\u00f3 kalkul\u00e1torok.<\/p>\n<h5>Programozhat\u00f3 grafikus kalkul\u00e1tor<\/h5>\n<p>Olyan programozhat\u00f3 kalkul\u00e1torok, amelyek lehet\u0151s\u00e9get adtak a sz\u00e1m\u00edt\u00e1sok eredm\u00e9ny\u00e9nek grafikus megjelen\u00edt\u00e9s\u00e9re. A grafika megjelen\u00edt\u00e9s\u00e9re haszn\u00e1lhattak vektor, vagy m\u00e1trix grafik\u00e1t megjelen\u00edt\u0151 monitort \u00e9s\/vagy grafikus nyomtat\u00f3t.<\/p>\n<p>Az EMG-777 ezen k\u00edv\u00fcl k\u00e9pes volt m\u00e9r\u0151m\u0171szereket vez\u00e9relni; a m\u00e9r\u00e9si eredm\u00e9nyeket \u00f6sszegy\u0171jteni \u00e9s ki\u00e9rt\u00e9kelni, valamint grafikusan megjelen\u00edteni \u00e9s kinyomtatni.<\/p>\n<p>Az IBM PC 1980-as megjelen\u00e9se \u00e1trendezte a piacot, \u00e9s a \u201eszem\u00e9lyi sz\u00e1m\u00edt\u00f3g\u00e9p&#8221; meghat\u00e1roz\u00e1s fokozatosan \u201efelcs\u00faszott&#8221; az irodai munka\u00e1llom\u00e1sok megnevez\u00e9s\u00e9re.<\/p>\n<h4>Szem\u00e9lyes visszaeml\u00e9kez\u00e9s<\/h4>\n<p>1987-ben az utols\u00f3 60 darabos sz\u00e9ria v\u00e9gszerel\u00e9s\u00e9t &#8211; kezd\u0151 elektronikai m\u0171szer\u00e9szk\u00e9nt &#8211; Szigetv\u00e1ri Zolt\u00e1n munkat\u00e1rsunk (e sorok egyik \u00edr\u00f3ja) v\u00e9gezte.<\/p>\n<p>A v\u00e9gszerel\u00e9shez a bem\u00e9rt, ellen\u0151rz\u00f6tt k\u00e1rty\u00e1kat egy ellen\u0151rz\u00f6tt h\u00e1zban kellett kipr\u00f3b\u00e1lni, illetve \u00f6sszev\u00e1logatni egy olyan k\u00e1rtyacsomagot, ami hajland\u00f3 volt egy\u00fctt m\u0171k\u00f6dni, majd tesztprogramokkal meggy\u0151z\u0151dni a rendszer m\u0171k\u00f6d\u00e9s\u00e9r\u0151l.<br \/>\nAmikor ez siker\u00fclt, a mechanikai m\u0171szer\u00e9sz munkat\u00e1rs (aki szabadidej\u00e9ben postagalambok teny\u00e9szt\u00e9s\u00e9vel foglalkozott) a h\u00e1z burkolat\u00e1t felcsavarozta, \u00e9s lehetett vinni a MEO-ba (MEO=Min\u0151s\u00e9g Ellen\u0151rz\u00e9si Oszt\u00e1ly), ami a csarnok v\u00e9g\u00e9ben volt, ahol a bekapcsol\u00e1skor kider\u00fclt, hogy az alaplap huzaloz\u00e1sa kib\u00edrta-e a sz\u00e1ll\u00edt\u00e1st. Ha nem, akkor egy h\u00f6lgy munkat\u00e1rs wire-wrap technik\u00e1val jav\u00edtotta. Az alaplap huzaloz\u00e1s\u00e1nak ellen\u0151rz\u00e9s\u00e9re egy erre a c\u00e9lra kifejlesztett lyukszalagos berendez\u00e9s szolg\u00e1lt.<\/p>\n<p>Az \u00e1tereszt\u0151tranzisztoros t\u00e1pegys\u00e9gek \u00e1ramfelv\u00e9tele miatt a MEO bizony nem kev\u00e9s h\u00e1l\u00f3zati hosszabb\u00edt\u00f3t fogyasztott el, mivel 6-os eloszt\u00f3val voltak szerelve, amik a felvett \u00e1ram miatt csak 2-3 k\u00e9sz\u00fcl\u00e9ket b\u00edrtak el, azonban erre nem mindig figyeltek oda. Olyankor a hosszabb\u00edt\u00f3 v\u00e9g\u00e9n a dugvilla f\u00fcstjelekkel fejezte ki nemtetsz\u00e9s\u00e9t.<\/p>\n<p>Eb\u00e9did\u0151ben n\u00e9ha \u00f6sszegy\u0171ltek a sakkot kedvel\u0151 koll\u00e9g\u00e1k, \u00e9s j\u00e1tszottak egy-egy j\u00e1tszm\u00e1t a sakkprogrammal. Egy fiatal munkat\u00e1rs az \u00f6sszes el\u0151k\u00e9sz\u00edtett g\u00e9pet (\u00e1ltal\u00e1ban 4-5 darab) bekapcsolta, \u00e9s (kikapcsolt monitorral) vak szimult\u00e1nt j\u00e1tszott ellen\u00fck, \u00e1ltal\u00e1ban nyert, de n\u00e9ha \u201eeln\u00e9zett&#8221; egy-egy b\u00e1but. Voltak egy\u00e9b j\u00e1t\u00e9kprogramok is, azonban nem eml\u00e9kszem arra, hogy m\u00e1st is haszn\u00e1ltunk volna.<\/p>\n<p>A 8&#8243;-os floppylemezek nehezen viselt\u00e9k az ipari k\u00f6rnyezet szennyezetts\u00e9g\u00e9t, illetve a t\u00e1rol\u00e1si lehet\u0151s\u00e9gekb\u0151l ad\u00f3d\u00f3 mechanikai \u00e9s m\u00e1gneses ig\u00e9nybev\u00e9telt (A szersz\u00e1mos fi\u00f3kban bizony gyorsan t\u00f6nkrementek.)<\/p>\n<p>A k\u00e9sz\u00fcl\u00e9k sz\u00e1m\u00edt\u00e1si teljes\u00edtm\u00e9nye jelent\u0151s volt az akkor Magyarorsz\u00e1gon kaphat\u00f3 hasonl\u00f3 k\u00e9sz\u00fcl\u00e9kekhez k\u00e9pest (akkoriban m\u00e9g Commodore-64-et illetve ZX Spectrumot is haszn\u00e1ltak irodai, vagy automatiz\u00e1l\u00e1si feladatokra). A neh\u00e9z \u201eipari&#8221; kivitel massz\u00edvs\u00e1got, megb\u00edzhat\u00f3s\u00e1got sugallt, azonban a gyakorlatban a mozgat\u00e1st nagyon rosszul viselte. A t\u00edpust gyakran haszn\u00e1lt\u00e1k a m\u00e9r\u00e9si rendszerek vez\u00e9rl\u00e9s\u00e9n k\u00edv\u00fcl m\u00e1s feladatokra, p\u00e9ld\u00e1ul oktat\u00e1sra vagy sz\u00f6vegszerkeszt\u00e9sre.<\/p>\n\n<table id=\"wp-table-reloaded-id-14-no-1\" class=\"wp-table-reloaded wp-table-reloaded-id-14\">\n<thead>\n\t<tr class=\"row-1 odd\">\n\t\t<th class=\"column-1\"><\/th><th class=\"column-2\">EMG-777<\/th><th class=\"column-3\">IBM PC<\/th>\n\t<\/tr>\n<\/thead>\n<tbody>\n\t<tr class=\"row-2 even\">\n\t\t<td class=\"column-1\">Processzorok<\/td><td class=\"column-2\"> 4 (1db 16 bites 3db 8 bites)<\/td><td class=\"column-3\">1 (16 bites)<\/td>\n\t<\/tr>\n\t<tr class=\"row-3 odd\">\n\t\t<td class=\"column-1\">Fel\u00e9p\u00edt\u00e9s<\/td><td class=\"column-2\">Kompakt\/egybe \u00e9p\u00edtett<\/td><td class=\"column-3\"> Modul\u00e1ris<\/td>\n\t<\/tr>\n\t<tr class=\"row-4 even\">\n\t\t<td class=\"column-1\">Alapvet\u0151 programoz\u00e1si nyelv<\/td><td class=\"column-2\">BASIC<\/td><td class=\"column-3\">BASIC<\/td>\n\t<\/tr>\n\t<tr class=\"row-5 odd\">\n\t\t<td class=\"column-1\">Billenty\u0171zet<\/td><td class=\"column-2\">R\u00e9szlegesen magyar\u00edtott<\/td><td class=\"column-3\">Eleinte angol, k\u00e9s\u0151bb magyar is<\/td>\n\t<\/tr>\n\t<tr class=\"row-6 even\">\n\t\t<td class=\"column-1\">Nyomtat\u00f3 csatlakoz\u00e1s<\/td><td class=\"column-2\">Be\u00e9p\u00edtett<\/td><td class=\"column-3\">Megv\u00e1s\u00e1rolhat\u00f3<\/td>\n\t<\/tr>\n\t<tr class=\"row-7 odd\">\n\t\t<td class=\"column-1\">IEC-625 csatlakoz\u00e1s<\/td><td class=\"column-2\">Be\u00e9p\u00edtett<\/td><td class=\"column-3\">Nincs<\/td>\n\t<\/tr>\n\t<tr class=\"row-8 even\">\n\t\t<td class=\"column-1\">EMG-666 busz<\/td><td class=\"column-2\">Be\u00e9p\u00edtett<\/td><td class=\"column-3\">Nincs<\/td>\n\t<\/tr>\n\t<tr class=\"row-9 odd\">\n\t\t<td class=\"column-1\">Floppy<\/td><td class=\"column-2\"> 8\u2033 be\u00e9p\u00edtett<\/td><td class=\"column-3\">5,25\" (korszer\u0171bb) k\u00fcl\u00f6n megv\u00e1s\u00e1rolhat\u00f3 (gyakorlatilag be\u00e9p\u00edtett)<\/td>\n\t<\/tr>\n\t<tr class=\"row-10 even\">\n\t\t<td class=\"column-1\">PC busz<\/td><td class=\"column-2\">Nincs <\/td><td class=\"column-3\">Van<\/td>\n\t<\/tr>\n<\/tbody>\n<\/table>\n\n<p>Amikor 1989-90-ben a szakdolgozatomat \u00edrtam, &#8211; amely egy sz\u00e1m\u00edt\u00f3g\u00e9ppel vez\u00e9relt kapcsol\u00f3 tervez\u00e9se volt &#8211; felmer\u00fclt, hogy a vez\u00e9rl\u0151 sz\u00e1m\u00edt\u00f3g\u00e9p EMG-777 legyen, de ezt v\u00e9g\u00fcl gyorsan elvetett\u00fck, mivel:<\/p>\n<ul>\n<li>A PC jobban hozz\u00e1f\u00e9rhet\u0151<\/li>\n<li>T\u00f6bb szabv\u00e1nyos csatlakoz\u00f3 fel\u00fclettel (PC BUS, RS-232, p\u00e1rhuzamos port) rendelkezik<\/li>\n<li>K\u00fclf\u00f6ld\u00f6n is ismerik<\/li>\n<\/ul>\n<p>2013-ban m\u00e1r nem siker\u00fclt m\u0171k\u00f6d\u0151 p\u00e9ld\u00e1nyt tal\u00e1lni, hogy az eml\u00e9keket felfriss\u00edtve pontosabb adatokkal szolg\u00e1ljak.<\/p>\n<p>Kapcsol\u00f3d\u00f3 cikkek<\/p>\n<ul>\n<li><a title=\"Szintaxisgr\u00e1fok\" href=\"http:\/\/www.itkommando.hu\/site\/a_halozat_szolgalataban\/tanulmanyok\/szintaxisgrafok\/\">Szintaxisgr\u00e1fok<\/a><\/li>\n<li><a title=\"Sz\u00e1m\u00edt\u00f3g\u00e9p v\u00e1s\u00e1rl\u00e1sa\" href=\"http:\/\/www.itkommando.hu\/site\/a_halozat_szolgalataban\/tanulmanyok\/szamitogep-vasarlasa\/\">Sz\u00e1m\u00edt\u00f3g\u00e9p v\u00e1s\u00e1rl\u00e1sa<\/a><\/li>\n<\/ul>\n","protected":false},"excerpt":{"rendered":"<p>Az EMG-777 egy, az EMG (Elektronikus M\u00e9r\u0151k\u00e9sz\u00fcl\u00e9kek Gy\u00e1ra) \u00e1ltal Sashalmon gy\u00e1rtott \u201eprogramozhat\u00f3 grafikus kalkul\u00e1tor&#8221;, amelyb\u0151l 200-300 darab k\u00e9sz\u00fclt 1983 \u00e9s 1987 k\u00f6z\u00f6tt. A k\u00e9sz\u00fcl\u00e9k fejleszt\u00e9s\u00e9t &#8211; amely 1977 \u00e9s 1983&hellip;<a href=\"https:\/\/www.itkommando.hu\/site\/a_halozat_szolgalataban\/tanulmanyok\/emg-777\/\" class=\"more-link\"><span class=\"more-button\">Tov\u00e1bb a r\u00e9szletekre<span class=\"screen-reader-text\">EMG-777<\/span><\/span><\/a><\/p>\n","protected":false},"author":1,"featured_media":939,"parent":397,"menu_order":0,"comment_status":"closed","ping_status":"closed","template":"","meta":{"footnotes":""},"categories":[79,12,15],"tags":[],"class_list":["post-841","page","type-page","status-publish","has-post-thumbnail","hentry","category-az-informatika-tortenete","category-hardver","category-uzembiztonsag"],"aioseo_notices":[],"_links":{"self":[{"href":"https:\/\/www.itkommando.hu\/site\/wp-json\/wp\/v2\/pages\/841","targetHints":{"allow":["GET"]}}],"collection":[{"href":"https:\/\/www.itkommando.hu\/site\/wp-json\/wp\/v2\/pages"}],"about":[{"href":"https:\/\/www.itkommando.hu\/site\/wp-json\/wp\/v2\/types\/page"}],"author":[{"embeddable":true,"href":"https:\/\/www.itkommando.hu\/site\/wp-json\/wp\/v2\/users\/1"}],"replies":[{"embeddable":true,"href":"https:\/\/www.itkommando.hu\/site\/wp-json\/wp\/v2\/comments?post=841"}],"version-history":[{"count":53,"href":"https:\/\/www.itkommando.hu\/site\/wp-json\/wp\/v2\/pages\/841\/revisions"}],"predecessor-version":[{"id":5599,"href":"https:\/\/www.itkommando.hu\/site\/wp-json\/wp\/v2\/pages\/841\/revisions\/5599"}],"up":[{"embeddable":true,"href":"https:\/\/www.itkommando.hu\/site\/wp-json\/wp\/v2\/pages\/397"}],"wp:featuredmedia":[{"embeddable":true,"href":"https:\/\/www.itkommando.hu\/site\/wp-json\/wp\/v2\/media\/939"}],"wp:attachment":[{"href":"https:\/\/www.itkommando.hu\/site\/wp-json\/wp\/v2\/media?parent=841"}],"wp:term":[{"taxonomy":"category","embeddable":true,"href":"https:\/\/www.itkommando.hu\/site\/wp-json\/wp\/v2\/categories?post=841"},{"taxonomy":"post_tag","embeddable":true,"href":"https:\/\/www.itkommando.hu\/site\/wp-json\/wp\/v2\/tags?post=841"}],"curies":[{"name":"wp","href":"https:\/\/api.w.org\/{rel}","templated":true}]}}