{"id":955,"date":"2013-03-08T12:37:38","date_gmt":"2013-03-08T11:37:38","guid":{"rendered":"http:\/\/www.itkommando.hu\/site\/?page_id=955"},"modified":"2021-07-20T16:27:26","modified_gmt":"2021-07-20T15:27:26","slug":"nevtelenul-a-neten","status":"publish","type":"page","link":"https:\/\/www.itkommando.hu\/site\/a_halozat_szolgalataban\/tanulmanyok\/nevtelenul-a-neten\/","title":{"rendered":"N\u00e9vtelen\u00fcl a neten"},"content":{"rendered":"<p><strong>A t\u00f6rv\u00e9nyek megs\u00e9rt\u00e9sre egyik m\u00f3dszer sem alkalmas, mivel a szolg\u00e1ltat\u00f3k k\u00f6telesek az \u00fcgyfelek adatait b\u00edr\u00f3i v\u00e9gz\u00e9s (vagy az adott orsz\u00e1gra \u00e9rv\u00e9nyes szab\u00e1lyoz\u00e1s szerint) <a href=\"http:\/\/kalozpart.org\/2011\/10\/17\/legalis-anonymous-vs-illegalis-anonimitas\/\" target=\"_blank\" rel=\"noopener\">kiadni<\/a>.<\/strong><\/p>\n<p>Egyes esetekben j\u00f3 lehet az interneten elrejteni saj\u00e1t adatainkat:<\/p>\n<ul>\n<li>mivel a kommunik\u00e1ci\u00f3 bizalmas<\/li>\n<li>k\u00edv\u00e1ncsiak vagyunk, hogy k\u00fclf\u00f6ldr\u0151l hogyan n\u00e9z ki egy weboldal<\/li>\n<li>nem szeretn\u00e9nk, hogy a sz\u00e1m\u00edt\u00f3g\u00e9pen nyoma maradjon a tev\u00e9kenys\u00e9g\u00fcnknek<\/li>\n<\/ul>\n<p>A l\u00e1thatatlans\u00e1gnak fokozatai vannak, amelyek a sz\u00fcks\u00e9ges l\u00e9p\u00e9sekben, illetve a k\u00f6lts\u00e9gekben is megl\u00e1tszanak.<\/p>\n<h3>Mit tudhatnak meg r\u00f3lunk?<\/h3>\n<p>A r\u00f6vid v\u00e1lasz, hogy sok mindent, a hosszabb, hogy nagyon sok mindent.<\/p>\n<ul>\n<li>Az IP c\u00edm alapj\u00e1n a <a href=\"http:\/\/www.iplocationfinder.com\/\" target=\"_blank\" rel=\"noopener\">tart\u00f3zkod\u00e1si helyemet<\/a><\/li>\n<li>Az internetszolg\u00e1ltat\u00f3m nev\u00e9t<\/li>\n<li>Milyen b\u00f6ng\u00e9sz\u0151t haszn\u00e1lok<\/li>\n<li>Milyen oper\u00e1ci\u00f3s rendszert haszn\u00e1lok<\/li>\n<li>Milyen a k\u00e9perny\u0151felbont\u00e1som\/sz\u00ednm\u00e9lys\u00e9gem<\/li>\n<li>A b\u00f6ng\u00e9sz\u0151 s\u00fctijeib\u0151l rengeteg k\u00f6vetkeztet\u00e9st lehet levonni az internetez\u00e9si szok\u00e1saimmal kapcsolatban<\/li>\n<\/ul>\n<h3>Alapk\u00f6r\u00f6k<\/h3>\n<p>A b\u00f6ng\u00e9sz\u0151b\u0151l gyakran t\u00f6r\u00f6lj\u00fck a s\u00fctiket:<br \/>\nFirefox: <code>Eszk\u00f6z\u00f6k\/El\u0151zm\u00e9nyek t\u00f6rl\u00e9se<\/code><\/p>\n<p>Internet explorer: <code>Eszk\u00f6z\u00f6k\/Internetbe\u00e1ll\u00edt\u00e1sok\/\u00c1ltal\u00e1nos\/T\u00f6rl\u00e9s<\/code><\/p>\n<p>Haszn\u00e1ljunk a k\u00fcl\u00f6nb\u00f6z\u0151 feladatokra m\u00e1sik b\u00f6ng\u00e9sz\u0151t, t\u00f6bb e-mail c\u00edmet, k\u00f6z\u00f6ss\u00e9gi oldal regisztr\u00e1ci\u00f3t.<\/p>\n<p>Ha olyat csin\u00e1lunk, aminek nem szeretn\u00e9nk, hogy a munka\u00e1llom\u00e1son nyoma maradjon, egyes b\u00f6ng\u00e9sz\u0151knek van olyan \u00fczemm\u00f3dja, hogy kil\u00e9p\u00e9skor \u201emindent elfelejt&#8221;<\/p>\n<p>Firefox: <code>Eszk\u00f6z\u00f6k\/priv\u00e1t b\u00f6ng\u00e9sz\u00e9s ind\u00edt\u00e1sa<\/code><\/p>\n<p>Google Chrome: <code>F\u00e1jl\/\u00daj inkognit\u00f3ablak<\/code><\/p>\n<p>Ebben az \u00fczemm\u00f3dban a munka\u00e1llom\u00e1son nem marad nyoma a kell\u0151 \u00f3vatoss\u00e1ggal v\u00e9gzett b\u00f6ng\u00e9sz\u00e9snek, azonban p\u00e9ld\u00e1ul, a v\u00e1llalat (internetszolg\u00e1ltat\u00f3) az adatforgalmat megfigyelheti.<\/p>\n<h3>Titkos\u00edtott kommunik\u00e1ci\u00f3<\/h3>\n<p>Sok weblap megtekinthet\u0151 titkos\u00edtott HTTPS kommunik\u00e1ci\u00f3 seg\u00edts\u00e9g\u00e9vel, ezt seg\u00edti a Firefoxra \u00e9s Chrome-ra el\u00e9rhet\u0151 <a title=\"HTTPS everywhere\" href=\"https:\/\/www.eff.org\/https-everywhere\" target=\"_blank\" rel=\"noopener\">HTTPS Everywhere<\/a> nev\u0171 kieg\u00e9sz\u00edt\u0151 (a let\u00f6lt\u0151oldal angol nyelv\u0171). Ebben az esetben a kommunik\u00e1l\u00f3 felek beazonos\u00edthat\u00f3ak, a kommunik\u00e1ci\u00f3 tartalma azonban rejtve marad.<\/p>\n<h3>Anonimity proxy haszn\u00e1lata<\/h3>\n<p>Az anonimity proxy haszn\u00e1l\u00f3j\u00e1nak adatait elrejti a megl\u00e1togatott weboldalak el\u0151l \u00e9s saj\u00e1t, vagy fikt\u00edv adatokkal helyettes\u00edti.<\/p>\n<p>Az egyik ingyenes szolg\u00e1ltat\u00e1st is ny\u00fajt\u00f3 ilyen oldal a <a href=\"https:\/\/hidemyass.com\/\" target=\"_blank\" rel=\"noopener\">hidemyass.com.<\/a>\u00a0Az ingyenes verzi\u00f3 kicsit lass\u00fa, \u00e9s korl\u00e1tozott be\u00e1ll\u00edt\u00e1si lehet\u0151s\u00e9gekkel rendelkezik, a fizet\u0151s verzi\u00f3 rengeteg be\u00e1ll\u00edt\u00e1si lehet\u0151s\u00e9get, saj\u00e1t kliensprogramot, <a href=\"https:\/\/addons.mozilla.org\/hu\/firefox\/addon\/hide-my-ass-proxy-extension\/reviews\/\" target=\"_blank\" rel=\"noopener\">b\u00f6ng\u00e9sz\u0151 kieg\u00e9sz\u00edt\u0151<\/a>t \u00e9s kellemes b\u00f6ng\u00e9sz\u00e9si sebess\u00e9get k\u00edn\u00e1l.<\/p>\n<p>A <a href=\"https:\/\/www.vpnbook.com\/\" target=\"_blank\" rel=\"noopener\">VPNbook<\/a> ingyenes, kicsit lass\u00fa, de j\u00f3l haszn\u00e1lhat\u00f3<\/p>\n<p>A kommunik\u00e1ci\u00f3 az \u00fcgyf\u00e9l \u00e9s a proxy k\u00f6z\u00f6tt titkos\u00edtott, a proxy \u00e9s a megtekintett weblap k\u00f6z\u00f6tt azonban nem felt\u00e9tlen\u00fcl. A m\u00f3dszer els\u0151sorban a tart\u00f3zkod\u00e1si hely elrejt\u00e9s\u00e9re\/meghamis\u00edt\u00e1s\u00e1ra alkalmas, azonban a HTTPS protokoll haszn\u00e1lat\u00e1val a kommunik\u00e1ci\u00f3 is titkos\u00edthat\u00f3.<\/p>\n<h3>A TOR<\/h3>\n<p>A<a href=\"https:\/\/www.torproject.org\/\" target=\"_blank\" rel=\"noopener\"> TOR<\/a> eredetileg az Egyes\u00fclt \u00c1llamok tenger\u00e9szgyalogs\u00e1g\u00e1nak programja volt, m\u00e1ra azonban b\u00e1rki sz\u00e1m\u00e1ra szabadon hozz\u00e1f\u00e9rhet\u0151 \u00e9s ingyenesen haszn\u00e1lhat\u00f3. A m\u0171k\u00f6d\u00e9si elve benne van a nev\u00e9ben (The Onion Router, ami magyarul nagyj\u00e1b\u00f3l hagyma eloszt\u00f3t jelent).<\/p>\n<p>A felcsatlakozott felhaszn\u00e1l\u00f3 adatait a TOR h\u00e1l\u00f3zat tagjai nagy biztons\u00e1g\u00fa titkos\u00edt\u00e1ssal k\u00fcld\u00f6zgetik egym\u00e1s k\u00f6z\u00f6tt, eg\u00e9szen addig, m\u00edg egy olyan \u00e1llom\u00e1shoz nem \u00e9r, amelyik enged\u00e9lyezi, hogy rajta kereszt\u00fcl a t\u00f6bbiek el\u00e9rj\u00e9k az Internetet, Ezzel biztos\u00edthat\u00f3, hogy a k\u00e9r\u00e9s forr\u00e1sa az internet fel\u0151l nem azonos\u00edthat\u00f3 be, illetve az adatok 3 r\u00e9szre bontva ker\u00fclnek tov\u00e1bb\u00edt\u00e1sra \u00e9s csak az exit (kil\u00e9p\u00e9si pont) \u00e1llom\u00e1sn\u00e1l van meg minden adat a titkos\u00edt\u00e1s felold\u00e1s\u00e1hoz.<\/p>\n<p>Mivel az exit pontokon az adatok titkos\u00edt\u00e1sa megsz\u0171nik, a TOR h\u00e1l\u00f3zat csak az internetez\u0151 elrejt\u00e9s\u00e9t szolg\u00e1lja, az adatok v\u00e9delm\u00e9t nem.<\/p>\n<p>Az olyan orsz\u00e1gokra gondolva, ahol a sz\u00f3l\u00e1sszabads\u00e1g csorb\u00e1t szenved, a TOR h\u00e1l\u00f3zatokon bel\u00fcl \u201erejtett szolg\u00e1ltat\u00e1sokat&#8221; is lehet \u00fczemeltetni. Ezek olyan, csak a TOR h\u00e1l\u00f3zaton bel\u00fcl el\u00e9rhet\u0151 szolg\u00e1ltat\u00e1sok (p\u00e9ld\u00e1ul weboldalak), amelyeknek a szolg\u00e1ltat\u00f3ja rejtve marad, \u00edgy a hat\u00f3s\u00e1gok zaklat\u00e1s\u00e1t\u00f3l megmenek\u00fcl.<\/p>\n<h3>A FREENET \u00e9s I2P<\/h3>\n<p>A <a href=\"https:\/\/freenetproject.org\/pages\/about.html\" target=\"_blank\" rel=\"noopener\">FREENET<\/a> \u00e9s az <a href=\"http:\/\/www.i2p2.de\/\" target=\"_blank\" rel=\"noopener\">I2P<\/a>\u00a0 egy a TOR project-hez hasonl\u00f3 szolg\u00e1ltat\u00e1sokkal rendelkez\u0151, azonban mag\u00e1nszem\u00e9lyek \u00e1ltal tervezett rendszer.<\/p>\n<h3>Diszkr\u00e9t fizet\u00e9s<\/h3>\n<p>Az Interneten el\u00e9rhet\u0151 p\u00e9nz, amely egyel\u0151re csak korl\u00e1tozottan elfogadott. A <a title=\"Bitcoin\" href=\"http:\/\/bitcoins.hu\/bitcoin_elfogadohelyek.htm\" target=\"_blank\" rel=\"noopener\">BitCoin<\/a> egy speci\u00e1lisan az internet sz\u00e1m\u00e1ra l\u00e9trehozott p\u00e9nz, amelynek egy\u00e1ltal\u00e1n nincs fizikai megjelen\u00e9se, kiz\u00e1r\u00f3lag elektronikus form\u00e1ban l\u00e9tezik. Haszn\u00e1lat\u00e1val az elad\u00f3 el\u00f6l elrejthetj\u00fck saj\u00e1t banksz\u00e1ml\u00e1nkat.<\/p>\n<p>Az anonimit\u00e1sa miatt egyes szervezetek <a title=\"illeg\u00e1lis BitCoin\" href=\"http:\/\/venturebeat.com\/2011\/06\/08\/government-crackdown-on-bitcoin\/\" target=\"_blank\" rel=\"noopener\">illeg\u00e1lisnak tekintik<\/a>.<\/p>\n<h3>Ha nem el\u00e9g<\/h3>\n<p>Ha nagyon biztosak akarunk lenni abban, hogy n\u00e9vtelen\u00fcl b\u00f6ng\u00e9sz\u00fcnk, \u00e9rdemes ell\u00e1togatni egy, a szok\u00e1sos tart\u00f3zkod\u00e1si hely\u00fcnkt\u0151l \u00e9s k\u00f6zleked\u00e9si \u00fatvonalunkt\u00f3l t\u00e1volabb es\u0151 internet k\u00e1v\u00e9z\u00f3ba.<\/p>\n<p>A <a title=\"N\u00e9vtelen\u00fcl a neten2\" href=\"http:\/\/www.itkommando.hu\/site\/a_halozat_szolgalataban\/tanulmanyok\/nevtelenul-a-neten2\/\">2. r\u00e9szben<\/a> ugyan ezeket az eszk\u00f6z\u00f6ket vizsg\u00e1ljuk meg a haszn\u00e1lat oldal\u00e1r\u00f3l<\/p>\n<h3>Kapcsol\u00f3d\u00f3 cikkek<\/h3>\n<ul>\n<li><a title=\"\u00c1lland\u00f3 link ehhez A TOR h\u00e1l\u00f3zat biztons\u00e1ga\" href=\"http:\/\/www.itkommando.hu\/site\/a_halozat_szolgalataban\/tanulmanyok\/a-tor-halozat-biztonsaga\/\" rel=\"bookmark\">A TOR h\u00e1l\u00f3zat biztons\u00e1ga<\/a><\/li>\n<li><a title=\"\u00c1lland\u00f3 link ehhez E-mai a TOR rendszeren bel\u00fcl\" href=\"http:\/\/www.itkommando.hu\/site\/e-mai-a-tor-rendszeren-belul\/\" rel=\"bookmark\">E-mai a TOR rendszeren bel\u00fcl<\/a><\/li>\n<li><a title=\"\u00c1lland\u00f3 link ehhez A TOR haszn\u00e1lata\" href=\"http:\/\/www.itkommando.hu\/site\/a_halozat_szolgalataban\/tanulmanyok\/a-tor-hasznalata-2\/\" rel=\"bookmark\">A TOR haszn\u00e1lata<\/a><\/li>\n<li><a href=\"http:\/\/www.itkommando.hu\/site\/a_halozat_szolgalataban\/tanulmanyok\/az-internetre-kotott-eszkozok-vedelme\/\">Az Internetre k\u00f6t\u00f6tt eszk\u00f6z\u00f6k v\u00e9delme<\/a><\/li>\n<li><a title=\"Hogyan b\u00e1nnak a szolg\u00e1ltat\u00f3k az adatainkkal?\" href=\"http:\/\/www.itkommando.hu\/site\/hogyan-bannak-a-szolgaltatok-az-adatainkkal\/\">Hogyan b\u00e1nnak a szolg\u00e1ltat\u00f3k az adatainkkal?<\/a><\/li>\n<li><a title=\"P\u00e1r sz\u00f3 a TOR rendszeren bel\u00fcli szerverekr\u0151l\" href=\"http:\/\/www.itkommando.hu\/site\/a_halozat_szolgalataban\/tanulmanyok\/a-tor-rejtett-szolgaltatasai\/\">A TOR rejtett szolg\u00e1ltat\u00e1sai<\/a><\/li>\n<\/ul>\n","protected":false},"excerpt":{"rendered":"<p>A t\u00f6rv\u00e9nyek megs\u00e9rt\u00e9sre egyik m\u00f3dszer sem alkalmas, mivel a szolg\u00e1ltat\u00f3k k\u00f6telesek az \u00fcgyfelek adatait b\u00edr\u00f3i v\u00e9gz\u00e9s (vagy az adott orsz\u00e1gra \u00e9rv\u00e9nyes szab\u00e1lyoz\u00e1s szerint) kiadni. Egyes esetekben j\u00f3 lehet az interneten&hellip;<a href=\"https:\/\/www.itkommando.hu\/site\/a_halozat_szolgalataban\/tanulmanyok\/nevtelenul-a-neten\/\" class=\"more-link\"><span class=\"more-button\">Tov\u00e1bb a r\u00e9szletekre<span class=\"screen-reader-text\">N\u00e9vtelen\u00fcl a neten<\/span><\/span><\/a><\/p>\n","protected":false},"author":1,"featured_media":992,"parent":397,"menu_order":0,"comment_status":"closed","ping_status":"closed","template":"","meta":{"footnotes":""},"categories":[14,13,16],"tags":[],"class_list":["post-955","page","type-page","status-publish","has-post-thumbnail","hentry","category-biztonsag","category-szoftver","category-tanacsok"],"aioseo_notices":[],"_links":{"self":[{"href":"https:\/\/www.itkommando.hu\/site\/wp-json\/wp\/v2\/pages\/955","targetHints":{"allow":["GET"]}}],"collection":[{"href":"https:\/\/www.itkommando.hu\/site\/wp-json\/wp\/v2\/pages"}],"about":[{"href":"https:\/\/www.itkommando.hu\/site\/wp-json\/wp\/v2\/types\/page"}],"author":[{"embeddable":true,"href":"https:\/\/www.itkommando.hu\/site\/wp-json\/wp\/v2\/users\/1"}],"replies":[{"embeddable":true,"href":"https:\/\/www.itkommando.hu\/site\/wp-json\/wp\/v2\/comments?post=955"}],"version-history":[{"count":30,"href":"https:\/\/www.itkommando.hu\/site\/wp-json\/wp\/v2\/pages\/955\/revisions"}],"predecessor-version":[{"id":5654,"href":"https:\/\/www.itkommando.hu\/site\/wp-json\/wp\/v2\/pages\/955\/revisions\/5654"}],"up":[{"embeddable":true,"href":"https:\/\/www.itkommando.hu\/site\/wp-json\/wp\/v2\/pages\/397"}],"wp:featuredmedia":[{"embeddable":true,"href":"https:\/\/www.itkommando.hu\/site\/wp-json\/wp\/v2\/media\/992"}],"wp:attachment":[{"href":"https:\/\/www.itkommando.hu\/site\/wp-json\/wp\/v2\/media?parent=955"}],"wp:term":[{"taxonomy":"category","embeddable":true,"href":"https:\/\/www.itkommando.hu\/site\/wp-json\/wp\/v2\/categories?post=955"},{"taxonomy":"post_tag","embeddable":true,"href":"https:\/\/www.itkommando.hu\/site\/wp-json\/wp\/v2\/tags?post=955"}],"curies":[{"name":"wp","href":"https:\/\/api.w.org\/{rel}","templated":true}]}}